{"id":331,"date":"2024-07-17T18:12:24","date_gmt":"2024-07-17T18:12:24","guid":{"rendered":"https:\/\/888starz.plus\/vi\/?page_id=331"},"modified":"2024-09-03T11:40:38","modified_gmt":"2024-09-03T11:40:38","slug":"login","status":"publish","type":"page","link":"https:\/\/888starz.plus\/vi\/login\/","title":{"rendered":"\u0110\u0103ng nh\u1eadp"},"content":{"rendered":"","protected":false},"excerpt":{"rendered":"","protected":false},"author":1,"featured_media":0,"parent":0,"menu_order":0,"comment_status":"closed","ping_status":"closed","template":"","meta":{"inline_featured_image":false,"footnotes":""},"class_list":["post-331","page","type-page","status-publish","hentry"],"yoast_head":"<!-- This site is optimized with the Yoast SEO plugin v25.6 - https:\/\/yoast.com\/wordpress\/plugins\/seo\/ -->\n<title>\u0110\u0103ng nh\u1eadp 888Starz Vi\u1ec7t Nam \ud83d\udd34 H\u01b0\u1edbng d\u1eabn c\u00e1ch \u0111\u0103ng nh\u1eadp<\/title>\n<meta name=\"description\" content=\"\u0110\u0103ng nh\u1eadp v\u00e0o t\u00e0i kho\u1ea3n 888Starz c\u1ee7a b\u1ea1n b\u1eb1ng email v\u00e0 m\u1eadt kh\u1ea9u \u00b7 Truy c\u1eadp trang web ch\u00ednh th\u1ee9c \u00b7 \u0110\u1eb7t c\u01b0\u1ee3c v\u00e0o t\u1ea5t c\u1ea3 c\u00e1c m\u00f4n th\u1ec3 thao tr\u00ean n\u1ec1n t\u1ea3ng c\u00e1 c\u01b0\u1ee3c tr\u1ef1c tuy\u1ebfn 888Starz\" \/>\n<meta name=\"robots\" content=\"index, follow, max-snippet:-1, max-image-preview:large, max-video-preview:-1\" \/>\n<meta property=\"og:locale\" content=\"vi_VN\" \/>\n<meta property=\"og:type\" content=\"article\" \/>\n<meta property=\"og:title\" content=\"\u0110\u0103ng nh\u1eadp 888Starz Vi\u1ec7t Nam \ud83d\udd34 H\u01b0\u1edbng d\u1eabn c\u00e1ch \u0111\u0103ng nh\u1eadp\" \/>\n<meta property=\"og:description\" content=\"\u0110\u0103ng nh\u1eadp v\u00e0o t\u00e0i kho\u1ea3n 888Starz c\u1ee7a b\u1ea1n b\u1eb1ng email v\u00e0 m\u1eadt kh\u1ea9u \u00b7 Truy c\u1eadp trang web ch\u00ednh th\u1ee9c \u00b7 \u0110\u1eb7t c\u01b0\u1ee3c v\u00e0o t\u1ea5t c\u1ea3 c\u00e1c m\u00f4n th\u1ec3 thao tr\u00ean n\u1ec1n t\u1ea3ng c\u00e1 c\u01b0\u1ee3c tr\u1ef1c tuy\u1ebfn 888Starz\" \/>\n<meta property=\"og:url\" content=\"https:\/\/888starz.plus\/vi\/login\/\" \/>\n<meta property=\"og:site_name\" content=\"888Starz vi\" \/>\n<meta property=\"article:modified_time\" content=\"2024-09-03T11:40:38+00:00\" \/>\n<meta name=\"twitter:card\" content=\"summary_large_image\" \/>\n<script type=\"application\/ld+json\" class=\"yoast-schema-graph\">{\"@context\":\"https:\/\/schema.org\",\"@graph\":[{\"@type\":\"WebPage\",\"@id\":\"https:\/\/888starz.plus\/vi\/login\/\",\"url\":\"https:\/\/888starz.plus\/vi\/login\/\",\"name\":\"\u0110\u0103ng nh\u1eadp 888Starz Vi\u1ec7t Nam \ud83d\udd34 H\u01b0\u1edbng d\u1eabn c\u00e1ch \u0111\u0103ng nh\u1eadp\",\"isPartOf\":{\"@id\":\"https:\/\/888starz.plus\/vi\/#website\"},\"datePublished\":\"2024-07-17T18:12:24+00:00\",\"dateModified\":\"2024-09-03T11:40:38+00:00\",\"description\":\"\u0110\u0103ng nh\u1eadp v\u00e0o t\u00e0i kho\u1ea3n 888Starz c\u1ee7a b\u1ea1n b\u1eb1ng email v\u00e0 m\u1eadt kh\u1ea9u \u00b7 Truy c\u1eadp trang web ch\u00ednh th\u1ee9c \u00b7 \u0110\u1eb7t c\u01b0\u1ee3c v\u00e0o t\u1ea5t c\u1ea3 c\u00e1c m\u00f4n th\u1ec3 thao tr\u00ean n\u1ec1n t\u1ea3ng c\u00e1 c\u01b0\u1ee3c tr\u1ef1c tuy\u1ebfn 888Starz\",\"inLanguage\":\"vi\",\"potentialAction\":[{\"@type\":\"ReadAction\",\"target\":[\"https:\/\/888starz.plus\/vi\/login\/\"]}]},{\"@type\":\"WebSite\",\"@id\":\"https:\/\/888starz.plus\/vi\/#website\",\"url\":\"https:\/\/888starz.plus\/vi\/\",\"name\":\"888Starz vi\",\"description\":\"My WordPress Blog\",\"potentialAction\":[{\"@type\":\"SearchAction\",\"target\":{\"@type\":\"EntryPoint\",\"urlTemplate\":\"https:\/\/888starz.plus\/vi\/?s={search_term_string}\"},\"query-input\":{\"@type\":\"PropertyValueSpecification\",\"valueRequired\":true,\"valueName\":\"search_term_string\"}}],\"inLanguage\":\"vi\"}]}<\/script>\n<!-- \/ Yoast SEO plugin. -->","yoast_head_json":{"title":"\u0110\u0103ng nh\u1eadp 888Starz Vi\u1ec7t Nam \ud83d\udd34 H\u01b0\u1edbng d\u1eabn c\u00e1ch \u0111\u0103ng nh\u1eadp","description":"\u0110\u0103ng nh\u1eadp v\u00e0o t\u00e0i kho\u1ea3n 888Starz c\u1ee7a b\u1ea1n b\u1eb1ng email v\u00e0 m\u1eadt kh\u1ea9u \u00b7 Truy c\u1eadp trang web ch\u00ednh th\u1ee9c \u00b7 \u0110\u1eb7t c\u01b0\u1ee3c v\u00e0o t\u1ea5t c\u1ea3 c\u00e1c m\u00f4n th\u1ec3 thao tr\u00ean n\u1ec1n t\u1ea3ng c\u00e1 c\u01b0\u1ee3c tr\u1ef1c tuy\u1ebfn 888Starz","robots":{"index":"index","follow":"follow","max-snippet":"max-snippet:-1","max-image-preview":"max-image-preview:large","max-video-preview":"max-video-preview:-1"},"og_locale":"vi_VN","og_type":"article","og_title":"\u0110\u0103ng nh\u1eadp 888Starz Vi\u1ec7t Nam \ud83d\udd34 H\u01b0\u1edbng d\u1eabn c\u00e1ch \u0111\u0103ng nh\u1eadp","og_description":"\u0110\u0103ng nh\u1eadp v\u00e0o t\u00e0i kho\u1ea3n 888Starz c\u1ee7a b\u1ea1n b\u1eb1ng email v\u00e0 m\u1eadt kh\u1ea9u \u00b7 Truy c\u1eadp trang web ch\u00ednh th\u1ee9c \u00b7 \u0110\u1eb7t c\u01b0\u1ee3c v\u00e0o t\u1ea5t c\u1ea3 c\u00e1c m\u00f4n th\u1ec3 thao tr\u00ean n\u1ec1n t\u1ea3ng c\u00e1 c\u01b0\u1ee3c tr\u1ef1c tuy\u1ebfn 888Starz","og_url":"https:\/\/888starz.plus\/vi\/login\/","og_site_name":"888Starz vi","article_modified_time":"2024-09-03T11:40:38+00:00","twitter_card":"summary_large_image","schema":{"@context":"https:\/\/schema.org","@graph":[{"@type":"WebPage","@id":"https:\/\/888starz.plus\/vi\/login\/","url":"https:\/\/888starz.plus\/vi\/login\/","name":"\u0110\u0103ng nh\u1eadp 888Starz Vi\u1ec7t Nam \ud83d\udd34 H\u01b0\u1edbng d\u1eabn c\u00e1ch \u0111\u0103ng nh\u1eadp","isPartOf":{"@id":"https:\/\/888starz.plus\/vi\/#website"},"datePublished":"2024-07-17T18:12:24+00:00","dateModified":"2024-09-03T11:40:38+00:00","description":"\u0110\u0103ng nh\u1eadp v\u00e0o t\u00e0i kho\u1ea3n 888Starz c\u1ee7a b\u1ea1n b\u1eb1ng email v\u00e0 m\u1eadt kh\u1ea9u \u00b7 Truy c\u1eadp trang web ch\u00ednh th\u1ee9c \u00b7 \u0110\u1eb7t c\u01b0\u1ee3c v\u00e0o t\u1ea5t c\u1ea3 c\u00e1c m\u00f4n th\u1ec3 thao tr\u00ean n\u1ec1n t\u1ea3ng c\u00e1 c\u01b0\u1ee3c tr\u1ef1c tuy\u1ebfn 888Starz","inLanguage":"vi","potentialAction":[{"@type":"ReadAction","target":["https:\/\/888starz.plus\/vi\/login\/"]}]},{"@type":"WebSite","@id":"https:\/\/888starz.plus\/vi\/#website","url":"https:\/\/888starz.plus\/vi\/","name":"888Starz vi","description":"My WordPress Blog","potentialAction":[{"@type":"SearchAction","target":{"@type":"EntryPoint","urlTemplate":"https:\/\/888starz.plus\/vi\/?s={search_term_string}"},"query-input":{"@type":"PropertyValueSpecification","valueRequired":true,"valueName":"search_term_string"}}],"inLanguage":"vi"}]}},"_links":{"self":[{"href":"https:\/\/888starz.plus\/vi\/wp-json\/wp\/v2\/pages\/331","targetHints":{"allow":["GET"]}}],"collection":[{"href":"https:\/\/888starz.plus\/vi\/wp-json\/wp\/v2\/pages"}],"about":[{"href":"https:\/\/888starz.plus\/vi\/wp-json\/wp\/v2\/types\/page"}],"author":[{"embeddable":true,"href":"https:\/\/888starz.plus\/vi\/wp-json\/wp\/v2\/users\/1"}],"replies":[{"embeddable":true,"href":"https:\/\/888starz.plus\/vi\/wp-json\/wp\/v2\/comments?post=331"}],"version-history":[{"count":0,"href":"https:\/\/888starz.plus\/vi\/wp-json\/wp\/v2\/pages\/331\/revisions"}],"wp:attachment":[{"href":"https:\/\/888starz.plus\/vi\/wp-json\/wp\/v2\/media?parent=331"}],"curies":[{"name":"wp","href":"https:\/\/api.w.org\/{rel}","templated":true}]}}