{"id":325,"date":"2024-07-17T17:56:53","date_gmt":"2024-07-17T17:56:53","guid":{"rendered":"https:\/\/888starz.plus\/vi\/?page_id=325"},"modified":"2025-05-16T07:54:30","modified_gmt":"2025-05-16T07:54:30","slug":"registration","status":"publish","type":"page","link":"https:\/\/888starz.plus\/vi\/registration\/","title":{"rendered":"S\u1ef1 \u0111\u0103ng k\u00fd"},"content":{"rendered":"","protected":false},"excerpt":{"rendered":"","protected":false},"author":1,"featured_media":0,"parent":0,"menu_order":0,"comment_status":"closed","ping_status":"closed","template":"","meta":{"inline_featured_image":false,"footnotes":""},"class_list":["post-325","page","type-page","status-publish","hentry"],"yoast_head":"<!-- This site is optimized with the Yoast SEO plugin v25.6 - https:\/\/yoast.com\/wordpress\/plugins\/seo\/ -->\n<title>\u0110\u0103ng k\u00fd 888Starz | H\u01b0\u1edbng d\u1eabn c\u00e1ch \u0111\u0103ng k\u00fd<\/title>\n<meta name=\"description\" content=\"Kh\u00e1m ph\u00e1 h\u01b0\u1edbng d\u1eabn t\u1eebng b\u01b0\u1edbc \u0111\u1ec3 \u0111\u0103ng k\u00fd d\u1ec5 d\u00e0ng v\u00e0 nhanh ch\u00f3ng t\u1ea1i 888Starz Vi\u1ec7t Nam! \ud83d\uddf8 \u0110\u0103ng k\u00fd t\u00e0i kho\u1ea3n 888starz n\u0103m 2025 \ud83d\uddf8 \u0110\u0103ng nh\u1eadp v\u00e0 b\u1eaft \u0111\u1ea7u c\u00e1 c\u01b0\u1ee3c ngay b\u00e2y gi\u1edd\" \/>\n<meta name=\"robots\" content=\"index, follow, max-snippet:-1, max-image-preview:large, max-video-preview:-1\" \/>\n<meta property=\"og:locale\" content=\"vi_VN\" \/>\n<meta property=\"og:type\" content=\"article\" \/>\n<meta property=\"og:title\" content=\"\u0110\u0103ng k\u00fd 888Starz | H\u01b0\u1edbng d\u1eabn c\u00e1ch \u0111\u0103ng k\u00fd\" \/>\n<meta property=\"og:description\" content=\"Kh\u00e1m ph\u00e1 h\u01b0\u1edbng d\u1eabn t\u1eebng b\u01b0\u1edbc \u0111\u1ec3 \u0111\u0103ng k\u00fd d\u1ec5 d\u00e0ng v\u00e0 nhanh ch\u00f3ng t\u1ea1i 888Starz Vi\u1ec7t Nam! \ud83d\uddf8 \u0110\u0103ng k\u00fd t\u00e0i kho\u1ea3n 888starz n\u0103m 2025 \ud83d\uddf8 \u0110\u0103ng nh\u1eadp v\u00e0 b\u1eaft \u0111\u1ea7u c\u00e1 c\u01b0\u1ee3c ngay b\u00e2y gi\u1edd\" \/>\n<meta property=\"og:url\" content=\"https:\/\/888starz.plus\/vi\/registration\/\" \/>\n<meta property=\"og:site_name\" content=\"888Starz vi\" \/>\n<meta property=\"article:modified_time\" content=\"2025-05-16T07:54:30+00:00\" \/>\n<meta name=\"twitter:card\" content=\"summary_large_image\" \/>\n<script type=\"application\/ld+json\" class=\"yoast-schema-graph\">{\"@context\":\"https:\/\/schema.org\",\"@graph\":[{\"@type\":\"WebPage\",\"@id\":\"https:\/\/888starz.plus\/vi\/registration\/\",\"url\":\"https:\/\/888starz.plus\/vi\/registration\/\",\"name\":\"\u0110\u0103ng k\u00fd 888Starz | H\u01b0\u1edbng d\u1eabn c\u00e1ch \u0111\u0103ng k\u00fd\",\"isPartOf\":{\"@id\":\"https:\/\/888starz.plus\/vi\/#website\"},\"datePublished\":\"2024-07-17T17:56:53+00:00\",\"dateModified\":\"2025-05-16T07:54:30+00:00\",\"description\":\"Kh\u00e1m ph\u00e1 h\u01b0\u1edbng d\u1eabn t\u1eebng b\u01b0\u1edbc \u0111\u1ec3 \u0111\u0103ng k\u00fd d\u1ec5 d\u00e0ng v\u00e0 nhanh ch\u00f3ng t\u1ea1i 888Starz Vi\u1ec7t Nam! \ud83d\uddf8 \u0110\u0103ng k\u00fd t\u00e0i kho\u1ea3n 888starz n\u0103m 2025 \ud83d\uddf8 \u0110\u0103ng nh\u1eadp v\u00e0 b\u1eaft \u0111\u1ea7u c\u00e1 c\u01b0\u1ee3c ngay b\u00e2y gi\u1edd\",\"inLanguage\":\"vi\",\"potentialAction\":[{\"@type\":\"ReadAction\",\"target\":[\"https:\/\/888starz.plus\/vi\/registration\/\"]}]},{\"@type\":\"WebSite\",\"@id\":\"https:\/\/888starz.plus\/vi\/#website\",\"url\":\"https:\/\/888starz.plus\/vi\/\",\"name\":\"888Starz vi\",\"description\":\"My WordPress Blog\",\"potentialAction\":[{\"@type\":\"SearchAction\",\"target\":{\"@type\":\"EntryPoint\",\"urlTemplate\":\"https:\/\/888starz.plus\/vi\/?s={search_term_string}\"},\"query-input\":{\"@type\":\"PropertyValueSpecification\",\"valueRequired\":true,\"valueName\":\"search_term_string\"}}],\"inLanguage\":\"vi\"}]}<\/script>\n<!-- \/ Yoast SEO plugin. -->","yoast_head_json":{"title":"\u0110\u0103ng k\u00fd 888Starz | H\u01b0\u1edbng d\u1eabn c\u00e1ch \u0111\u0103ng k\u00fd","description":"Kh\u00e1m ph\u00e1 h\u01b0\u1edbng d\u1eabn t\u1eebng b\u01b0\u1edbc \u0111\u1ec3 \u0111\u0103ng k\u00fd d\u1ec5 d\u00e0ng v\u00e0 nhanh ch\u00f3ng t\u1ea1i 888Starz Vi\u1ec7t Nam! \ud83d\uddf8 \u0110\u0103ng k\u00fd t\u00e0i kho\u1ea3n 888starz n\u0103m 2025 \ud83d\uddf8 \u0110\u0103ng nh\u1eadp v\u00e0 b\u1eaft \u0111\u1ea7u c\u00e1 c\u01b0\u1ee3c ngay b\u00e2y gi\u1edd","robots":{"index":"index","follow":"follow","max-snippet":"max-snippet:-1","max-image-preview":"max-image-preview:large","max-video-preview":"max-video-preview:-1"},"og_locale":"vi_VN","og_type":"article","og_title":"\u0110\u0103ng k\u00fd 888Starz | H\u01b0\u1edbng d\u1eabn c\u00e1ch \u0111\u0103ng k\u00fd","og_description":"Kh\u00e1m ph\u00e1 h\u01b0\u1edbng d\u1eabn t\u1eebng b\u01b0\u1edbc \u0111\u1ec3 \u0111\u0103ng k\u00fd d\u1ec5 d\u00e0ng v\u00e0 nhanh ch\u00f3ng t\u1ea1i 888Starz Vi\u1ec7t Nam! \ud83d\uddf8 \u0110\u0103ng k\u00fd t\u00e0i kho\u1ea3n 888starz n\u0103m 2025 \ud83d\uddf8 \u0110\u0103ng nh\u1eadp v\u00e0 b\u1eaft \u0111\u1ea7u c\u00e1 c\u01b0\u1ee3c ngay b\u00e2y gi\u1edd","og_url":"https:\/\/888starz.plus\/vi\/registration\/","og_site_name":"888Starz vi","article_modified_time":"2025-05-16T07:54:30+00:00","twitter_card":"summary_large_image","schema":{"@context":"https:\/\/schema.org","@graph":[{"@type":"WebPage","@id":"https:\/\/888starz.plus\/vi\/registration\/","url":"https:\/\/888starz.plus\/vi\/registration\/","name":"\u0110\u0103ng k\u00fd 888Starz | H\u01b0\u1edbng d\u1eabn c\u00e1ch \u0111\u0103ng k\u00fd","isPartOf":{"@id":"https:\/\/888starz.plus\/vi\/#website"},"datePublished":"2024-07-17T17:56:53+00:00","dateModified":"2025-05-16T07:54:30+00:00","description":"Kh\u00e1m ph\u00e1 h\u01b0\u1edbng d\u1eabn t\u1eebng b\u01b0\u1edbc \u0111\u1ec3 \u0111\u0103ng k\u00fd d\u1ec5 d\u00e0ng v\u00e0 nhanh ch\u00f3ng t\u1ea1i 888Starz Vi\u1ec7t Nam! \ud83d\uddf8 \u0110\u0103ng k\u00fd t\u00e0i kho\u1ea3n 888starz n\u0103m 2025 \ud83d\uddf8 \u0110\u0103ng nh\u1eadp v\u00e0 b\u1eaft \u0111\u1ea7u c\u00e1 c\u01b0\u1ee3c ngay b\u00e2y gi\u1edd","inLanguage":"vi","potentialAction":[{"@type":"ReadAction","target":["https:\/\/888starz.plus\/vi\/registration\/"]}]},{"@type":"WebSite","@id":"https:\/\/888starz.plus\/vi\/#website","url":"https:\/\/888starz.plus\/vi\/","name":"888Starz vi","description":"My WordPress Blog","potentialAction":[{"@type":"SearchAction","target":{"@type":"EntryPoint","urlTemplate":"https:\/\/888starz.plus\/vi\/?s={search_term_string}"},"query-input":{"@type":"PropertyValueSpecification","valueRequired":true,"valueName":"search_term_string"}}],"inLanguage":"vi"}]}},"_links":{"self":[{"href":"https:\/\/888starz.plus\/vi\/wp-json\/wp\/v2\/pages\/325","targetHints":{"allow":["GET"]}}],"collection":[{"href":"https:\/\/888starz.plus\/vi\/wp-json\/wp\/v2\/pages"}],"about":[{"href":"https:\/\/888starz.plus\/vi\/wp-json\/wp\/v2\/types\/page"}],"author":[{"embeddable":true,"href":"https:\/\/888starz.plus\/vi\/wp-json\/wp\/v2\/users\/1"}],"replies":[{"embeddable":true,"href":"https:\/\/888starz.plus\/vi\/wp-json\/wp\/v2\/comments?post=325"}],"version-history":[{"count":1,"href":"https:\/\/888starz.plus\/vi\/wp-json\/wp\/v2\/pages\/325\/revisions"}],"predecessor-version":[{"id":346,"href":"https:\/\/888starz.plus\/vi\/wp-json\/wp\/v2\/pages\/325\/revisions\/346"}],"wp:attachment":[{"href":"https:\/\/888starz.plus\/vi\/wp-json\/wp\/v2\/media?parent=325"}],"curies":[{"name":"wp","href":"https:\/\/api.w.org\/{rel}","templated":true}]}}