{"id":319,"date":"2024-07-17T17:34:39","date_gmt":"2024-07-17T17:34:39","guid":{"rendered":"https:\/\/888starz.plus\/vi\/?page_id=319"},"modified":"2024-07-17T17:34:39","modified_gmt":"2024-07-17T17:34:39","slug":"casino","status":"publish","type":"page","link":"https:\/\/888starz.plus\/vi\/casino\/","title":{"rendered":"S\u00f2ng b\u1ea1c"},"content":{"rendered":"","protected":false},"excerpt":{"rendered":"","protected":false},"author":1,"featured_media":0,"parent":0,"menu_order":0,"comment_status":"closed","ping_status":"closed","template":"","meta":{"inline_featured_image":false,"footnotes":""},"class_list":["post-319","page","type-page","status-publish","hentry"],"yoast_head":"<!-- This site is optimized with the Yoast SEO plugin v25.6 - https:\/\/yoast.com\/wordpress\/plugins\/seo\/ -->\n<title>Casino Tr\u1ef1c Tuy\u1ebfn 888Starz Vi\u1ec7t Nam \u2b50 Ti\u1ec1n th\u01b0\u1edfng ch\u00e0o m\u1eebng<\/title>\n<meta name=\"description\" content=\"Kh\u00e1m ph\u00e1 s\u00f2ng b\u1ea1c tr\u1ef1c tuy\u1ebfn 888Starz, n\u01a1i c\u00f3 nhi\u1ec1u tr\u00f2 ch\u01a1i s\u00f2ng b\u1ea1c v\u00e0 m\u00e1y \u0111\u00e1nh b\u1ea1c \u0111ang ch\u1edd \u0111\u00f3n b\u1ea1n. Nh\u1eadn ti\u1ec1n th\u01b0\u1edfng ch\u00e0o m\u1eebng c\u1ee7a b\u1ea1n ngay b\u00e2y gi\u1edd!\" \/>\n<meta name=\"robots\" content=\"index, follow, max-snippet:-1, max-image-preview:large, max-video-preview:-1\" \/>\n<meta property=\"og:locale\" content=\"vi_VN\" \/>\n<meta property=\"og:type\" content=\"article\" \/>\n<meta property=\"og:title\" content=\"Casino Tr\u1ef1c Tuy\u1ebfn 888Starz Vi\u1ec7t Nam \u2b50 Ti\u1ec1n th\u01b0\u1edfng ch\u00e0o m\u1eebng\" \/>\n<meta property=\"og:description\" content=\"Kh\u00e1m ph\u00e1 s\u00f2ng b\u1ea1c tr\u1ef1c tuy\u1ebfn 888Starz, n\u01a1i c\u00f3 nhi\u1ec1u tr\u00f2 ch\u01a1i s\u00f2ng b\u1ea1c v\u00e0 m\u00e1y \u0111\u00e1nh b\u1ea1c \u0111ang ch\u1edd \u0111\u00f3n b\u1ea1n. Nh\u1eadn ti\u1ec1n th\u01b0\u1edfng ch\u00e0o m\u1eebng c\u1ee7a b\u1ea1n ngay b\u00e2y gi\u1edd!\" \/>\n<meta property=\"og:url\" content=\"https:\/\/888starz.plus\/vi\/casino\/\" \/>\n<meta property=\"og:site_name\" content=\"888Starz vi\" \/>\n<meta name=\"twitter:card\" content=\"summary_large_image\" \/>\n<script type=\"application\/ld+json\" class=\"yoast-schema-graph\">{\"@context\":\"https:\/\/schema.org\",\"@graph\":[{\"@type\":\"WebPage\",\"@id\":\"https:\/\/888starz.plus\/vi\/casino\/\",\"url\":\"https:\/\/888starz.plus\/vi\/casino\/\",\"name\":\"Casino Tr\u1ef1c Tuy\u1ebfn 888Starz Vi\u1ec7t Nam \u2b50 Ti\u1ec1n th\u01b0\u1edfng ch\u00e0o m\u1eebng\",\"isPartOf\":{\"@id\":\"https:\/\/888starz.plus\/vi\/#website\"},\"datePublished\":\"2024-07-17T17:34:39+00:00\",\"description\":\"Kh\u00e1m ph\u00e1 s\u00f2ng b\u1ea1c tr\u1ef1c tuy\u1ebfn 888Starz, n\u01a1i c\u00f3 nhi\u1ec1u tr\u00f2 ch\u01a1i s\u00f2ng b\u1ea1c v\u00e0 m\u00e1y \u0111\u00e1nh b\u1ea1c \u0111ang ch\u1edd \u0111\u00f3n b\u1ea1n. Nh\u1eadn ti\u1ec1n th\u01b0\u1edfng ch\u00e0o m\u1eebng c\u1ee7a b\u1ea1n ngay b\u00e2y gi\u1edd!\",\"inLanguage\":\"vi\",\"potentialAction\":[{\"@type\":\"ReadAction\",\"target\":[\"https:\/\/888starz.plus\/vi\/casino\/\"]}]},{\"@type\":\"WebSite\",\"@id\":\"https:\/\/888starz.plus\/vi\/#website\",\"url\":\"https:\/\/888starz.plus\/vi\/\",\"name\":\"888Starz vi\",\"description\":\"My WordPress Blog\",\"potentialAction\":[{\"@type\":\"SearchAction\",\"target\":{\"@type\":\"EntryPoint\",\"urlTemplate\":\"https:\/\/888starz.plus\/vi\/?s={search_term_string}\"},\"query-input\":{\"@type\":\"PropertyValueSpecification\",\"valueRequired\":true,\"valueName\":\"search_term_string\"}}],\"inLanguage\":\"vi\"}]}<\/script>\n<!-- \/ Yoast SEO plugin. -->","yoast_head_json":{"title":"Casino Tr\u1ef1c Tuy\u1ebfn 888Starz Vi\u1ec7t Nam \u2b50 Ti\u1ec1n th\u01b0\u1edfng ch\u00e0o m\u1eebng","description":"Kh\u00e1m ph\u00e1 s\u00f2ng b\u1ea1c tr\u1ef1c tuy\u1ebfn 888Starz, n\u01a1i c\u00f3 nhi\u1ec1u tr\u00f2 ch\u01a1i s\u00f2ng b\u1ea1c v\u00e0 m\u00e1y \u0111\u00e1nh b\u1ea1c \u0111ang ch\u1edd \u0111\u00f3n b\u1ea1n. Nh\u1eadn ti\u1ec1n th\u01b0\u1edfng ch\u00e0o m\u1eebng c\u1ee7a b\u1ea1n ngay b\u00e2y gi\u1edd!","robots":{"index":"index","follow":"follow","max-snippet":"max-snippet:-1","max-image-preview":"max-image-preview:large","max-video-preview":"max-video-preview:-1"},"og_locale":"vi_VN","og_type":"article","og_title":"Casino Tr\u1ef1c Tuy\u1ebfn 888Starz Vi\u1ec7t Nam \u2b50 Ti\u1ec1n th\u01b0\u1edfng ch\u00e0o m\u1eebng","og_description":"Kh\u00e1m ph\u00e1 s\u00f2ng b\u1ea1c tr\u1ef1c tuy\u1ebfn 888Starz, n\u01a1i c\u00f3 nhi\u1ec1u tr\u00f2 ch\u01a1i s\u00f2ng b\u1ea1c v\u00e0 m\u00e1y \u0111\u00e1nh b\u1ea1c \u0111ang ch\u1edd \u0111\u00f3n b\u1ea1n. Nh\u1eadn ti\u1ec1n th\u01b0\u1edfng ch\u00e0o m\u1eebng c\u1ee7a b\u1ea1n ngay b\u00e2y gi\u1edd!","og_url":"https:\/\/888starz.plus\/vi\/casino\/","og_site_name":"888Starz vi","twitter_card":"summary_large_image","schema":{"@context":"https:\/\/schema.org","@graph":[{"@type":"WebPage","@id":"https:\/\/888starz.plus\/vi\/casino\/","url":"https:\/\/888starz.plus\/vi\/casino\/","name":"Casino Tr\u1ef1c Tuy\u1ebfn 888Starz Vi\u1ec7t Nam \u2b50 Ti\u1ec1n th\u01b0\u1edfng ch\u00e0o m\u1eebng","isPartOf":{"@id":"https:\/\/888starz.plus\/vi\/#website"},"datePublished":"2024-07-17T17:34:39+00:00","description":"Kh\u00e1m ph\u00e1 s\u00f2ng b\u1ea1c tr\u1ef1c tuy\u1ebfn 888Starz, n\u01a1i c\u00f3 nhi\u1ec1u tr\u00f2 ch\u01a1i s\u00f2ng b\u1ea1c v\u00e0 m\u00e1y \u0111\u00e1nh b\u1ea1c \u0111ang ch\u1edd \u0111\u00f3n b\u1ea1n. Nh\u1eadn ti\u1ec1n th\u01b0\u1edfng ch\u00e0o m\u1eebng c\u1ee7a b\u1ea1n ngay b\u00e2y gi\u1edd!","inLanguage":"vi","potentialAction":[{"@type":"ReadAction","target":["https:\/\/888starz.plus\/vi\/casino\/"]}]},{"@type":"WebSite","@id":"https:\/\/888starz.plus\/vi\/#website","url":"https:\/\/888starz.plus\/vi\/","name":"888Starz vi","description":"My WordPress Blog","potentialAction":[{"@type":"SearchAction","target":{"@type":"EntryPoint","urlTemplate":"https:\/\/888starz.plus\/vi\/?s={search_term_string}"},"query-input":{"@type":"PropertyValueSpecification","valueRequired":true,"valueName":"search_term_string"}}],"inLanguage":"vi"}]}},"_links":{"self":[{"href":"https:\/\/888starz.plus\/vi\/wp-json\/wp\/v2\/pages\/319","targetHints":{"allow":["GET"]}}],"collection":[{"href":"https:\/\/888starz.plus\/vi\/wp-json\/wp\/v2\/pages"}],"about":[{"href":"https:\/\/888starz.plus\/vi\/wp-json\/wp\/v2\/types\/page"}],"author":[{"embeddable":true,"href":"https:\/\/888starz.plus\/vi\/wp-json\/wp\/v2\/users\/1"}],"replies":[{"embeddable":true,"href":"https:\/\/888starz.plus\/vi\/wp-json\/wp\/v2\/comments?post=319"}],"version-history":[{"count":0,"href":"https:\/\/888starz.plus\/vi\/wp-json\/wp\/v2\/pages\/319\/revisions"}],"wp:attachment":[{"href":"https:\/\/888starz.plus\/vi\/wp-json\/wp\/v2\/media?parent=319"}],"curies":[{"name":"wp","href":"https:\/\/api.w.org\/{rel}","templated":true}]}}