{"id":411,"date":"2024-07-08T17:07:31","date_gmt":"2024-07-08T17:07:31","guid":{"rendered":"https:\/\/888starz.plus\/ve\/?page_id=411"},"modified":"2025-06-25T06:27:07","modified_gmt":"2025-06-25T06:27:07","slug":"registration","status":"publish","type":"page","link":"https:\/\/888starz.plus\/ve\/registration\/","title":{"rendered":"Registro"},"content":{"rendered":"","protected":false},"excerpt":{"rendered":"","protected":false},"author":1,"featured_media":0,"parent":0,"menu_order":0,"comment_status":"closed","ping_status":"closed","template":"","meta":{"inline_featured_image":false,"footnotes":""},"class_list":["post-411","page","type-page","status-publish","hentry"],"yoast_head":"<!-- This site is optimized with the Yoast SEO plugin v25.6 - https:\/\/yoast.com\/wordpress\/plugins\/seo\/ -->\n<title>888Starz Venezuela Registro | Gu\u00eda de c\u00f3mo registrarse<\/title>\n<meta name=\"description\" content=\"\u00a1Descubre la gu\u00eda paso a paso para registrarte f\u00e1cil y r\u00e1pidamente en 888Starz! \ud83d\uddf8 Registra una cuenta en 888starz en 2025 \ud83d\uddf8 Entra y empieza a apostar ya\" \/>\n<meta name=\"robots\" content=\"noindex, follow, max-snippet:-1, max-image-preview:large, max-video-preview:-1\" \/>\n<meta property=\"og:locale\" content=\"es_ES\" \/>\n<meta property=\"og:type\" content=\"article\" \/>\n<meta property=\"og:title\" content=\"888Starz Venezuela Registro | Gu\u00eda de c\u00f3mo registrarse\" \/>\n<meta property=\"og:description\" content=\"\u00a1Descubre la gu\u00eda paso a paso para registrarte f\u00e1cil y r\u00e1pidamente en 888Starz! \ud83d\uddf8 Registra una cuenta en 888starz en 2025 \ud83d\uddf8 Entra y empieza a apostar ya\" \/>\n<meta property=\"og:url\" content=\"https:\/\/888starz.plus\/ve\/registration\/\" \/>\n<meta property=\"og:site_name\" content=\"888Starz ve\" \/>\n<meta property=\"article:modified_time\" content=\"2025-06-25T06:27:07+00:00\" \/>\n<meta name=\"twitter:card\" content=\"summary_large_image\" \/>\n<script type=\"application\/ld+json\" class=\"yoast-schema-graph\">{\"@context\":\"https:\/\/schema.org\",\"@graph\":[{\"@type\":\"WebPage\",\"@id\":\"https:\/\/888starz.plus\/ve\/registration\/\",\"url\":\"https:\/\/888starz.plus\/ve\/registration\/\",\"name\":\"888Starz Venezuela Registro | Gu\u00eda de c\u00f3mo registrarse\",\"isPartOf\":{\"@id\":\"https:\/\/888starz.plus\/ve\/#website\"},\"datePublished\":\"2024-07-08T17:07:31+00:00\",\"dateModified\":\"2025-06-25T06:27:07+00:00\",\"description\":\"\u00a1Descubre la gu\u00eda paso a paso para registrarte f\u00e1cil y r\u00e1pidamente en 888Starz! \ud83d\uddf8 Registra una cuenta en 888starz en 2025 \ud83d\uddf8 Entra y empieza a apostar ya\",\"inLanguage\":\"es\",\"potentialAction\":[{\"@type\":\"ReadAction\",\"target\":[\"https:\/\/888starz.plus\/ve\/registration\/\"]}]},{\"@type\":\"WebSite\",\"@id\":\"https:\/\/888starz.plus\/ve\/#website\",\"url\":\"https:\/\/888starz.plus\/ve\/\",\"name\":\"888Starz ve\",\"description\":\"My WordPress Blog\",\"potentialAction\":[{\"@type\":\"SearchAction\",\"target\":{\"@type\":\"EntryPoint\",\"urlTemplate\":\"https:\/\/888starz.plus\/ve\/?s={search_term_string}\"},\"query-input\":{\"@type\":\"PropertyValueSpecification\",\"valueRequired\":true,\"valueName\":\"search_term_string\"}}],\"inLanguage\":\"es\"}]}<\/script>\n<!-- \/ Yoast SEO plugin. -->","yoast_head_json":{"title":"888Starz Venezuela Registro | Gu\u00eda de c\u00f3mo registrarse","description":"\u00a1Descubre la gu\u00eda paso a paso para registrarte f\u00e1cil y r\u00e1pidamente en 888Starz! \ud83d\uddf8 Registra una cuenta en 888starz en 2025 \ud83d\uddf8 Entra y empieza a apostar ya","robots":{"index":"noindex","follow":"follow","max-snippet":"max-snippet:-1","max-image-preview":"max-image-preview:large","max-video-preview":"max-video-preview:-1"},"og_locale":"es_ES","og_type":"article","og_title":"888Starz Venezuela Registro | Gu\u00eda de c\u00f3mo registrarse","og_description":"\u00a1Descubre la gu\u00eda paso a paso para registrarte f\u00e1cil y r\u00e1pidamente en 888Starz! \ud83d\uddf8 Registra una cuenta en 888starz en 2025 \ud83d\uddf8 Entra y empieza a apostar ya","og_url":"https:\/\/888starz.plus\/ve\/registration\/","og_site_name":"888Starz ve","article_modified_time":"2025-06-25T06:27:07+00:00","twitter_card":"summary_large_image","schema":{"@context":"https:\/\/schema.org","@graph":[{"@type":"WebPage","@id":"https:\/\/888starz.plus\/ve\/registration\/","url":"https:\/\/888starz.plus\/ve\/registration\/","name":"888Starz Venezuela Registro | Gu\u00eda de c\u00f3mo registrarse","isPartOf":{"@id":"https:\/\/888starz.plus\/ve\/#website"},"datePublished":"2024-07-08T17:07:31+00:00","dateModified":"2025-06-25T06:27:07+00:00","description":"\u00a1Descubre la gu\u00eda paso a paso para registrarte f\u00e1cil y r\u00e1pidamente en 888Starz! \ud83d\uddf8 Registra una cuenta en 888starz en 2025 \ud83d\uddf8 Entra y empieza a apostar ya","inLanguage":"es","potentialAction":[{"@type":"ReadAction","target":["https:\/\/888starz.plus\/ve\/registration\/"]}]},{"@type":"WebSite","@id":"https:\/\/888starz.plus\/ve\/#website","url":"https:\/\/888starz.plus\/ve\/","name":"888Starz ve","description":"My WordPress Blog","potentialAction":[{"@type":"SearchAction","target":{"@type":"EntryPoint","urlTemplate":"https:\/\/888starz.plus\/ve\/?s={search_term_string}"},"query-input":{"@type":"PropertyValueSpecification","valueRequired":true,"valueName":"search_term_string"}}],"inLanguage":"es"}]}},"_links":{"self":[{"href":"https:\/\/888starz.plus\/ve\/wp-json\/wp\/v2\/pages\/411","targetHints":{"allow":["GET"]}}],"collection":[{"href":"https:\/\/888starz.plus\/ve\/wp-json\/wp\/v2\/pages"}],"about":[{"href":"https:\/\/888starz.plus\/ve\/wp-json\/wp\/v2\/types\/page"}],"author":[{"embeddable":true,"href":"https:\/\/888starz.plus\/ve\/wp-json\/wp\/v2\/users\/1"}],"replies":[{"embeddable":true,"href":"https:\/\/888starz.plus\/ve\/wp-json\/wp\/v2\/comments?post=411"}],"version-history":[{"count":4,"href":"https:\/\/888starz.plus\/ve\/wp-json\/wp\/v2\/pages\/411\/revisions"}],"predecessor-version":[{"id":932,"href":"https:\/\/888starz.plus\/ve\/wp-json\/wp\/v2\/pages\/411\/revisions\/932"}],"wp:attachment":[{"href":"https:\/\/888starz.plus\/ve\/wp-json\/wp\/v2\/media?parent=411"}],"curies":[{"name":"wp","href":"https:\/\/api.w.org\/{rel}","templated":true}]}}