{"id":939,"date":"2025-07-16T08:32:37","date_gmt":"2025-07-16T08:32:37","guid":{"rendered":"https:\/\/888starz.plus\/?page_id=939"},"modified":"2025-08-14T18:42:22","modified_gmt":"2025-08-14T18:42:22","slug":"free-bet-in-app","status":"publish","type":"page","link":"https:\/\/888starz.plus\/tr\/free-bet-in-app\/","title":{"rendered":"Uygulamada \u00dccretsiz Bahis"},"content":{"rendered":"","protected":false},"excerpt":{"rendered":"","protected":false},"author":1,"featured_media":0,"parent":430,"menu_order":0,"comment_status":"closed","ping_status":"closed","template":"","meta":{"inline_featured_image":false,"footnotes":""},"class_list":["post-939","page","type-page","status-publish","hentry"],"yoast_head":"<!-- This site is optimized with the Yoast SEO plugin v25.6 - https:\/\/yoast.com\/wordpress\/plugins\/seo\/ -->\n<title>888Starz Uygulamas\u0131nda \u00fccretsiz bahis \u27a1 \u00dccretsiz spor bahsi!<\/title>\n<meta name=\"description\" content=\"888Starz uygulamas\u0131n\u0131 indirin ve sadece aktif oldu\u011funuz i\u00e7in \u00fccretsiz bir bahis kazan\u0131n! 40 TL ve \u00fczeri 10 bahis oynay\u0131n ve spor bahislerinde 200 TL&#039;ye kadar \u00fccretsiz bahis kazan\u0131n! Ekstra \u00e7aba harcamadan kazanma \u015fans\u0131n\u0131z\u0131 ka\u00e7\u0131rmay\u0131n!\" \/>\n<meta name=\"robots\" content=\"index, follow, max-snippet:-1, max-image-preview:large, max-video-preview:-1\" \/>\n<meta property=\"og:locale\" content=\"tr_TR\" \/>\n<meta property=\"og:type\" content=\"article\" \/>\n<meta property=\"og:title\" content=\"888Starz Uygulamas\u0131nda \u00fccretsiz bahis \u27a1 \u00dccretsiz spor bahsi!\" \/>\n<meta property=\"og:description\" content=\"888Starz uygulamas\u0131n\u0131 indirin ve sadece aktif oldu\u011funuz i\u00e7in \u00fccretsiz bir bahis kazan\u0131n! 40 TL ve \u00fczeri 10 bahis oynay\u0131n ve spor bahislerinde 200 TL&#039;ye kadar \u00fccretsiz bahis kazan\u0131n! Ekstra \u00e7aba harcamadan kazanma \u015fans\u0131n\u0131z\u0131 ka\u00e7\u0131rmay\u0131n!\" \/>\n<meta property=\"og:url\" content=\"https:\/\/888starz.plus\/tr\/free-bet-in-app\/\" \/>\n<meta property=\"og:site_name\" content=\"888starz tr\" \/>\n<meta property=\"article:modified_time\" content=\"2025-08-14T18:42:22+00:00\" \/>\n<meta name=\"twitter:card\" content=\"summary_large_image\" \/>\n<script type=\"application\/ld+json\" class=\"yoast-schema-graph\">{\"@context\":\"https:\/\/schema.org\",\"@graph\":[{\"@type\":\"WebPage\",\"@id\":\"https:\/\/888starz.plus\/tr\/free-bet-in-app\/\",\"url\":\"https:\/\/888starz.plus\/tr\/free-bet-in-app\/\",\"name\":\"888Starz Uygulamas\u0131nda \u00fccretsiz bahis \u27a1 \u00dccretsiz spor bahsi!\",\"isPartOf\":{\"@id\":\"https:\/\/888starz.plus\/tr\/#website\"},\"datePublished\":\"2025-07-16T08:32:37+00:00\",\"dateModified\":\"2025-08-14T18:42:22+00:00\",\"description\":\"888Starz uygulamas\u0131n\u0131 indirin ve sadece aktif oldu\u011funuz i\u00e7in \u00fccretsiz bir bahis kazan\u0131n! 40 TL ve \u00fczeri 10 bahis oynay\u0131n ve spor bahislerinde 200 TL'ye kadar \u00fccretsiz bahis kazan\u0131n! Ekstra \u00e7aba harcamadan kazanma \u015fans\u0131n\u0131z\u0131 ka\u00e7\u0131rmay\u0131n!\",\"breadcrumb\":{\"@id\":\"https:\/\/888starz.plus\/tr\/free-bet-in-app\/#breadcrumb\"},\"inLanguage\":\"tr\",\"potentialAction\":[{\"@type\":\"ReadAction\",\"target\":[\"https:\/\/888starz.plus\/tr\/free-bet-in-app\/\"]}]},{\"@type\":\"BreadcrumbList\",\"@id\":\"https:\/\/888starz.plus\/tr\/free-bet-in-app\/#breadcrumb\",\"itemListElement\":[{\"@type\":\"ListItem\",\"position\":1,\"name\":\"Bonus\",\"item\":\"https:\/\/888starz.plus\/tr\/bonus\/\"},{\"@type\":\"ListItem\",\"position\":2,\"name\":\"Uygulamada \u00dccretsiz Bahis\"}]},{\"@type\":\"WebSite\",\"@id\":\"https:\/\/888starz.plus\/tr\/#website\",\"url\":\"https:\/\/888starz.plus\/tr\/\",\"name\":\"888starz tr\",\"description\":\"My WordPress Blog\",\"potentialAction\":[{\"@type\":\"SearchAction\",\"target\":{\"@type\":\"EntryPoint\",\"urlTemplate\":\"https:\/\/888starz.plus\/tr\/?s={search_term_string}\"},\"query-input\":{\"@type\":\"PropertyValueSpecification\",\"valueRequired\":true,\"valueName\":\"search_term_string\"}}],\"inLanguage\":\"tr\"}]}<\/script>\n<!-- \/ Yoast SEO plugin. -->","yoast_head_json":{"title":"888Starz Uygulamas\u0131nda \u00fccretsiz bahis \u27a1 \u00dccretsiz spor bahsi!","description":"888Starz uygulamas\u0131n\u0131 indirin ve sadece aktif oldu\u011funuz i\u00e7in \u00fccretsiz bir bahis kazan\u0131n! 40 TL ve \u00fczeri 10 bahis oynay\u0131n ve spor bahislerinde 200 TL'ye kadar \u00fccretsiz bahis kazan\u0131n! Ekstra \u00e7aba harcamadan kazanma \u015fans\u0131n\u0131z\u0131 ka\u00e7\u0131rmay\u0131n!","robots":{"index":"index","follow":"follow","max-snippet":"max-snippet:-1","max-image-preview":"max-image-preview:large","max-video-preview":"max-video-preview:-1"},"og_locale":"tr_TR","og_type":"article","og_title":"888Starz Uygulamas\u0131nda \u00fccretsiz bahis \u27a1 \u00dccretsiz spor bahsi!","og_description":"888Starz uygulamas\u0131n\u0131 indirin ve sadece aktif oldu\u011funuz i\u00e7in \u00fccretsiz bir bahis kazan\u0131n! 40 TL ve \u00fczeri 10 bahis oynay\u0131n ve spor bahislerinde 200 TL'ye kadar \u00fccretsiz bahis kazan\u0131n! Ekstra \u00e7aba harcamadan kazanma \u015fans\u0131n\u0131z\u0131 ka\u00e7\u0131rmay\u0131n!","og_url":"https:\/\/888starz.plus\/tr\/free-bet-in-app\/","og_site_name":"888starz tr","article_modified_time":"2025-08-14T18:42:22+00:00","twitter_card":"summary_large_image","schema":{"@context":"https:\/\/schema.org","@graph":[{"@type":"WebPage","@id":"https:\/\/888starz.plus\/tr\/free-bet-in-app\/","url":"https:\/\/888starz.plus\/tr\/free-bet-in-app\/","name":"888Starz Uygulamas\u0131nda \u00fccretsiz bahis \u27a1 \u00dccretsiz spor bahsi!","isPartOf":{"@id":"https:\/\/888starz.plus\/tr\/#website"},"datePublished":"2025-07-16T08:32:37+00:00","dateModified":"2025-08-14T18:42:22+00:00","description":"888Starz uygulamas\u0131n\u0131 indirin ve sadece aktif oldu\u011funuz i\u00e7in \u00fccretsiz bir bahis kazan\u0131n! 40 TL ve \u00fczeri 10 bahis oynay\u0131n ve spor bahislerinde 200 TL'ye kadar \u00fccretsiz bahis kazan\u0131n! Ekstra \u00e7aba harcamadan kazanma \u015fans\u0131n\u0131z\u0131 ka\u00e7\u0131rmay\u0131n!","breadcrumb":{"@id":"https:\/\/888starz.plus\/tr\/free-bet-in-app\/#breadcrumb"},"inLanguage":"tr","potentialAction":[{"@type":"ReadAction","target":["https:\/\/888starz.plus\/tr\/free-bet-in-app\/"]}]},{"@type":"BreadcrumbList","@id":"https:\/\/888starz.plus\/tr\/free-bet-in-app\/#breadcrumb","itemListElement":[{"@type":"ListItem","position":1,"name":"Bonus","item":"https:\/\/888starz.plus\/tr\/bonus\/"},{"@type":"ListItem","position":2,"name":"Uygulamada \u00dccretsiz Bahis"}]},{"@type":"WebSite","@id":"https:\/\/888starz.plus\/tr\/#website","url":"https:\/\/888starz.plus\/tr\/","name":"888starz tr","description":"My WordPress Blog","potentialAction":[{"@type":"SearchAction","target":{"@type":"EntryPoint","urlTemplate":"https:\/\/888starz.plus\/tr\/?s={search_term_string}"},"query-input":{"@type":"PropertyValueSpecification","valueRequired":true,"valueName":"search_term_string"}}],"inLanguage":"tr"}]}},"_links":{"self":[{"href":"https:\/\/888starz.plus\/tr\/wp-json\/wp\/v2\/pages\/939","targetHints":{"allow":["GET"]}}],"collection":[{"href":"https:\/\/888starz.plus\/tr\/wp-json\/wp\/v2\/pages"}],"about":[{"href":"https:\/\/888starz.plus\/tr\/wp-json\/wp\/v2\/types\/page"}],"author":[{"embeddable":true,"href":"https:\/\/888starz.plus\/tr\/wp-json\/wp\/v2\/users\/1"}],"replies":[{"embeddable":true,"href":"https:\/\/888starz.plus\/tr\/wp-json\/wp\/v2\/comments?post=939"}],"version-history":[{"count":4,"href":"https:\/\/888starz.plus\/tr\/wp-json\/wp\/v2\/pages\/939\/revisions"}],"predecessor-version":[{"id":959,"href":"https:\/\/888starz.plus\/tr\/wp-json\/wp\/v2\/pages\/939\/revisions\/959"}],"up":[{"embeddable":true,"href":"https:\/\/888starz.plus\/tr\/wp-json\/wp\/v2\/pages\/430"}],"wp:attachment":[{"href":"https:\/\/888starz.plus\/tr\/wp-json\/wp\/v2\/media?parent=939"}],"curies":[{"name":"wp","href":"https:\/\/api.w.org\/{rel}","templated":true}]}}