{"id":879,"date":"2025-06-20T12:01:38","date_gmt":"2025-06-20T12:01:38","guid":{"rendered":"https:\/\/888starz.plus\/?page_id=879"},"modified":"2025-08-14T18:48:04","modified_gmt":"2025-08-14T18:48:04","slug":"express-insurance","status":"publish","type":"page","link":"https:\/\/888starz.plus\/tr\/express-insurance\/","title":{"rendered":"Ekspres sigorta"},"content":{"rendered":"","protected":false},"excerpt":{"rendered":"","protected":false},"author":1,"featured_media":0,"parent":430,"menu_order":0,"comment_status":"closed","ping_status":"closed","template":"","meta":{"inline_featured_image":false,"footnotes":""},"class_list":["post-879","page","type-page","status-publish","hentry"],"yoast_head":"<!-- This site is optimized with the Yoast SEO plugin v25.6 - https:\/\/yoast.com\/wordpress\/plugins\/seo\/ -->\n<title>888Starz&#039;dan Ekspres Sigorta | Risksiz bahis yap\u0131n<\/title>\n<meta name=\"description\" content=\"Kaybetme korkusu olmadan h\u0131zl\u0131 bahis oynamak ister misiniz? 888Starz benzersiz bir sigorta poli\u00e7esi sunuyor! 7 y\u00fcksek bahisli etkinli\u011fe bahis yap\u0131n - birini yanl\u0131\u015f yapsan\u0131z bile bahsinizi geri al\u0131rs\u0131n\u0131z.\" \/>\n<meta name=\"robots\" content=\"index, follow, max-snippet:-1, max-image-preview:large, max-video-preview:-1\" \/>\n<meta property=\"og:locale\" content=\"tr_TR\" \/>\n<meta property=\"og:type\" content=\"article\" \/>\n<meta property=\"og:title\" content=\"888Starz&#039;dan Ekspres Sigorta | Risksiz bahis yap\u0131n\" \/>\n<meta property=\"og:description\" content=\"Kaybetme korkusu olmadan h\u0131zl\u0131 bahis oynamak ister misiniz? 888Starz benzersiz bir sigorta poli\u00e7esi sunuyor! 7 y\u00fcksek bahisli etkinli\u011fe bahis yap\u0131n - birini yanl\u0131\u015f yapsan\u0131z bile bahsinizi geri al\u0131rs\u0131n\u0131z.\" \/>\n<meta property=\"og:url\" content=\"https:\/\/888starz.plus\/tr\/express-insurance\/\" \/>\n<meta property=\"og:site_name\" content=\"888starz tr\" \/>\n<meta property=\"article:modified_time\" content=\"2025-08-14T18:48:04+00:00\" \/>\n<meta name=\"twitter:card\" content=\"summary_large_image\" \/>\n<script type=\"application\/ld+json\" class=\"yoast-schema-graph\">{\"@context\":\"https:\/\/schema.org\",\"@graph\":[{\"@type\":\"WebPage\",\"@id\":\"https:\/\/888starz.plus\/tr\/express-insurance\/\",\"url\":\"https:\/\/888starz.plus\/tr\/express-insurance\/\",\"name\":\"888Starz'dan Ekspres Sigorta | Risksiz bahis yap\u0131n\",\"isPartOf\":{\"@id\":\"https:\/\/888starz.plus\/tr\/#website\"},\"datePublished\":\"2025-06-20T12:01:38+00:00\",\"dateModified\":\"2025-08-14T18:48:04+00:00\",\"description\":\"Kaybetme korkusu olmadan h\u0131zl\u0131 bahis oynamak ister misiniz? 888Starz benzersiz bir sigorta poli\u00e7esi sunuyor! 7 y\u00fcksek bahisli etkinli\u011fe bahis yap\u0131n - birini yanl\u0131\u015f yapsan\u0131z bile bahsinizi geri al\u0131rs\u0131n\u0131z.\",\"breadcrumb\":{\"@id\":\"https:\/\/888starz.plus\/tr\/express-insurance\/#breadcrumb\"},\"inLanguage\":\"tr\",\"potentialAction\":[{\"@type\":\"ReadAction\",\"target\":[\"https:\/\/888starz.plus\/tr\/express-insurance\/\"]}]},{\"@type\":\"BreadcrumbList\",\"@id\":\"https:\/\/888starz.plus\/tr\/express-insurance\/#breadcrumb\",\"itemListElement\":[{\"@type\":\"ListItem\",\"position\":1,\"name\":\"Bonus\",\"item\":\"https:\/\/888starz.plus\/tr\/bonus\/\"},{\"@type\":\"ListItem\",\"position\":2,\"name\":\"Ekspres sigorta\"}]},{\"@type\":\"WebSite\",\"@id\":\"https:\/\/888starz.plus\/tr\/#website\",\"url\":\"https:\/\/888starz.plus\/tr\/\",\"name\":\"888starz tr\",\"description\":\"My WordPress Blog\",\"potentialAction\":[{\"@type\":\"SearchAction\",\"target\":{\"@type\":\"EntryPoint\",\"urlTemplate\":\"https:\/\/888starz.plus\/tr\/?s={search_term_string}\"},\"query-input\":{\"@type\":\"PropertyValueSpecification\",\"valueRequired\":true,\"valueName\":\"search_term_string\"}}],\"inLanguage\":\"tr\"}]}<\/script>\n<!-- \/ Yoast SEO plugin. -->","yoast_head_json":{"title":"888Starz'dan Ekspres Sigorta | Risksiz bahis yap\u0131n","description":"Kaybetme korkusu olmadan h\u0131zl\u0131 bahis oynamak ister misiniz? 888Starz benzersiz bir sigorta poli\u00e7esi sunuyor! 7 y\u00fcksek bahisli etkinli\u011fe bahis yap\u0131n - birini yanl\u0131\u015f yapsan\u0131z bile bahsinizi geri al\u0131rs\u0131n\u0131z.","robots":{"index":"index","follow":"follow","max-snippet":"max-snippet:-1","max-image-preview":"max-image-preview:large","max-video-preview":"max-video-preview:-1"},"og_locale":"tr_TR","og_type":"article","og_title":"888Starz'dan Ekspres Sigorta | Risksiz bahis yap\u0131n","og_description":"Kaybetme korkusu olmadan h\u0131zl\u0131 bahis oynamak ister misiniz? 888Starz benzersiz bir sigorta poli\u00e7esi sunuyor! 7 y\u00fcksek bahisli etkinli\u011fe bahis yap\u0131n - birini yanl\u0131\u015f yapsan\u0131z bile bahsinizi geri al\u0131rs\u0131n\u0131z.","og_url":"https:\/\/888starz.plus\/tr\/express-insurance\/","og_site_name":"888starz tr","article_modified_time":"2025-08-14T18:48:04+00:00","twitter_card":"summary_large_image","schema":{"@context":"https:\/\/schema.org","@graph":[{"@type":"WebPage","@id":"https:\/\/888starz.plus\/tr\/express-insurance\/","url":"https:\/\/888starz.plus\/tr\/express-insurance\/","name":"888Starz'dan Ekspres Sigorta | Risksiz bahis yap\u0131n","isPartOf":{"@id":"https:\/\/888starz.plus\/tr\/#website"},"datePublished":"2025-06-20T12:01:38+00:00","dateModified":"2025-08-14T18:48:04+00:00","description":"Kaybetme korkusu olmadan h\u0131zl\u0131 bahis oynamak ister misiniz? 888Starz benzersiz bir sigorta poli\u00e7esi sunuyor! 7 y\u00fcksek bahisli etkinli\u011fe bahis yap\u0131n - birini yanl\u0131\u015f yapsan\u0131z bile bahsinizi geri al\u0131rs\u0131n\u0131z.","breadcrumb":{"@id":"https:\/\/888starz.plus\/tr\/express-insurance\/#breadcrumb"},"inLanguage":"tr","potentialAction":[{"@type":"ReadAction","target":["https:\/\/888starz.plus\/tr\/express-insurance\/"]}]},{"@type":"BreadcrumbList","@id":"https:\/\/888starz.plus\/tr\/express-insurance\/#breadcrumb","itemListElement":[{"@type":"ListItem","position":1,"name":"Bonus","item":"https:\/\/888starz.plus\/tr\/bonus\/"},{"@type":"ListItem","position":2,"name":"Ekspres sigorta"}]},{"@type":"WebSite","@id":"https:\/\/888starz.plus\/tr\/#website","url":"https:\/\/888starz.plus\/tr\/","name":"888starz tr","description":"My WordPress Blog","potentialAction":[{"@type":"SearchAction","target":{"@type":"EntryPoint","urlTemplate":"https:\/\/888starz.plus\/tr\/?s={search_term_string}"},"query-input":{"@type":"PropertyValueSpecification","valueRequired":true,"valueName":"search_term_string"}}],"inLanguage":"tr"}]}},"_links":{"self":[{"href":"https:\/\/888starz.plus\/tr\/wp-json\/wp\/v2\/pages\/879","targetHints":{"allow":["GET"]}}],"collection":[{"href":"https:\/\/888starz.plus\/tr\/wp-json\/wp\/v2\/pages"}],"about":[{"href":"https:\/\/888starz.plus\/tr\/wp-json\/wp\/v2\/types\/page"}],"author":[{"embeddable":true,"href":"https:\/\/888starz.plus\/tr\/wp-json\/wp\/v2\/users\/1"}],"replies":[{"embeddable":true,"href":"https:\/\/888starz.plus\/tr\/wp-json\/wp\/v2\/comments?post=879"}],"version-history":[{"count":2,"href":"https:\/\/888starz.plus\/tr\/wp-json\/wp\/v2\/pages\/879\/revisions"}],"predecessor-version":[{"id":955,"href":"https:\/\/888starz.plus\/tr\/wp-json\/wp\/v2\/pages\/879\/revisions\/955"}],"up":[{"embeddable":true,"href":"https:\/\/888starz.plus\/tr\/wp-json\/wp\/v2\/pages\/430"}],"wp:attachment":[{"href":"https:\/\/888starz.plus\/tr\/wp-json\/wp\/v2\/media?parent=879"}],"curies":[{"name":"wp","href":"https:\/\/api.w.org\/{rel}","templated":true}]}}