{"id":869,"date":"2025-06-20T11:21:17","date_gmt":"2025-06-20T11:21:17","guid":{"rendered":"https:\/\/888starz.plus\/?page_id=869"},"modified":"2025-07-25T16:20:31","modified_gmt":"2025-07-25T16:20:31","slug":"casino-welcome-package","status":"publish","type":"page","link":"https:\/\/888starz.plus\/tr\/casino-welcome-package\/","title":{"rendered":"Casino Ho\u015f Geldiniz Paketi"},"content":{"rendered":"","protected":false},"excerpt":{"rendered":"","protected":false},"author":1,"featured_media":0,"parent":430,"menu_order":0,"comment_status":"closed","ping_status":"closed","template":"","meta":{"inline_featured_image":false,"footnotes":""},"class_list":["post-869","page","type-page","status-publish","hentry"],"yoast_head":"<!-- This site is optimized with the Yoast SEO plugin v25.6 - https:\/\/yoast.com\/wordpress\/plugins\/seo\/ -->\n<title>888Starz Casino Ho\u015f Geldin Paketi | 70.000 TL&#039;ye kadar + 150 FS<\/title>\n<meta name=\"description\" content=\"888Starz&#039;da ho\u015f geldin paketinizi kap\u0131n! D\u00f6rt para yat\u0131rma i\u00e7in d\u00f6rt bonus: 70.000 TL&#039;ye kadar ve 150 freespin sizi bekliyor. B\u00fcy\u00fck kazan\u00e7lara do\u011fru ilk ad\u0131m\u0131 at\u0131n ve c\u00f6mert \u00f6d\u00fcller i\u00e7in \u015fans\u0131n\u0131z\u0131 ka\u00e7\u0131rmay\u0131n!\" \/>\n<meta name=\"robots\" content=\"index, follow, max-snippet:-1, max-image-preview:large, max-video-preview:-1\" \/>\n<meta property=\"og:locale\" content=\"tr_TR\" \/>\n<meta property=\"og:type\" content=\"article\" \/>\n<meta property=\"og:title\" content=\"888Starz Casino Ho\u015f Geldin Paketi | 70.000 TL&#039;ye kadar + 150 FS\" \/>\n<meta property=\"og:description\" content=\"888Starz&#039;da ho\u015f geldin paketinizi kap\u0131n! D\u00f6rt para yat\u0131rma i\u00e7in d\u00f6rt bonus: 70.000 TL&#039;ye kadar ve 150 freespin sizi bekliyor. B\u00fcy\u00fck kazan\u00e7lara do\u011fru ilk ad\u0131m\u0131 at\u0131n ve c\u00f6mert \u00f6d\u00fcller i\u00e7in \u015fans\u0131n\u0131z\u0131 ka\u00e7\u0131rmay\u0131n!\" \/>\n<meta property=\"og:url\" content=\"https:\/\/888starz.plus\/tr\/casino-welcome-package\/\" \/>\n<meta property=\"og:site_name\" content=\"888starz tr\" \/>\n<meta property=\"article:modified_time\" content=\"2025-07-25T16:20:31+00:00\" \/>\n<meta name=\"twitter:card\" content=\"summary_large_image\" \/>\n<script type=\"application\/ld+json\" class=\"yoast-schema-graph\">{\"@context\":\"https:\/\/schema.org\",\"@graph\":[{\"@type\":\"WebPage\",\"@id\":\"https:\/\/888starz.plus\/tr\/casino-welcome-package\/\",\"url\":\"https:\/\/888starz.plus\/tr\/casino-welcome-package\/\",\"name\":\"888Starz Casino Ho\u015f Geldin Paketi | 70.000 TL'ye kadar + 150 FS\",\"isPartOf\":{\"@id\":\"https:\/\/888starz.plus\/tr\/#website\"},\"datePublished\":\"2025-06-20T11:21:17+00:00\",\"dateModified\":\"2025-07-25T16:20:31+00:00\",\"description\":\"888Starz'da ho\u015f geldin paketinizi kap\u0131n! D\u00f6rt para yat\u0131rma i\u00e7in d\u00f6rt bonus: 70.000 TL'ye kadar ve 150 freespin sizi bekliyor. B\u00fcy\u00fck kazan\u00e7lara do\u011fru ilk ad\u0131m\u0131 at\u0131n ve c\u00f6mert \u00f6d\u00fcller i\u00e7in \u015fans\u0131n\u0131z\u0131 ka\u00e7\u0131rmay\u0131n!\",\"breadcrumb\":{\"@id\":\"https:\/\/888starz.plus\/tr\/casino-welcome-package\/#breadcrumb\"},\"inLanguage\":\"tr\",\"potentialAction\":[{\"@type\":\"ReadAction\",\"target\":[\"https:\/\/888starz.plus\/tr\/casino-welcome-package\/\"]}]},{\"@type\":\"BreadcrumbList\",\"@id\":\"https:\/\/888starz.plus\/tr\/casino-welcome-package\/#breadcrumb\",\"itemListElement\":[{\"@type\":\"ListItem\",\"position\":1,\"name\":\"Bonus\",\"item\":\"https:\/\/888starz.plus\/tr\/bonus\/\"},{\"@type\":\"ListItem\",\"position\":2,\"name\":\"Casino Ho\u015f Geldiniz Paketi\"}]},{\"@type\":\"WebSite\",\"@id\":\"https:\/\/888starz.plus\/tr\/#website\",\"url\":\"https:\/\/888starz.plus\/tr\/\",\"name\":\"888starz tr\",\"description\":\"My WordPress Blog\",\"potentialAction\":[{\"@type\":\"SearchAction\",\"target\":{\"@type\":\"EntryPoint\",\"urlTemplate\":\"https:\/\/888starz.plus\/tr\/?s={search_term_string}\"},\"query-input\":{\"@type\":\"PropertyValueSpecification\",\"valueRequired\":true,\"valueName\":\"search_term_string\"}}],\"inLanguage\":\"tr\"}]}<\/script>\n<!-- \/ Yoast SEO plugin. -->","yoast_head_json":{"title":"888Starz Casino Ho\u015f Geldin Paketi | 70.000 TL'ye kadar + 150 FS","description":"888Starz'da ho\u015f geldin paketinizi kap\u0131n! D\u00f6rt para yat\u0131rma i\u00e7in d\u00f6rt bonus: 70.000 TL'ye kadar ve 150 freespin sizi bekliyor. B\u00fcy\u00fck kazan\u00e7lara do\u011fru ilk ad\u0131m\u0131 at\u0131n ve c\u00f6mert \u00f6d\u00fcller i\u00e7in \u015fans\u0131n\u0131z\u0131 ka\u00e7\u0131rmay\u0131n!","robots":{"index":"index","follow":"follow","max-snippet":"max-snippet:-1","max-image-preview":"max-image-preview:large","max-video-preview":"max-video-preview:-1"},"og_locale":"tr_TR","og_type":"article","og_title":"888Starz Casino Ho\u015f Geldin Paketi | 70.000 TL'ye kadar + 150 FS","og_description":"888Starz'da ho\u015f geldin paketinizi kap\u0131n! D\u00f6rt para yat\u0131rma i\u00e7in d\u00f6rt bonus: 70.000 TL'ye kadar ve 150 freespin sizi bekliyor. B\u00fcy\u00fck kazan\u00e7lara do\u011fru ilk ad\u0131m\u0131 at\u0131n ve c\u00f6mert \u00f6d\u00fcller i\u00e7in \u015fans\u0131n\u0131z\u0131 ka\u00e7\u0131rmay\u0131n!","og_url":"https:\/\/888starz.plus\/tr\/casino-welcome-package\/","og_site_name":"888starz tr","article_modified_time":"2025-07-25T16:20:31+00:00","twitter_card":"summary_large_image","schema":{"@context":"https:\/\/schema.org","@graph":[{"@type":"WebPage","@id":"https:\/\/888starz.plus\/tr\/casino-welcome-package\/","url":"https:\/\/888starz.plus\/tr\/casino-welcome-package\/","name":"888Starz Casino Ho\u015f Geldin Paketi | 70.000 TL'ye kadar + 150 FS","isPartOf":{"@id":"https:\/\/888starz.plus\/tr\/#website"},"datePublished":"2025-06-20T11:21:17+00:00","dateModified":"2025-07-25T16:20:31+00:00","description":"888Starz'da ho\u015f geldin paketinizi kap\u0131n! D\u00f6rt para yat\u0131rma i\u00e7in d\u00f6rt bonus: 70.000 TL'ye kadar ve 150 freespin sizi bekliyor. B\u00fcy\u00fck kazan\u00e7lara do\u011fru ilk ad\u0131m\u0131 at\u0131n ve c\u00f6mert \u00f6d\u00fcller i\u00e7in \u015fans\u0131n\u0131z\u0131 ka\u00e7\u0131rmay\u0131n!","breadcrumb":{"@id":"https:\/\/888starz.plus\/tr\/casino-welcome-package\/#breadcrumb"},"inLanguage":"tr","potentialAction":[{"@type":"ReadAction","target":["https:\/\/888starz.plus\/tr\/casino-welcome-package\/"]}]},{"@type":"BreadcrumbList","@id":"https:\/\/888starz.plus\/tr\/casino-welcome-package\/#breadcrumb","itemListElement":[{"@type":"ListItem","position":1,"name":"Bonus","item":"https:\/\/888starz.plus\/tr\/bonus\/"},{"@type":"ListItem","position":2,"name":"Casino Ho\u015f Geldiniz Paketi"}]},{"@type":"WebSite","@id":"https:\/\/888starz.plus\/tr\/#website","url":"https:\/\/888starz.plus\/tr\/","name":"888starz tr","description":"My WordPress Blog","potentialAction":[{"@type":"SearchAction","target":{"@type":"EntryPoint","urlTemplate":"https:\/\/888starz.plus\/tr\/?s={search_term_string}"},"query-input":{"@type":"PropertyValueSpecification","valueRequired":true,"valueName":"search_term_string"}}],"inLanguage":"tr"}]}},"_links":{"self":[{"href":"https:\/\/888starz.plus\/tr\/wp-json\/wp\/v2\/pages\/869","targetHints":{"allow":["GET"]}}],"collection":[{"href":"https:\/\/888starz.plus\/tr\/wp-json\/wp\/v2\/pages"}],"about":[{"href":"https:\/\/888starz.plus\/tr\/wp-json\/wp\/v2\/types\/page"}],"author":[{"embeddable":true,"href":"https:\/\/888starz.plus\/tr\/wp-json\/wp\/v2\/users\/1"}],"replies":[{"embeddable":true,"href":"https:\/\/888starz.plus\/tr\/wp-json\/wp\/v2\/comments?post=869"}],"version-history":[{"count":4,"href":"https:\/\/888starz.plus\/tr\/wp-json\/wp\/v2\/pages\/869\/revisions"}],"predecessor-version":[{"id":960,"href":"https:\/\/888starz.plus\/tr\/wp-json\/wp\/v2\/pages\/869\/revisions\/960"}],"up":[{"embeddable":true,"href":"https:\/\/888starz.plus\/tr\/wp-json\/wp\/v2\/pages\/430"}],"wp:attachment":[{"href":"https:\/\/888starz.plus\/tr\/wp-json\/wp\/v2\/media?parent=869"}],"curies":[{"name":"wp","href":"https:\/\/api.w.org\/{rel}","templated":true}]}}