{"id":732,"date":"2024-09-03T09:59:34","date_gmt":"2024-09-03T09:59:34","guid":{"rendered":"https:\/\/888starz.plus\/?page_id=732"},"modified":"2025-01-13T08:23:50","modified_gmt":"2025-01-13T08:23:50","slug":"apk","status":"publish","type":"page","link":"https:\/\/888starz.plus\/tr\/apk\/","title":{"rendered":"Apk"},"content":{"rendered":"","protected":false},"excerpt":{"rendered":"","protected":false},"author":1,"featured_media":0,"parent":0,"menu_order":0,"comment_status":"closed","ping_status":"closed","template":"","meta":{"inline_featured_image":false,"footnotes":""},"class_list":["post-732","page","type-page","status-publish","hentry"],"yoast_head":"<!-- This site is optimized with the Yoast SEO plugin v25.6 - https:\/\/yoast.com\/wordpress\/plugins\/seo\/ -->\n<title>Android i\u00e7in 888starz APK&#039;s\u0131n\u0131 indirin | Resmi 888Starz Sitesi<\/title>\n<meta name=\"description\" content=\"888Starz Apk, ak\u0131ll\u0131 telefon kullan\u0131c\u0131lar\u0131 i\u00e7in \u00e7ok uygun bir mobil s\u00fcr\u00fcmd\u00fcr. Android ve IOS cihazlar i\u00e7in 888starz Apk&#039;\u0131 \u00fccretsiz indirin.\" \/>\n<meta name=\"robots\" content=\"index, follow, max-snippet:-1, max-image-preview:large, max-video-preview:-1\" \/>\n<meta property=\"og:locale\" content=\"tr_TR\" \/>\n<meta property=\"og:type\" content=\"article\" \/>\n<meta property=\"og:title\" content=\"Android i\u00e7in 888starz APK&#039;s\u0131n\u0131 indirin | Resmi 888Starz Sitesi\" \/>\n<meta property=\"og:description\" content=\"888Starz Apk, ak\u0131ll\u0131 telefon kullan\u0131c\u0131lar\u0131 i\u00e7in \u00e7ok uygun bir mobil s\u00fcr\u00fcmd\u00fcr. Android ve IOS cihazlar i\u00e7in 888starz Apk&#039;\u0131 \u00fccretsiz indirin.\" \/>\n<meta property=\"og:url\" content=\"https:\/\/888starz.plus\/tr\/apk\/\" \/>\n<meta property=\"og:site_name\" content=\"888starz tr\" \/>\n<meta property=\"article:modified_time\" content=\"2025-01-13T08:23:50+00:00\" \/>\n<meta name=\"twitter:card\" content=\"summary_large_image\" \/>\n<script type=\"application\/ld+json\" class=\"yoast-schema-graph\">{\"@context\":\"https:\/\/schema.org\",\"@graph\":[{\"@type\":\"WebPage\",\"@id\":\"https:\/\/888starz.plus\/tr\/apk\/\",\"url\":\"https:\/\/888starz.plus\/tr\/apk\/\",\"name\":\"Android i\u00e7in 888starz APK's\u0131n\u0131 indirin | Resmi 888Starz Sitesi\",\"isPartOf\":{\"@id\":\"https:\/\/888starz.plus\/tr\/#website\"},\"datePublished\":\"2024-09-03T09:59:34+00:00\",\"dateModified\":\"2025-01-13T08:23:50+00:00\",\"description\":\"888Starz Apk, ak\u0131ll\u0131 telefon kullan\u0131c\u0131lar\u0131 i\u00e7in \u00e7ok uygun bir mobil s\u00fcr\u00fcmd\u00fcr. Android ve IOS cihazlar i\u00e7in 888starz Apk'\u0131 \u00fccretsiz indirin.\",\"inLanguage\":\"tr\",\"potentialAction\":[{\"@type\":\"ReadAction\",\"target\":[\"https:\/\/888starz.plus\/tr\/apk\/\"]}]},{\"@type\":\"WebSite\",\"@id\":\"https:\/\/888starz.plus\/tr\/#website\",\"url\":\"https:\/\/888starz.plus\/tr\/\",\"name\":\"888starz tr\",\"description\":\"My WordPress Blog\",\"potentialAction\":[{\"@type\":\"SearchAction\",\"target\":{\"@type\":\"EntryPoint\",\"urlTemplate\":\"https:\/\/888starz.plus\/tr\/?s={search_term_string}\"},\"query-input\":{\"@type\":\"PropertyValueSpecification\",\"valueRequired\":true,\"valueName\":\"search_term_string\"}}],\"inLanguage\":\"tr\"}]}<\/script>\n<!-- \/ Yoast SEO plugin. -->","yoast_head_json":{"title":"Android i\u00e7in 888starz APK's\u0131n\u0131 indirin | Resmi 888Starz Sitesi","description":"888Starz Apk, ak\u0131ll\u0131 telefon kullan\u0131c\u0131lar\u0131 i\u00e7in \u00e7ok uygun bir mobil s\u00fcr\u00fcmd\u00fcr. Android ve IOS cihazlar i\u00e7in 888starz Apk'\u0131 \u00fccretsiz indirin.","robots":{"index":"index","follow":"follow","max-snippet":"max-snippet:-1","max-image-preview":"max-image-preview:large","max-video-preview":"max-video-preview:-1"},"og_locale":"tr_TR","og_type":"article","og_title":"Android i\u00e7in 888starz APK's\u0131n\u0131 indirin | Resmi 888Starz Sitesi","og_description":"888Starz Apk, ak\u0131ll\u0131 telefon kullan\u0131c\u0131lar\u0131 i\u00e7in \u00e7ok uygun bir mobil s\u00fcr\u00fcmd\u00fcr. Android ve IOS cihazlar i\u00e7in 888starz Apk'\u0131 \u00fccretsiz indirin.","og_url":"https:\/\/888starz.plus\/tr\/apk\/","og_site_name":"888starz tr","article_modified_time":"2025-01-13T08:23:50+00:00","twitter_card":"summary_large_image","schema":{"@context":"https:\/\/schema.org","@graph":[{"@type":"WebPage","@id":"https:\/\/888starz.plus\/tr\/apk\/","url":"https:\/\/888starz.plus\/tr\/apk\/","name":"Android i\u00e7in 888starz APK's\u0131n\u0131 indirin | Resmi 888Starz Sitesi","isPartOf":{"@id":"https:\/\/888starz.plus\/tr\/#website"},"datePublished":"2024-09-03T09:59:34+00:00","dateModified":"2025-01-13T08:23:50+00:00","description":"888Starz Apk, ak\u0131ll\u0131 telefon kullan\u0131c\u0131lar\u0131 i\u00e7in \u00e7ok uygun bir mobil s\u00fcr\u00fcmd\u00fcr. Android ve IOS cihazlar i\u00e7in 888starz Apk'\u0131 \u00fccretsiz indirin.","inLanguage":"tr","potentialAction":[{"@type":"ReadAction","target":["https:\/\/888starz.plus\/tr\/apk\/"]}]},{"@type":"WebSite","@id":"https:\/\/888starz.plus\/tr\/#website","url":"https:\/\/888starz.plus\/tr\/","name":"888starz tr","description":"My WordPress Blog","potentialAction":[{"@type":"SearchAction","target":{"@type":"EntryPoint","urlTemplate":"https:\/\/888starz.plus\/tr\/?s={search_term_string}"},"query-input":{"@type":"PropertyValueSpecification","valueRequired":true,"valueName":"search_term_string"}}],"inLanguage":"tr"}]}},"_links":{"self":[{"href":"https:\/\/888starz.plus\/tr\/wp-json\/wp\/v2\/pages\/732","targetHints":{"allow":["GET"]}}],"collection":[{"href":"https:\/\/888starz.plus\/tr\/wp-json\/wp\/v2\/pages"}],"about":[{"href":"https:\/\/888starz.plus\/tr\/wp-json\/wp\/v2\/types\/page"}],"author":[{"embeddable":true,"href":"https:\/\/888starz.plus\/tr\/wp-json\/wp\/v2\/users\/1"}],"replies":[{"embeddable":true,"href":"https:\/\/888starz.plus\/tr\/wp-json\/wp\/v2\/comments?post=732"}],"version-history":[{"count":0,"href":"https:\/\/888starz.plus\/tr\/wp-json\/wp\/v2\/pages\/732\/revisions"}],"wp:attachment":[{"href":"https:\/\/888starz.plus\/tr\/wp-json\/wp\/v2\/media?parent=732"}],"curies":[{"name":"wp","href":"https:\/\/api.w.org\/{rel}","templated":true}]}}