{"id":404,"date":"2024-07-12T15:36:03","date_gmt":"2024-07-12T15:36:03","guid":{"rendered":"https:\/\/888starz.plus\/tr\/?page_id=404"},"modified":"2024-07-12T15:44:55","modified_gmt":"2024-07-12T15:44:55","slug":"login","status":"publish","type":"page","link":"https:\/\/888starz.plus\/tr\/login\/","title":{"rendered":"Giri\u015f"},"content":{"rendered":"","protected":false},"excerpt":{"rendered":"","protected":false},"author":1,"featured_media":0,"parent":0,"menu_order":0,"comment_status":"closed","ping_status":"closed","template":"","meta":{"inline_featured_image":false,"footnotes":""},"class_list":["post-404","page","type-page","status-publish","hentry"],"yoast_head":"<!-- This site is optimized with the Yoast SEO plugin v25.6 - https:\/\/yoast.com\/wordpress\/plugins\/seo\/ -->\n<title>888Starz Giri\u015f \ud83d\udd34 Nas\u0131l Giri\u015f Yap\u0131l\u0131r Rehberi<\/title>\n<meta name=\"description\" content=\"E-posta ve \u015fifreyi kullanarak 888Starz hesab\u0131n\u0131za giri\u015f yap\u0131n - Resmi web sitesine eri\u015fim - 888Starz online bahis platformunda t\u00fcm spor dallar\u0131na bahis oynay\u0131n\" \/>\n<meta name=\"robots\" content=\"index, follow, max-snippet:-1, max-image-preview:large, max-video-preview:-1\" \/>\n<meta property=\"og:locale\" content=\"tr_TR\" \/>\n<meta property=\"og:type\" content=\"article\" \/>\n<meta property=\"og:title\" content=\"888Starz Giri\u015f \ud83d\udd34 Nas\u0131l Giri\u015f Yap\u0131l\u0131r Rehberi\" \/>\n<meta property=\"og:description\" content=\"E-posta ve \u015fifreyi kullanarak 888Starz hesab\u0131n\u0131za giri\u015f yap\u0131n - Resmi web sitesine eri\u015fim - 888Starz online bahis platformunda t\u00fcm spor dallar\u0131na bahis oynay\u0131n\" \/>\n<meta property=\"og:url\" content=\"https:\/\/888starz.plus\/tr\/login\/\" \/>\n<meta property=\"og:site_name\" content=\"888starz tr\" \/>\n<meta property=\"article:modified_time\" content=\"2024-07-12T15:44:55+00:00\" \/>\n<meta name=\"twitter:card\" content=\"summary_large_image\" \/>\n<script type=\"application\/ld+json\" class=\"yoast-schema-graph\">{\"@context\":\"https:\/\/schema.org\",\"@graph\":[{\"@type\":\"WebPage\",\"@id\":\"https:\/\/888starz.plus\/tr\/login\/\",\"url\":\"https:\/\/888starz.plus\/tr\/login\/\",\"name\":\"888Starz Giri\u015f \ud83d\udd34 Nas\u0131l Giri\u015f Yap\u0131l\u0131r Rehberi\",\"isPartOf\":{\"@id\":\"https:\/\/888starz.plus\/tr\/#website\"},\"datePublished\":\"2024-07-12T15:36:03+00:00\",\"dateModified\":\"2024-07-12T15:44:55+00:00\",\"description\":\"E-posta ve \u015fifreyi kullanarak 888Starz hesab\u0131n\u0131za giri\u015f yap\u0131n - Resmi web sitesine eri\u015fim - 888Starz online bahis platformunda t\u00fcm spor dallar\u0131na bahis oynay\u0131n\",\"inLanguage\":\"tr\",\"potentialAction\":[{\"@type\":\"ReadAction\",\"target\":[\"https:\/\/888starz.plus\/tr\/login\/\"]}]},{\"@type\":\"WebSite\",\"@id\":\"https:\/\/888starz.plus\/tr\/#website\",\"url\":\"https:\/\/888starz.plus\/tr\/\",\"name\":\"888starz tr\",\"description\":\"My WordPress Blog\",\"potentialAction\":[{\"@type\":\"SearchAction\",\"target\":{\"@type\":\"EntryPoint\",\"urlTemplate\":\"https:\/\/888starz.plus\/tr\/?s={search_term_string}\"},\"query-input\":{\"@type\":\"PropertyValueSpecification\",\"valueRequired\":true,\"valueName\":\"search_term_string\"}}],\"inLanguage\":\"tr\"}]}<\/script>\n<!-- \/ Yoast SEO plugin. -->","yoast_head_json":{"title":"888Starz Giri\u015f \ud83d\udd34 Nas\u0131l Giri\u015f Yap\u0131l\u0131r Rehberi","description":"E-posta ve \u015fifreyi kullanarak 888Starz hesab\u0131n\u0131za giri\u015f yap\u0131n - Resmi web sitesine eri\u015fim - 888Starz online bahis platformunda t\u00fcm spor dallar\u0131na bahis oynay\u0131n","robots":{"index":"index","follow":"follow","max-snippet":"max-snippet:-1","max-image-preview":"max-image-preview:large","max-video-preview":"max-video-preview:-1"},"og_locale":"tr_TR","og_type":"article","og_title":"888Starz Giri\u015f \ud83d\udd34 Nas\u0131l Giri\u015f Yap\u0131l\u0131r Rehberi","og_description":"E-posta ve \u015fifreyi kullanarak 888Starz hesab\u0131n\u0131za giri\u015f yap\u0131n - Resmi web sitesine eri\u015fim - 888Starz online bahis platformunda t\u00fcm spor dallar\u0131na bahis oynay\u0131n","og_url":"https:\/\/888starz.plus\/tr\/login\/","og_site_name":"888starz tr","article_modified_time":"2024-07-12T15:44:55+00:00","twitter_card":"summary_large_image","schema":{"@context":"https:\/\/schema.org","@graph":[{"@type":"WebPage","@id":"https:\/\/888starz.plus\/tr\/login\/","url":"https:\/\/888starz.plus\/tr\/login\/","name":"888Starz Giri\u015f \ud83d\udd34 Nas\u0131l Giri\u015f Yap\u0131l\u0131r Rehberi","isPartOf":{"@id":"https:\/\/888starz.plus\/tr\/#website"},"datePublished":"2024-07-12T15:36:03+00:00","dateModified":"2024-07-12T15:44:55+00:00","description":"E-posta ve \u015fifreyi kullanarak 888Starz hesab\u0131n\u0131za giri\u015f yap\u0131n - Resmi web sitesine eri\u015fim - 888Starz online bahis platformunda t\u00fcm spor dallar\u0131na bahis oynay\u0131n","inLanguage":"tr","potentialAction":[{"@type":"ReadAction","target":["https:\/\/888starz.plus\/tr\/login\/"]}]},{"@type":"WebSite","@id":"https:\/\/888starz.plus\/tr\/#website","url":"https:\/\/888starz.plus\/tr\/","name":"888starz tr","description":"My WordPress Blog","potentialAction":[{"@type":"SearchAction","target":{"@type":"EntryPoint","urlTemplate":"https:\/\/888starz.plus\/tr\/?s={search_term_string}"},"query-input":{"@type":"PropertyValueSpecification","valueRequired":true,"valueName":"search_term_string"}}],"inLanguage":"tr"}]}},"_links":{"self":[{"href":"https:\/\/888starz.plus\/tr\/wp-json\/wp\/v2\/pages\/404","targetHints":{"allow":["GET"]}}],"collection":[{"href":"https:\/\/888starz.plus\/tr\/wp-json\/wp\/v2\/pages"}],"about":[{"href":"https:\/\/888starz.plus\/tr\/wp-json\/wp\/v2\/types\/page"}],"author":[{"embeddable":true,"href":"https:\/\/888starz.plus\/tr\/wp-json\/wp\/v2\/users\/1"}],"replies":[{"embeddable":true,"href":"https:\/\/888starz.plus\/tr\/wp-json\/wp\/v2\/comments?post=404"}],"version-history":[{"count":0,"href":"https:\/\/888starz.plus\/tr\/wp-json\/wp\/v2\/pages\/404\/revisions"}],"wp:attachment":[{"href":"https:\/\/888starz.plus\/tr\/wp-json\/wp\/v2\/media?parent=404"}],"curies":[{"name":"wp","href":"https:\/\/api.w.org\/{rel}","templated":true}]}}