{"id":398,"date":"2024-07-12T14:30:46","date_gmt":"2024-07-12T14:30:46","guid":{"rendered":"https:\/\/888starz.plus\/tr\/?page_id=398"},"modified":"2024-07-12T14:30:46","modified_gmt":"2024-07-12T14:30:46","slug":"casino","status":"publish","type":"page","link":"https:\/\/888starz.plus\/tr\/casino\/","title":{"rendered":"Kumarhane"},"content":{"rendered":"","protected":false},"excerpt":{"rendered":"","protected":false},"author":1,"featured_media":0,"parent":0,"menu_order":0,"comment_status":"closed","ping_status":"closed","template":"","meta":{"inline_featured_image":false,"footnotes":""},"class_list":["post-398","page","type-page","status-publish","hentry"],"yoast_head":"<!-- This site is optimized with the Yoast SEO plugin v25.6 - https:\/\/yoast.com\/wordpress\/plugins\/seo\/ -->\n<title>888Starz T\u00fcrkiye Online Casino \u2b50 Ho\u015fgeldin Bonusu<\/title>\n<meta name=\"description\" content=\"\u00c7ok \u00e7e\u015fitli casino oyunlar\u0131n\u0131n ve slotlar\u0131n sizi bekledi\u011fi 888Starz online casinoyu ke\u015ffedin. Ho\u015f geldin bonusunuzu \u015fimdi al\u0131n!\" \/>\n<meta name=\"robots\" content=\"index, follow, max-snippet:-1, max-image-preview:large, max-video-preview:-1\" \/>\n<meta property=\"og:locale\" content=\"tr_TR\" \/>\n<meta property=\"og:type\" content=\"article\" \/>\n<meta property=\"og:title\" content=\"888Starz T\u00fcrkiye Online Casino \u2b50 Ho\u015fgeldin Bonusu\" \/>\n<meta property=\"og:description\" content=\"\u00c7ok \u00e7e\u015fitli casino oyunlar\u0131n\u0131n ve slotlar\u0131n sizi bekledi\u011fi 888Starz online casinoyu ke\u015ffedin. Ho\u015f geldin bonusunuzu \u015fimdi al\u0131n!\" \/>\n<meta property=\"og:url\" content=\"https:\/\/888starz.plus\/tr\/casino\/\" \/>\n<meta property=\"og:site_name\" content=\"888starz tr\" \/>\n<meta name=\"twitter:card\" content=\"summary_large_image\" \/>\n<script type=\"application\/ld+json\" class=\"yoast-schema-graph\">{\"@context\":\"https:\/\/schema.org\",\"@graph\":[{\"@type\":\"WebPage\",\"@id\":\"https:\/\/888starz.plus\/tr\/casino\/\",\"url\":\"https:\/\/888starz.plus\/tr\/casino\/\",\"name\":\"888Starz T\u00fcrkiye Online Casino \u2b50 Ho\u015fgeldin Bonusu\",\"isPartOf\":{\"@id\":\"https:\/\/888starz.plus\/tr\/#website\"},\"datePublished\":\"2024-07-12T14:30:46+00:00\",\"description\":\"\u00c7ok \u00e7e\u015fitli casino oyunlar\u0131n\u0131n ve slotlar\u0131n sizi bekledi\u011fi 888Starz online casinoyu ke\u015ffedin. Ho\u015f geldin bonusunuzu \u015fimdi al\u0131n!\",\"inLanguage\":\"tr\",\"potentialAction\":[{\"@type\":\"ReadAction\",\"target\":[\"https:\/\/888starz.plus\/tr\/casino\/\"]}]},{\"@type\":\"WebSite\",\"@id\":\"https:\/\/888starz.plus\/tr\/#website\",\"url\":\"https:\/\/888starz.plus\/tr\/\",\"name\":\"888starz tr\",\"description\":\"My WordPress Blog\",\"potentialAction\":[{\"@type\":\"SearchAction\",\"target\":{\"@type\":\"EntryPoint\",\"urlTemplate\":\"https:\/\/888starz.plus\/tr\/?s={search_term_string}\"},\"query-input\":{\"@type\":\"PropertyValueSpecification\",\"valueRequired\":true,\"valueName\":\"search_term_string\"}}],\"inLanguage\":\"tr\"}]}<\/script>\n<!-- \/ Yoast SEO plugin. -->","yoast_head_json":{"title":"888Starz T\u00fcrkiye Online Casino \u2b50 Ho\u015fgeldin Bonusu","description":"\u00c7ok \u00e7e\u015fitli casino oyunlar\u0131n\u0131n ve slotlar\u0131n sizi bekledi\u011fi 888Starz online casinoyu ke\u015ffedin. Ho\u015f geldin bonusunuzu \u015fimdi al\u0131n!","robots":{"index":"index","follow":"follow","max-snippet":"max-snippet:-1","max-image-preview":"max-image-preview:large","max-video-preview":"max-video-preview:-1"},"og_locale":"tr_TR","og_type":"article","og_title":"888Starz T\u00fcrkiye Online Casino \u2b50 Ho\u015fgeldin Bonusu","og_description":"\u00c7ok \u00e7e\u015fitli casino oyunlar\u0131n\u0131n ve slotlar\u0131n sizi bekledi\u011fi 888Starz online casinoyu ke\u015ffedin. Ho\u015f geldin bonusunuzu \u015fimdi al\u0131n!","og_url":"https:\/\/888starz.plus\/tr\/casino\/","og_site_name":"888starz tr","twitter_card":"summary_large_image","schema":{"@context":"https:\/\/schema.org","@graph":[{"@type":"WebPage","@id":"https:\/\/888starz.plus\/tr\/casino\/","url":"https:\/\/888starz.plus\/tr\/casino\/","name":"888Starz T\u00fcrkiye Online Casino \u2b50 Ho\u015fgeldin Bonusu","isPartOf":{"@id":"https:\/\/888starz.plus\/tr\/#website"},"datePublished":"2024-07-12T14:30:46+00:00","description":"\u00c7ok \u00e7e\u015fitli casino oyunlar\u0131n\u0131n ve slotlar\u0131n sizi bekledi\u011fi 888Starz online casinoyu ke\u015ffedin. Ho\u015f geldin bonusunuzu \u015fimdi al\u0131n!","inLanguage":"tr","potentialAction":[{"@type":"ReadAction","target":["https:\/\/888starz.plus\/tr\/casino\/"]}]},{"@type":"WebSite","@id":"https:\/\/888starz.plus\/tr\/#website","url":"https:\/\/888starz.plus\/tr\/","name":"888starz tr","description":"My WordPress Blog","potentialAction":[{"@type":"SearchAction","target":{"@type":"EntryPoint","urlTemplate":"https:\/\/888starz.plus\/tr\/?s={search_term_string}"},"query-input":{"@type":"PropertyValueSpecification","valueRequired":true,"valueName":"search_term_string"}}],"inLanguage":"tr"}]}},"_links":{"self":[{"href":"https:\/\/888starz.plus\/tr\/wp-json\/wp\/v2\/pages\/398","targetHints":{"allow":["GET"]}}],"collection":[{"href":"https:\/\/888starz.plus\/tr\/wp-json\/wp\/v2\/pages"}],"about":[{"href":"https:\/\/888starz.plus\/tr\/wp-json\/wp\/v2\/types\/page"}],"author":[{"embeddable":true,"href":"https:\/\/888starz.plus\/tr\/wp-json\/wp\/v2\/users\/1"}],"replies":[{"embeddable":true,"href":"https:\/\/888starz.plus\/tr\/wp-json\/wp\/v2\/comments?post=398"}],"version-history":[{"count":0,"href":"https:\/\/888starz.plus\/tr\/wp-json\/wp\/v2\/pages\/398\/revisions"}],"wp:attachment":[{"href":"https:\/\/888starz.plus\/tr\/wp-json\/wp\/v2\/media?parent=398"}],"curies":[{"name":"wp","href":"https:\/\/api.w.org\/{rel}","templated":true}]}}