{"id":2,"date":"2023-05-18T17:18:34","date_gmt":"2023-05-18T17:18:34","guid":{"rendered":"https:\/\/888starz.plus\/tr\/?page_id=2"},"modified":"2025-12-14T13:45:21","modified_gmt":"2025-12-14T13:45:21","slug":"sample-page","status":"publish","type":"page","link":"https:\/\/888starz.plus\/tr\/","title":{"rendered":"Ana sayfa"},"content":{"rendered":"","protected":false},"excerpt":{"rendered":"","protected":false},"author":1,"featured_media":0,"parent":0,"menu_order":0,"comment_status":"closed","ping_status":"open","template":"","meta":{"inline_featured_image":false,"footnotes":""},"class_list":["post-2","page","type-page","status-publish","hentry"],"yoast_head":"<!-- This site is optimized with the Yoast SEO plugin v25.6 - https:\/\/yoast.com\/wordpress\/plugins\/seo\/ -->\n<title>888Starz T\u00fcrkiye Online \u2b55 Spor Bahisleri ve Casino<\/title>\n<meta name=\"description\" content=\"888Starz&#039;\u0131n resmi web sitesi \u2b50 888starz&#039;da casino oyunlar\u0131 ve spor bahisleri hakk\u0131nda her \u015feyi \u00f6\u011frenin. Kripto para biriminde Spor Bahisleri i\u00e7in Bonuslar\u0131n ve Y\u00fcksek Oranlar\u0131n Keyfini \u00c7\u0131kar\u0131n\" \/>\n<meta name=\"robots\" content=\"index, follow, max-snippet:-1, max-image-preview:large, max-video-preview:-1\" \/>\n<meta property=\"og:locale\" content=\"tr_TR\" \/>\n<meta property=\"og:type\" content=\"article\" \/>\n<meta property=\"og:title\" content=\"888Starz T\u00fcrkiye Online \u2b55 Spor Bahisleri ve Casino\" \/>\n<meta property=\"og:description\" content=\"888Starz&#039;\u0131n resmi web sitesi \u2b50 888starz&#039;da casino oyunlar\u0131 ve spor bahisleri hakk\u0131nda her \u015feyi \u00f6\u011frenin. Kripto para biriminde Spor Bahisleri i\u00e7in Bonuslar\u0131n ve Y\u00fcksek Oranlar\u0131n Keyfini \u00c7\u0131kar\u0131n\" \/>\n<meta property=\"og:url\" content=\"https:\/\/888starz.plus\/tr\/\" \/>\n<meta property=\"og:site_name\" content=\"888starz tr\" \/>\n<meta property=\"article:modified_time\" content=\"2025-12-14T13:45:21+00:00\" \/>\n<meta name=\"twitter:card\" content=\"summary_large_image\" \/>\n<script type=\"application\/ld+json\" class=\"yoast-schema-graph\">{\"@context\":\"https:\/\/schema.org\",\"@graph\":[{\"@type\":\"WebPage\",\"@id\":\"https:\/\/888starz.plus\/tr\/\",\"url\":\"https:\/\/888starz.plus\/tr\/\",\"name\":\"888Starz T\u00fcrkiye Online \u2b55 Spor Bahisleri ve Casino\",\"isPartOf\":{\"@id\":\"https:\/\/888starz.plus\/tr\/#website\"},\"datePublished\":\"2023-05-18T17:18:34+00:00\",\"dateModified\":\"2025-12-14T13:45:21+00:00\",\"description\":\"888Starz'\u0131n resmi web sitesi \u2b50 888starz'da casino oyunlar\u0131 ve spor bahisleri hakk\u0131nda her \u015feyi \u00f6\u011frenin. Kripto para biriminde Spor Bahisleri i\u00e7in Bonuslar\u0131n ve Y\u00fcksek Oranlar\u0131n Keyfini \u00c7\u0131kar\u0131n\",\"inLanguage\":\"tr\",\"potentialAction\":[{\"@type\":\"ReadAction\",\"target\":[\"https:\/\/888starz.plus\/tr\/\"]}]},{\"@type\":\"WebSite\",\"@id\":\"https:\/\/888starz.plus\/tr\/#website\",\"url\":\"https:\/\/888starz.plus\/tr\/\",\"name\":\"888starz tr\",\"description\":\"My WordPress Blog\",\"potentialAction\":[{\"@type\":\"SearchAction\",\"target\":{\"@type\":\"EntryPoint\",\"urlTemplate\":\"https:\/\/888starz.plus\/tr\/?s={search_term_string}\"},\"query-input\":{\"@type\":\"PropertyValueSpecification\",\"valueRequired\":true,\"valueName\":\"search_term_string\"}}],\"inLanguage\":\"tr\"}]}<\/script>\n<!-- \/ Yoast SEO plugin. -->","yoast_head_json":{"title":"888Starz T\u00fcrkiye Online \u2b55 Spor Bahisleri ve Casino","description":"888Starz'\u0131n resmi web sitesi \u2b50 888starz'da casino oyunlar\u0131 ve spor bahisleri hakk\u0131nda her \u015feyi \u00f6\u011frenin. Kripto para biriminde Spor Bahisleri i\u00e7in Bonuslar\u0131n ve Y\u00fcksek Oranlar\u0131n Keyfini \u00c7\u0131kar\u0131n","robots":{"index":"index","follow":"follow","max-snippet":"max-snippet:-1","max-image-preview":"max-image-preview:large","max-video-preview":"max-video-preview:-1"},"og_locale":"tr_TR","og_type":"article","og_title":"888Starz T\u00fcrkiye Online \u2b55 Spor Bahisleri ve Casino","og_description":"888Starz'\u0131n resmi web sitesi \u2b50 888starz'da casino oyunlar\u0131 ve spor bahisleri hakk\u0131nda her \u015feyi \u00f6\u011frenin. Kripto para biriminde Spor Bahisleri i\u00e7in Bonuslar\u0131n ve Y\u00fcksek Oranlar\u0131n Keyfini \u00c7\u0131kar\u0131n","og_url":"https:\/\/888starz.plus\/tr\/","og_site_name":"888starz tr","article_modified_time":"2025-12-14T13:45:21+00:00","twitter_card":"summary_large_image","schema":{"@context":"https:\/\/schema.org","@graph":[{"@type":"WebPage","@id":"https:\/\/888starz.plus\/tr\/","url":"https:\/\/888starz.plus\/tr\/","name":"888Starz T\u00fcrkiye Online \u2b55 Spor Bahisleri ve Casino","isPartOf":{"@id":"https:\/\/888starz.plus\/tr\/#website"},"datePublished":"2023-05-18T17:18:34+00:00","dateModified":"2025-12-14T13:45:21+00:00","description":"888Starz'\u0131n resmi web sitesi \u2b50 888starz'da casino oyunlar\u0131 ve spor bahisleri hakk\u0131nda her \u015feyi \u00f6\u011frenin. Kripto para biriminde Spor Bahisleri i\u00e7in Bonuslar\u0131n ve Y\u00fcksek Oranlar\u0131n Keyfini \u00c7\u0131kar\u0131n","inLanguage":"tr","potentialAction":[{"@type":"ReadAction","target":["https:\/\/888starz.plus\/tr\/"]}]},{"@type":"WebSite","@id":"https:\/\/888starz.plus\/tr\/#website","url":"https:\/\/888starz.plus\/tr\/","name":"888starz tr","description":"My WordPress Blog","potentialAction":[{"@type":"SearchAction","target":{"@type":"EntryPoint","urlTemplate":"https:\/\/888starz.plus\/tr\/?s={search_term_string}"},"query-input":{"@type":"PropertyValueSpecification","valueRequired":true,"valueName":"search_term_string"}}],"inLanguage":"tr"}]}},"_links":{"self":[{"href":"https:\/\/888starz.plus\/tr\/wp-json\/wp\/v2\/pages\/2","targetHints":{"allow":["GET"]}}],"collection":[{"href":"https:\/\/888starz.plus\/tr\/wp-json\/wp\/v2\/pages"}],"about":[{"href":"https:\/\/888starz.plus\/tr\/wp-json\/wp\/v2\/types\/page"}],"author":[{"embeddable":true,"href":"https:\/\/888starz.plus\/tr\/wp-json\/wp\/v2\/users\/1"}],"replies":[{"embeddable":true,"href":"https:\/\/888starz.plus\/tr\/wp-json\/wp\/v2\/comments?post=2"}],"version-history":[{"count":5,"href":"https:\/\/888starz.plus\/tr\/wp-json\/wp\/v2\/pages\/2\/revisions"}],"predecessor-version":[{"id":970,"href":"https:\/\/888starz.plus\/tr\/wp-json\/wp\/v2\/pages\/2\/revisions\/970"}],"wp:attachment":[{"href":"https:\/\/888starz.plus\/tr\/wp-json\/wp\/v2\/media?parent=2"}],"curies":[{"name":"wp","href":"https:\/\/api.w.org\/{rel}","templated":true}]}}