{"id":637,"date":"2024-06-25T06:07:05","date_gmt":"2024-06-25T06:07:05","guid":{"rendered":"https:\/\/888starz.plus\/sl\/?page_id=637"},"modified":"2025-01-15T11:49:31","modified_gmt":"2025-01-15T11:49:31","slug":"login","status":"publish","type":"page","link":"https:\/\/888starz.plus\/sl\/login\/","title":{"rendered":"Prijava"},"content":{"rendered":"","protected":false},"excerpt":{"rendered":"","protected":false},"author":1,"featured_media":0,"parent":0,"menu_order":0,"comment_status":"closed","ping_status":"closed","template":"","meta":{"inline_featured_image":false,"footnotes":""},"class_list":["post-637","page","type-page","status-publish","hentry"],"yoast_head":"<!-- This site is optimized with the Yoast SEO plugin v25.6 - https:\/\/yoast.com\/wordpress\/plugins\/seo\/ -->\n<title>888Starz Prijava \ud83d\udd34 Vodnik, kako se prijaviti<\/title>\n<meta name=\"description\" content=\"Prijava v ra\u010dun 888Starz z uporabo e-po\u0161te in gesla - Dostop do uradne spletne strani - Vlaganje stav na vse \u0161porte na spletni stavni platformi 888Starz\" \/>\n<meta name=\"robots\" content=\"index, follow, max-snippet:-1, max-image-preview:large, max-video-preview:-1\" \/>\n<meta property=\"og:locale\" content=\"sl_SI\" \/>\n<meta property=\"og:type\" content=\"article\" \/>\n<meta property=\"og:title\" content=\"888Starz Prijava \ud83d\udd34 Vodnik, kako se prijaviti\" \/>\n<meta property=\"og:description\" content=\"Prijava v ra\u010dun 888Starz z uporabo e-po\u0161te in gesla - Dostop do uradne spletne strani - Vlaganje stav na vse \u0161porte na spletni stavni platformi 888Starz\" \/>\n<meta property=\"og:url\" content=\"https:\/\/888starz.plus\/sl\/login\/\" \/>\n<meta property=\"og:site_name\" content=\"888Starz sl\" \/>\n<meta property=\"article:modified_time\" content=\"2025-01-15T11:49:31+00:00\" \/>\n<meta name=\"twitter:card\" content=\"summary_large_image\" \/>\n<script type=\"application\/ld+json\" class=\"yoast-schema-graph\">{\"@context\":\"https:\/\/schema.org\",\"@graph\":[{\"@type\":\"WebPage\",\"@id\":\"https:\/\/888starz.plus\/sl\/login\/\",\"url\":\"https:\/\/888starz.plus\/sl\/login\/\",\"name\":\"888Starz Prijava \ud83d\udd34 Vodnik, kako se prijaviti\",\"isPartOf\":{\"@id\":\"https:\/\/888starz.plus\/sl\/#website\"},\"datePublished\":\"2024-06-25T06:07:05+00:00\",\"dateModified\":\"2025-01-15T11:49:31+00:00\",\"description\":\"Prijava v ra\u010dun 888Starz z uporabo e-po\u0161te in gesla - Dostop do uradne spletne strani - Vlaganje stav na vse \u0161porte na spletni stavni platformi 888Starz\",\"inLanguage\":\"sl-SI\",\"potentialAction\":[{\"@type\":\"ReadAction\",\"target\":[\"https:\/\/888starz.plus\/sl\/login\/\"]}]},{\"@type\":\"WebSite\",\"@id\":\"https:\/\/888starz.plus\/sl\/#website\",\"url\":\"https:\/\/888starz.plus\/sl\/\",\"name\":\"888Starz sl\",\"description\":\"My WordPress Blog\",\"potentialAction\":[{\"@type\":\"SearchAction\",\"target\":{\"@type\":\"EntryPoint\",\"urlTemplate\":\"https:\/\/888starz.plus\/sl\/?s={search_term_string}\"},\"query-input\":{\"@type\":\"PropertyValueSpecification\",\"valueRequired\":true,\"valueName\":\"search_term_string\"}}],\"inLanguage\":\"sl-SI\"}]}<\/script>\n<!-- \/ Yoast SEO plugin. -->","yoast_head_json":{"title":"888Starz Prijava \ud83d\udd34 Vodnik, kako se prijaviti","description":"Prijava v ra\u010dun 888Starz z uporabo e-po\u0161te in gesla - Dostop do uradne spletne strani - Vlaganje stav na vse \u0161porte na spletni stavni platformi 888Starz","robots":{"index":"index","follow":"follow","max-snippet":"max-snippet:-1","max-image-preview":"max-image-preview:large","max-video-preview":"max-video-preview:-1"},"og_locale":"sl_SI","og_type":"article","og_title":"888Starz Prijava \ud83d\udd34 Vodnik, kako se prijaviti","og_description":"Prijava v ra\u010dun 888Starz z uporabo e-po\u0161te in gesla - Dostop do uradne spletne strani - Vlaganje stav na vse \u0161porte na spletni stavni platformi 888Starz","og_url":"https:\/\/888starz.plus\/sl\/login\/","og_site_name":"888Starz sl","article_modified_time":"2025-01-15T11:49:31+00:00","twitter_card":"summary_large_image","schema":{"@context":"https:\/\/schema.org","@graph":[{"@type":"WebPage","@id":"https:\/\/888starz.plus\/sl\/login\/","url":"https:\/\/888starz.plus\/sl\/login\/","name":"888Starz Prijava \ud83d\udd34 Vodnik, kako se prijaviti","isPartOf":{"@id":"https:\/\/888starz.plus\/sl\/#website"},"datePublished":"2024-06-25T06:07:05+00:00","dateModified":"2025-01-15T11:49:31+00:00","description":"Prijava v ra\u010dun 888Starz z uporabo e-po\u0161te in gesla - Dostop do uradne spletne strani - Vlaganje stav na vse \u0161porte na spletni stavni platformi 888Starz","inLanguage":"sl-SI","potentialAction":[{"@type":"ReadAction","target":["https:\/\/888starz.plus\/sl\/login\/"]}]},{"@type":"WebSite","@id":"https:\/\/888starz.plus\/sl\/#website","url":"https:\/\/888starz.plus\/sl\/","name":"888Starz sl","description":"My WordPress Blog","potentialAction":[{"@type":"SearchAction","target":{"@type":"EntryPoint","urlTemplate":"https:\/\/888starz.plus\/sl\/?s={search_term_string}"},"query-input":{"@type":"PropertyValueSpecification","valueRequired":true,"valueName":"search_term_string"}}],"inLanguage":"sl-SI"}]}},"_links":{"self":[{"href":"https:\/\/888starz.plus\/sl\/wp-json\/wp\/v2\/pages\/637","targetHints":{"allow":["GET"]}}],"collection":[{"href":"https:\/\/888starz.plus\/sl\/wp-json\/wp\/v2\/pages"}],"about":[{"href":"https:\/\/888starz.plus\/sl\/wp-json\/wp\/v2\/types\/page"}],"author":[{"embeddable":true,"href":"https:\/\/888starz.plus\/sl\/wp-json\/wp\/v2\/users\/1"}],"replies":[{"embeddable":true,"href":"https:\/\/888starz.plus\/sl\/wp-json\/wp\/v2\/comments?post=637"}],"version-history":[{"count":1,"href":"https:\/\/888starz.plus\/sl\/wp-json\/wp\/v2\/pages\/637\/revisions"}],"predecessor-version":[{"id":825,"href":"https:\/\/888starz.plus\/sl\/wp-json\/wp\/v2\/pages\/637\/revisions\/825"}],"wp:attachment":[{"href":"https:\/\/888starz.plus\/sl\/wp-json\/wp\/v2\/media?parent=637"}],"curies":[{"name":"wp","href":"https:\/\/api.w.org\/{rel}","templated":true}]}}