{"id":268,"date":"2024-08-07T09:07:02","date_gmt":"2024-08-07T09:07:02","guid":{"rendered":"https:\/\/888starz.plus\/sl\/?page_id=268"},"modified":"2025-05-16T07:07:19","modified_gmt":"2025-05-16T07:07:19","slug":"app","status":"publish","type":"page","link":"https:\/\/888starz.plus\/sl\/app\/","title":{"rendered":"Aplikacija"},"content":{"rendered":"","protected":false},"excerpt":{"rendered":"","protected":false},"author":1,"featured_media":0,"parent":0,"menu_order":0,"comment_status":"closed","ping_status":"closed","template":"","meta":{"inline_featured_image":false,"footnotes":""},"class_list":["post-268","page","type-page","status-publish","hentry"],"yoast_head":"<!-- This site is optimized with the Yoast SEO plugin v25.6 - https:\/\/yoast.com\/wordpress\/plugins\/seo\/ -->\n<title>888Starz Prenos aplikacije \u2b50 Android in iOS brezpla\u010dno<\/title>\n<meta name=\"description\" content=\"Uradno aplikacijo 888Starz za iOS in Android si brezpla\u010dno prenesite leta 2025. 888Starz je uporabniku prijazna mobilna aplikacija, ki ponuja storitve igralnic in \u0161portnih stav.\" \/>\n<meta name=\"robots\" content=\"index, follow, max-snippet:-1, max-image-preview:large, max-video-preview:-1\" \/>\n<meta property=\"og:locale\" content=\"sl_SI\" \/>\n<meta property=\"og:type\" content=\"article\" \/>\n<meta property=\"og:title\" content=\"888Starz Prenos aplikacije \u2b50 Android in iOS brezpla\u010dno\" \/>\n<meta property=\"og:description\" content=\"Uradno aplikacijo 888Starz za iOS in Android si brezpla\u010dno prenesite leta 2025. 888Starz je uporabniku prijazna mobilna aplikacija, ki ponuja storitve igralnic in \u0161portnih stav.\" \/>\n<meta property=\"og:url\" content=\"https:\/\/888starz.plus\/sl\/app\/\" \/>\n<meta property=\"og:site_name\" content=\"888Starz sl\" \/>\n<meta property=\"article:modified_time\" content=\"2025-05-16T07:07:19+00:00\" \/>\n<meta name=\"twitter:card\" content=\"summary_large_image\" \/>\n<script type=\"application\/ld+json\" class=\"yoast-schema-graph\">{\"@context\":\"https:\/\/schema.org\",\"@graph\":[{\"@type\":\"WebPage\",\"@id\":\"https:\/\/888starz.plus\/sl\/app\/\",\"url\":\"https:\/\/888starz.plus\/sl\/app\/\",\"name\":\"888Starz Prenos aplikacije \u2b50 Android in iOS brezpla\u010dno\",\"isPartOf\":{\"@id\":\"https:\/\/888starz.plus\/sl\/#website\"},\"datePublished\":\"2024-08-07T09:07:02+00:00\",\"dateModified\":\"2025-05-16T07:07:19+00:00\",\"description\":\"Uradno aplikacijo 888Starz za iOS in Android si brezpla\u010dno prenesite leta 2025. 888Starz je uporabniku prijazna mobilna aplikacija, ki ponuja storitve igralnic in \u0161portnih stav.\",\"inLanguage\":\"sl-SI\",\"potentialAction\":[{\"@type\":\"ReadAction\",\"target\":[\"https:\/\/888starz.plus\/sl\/app\/\"]}]},{\"@type\":\"WebSite\",\"@id\":\"https:\/\/888starz.plus\/sl\/#website\",\"url\":\"https:\/\/888starz.plus\/sl\/\",\"name\":\"888Starz sl\",\"description\":\"My WordPress Blog\",\"potentialAction\":[{\"@type\":\"SearchAction\",\"target\":{\"@type\":\"EntryPoint\",\"urlTemplate\":\"https:\/\/888starz.plus\/sl\/?s={search_term_string}\"},\"query-input\":{\"@type\":\"PropertyValueSpecification\",\"valueRequired\":true,\"valueName\":\"search_term_string\"}}],\"inLanguage\":\"sl-SI\"}]}<\/script>\n<!-- \/ Yoast SEO plugin. -->","yoast_head_json":{"title":"888Starz Prenos aplikacije \u2b50 Android in iOS brezpla\u010dno","description":"Uradno aplikacijo 888Starz za iOS in Android si brezpla\u010dno prenesite leta 2025. 888Starz je uporabniku prijazna mobilna aplikacija, ki ponuja storitve igralnic in \u0161portnih stav.","robots":{"index":"index","follow":"follow","max-snippet":"max-snippet:-1","max-image-preview":"max-image-preview:large","max-video-preview":"max-video-preview:-1"},"og_locale":"sl_SI","og_type":"article","og_title":"888Starz Prenos aplikacije \u2b50 Android in iOS brezpla\u010dno","og_description":"Uradno aplikacijo 888Starz za iOS in Android si brezpla\u010dno prenesite leta 2025. 888Starz je uporabniku prijazna mobilna aplikacija, ki ponuja storitve igralnic in \u0161portnih stav.","og_url":"https:\/\/888starz.plus\/sl\/app\/","og_site_name":"888Starz sl","article_modified_time":"2025-05-16T07:07:19+00:00","twitter_card":"summary_large_image","schema":{"@context":"https:\/\/schema.org","@graph":[{"@type":"WebPage","@id":"https:\/\/888starz.plus\/sl\/app\/","url":"https:\/\/888starz.plus\/sl\/app\/","name":"888Starz Prenos aplikacije \u2b50 Android in iOS brezpla\u010dno","isPartOf":{"@id":"https:\/\/888starz.plus\/sl\/#website"},"datePublished":"2024-08-07T09:07:02+00:00","dateModified":"2025-05-16T07:07:19+00:00","description":"Uradno aplikacijo 888Starz za iOS in Android si brezpla\u010dno prenesite leta 2025. 888Starz je uporabniku prijazna mobilna aplikacija, ki ponuja storitve igralnic in \u0161portnih stav.","inLanguage":"sl-SI","potentialAction":[{"@type":"ReadAction","target":["https:\/\/888starz.plus\/sl\/app\/"]}]},{"@type":"WebSite","@id":"https:\/\/888starz.plus\/sl\/#website","url":"https:\/\/888starz.plus\/sl\/","name":"888Starz sl","description":"My WordPress Blog","potentialAction":[{"@type":"SearchAction","target":{"@type":"EntryPoint","urlTemplate":"https:\/\/888starz.plus\/sl\/?s={search_term_string}"},"query-input":{"@type":"PropertyValueSpecification","valueRequired":true,"valueName":"search_term_string"}}],"inLanguage":"sl-SI"}]}},"_links":{"self":[{"href":"https:\/\/888starz.plus\/sl\/wp-json\/wp\/v2\/pages\/268","targetHints":{"allow":["GET"]}}],"collection":[{"href":"https:\/\/888starz.plus\/sl\/wp-json\/wp\/v2\/pages"}],"about":[{"href":"https:\/\/888starz.plus\/sl\/wp-json\/wp\/v2\/types\/page"}],"author":[{"embeddable":true,"href":"https:\/\/888starz.plus\/sl\/wp-json\/wp\/v2\/users\/1"}],"replies":[{"embeddable":true,"href":"https:\/\/888starz.plus\/sl\/wp-json\/wp\/v2\/comments?post=268"}],"version-history":[{"count":2,"href":"https:\/\/888starz.plus\/sl\/wp-json\/wp\/v2\/pages\/268\/revisions"}],"predecessor-version":[{"id":842,"href":"https:\/\/888starz.plus\/sl\/wp-json\/wp\/v2\/pages\/268\/revisions\/842"}],"wp:attachment":[{"href":"https:\/\/888starz.plus\/sl\/wp-json\/wp\/v2\/media?parent=268"}],"curies":[{"name":"wp","href":"https:\/\/api.w.org\/{rel}","templated":true}]}}