{"id":896,"date":"2025-06-20T13:22:20","date_gmt":"2025-06-20T13:22:20","guid":{"rendered":"https:\/\/888starz.plus\/ro\/?page_id=896"},"modified":"2025-07-20T12:55:08","modified_gmt":"2025-07-20T12:55:08","slug":"sunday-boom","status":"publish","type":"page","link":"https:\/\/888starz.plus\/ro\/bonus\/sunday-boom\/","title":{"rendered":"Boom de duminic\u0103"},"content":{"rendered":"","protected":false},"excerpt":{"rendered":"","protected":false},"author":1,"featured_media":0,"parent":152,"menu_order":0,"comment_status":"closed","ping_status":"closed","template":"","meta":{"inline_featured_image":false,"footnotes":""},"class_list":["post-896","page","type-page","status-publish","hentry"],"yoast_head":"<!-- This site is optimized with the Yoast SEO plugin v25.6 - https:\/\/yoast.com\/wordpress\/plugins\/seo\/ -->\n<title>Duminica Boom 888Starz | Depuneri duble \u00een fiecare duminic\u0103!<\/title>\n<meta name=\"description\" content=\"Profit\u0103 de promo\u021bia noastr\u0103 888Starz Duminica Boom \u0219i dubleaz\u0103-\u021bi depozitul \u00een fiecare weekend! Joac\u0103 la aparatele tale preferate \u0219i prime\u0219te cadou p\u00e2n\u0103 la 1500 RON. Nu rata\u021bi \u0219ansa de a c\u00e2\u0219tiga mult!\" \/>\n<meta name=\"robots\" content=\"index, follow, max-snippet:-1, max-image-preview:large, max-video-preview:-1\" \/>\n<meta property=\"og:locale\" content=\"ro_RO\" \/>\n<meta property=\"og:type\" content=\"article\" \/>\n<meta property=\"og:title\" content=\"Duminica Boom 888Starz | Depuneri duble \u00een fiecare duminic\u0103!\" \/>\n<meta property=\"og:description\" content=\"Profit\u0103 de promo\u021bia noastr\u0103 888Starz Duminica Boom \u0219i dubleaz\u0103-\u021bi depozitul \u00een fiecare weekend! Joac\u0103 la aparatele tale preferate \u0219i prime\u0219te cadou p\u00e2n\u0103 la 1500 RON. Nu rata\u021bi \u0219ansa de a c\u00e2\u0219tiga mult!\" \/>\n<meta property=\"og:url\" content=\"https:\/\/888starz.plus\/ro\/bonus\/sunday-boom\/\" \/>\n<meta property=\"og:site_name\" content=\"888Starz ro\" \/>\n<meta property=\"article:modified_time\" content=\"2025-07-20T12:55:08+00:00\" \/>\n<meta name=\"twitter:card\" content=\"summary_large_image\" \/>\n<script type=\"application\/ld+json\" class=\"yoast-schema-graph\">{\"@context\":\"https:\/\/schema.org\",\"@graph\":[{\"@type\":\"WebPage\",\"@id\":\"https:\/\/888starz.plus\/ro\/bonus\/sunday-boom\/\",\"url\":\"https:\/\/888starz.plus\/ro\/bonus\/sunday-boom\/\",\"name\":\"Duminica Boom 888Starz | Depuneri duble \u00een fiecare duminic\u0103!\",\"isPartOf\":{\"@id\":\"https:\/\/888starz.plus\/ro\/#website\"},\"datePublished\":\"2025-06-20T13:22:20+00:00\",\"dateModified\":\"2025-07-20T12:55:08+00:00\",\"description\":\"Profit\u0103 de promo\u021bia noastr\u0103 888Starz Duminica Boom \u0219i dubleaz\u0103-\u021bi depozitul \u00een fiecare weekend! Joac\u0103 la aparatele tale preferate \u0219i prime\u0219te cadou p\u00e2n\u0103 la 1500 RON. Nu rata\u021bi \u0219ansa de a c\u00e2\u0219tiga mult!\",\"breadcrumb\":{\"@id\":\"https:\/\/888starz.plus\/ro\/bonus\/sunday-boom\/#breadcrumb\"},\"inLanguage\":\"ro-RO\",\"potentialAction\":[{\"@type\":\"ReadAction\",\"target\":[\"https:\/\/888starz.plus\/ro\/bonus\/sunday-boom\/\"]}]},{\"@type\":\"BreadcrumbList\",\"@id\":\"https:\/\/888starz.plus\/ro\/bonus\/sunday-boom\/#breadcrumb\",\"itemListElement\":[{\"@type\":\"ListItem\",\"position\":1,\"name\":\"Bonus\",\"item\":\"https:\/\/888starz.plus\/ro\/bonuses\/\"},{\"@type\":\"ListItem\",\"position\":2,\"name\":\"Boom de duminic\u0103\"}]},{\"@type\":\"WebSite\",\"@id\":\"https:\/\/888starz.plus\/ro\/#website\",\"url\":\"https:\/\/888starz.plus\/ro\/\",\"name\":\"888Starz ro\",\"description\":\"My WordPress Blog\",\"potentialAction\":[{\"@type\":\"SearchAction\",\"target\":{\"@type\":\"EntryPoint\",\"urlTemplate\":\"https:\/\/888starz.plus\/ro\/?s={search_term_string}\"},\"query-input\":{\"@type\":\"PropertyValueSpecification\",\"valueRequired\":true,\"valueName\":\"search_term_string\"}}],\"inLanguage\":\"ro-RO\"}]}<\/script>\n<!-- \/ Yoast SEO plugin. -->","yoast_head_json":{"title":"Duminica Boom 888Starz | Depuneri duble \u00een fiecare duminic\u0103!","description":"Profit\u0103 de promo\u021bia noastr\u0103 888Starz Duminica Boom \u0219i dubleaz\u0103-\u021bi depozitul \u00een fiecare weekend! Joac\u0103 la aparatele tale preferate \u0219i prime\u0219te cadou p\u00e2n\u0103 la 1500 RON. Nu rata\u021bi \u0219ansa de a c\u00e2\u0219tiga mult!","robots":{"index":"index","follow":"follow","max-snippet":"max-snippet:-1","max-image-preview":"max-image-preview:large","max-video-preview":"max-video-preview:-1"},"og_locale":"ro_RO","og_type":"article","og_title":"Duminica Boom 888Starz | Depuneri duble \u00een fiecare duminic\u0103!","og_description":"Profit\u0103 de promo\u021bia noastr\u0103 888Starz Duminica Boom \u0219i dubleaz\u0103-\u021bi depozitul \u00een fiecare weekend! Joac\u0103 la aparatele tale preferate \u0219i prime\u0219te cadou p\u00e2n\u0103 la 1500 RON. Nu rata\u021bi \u0219ansa de a c\u00e2\u0219tiga mult!","og_url":"https:\/\/888starz.plus\/ro\/bonus\/sunday-boom\/","og_site_name":"888Starz ro","article_modified_time":"2025-07-20T12:55:08+00:00","twitter_card":"summary_large_image","schema":{"@context":"https:\/\/schema.org","@graph":[{"@type":"WebPage","@id":"https:\/\/888starz.plus\/ro\/bonus\/sunday-boom\/","url":"https:\/\/888starz.plus\/ro\/bonus\/sunday-boom\/","name":"Duminica Boom 888Starz | Depuneri duble \u00een fiecare duminic\u0103!","isPartOf":{"@id":"https:\/\/888starz.plus\/ro\/#website"},"datePublished":"2025-06-20T13:22:20+00:00","dateModified":"2025-07-20T12:55:08+00:00","description":"Profit\u0103 de promo\u021bia noastr\u0103 888Starz Duminica Boom \u0219i dubleaz\u0103-\u021bi depozitul \u00een fiecare weekend! Joac\u0103 la aparatele tale preferate \u0219i prime\u0219te cadou p\u00e2n\u0103 la 1500 RON. Nu rata\u021bi \u0219ansa de a c\u00e2\u0219tiga mult!","breadcrumb":{"@id":"https:\/\/888starz.plus\/ro\/bonus\/sunday-boom\/#breadcrumb"},"inLanguage":"ro-RO","potentialAction":[{"@type":"ReadAction","target":["https:\/\/888starz.plus\/ro\/bonus\/sunday-boom\/"]}]},{"@type":"BreadcrumbList","@id":"https:\/\/888starz.plus\/ro\/bonus\/sunday-boom\/#breadcrumb","itemListElement":[{"@type":"ListItem","position":1,"name":"Bonus","item":"https:\/\/888starz.plus\/ro\/bonuses\/"},{"@type":"ListItem","position":2,"name":"Boom de duminic\u0103"}]},{"@type":"WebSite","@id":"https:\/\/888starz.plus\/ro\/#website","url":"https:\/\/888starz.plus\/ro\/","name":"888Starz ro","description":"My WordPress Blog","potentialAction":[{"@type":"SearchAction","target":{"@type":"EntryPoint","urlTemplate":"https:\/\/888starz.plus\/ro\/?s={search_term_string}"},"query-input":{"@type":"PropertyValueSpecification","valueRequired":true,"valueName":"search_term_string"}}],"inLanguage":"ro-RO"}]}},"_links":{"self":[{"href":"https:\/\/888starz.plus\/ro\/wp-json\/wp\/v2\/pages\/896","targetHints":{"allow":["GET"]}}],"collection":[{"href":"https:\/\/888starz.plus\/ro\/wp-json\/wp\/v2\/pages"}],"about":[{"href":"https:\/\/888starz.plus\/ro\/wp-json\/wp\/v2\/types\/page"}],"author":[{"embeddable":true,"href":"https:\/\/888starz.plus\/ro\/wp-json\/wp\/v2\/users\/1"}],"replies":[{"embeddable":true,"href":"https:\/\/888starz.plus\/ro\/wp-json\/wp\/v2\/comments?post=896"}],"version-history":[{"count":5,"href":"https:\/\/888starz.plus\/ro\/wp-json\/wp\/v2\/pages\/896\/revisions"}],"predecessor-version":[{"id":961,"href":"https:\/\/888starz.plus\/ro\/wp-json\/wp\/v2\/pages\/896\/revisions\/961"}],"up":[{"embeddable":true,"href":"https:\/\/888starz.plus\/ro\/wp-json\/wp\/v2\/pages\/152"}],"wp:attachment":[{"href":"https:\/\/888starz.plus\/ro\/wp-json\/wp\/v2\/media?parent=896"}],"curies":[{"name":"wp","href":"https:\/\/api.w.org\/{rel}","templated":true}]}}