{"id":879,"date":"2025-06-20T12:01:38","date_gmt":"2025-06-20T12:01:38","guid":{"rendered":"https:\/\/888starz.plus\/ro\/?page_id=879"},"modified":"2025-07-17T15:56:12","modified_gmt":"2025-07-17T15:56:12","slug":"express-insurance","status":"publish","type":"page","link":"https:\/\/888starz.plus\/ro\/bonus\/express-insurance\/","title":{"rendered":"Asigurare expres"},"content":{"rendered":"","protected":false},"excerpt":{"rendered":"","protected":false},"author":1,"featured_media":0,"parent":152,"menu_order":0,"comment_status":"closed","ping_status":"closed","template":"","meta":{"inline_featured_image":false,"footnotes":""},"class_list":["post-879","page","type-page","status-publish","hentry"],"yoast_head":"<!-- This site is optimized with the Yoast SEO plugin v25.6 - https:\/\/yoast.com\/wordpress\/plugins\/seo\/ -->\n<title>Asigurare Express de la 888Starz | Paria\u021bi \u0219i c\u00e2\u0219tiga\u021bi f\u0103r\u0103 riscuri<\/title>\n<meta name=\"description\" content=\"Vrei s\u0103 pariezi expres f\u0103r\u0103 teama de a pierde? 888Starz ofer\u0103 o poli\u021b\u0103 de asigurare unic\u0103! Paria\u021bi pe 7 evenimente cu miz\u0103 mare - chiar dac\u0103 gre\u0219i\u021bi unul, v\u0103 ve\u021bi primi pariul \u00eenapoi.\" \/>\n<meta name=\"robots\" content=\"index, follow, max-snippet:-1, max-image-preview:large, max-video-preview:-1\" \/>\n<meta property=\"og:locale\" content=\"ro_RO\" \/>\n<meta property=\"og:type\" content=\"article\" \/>\n<meta property=\"og:title\" content=\"Asigurare Express de la 888Starz | Paria\u021bi \u0219i c\u00e2\u0219tiga\u021bi f\u0103r\u0103 riscuri\" \/>\n<meta property=\"og:description\" content=\"Vrei s\u0103 pariezi expres f\u0103r\u0103 teama de a pierde? 888Starz ofer\u0103 o poli\u021b\u0103 de asigurare unic\u0103! Paria\u021bi pe 7 evenimente cu miz\u0103 mare - chiar dac\u0103 gre\u0219i\u021bi unul, v\u0103 ve\u021bi primi pariul \u00eenapoi.\" \/>\n<meta property=\"og:url\" content=\"https:\/\/888starz.plus\/ro\/bonus\/express-insurance\/\" \/>\n<meta property=\"og:site_name\" content=\"888Starz ro\" \/>\n<meta property=\"article:modified_time\" content=\"2025-07-17T15:56:12+00:00\" \/>\n<meta name=\"twitter:card\" content=\"summary_large_image\" \/>\n<script type=\"application\/ld+json\" class=\"yoast-schema-graph\">{\"@context\":\"https:\/\/schema.org\",\"@graph\":[{\"@type\":\"WebPage\",\"@id\":\"https:\/\/888starz.plus\/ro\/bonus\/express-insurance\/\",\"url\":\"https:\/\/888starz.plus\/ro\/bonus\/express-insurance\/\",\"name\":\"Asigurare Express de la 888Starz | Paria\u021bi \u0219i c\u00e2\u0219tiga\u021bi f\u0103r\u0103 riscuri\",\"isPartOf\":{\"@id\":\"https:\/\/888starz.plus\/ro\/#website\"},\"datePublished\":\"2025-06-20T12:01:38+00:00\",\"dateModified\":\"2025-07-17T15:56:12+00:00\",\"description\":\"Vrei s\u0103 pariezi expres f\u0103r\u0103 teama de a pierde? 888Starz ofer\u0103 o poli\u021b\u0103 de asigurare unic\u0103! Paria\u021bi pe 7 evenimente cu miz\u0103 mare - chiar dac\u0103 gre\u0219i\u021bi unul, v\u0103 ve\u021bi primi pariul \u00eenapoi.\",\"breadcrumb\":{\"@id\":\"https:\/\/888starz.plus\/ro\/bonus\/express-insurance\/#breadcrumb\"},\"inLanguage\":\"ro-RO\",\"potentialAction\":[{\"@type\":\"ReadAction\",\"target\":[\"https:\/\/888starz.plus\/ro\/bonus\/express-insurance\/\"]}]},{\"@type\":\"BreadcrumbList\",\"@id\":\"https:\/\/888starz.plus\/ro\/bonus\/express-insurance\/#breadcrumb\",\"itemListElement\":[{\"@type\":\"ListItem\",\"position\":1,\"name\":\"Bonus\",\"item\":\"https:\/\/888starz.plus\/ro\/bonuses\/\"},{\"@type\":\"ListItem\",\"position\":2,\"name\":\"Asigurare expres\"}]},{\"@type\":\"WebSite\",\"@id\":\"https:\/\/888starz.plus\/ro\/#website\",\"url\":\"https:\/\/888starz.plus\/ro\/\",\"name\":\"888Starz ro\",\"description\":\"My WordPress Blog\",\"potentialAction\":[{\"@type\":\"SearchAction\",\"target\":{\"@type\":\"EntryPoint\",\"urlTemplate\":\"https:\/\/888starz.plus\/ro\/?s={search_term_string}\"},\"query-input\":{\"@type\":\"PropertyValueSpecification\",\"valueRequired\":true,\"valueName\":\"search_term_string\"}}],\"inLanguage\":\"ro-RO\"}]}<\/script>\n<!-- \/ Yoast SEO plugin. -->","yoast_head_json":{"title":"Asigurare Express de la 888Starz | Paria\u021bi \u0219i c\u00e2\u0219tiga\u021bi f\u0103r\u0103 riscuri","description":"Vrei s\u0103 pariezi expres f\u0103r\u0103 teama de a pierde? 888Starz ofer\u0103 o poli\u021b\u0103 de asigurare unic\u0103! Paria\u021bi pe 7 evenimente cu miz\u0103 mare - chiar dac\u0103 gre\u0219i\u021bi unul, v\u0103 ve\u021bi primi pariul \u00eenapoi.","robots":{"index":"index","follow":"follow","max-snippet":"max-snippet:-1","max-image-preview":"max-image-preview:large","max-video-preview":"max-video-preview:-1"},"og_locale":"ro_RO","og_type":"article","og_title":"Asigurare Express de la 888Starz | Paria\u021bi \u0219i c\u00e2\u0219tiga\u021bi f\u0103r\u0103 riscuri","og_description":"Vrei s\u0103 pariezi expres f\u0103r\u0103 teama de a pierde? 888Starz ofer\u0103 o poli\u021b\u0103 de asigurare unic\u0103! Paria\u021bi pe 7 evenimente cu miz\u0103 mare - chiar dac\u0103 gre\u0219i\u021bi unul, v\u0103 ve\u021bi primi pariul \u00eenapoi.","og_url":"https:\/\/888starz.plus\/ro\/bonus\/express-insurance\/","og_site_name":"888Starz ro","article_modified_time":"2025-07-17T15:56:12+00:00","twitter_card":"summary_large_image","schema":{"@context":"https:\/\/schema.org","@graph":[{"@type":"WebPage","@id":"https:\/\/888starz.plus\/ro\/bonus\/express-insurance\/","url":"https:\/\/888starz.plus\/ro\/bonus\/express-insurance\/","name":"Asigurare Express de la 888Starz | Paria\u021bi \u0219i c\u00e2\u0219tiga\u021bi f\u0103r\u0103 riscuri","isPartOf":{"@id":"https:\/\/888starz.plus\/ro\/#website"},"datePublished":"2025-06-20T12:01:38+00:00","dateModified":"2025-07-17T15:56:12+00:00","description":"Vrei s\u0103 pariezi expres f\u0103r\u0103 teama de a pierde? 888Starz ofer\u0103 o poli\u021b\u0103 de asigurare unic\u0103! Paria\u021bi pe 7 evenimente cu miz\u0103 mare - chiar dac\u0103 gre\u0219i\u021bi unul, v\u0103 ve\u021bi primi pariul \u00eenapoi.","breadcrumb":{"@id":"https:\/\/888starz.plus\/ro\/bonus\/express-insurance\/#breadcrumb"},"inLanguage":"ro-RO","potentialAction":[{"@type":"ReadAction","target":["https:\/\/888starz.plus\/ro\/bonus\/express-insurance\/"]}]},{"@type":"BreadcrumbList","@id":"https:\/\/888starz.plus\/ro\/bonus\/express-insurance\/#breadcrumb","itemListElement":[{"@type":"ListItem","position":1,"name":"Bonus","item":"https:\/\/888starz.plus\/ro\/bonuses\/"},{"@type":"ListItem","position":2,"name":"Asigurare expres"}]},{"@type":"WebSite","@id":"https:\/\/888starz.plus\/ro\/#website","url":"https:\/\/888starz.plus\/ro\/","name":"888Starz ro","description":"My WordPress Blog","potentialAction":[{"@type":"SearchAction","target":{"@type":"EntryPoint","urlTemplate":"https:\/\/888starz.plus\/ro\/?s={search_term_string}"},"query-input":{"@type":"PropertyValueSpecification","valueRequired":true,"valueName":"search_term_string"}}],"inLanguage":"ro-RO"}]}},"_links":{"self":[{"href":"https:\/\/888starz.plus\/ro\/wp-json\/wp\/v2\/pages\/879","targetHints":{"allow":["GET"]}}],"collection":[{"href":"https:\/\/888starz.plus\/ro\/wp-json\/wp\/v2\/pages"}],"about":[{"href":"https:\/\/888starz.plus\/ro\/wp-json\/wp\/v2\/types\/page"}],"author":[{"embeddable":true,"href":"https:\/\/888starz.plus\/ro\/wp-json\/wp\/v2\/users\/1"}],"replies":[{"embeddable":true,"href":"https:\/\/888starz.plus\/ro\/wp-json\/wp\/v2\/comments?post=879"}],"version-history":[{"count":5,"href":"https:\/\/888starz.plus\/ro\/wp-json\/wp\/v2\/pages\/879\/revisions"}],"predecessor-version":[{"id":958,"href":"https:\/\/888starz.plus\/ro\/wp-json\/wp\/v2\/pages\/879\/revisions\/958"}],"up":[{"embeddable":true,"href":"https:\/\/888starz.plus\/ro\/wp-json\/wp\/v2\/pages\/152"}],"wp:attachment":[{"href":"https:\/\/888starz.plus\/ro\/wp-json\/wp\/v2\/media?parent=879"}],"curies":[{"name":"wp","href":"https:\/\/api.w.org\/{rel}","templated":true}]}}