{"id":428,"date":"2024-03-22T14:34:33","date_gmt":"2024-03-22T14:34:33","guid":{"rendered":"https:\/\/888starz.plus\/ro\/?page_id=428"},"modified":"2025-07-17T17:44:40","modified_gmt":"2025-07-17T17:44:40","slug":"registration","status":"publish","type":"page","link":"https:\/\/888starz.plus\/ro\/registration\/","title":{"rendered":"\u00cenregistrare"},"content":{"rendered":"","protected":false},"excerpt":{"rendered":"","protected":false},"author":1,"featured_media":0,"parent":0,"menu_order":0,"comment_status":"closed","ping_status":"closed","template":"","meta":{"inline_featured_image":false,"footnotes":""},"class_list":["post-428","page","type-page","status-publish","hentry"],"yoast_head":"<!-- This site is optimized with the Yoast SEO plugin v25.6 - https:\/\/yoast.com\/wordpress\/plugins\/seo\/ -->\n<title>\u00cenregistrare 888Starz | Ghid despre cum s\u0103 v\u0103 \u00eenscrie\u021bi<\/title>\n<meta name=\"description\" content=\"Descoper\u0103 ghidul pas cu pas pentru o \u00eenregistrare u\u0219oar\u0103 \u0219i rapid\u0103 la 888Starz! \ud83d\uddf8 \u00cenregistreaz\u0103 un cont 888starz \u00een 2025 \ud83d\uddf8 Conecteaz\u0103-te \u0219i \u00eencepe s\u0103 pariezi acum\" \/>\n<meta name=\"robots\" content=\"index, follow, max-snippet:-1, max-image-preview:large, max-video-preview:-1\" \/>\n<meta property=\"og:locale\" content=\"ro_RO\" \/>\n<meta property=\"og:type\" content=\"article\" \/>\n<meta property=\"og:title\" content=\"\u00cenregistrare 888Starz | Ghid despre cum s\u0103 v\u0103 \u00eenscrie\u021bi\" \/>\n<meta property=\"og:description\" content=\"Descoper\u0103 ghidul pas cu pas pentru o \u00eenregistrare u\u0219oar\u0103 \u0219i rapid\u0103 la 888Starz! \ud83d\uddf8 \u00cenregistreaz\u0103 un cont 888starz \u00een 2025 \ud83d\uddf8 Conecteaz\u0103-te \u0219i \u00eencepe s\u0103 pariezi acum\" \/>\n<meta property=\"og:url\" content=\"https:\/\/888starz.plus\/ro\/registration\/\" \/>\n<meta property=\"og:site_name\" content=\"888Starz ro\" \/>\n<meta property=\"article:modified_time\" content=\"2025-07-17T17:44:40+00:00\" \/>\n<meta name=\"twitter:card\" content=\"summary_large_image\" \/>\n<script type=\"application\/ld+json\" class=\"yoast-schema-graph\">{\"@context\":\"https:\/\/schema.org\",\"@graph\":[{\"@type\":\"WebPage\",\"@id\":\"https:\/\/888starz.plus\/ro\/registration\/\",\"url\":\"https:\/\/888starz.plus\/ro\/registration\/\",\"name\":\"\u00cenregistrare 888Starz | Ghid despre cum s\u0103 v\u0103 \u00eenscrie\u021bi\",\"isPartOf\":{\"@id\":\"https:\/\/888starz.plus\/ro\/#website\"},\"datePublished\":\"2024-03-22T14:34:33+00:00\",\"dateModified\":\"2025-07-17T17:44:40+00:00\",\"description\":\"Descoper\u0103 ghidul pas cu pas pentru o \u00eenregistrare u\u0219oar\u0103 \u0219i rapid\u0103 la 888Starz! \ud83d\uddf8 \u00cenregistreaz\u0103 un cont 888starz \u00een 2025 \ud83d\uddf8 Conecteaz\u0103-te \u0219i \u00eencepe s\u0103 pariezi acum\",\"inLanguage\":\"ro-RO\",\"potentialAction\":[{\"@type\":\"ReadAction\",\"target\":[\"https:\/\/888starz.plus\/ro\/registration\/\"]}]},{\"@type\":\"WebSite\",\"@id\":\"https:\/\/888starz.plus\/ro\/#website\",\"url\":\"https:\/\/888starz.plus\/ro\/\",\"name\":\"888Starz ro\",\"description\":\"My WordPress Blog\",\"potentialAction\":[{\"@type\":\"SearchAction\",\"target\":{\"@type\":\"EntryPoint\",\"urlTemplate\":\"https:\/\/888starz.plus\/ro\/?s={search_term_string}\"},\"query-input\":{\"@type\":\"PropertyValueSpecification\",\"valueRequired\":true,\"valueName\":\"search_term_string\"}}],\"inLanguage\":\"ro-RO\"}]}<\/script>\n<!-- \/ Yoast SEO plugin. -->","yoast_head_json":{"title":"\u00cenregistrare 888Starz | Ghid despre cum s\u0103 v\u0103 \u00eenscrie\u021bi","description":"Descoper\u0103 ghidul pas cu pas pentru o \u00eenregistrare u\u0219oar\u0103 \u0219i rapid\u0103 la 888Starz! \ud83d\uddf8 \u00cenregistreaz\u0103 un cont 888starz \u00een 2025 \ud83d\uddf8 Conecteaz\u0103-te \u0219i \u00eencepe s\u0103 pariezi acum","robots":{"index":"index","follow":"follow","max-snippet":"max-snippet:-1","max-image-preview":"max-image-preview:large","max-video-preview":"max-video-preview:-1"},"og_locale":"ro_RO","og_type":"article","og_title":"\u00cenregistrare 888Starz | Ghid despre cum s\u0103 v\u0103 \u00eenscrie\u021bi","og_description":"Descoper\u0103 ghidul pas cu pas pentru o \u00eenregistrare u\u0219oar\u0103 \u0219i rapid\u0103 la 888Starz! \ud83d\uddf8 \u00cenregistreaz\u0103 un cont 888starz \u00een 2025 \ud83d\uddf8 Conecteaz\u0103-te \u0219i \u00eencepe s\u0103 pariezi acum","og_url":"https:\/\/888starz.plus\/ro\/registration\/","og_site_name":"888Starz ro","article_modified_time":"2025-07-17T17:44:40+00:00","twitter_card":"summary_large_image","schema":{"@context":"https:\/\/schema.org","@graph":[{"@type":"WebPage","@id":"https:\/\/888starz.plus\/ro\/registration\/","url":"https:\/\/888starz.plus\/ro\/registration\/","name":"\u00cenregistrare 888Starz | Ghid despre cum s\u0103 v\u0103 \u00eenscrie\u021bi","isPartOf":{"@id":"https:\/\/888starz.plus\/ro\/#website"},"datePublished":"2024-03-22T14:34:33+00:00","dateModified":"2025-07-17T17:44:40+00:00","description":"Descoper\u0103 ghidul pas cu pas pentru o \u00eenregistrare u\u0219oar\u0103 \u0219i rapid\u0103 la 888Starz! \ud83d\uddf8 \u00cenregistreaz\u0103 un cont 888starz \u00een 2025 \ud83d\uddf8 Conecteaz\u0103-te \u0219i \u00eencepe s\u0103 pariezi acum","inLanguage":"ro-RO","potentialAction":[{"@type":"ReadAction","target":["https:\/\/888starz.plus\/ro\/registration\/"]}]},{"@type":"WebSite","@id":"https:\/\/888starz.plus\/ro\/#website","url":"https:\/\/888starz.plus\/ro\/","name":"888Starz ro","description":"My WordPress Blog","potentialAction":[{"@type":"SearchAction","target":{"@type":"EntryPoint","urlTemplate":"https:\/\/888starz.plus\/ro\/?s={search_term_string}"},"query-input":{"@type":"PropertyValueSpecification","valueRequired":true,"valueName":"search_term_string"}}],"inLanguage":"ro-RO"}]}},"_links":{"self":[{"href":"https:\/\/888starz.plus\/ro\/wp-json\/wp\/v2\/pages\/428","targetHints":{"allow":["GET"]}}],"collection":[{"href":"https:\/\/888starz.plus\/ro\/wp-json\/wp\/v2\/pages"}],"about":[{"href":"https:\/\/888starz.plus\/ro\/wp-json\/wp\/v2\/types\/page"}],"author":[{"embeddable":true,"href":"https:\/\/888starz.plus\/ro\/wp-json\/wp\/v2\/users\/1"}],"replies":[{"embeddable":true,"href":"https:\/\/888starz.plus\/ro\/wp-json\/wp\/v2\/comments?post=428"}],"version-history":[{"count":3,"href":"https:\/\/888starz.plus\/ro\/wp-json\/wp\/v2\/pages\/428\/revisions"}],"predecessor-version":[{"id":981,"href":"https:\/\/888starz.plus\/ro\/wp-json\/wp\/v2\/pages\/428\/revisions\/981"}],"wp:attachment":[{"href":"https:\/\/888starz.plus\/ro\/wp-json\/wp\/v2\/media?parent=428"}],"curies":[{"name":"wp","href":"https:\/\/api.w.org\/{rel}","templated":true}]}}