{"id":379,"date":"2025-05-01T14:26:17","date_gmt":"2025-05-01T14:26:17","guid":{"rendered":"https:\/\/888starz.plus\/ro\/?page_id=379"},"modified":"2025-07-17T17:39:36","modified_gmt":"2025-07-17T17:39:36","slug":"partners","status":"publish","type":"page","link":"https:\/\/888starz.plus\/ro\/partners\/","title":{"rendered":"Parteneri"},"content":{"rendered":"","protected":false},"excerpt":{"rendered":"","protected":false},"author":1,"featured_media":0,"parent":0,"menu_order":0,"comment_status":"closed","ping_status":"closed","template":"","meta":{"inline_featured_image":false,"footnotes":""},"class_list":["post-379","page","type-page","status-publish","hentry"],"yoast_head":"<!-- This site is optimized with the Yoast SEO plugin v25.6 - https:\/\/yoast.com\/wordpress\/plugins\/seo\/ -->\n<title>Programul de afiliere 888Starz \u2705 \u00censcrie\u021bi-v\u0103 acum<\/title>\n<meta name=\"description\" content=\"888Starz Parteneri este un program de afiliere profitabil care ofer\u0103 o gam\u0103 excep\u021bional\u0103 de servicii \u0219i oportunit\u0103\u021bi de venit \u26a1 C\u00e2\u0219tig\u0103 bani reali cu programul de afiliere 888Starz\" \/>\n<meta name=\"robots\" content=\"index, follow, max-snippet:-1, max-image-preview:large, max-video-preview:-1\" \/>\n<meta property=\"og:locale\" content=\"ro_RO\" \/>\n<meta property=\"og:type\" content=\"article\" \/>\n<meta property=\"og:title\" content=\"Programul de afiliere 888Starz \u2705 \u00censcrie\u021bi-v\u0103 acum\" \/>\n<meta property=\"og:description\" content=\"888Starz Parteneri este un program de afiliere profitabil care ofer\u0103 o gam\u0103 excep\u021bional\u0103 de servicii \u0219i oportunit\u0103\u021bi de venit \u26a1 C\u00e2\u0219tig\u0103 bani reali cu programul de afiliere 888Starz\" \/>\n<meta property=\"og:url\" content=\"https:\/\/888starz.plus\/ro\/partners\/\" \/>\n<meta property=\"og:site_name\" content=\"888Starz ro\" \/>\n<meta property=\"article:modified_time\" content=\"2025-07-17T17:39:36+00:00\" \/>\n<meta name=\"twitter:card\" content=\"summary_large_image\" \/>\n<script type=\"application\/ld+json\" class=\"yoast-schema-graph\">{\"@context\":\"https:\/\/schema.org\",\"@graph\":[{\"@type\":\"WebPage\",\"@id\":\"https:\/\/888starz.plus\/ro\/partners\/\",\"url\":\"https:\/\/888starz.plus\/ro\/partners\/\",\"name\":\"Programul de afiliere 888Starz \u2705 \u00censcrie\u021bi-v\u0103 acum\",\"isPartOf\":{\"@id\":\"https:\/\/888starz.plus\/ro\/#website\"},\"datePublished\":\"2025-05-01T14:26:17+00:00\",\"dateModified\":\"2025-07-17T17:39:36+00:00\",\"description\":\"888Starz Parteneri este un program de afiliere profitabil care ofer\u0103 o gam\u0103 excep\u021bional\u0103 de servicii \u0219i oportunit\u0103\u021bi de venit \u26a1 C\u00e2\u0219tig\u0103 bani reali cu programul de afiliere 888Starz\",\"inLanguage\":\"ro-RO\",\"potentialAction\":[{\"@type\":\"ReadAction\",\"target\":[\"https:\/\/888starz.plus\/ro\/partners\/\"]}]},{\"@type\":\"WebSite\",\"@id\":\"https:\/\/888starz.plus\/ro\/#website\",\"url\":\"https:\/\/888starz.plus\/ro\/\",\"name\":\"888Starz ro\",\"description\":\"My WordPress Blog\",\"potentialAction\":[{\"@type\":\"SearchAction\",\"target\":{\"@type\":\"EntryPoint\",\"urlTemplate\":\"https:\/\/888starz.plus\/ro\/?s={search_term_string}\"},\"query-input\":{\"@type\":\"PropertyValueSpecification\",\"valueRequired\":true,\"valueName\":\"search_term_string\"}}],\"inLanguage\":\"ro-RO\"}]}<\/script>\n<!-- \/ Yoast SEO plugin. -->","yoast_head_json":{"title":"Programul de afiliere 888Starz \u2705 \u00censcrie\u021bi-v\u0103 acum","description":"888Starz Parteneri este un program de afiliere profitabil care ofer\u0103 o gam\u0103 excep\u021bional\u0103 de servicii \u0219i oportunit\u0103\u021bi de venit \u26a1 C\u00e2\u0219tig\u0103 bani reali cu programul de afiliere 888Starz","robots":{"index":"index","follow":"follow","max-snippet":"max-snippet:-1","max-image-preview":"max-image-preview:large","max-video-preview":"max-video-preview:-1"},"og_locale":"ro_RO","og_type":"article","og_title":"Programul de afiliere 888Starz \u2705 \u00censcrie\u021bi-v\u0103 acum","og_description":"888Starz Parteneri este un program de afiliere profitabil care ofer\u0103 o gam\u0103 excep\u021bional\u0103 de servicii \u0219i oportunit\u0103\u021bi de venit \u26a1 C\u00e2\u0219tig\u0103 bani reali cu programul de afiliere 888Starz","og_url":"https:\/\/888starz.plus\/ro\/partners\/","og_site_name":"888Starz ro","article_modified_time":"2025-07-17T17:39:36+00:00","twitter_card":"summary_large_image","schema":{"@context":"https:\/\/schema.org","@graph":[{"@type":"WebPage","@id":"https:\/\/888starz.plus\/ro\/partners\/","url":"https:\/\/888starz.plus\/ro\/partners\/","name":"Programul de afiliere 888Starz \u2705 \u00censcrie\u021bi-v\u0103 acum","isPartOf":{"@id":"https:\/\/888starz.plus\/ro\/#website"},"datePublished":"2025-05-01T14:26:17+00:00","dateModified":"2025-07-17T17:39:36+00:00","description":"888Starz Parteneri este un program de afiliere profitabil care ofer\u0103 o gam\u0103 excep\u021bional\u0103 de servicii \u0219i oportunit\u0103\u021bi de venit \u26a1 C\u00e2\u0219tig\u0103 bani reali cu programul de afiliere 888Starz","inLanguage":"ro-RO","potentialAction":[{"@type":"ReadAction","target":["https:\/\/888starz.plus\/ro\/partners\/"]}]},{"@type":"WebSite","@id":"https:\/\/888starz.plus\/ro\/#website","url":"https:\/\/888starz.plus\/ro\/","name":"888Starz ro","description":"My WordPress Blog","potentialAction":[{"@type":"SearchAction","target":{"@type":"EntryPoint","urlTemplate":"https:\/\/888starz.plus\/ro\/?s={search_term_string}"},"query-input":{"@type":"PropertyValueSpecification","valueRequired":true,"valueName":"search_term_string"}}],"inLanguage":"ro-RO"}]}},"_links":{"self":[{"href":"https:\/\/888starz.plus\/ro\/wp-json\/wp\/v2\/pages\/379","targetHints":{"allow":["GET"]}}],"collection":[{"href":"https:\/\/888starz.plus\/ro\/wp-json\/wp\/v2\/pages"}],"about":[{"href":"https:\/\/888starz.plus\/ro\/wp-json\/wp\/v2\/types\/page"}],"author":[{"embeddable":true,"href":"https:\/\/888starz.plus\/ro\/wp-json\/wp\/v2\/users\/1"}],"replies":[{"embeddable":true,"href":"https:\/\/888starz.plus\/ro\/wp-json\/wp\/v2\/comments?post=379"}],"version-history":[{"count":4,"href":"https:\/\/888starz.plus\/ro\/wp-json\/wp\/v2\/pages\/379\/revisions"}],"predecessor-version":[{"id":979,"href":"https:\/\/888starz.plus\/ro\/wp-json\/wp\/v2\/pages\/379\/revisions\/979"}],"wp:attachment":[{"href":"https:\/\/888starz.plus\/ro\/wp-json\/wp\/v2\/media?parent=379"}],"curies":[{"name":"wp","href":"https:\/\/api.w.org\/{rel}","templated":true}]}}