{"id":896,"date":"2025-06-20T13:22:20","date_gmt":"2025-06-20T13:22:20","guid":{"rendered":"https:\/\/888starz.plus\/?page_id=896"},"modified":"2025-06-29T18:20:12","modified_gmt":"2025-06-29T18:20:12","slug":"sunday-boom","status":"publish","type":"page","link":"https:\/\/888starz.plus\/pt\/sunday-boom\/","title":{"rendered":"Domingo Boom"},"content":{"rendered":"","protected":false},"excerpt":{"rendered":"","protected":false},"author":1,"featured_media":0,"parent":152,"menu_order":0,"comment_status":"closed","ping_status":"closed","template":"","meta":{"inline_featured_image":false,"footnotes":""},"class_list":["post-896","page","type-page","status-publish","hentry"],"yoast_head":"<!-- This site is optimized with the Yoast SEO plugin v25.6 - https:\/\/yoast.com\/wordpress\/plugins\/seo\/ -->\n<title>Boom de domingo 888Starz | Duplique os seus dep\u00f3sitos!<\/title>\n<meta name=\"description\" content=\"Aproveite a nossa promo\u00e7\u00e3o Sunday Boom da 888Starz e duplique o seu dep\u00f3sito todos os fins de semana! Jogue nas suas m\u00e1quinas favoritas e receba at\u00e9 300 EUR de oferta. N\u00e3o perca a oportunidade de ganhar muito!\" \/>\n<meta name=\"robots\" content=\"index, follow, max-snippet:-1, max-image-preview:large, max-video-preview:-1\" \/>\n<meta property=\"og:locale\" content=\"pt_PT\" \/>\n<meta property=\"og:type\" content=\"article\" \/>\n<meta property=\"og:title\" content=\"Boom de domingo 888Starz | Duplique os seus dep\u00f3sitos!\" \/>\n<meta property=\"og:description\" content=\"Aproveite a nossa promo\u00e7\u00e3o Sunday Boom da 888Starz e duplique o seu dep\u00f3sito todos os fins de semana! Jogue nas suas m\u00e1quinas favoritas e receba at\u00e9 300 EUR de oferta. N\u00e3o perca a oportunidade de ganhar muito!\" \/>\n<meta property=\"og:url\" content=\"https:\/\/888starz.plus\/pt\/sunday-boom\/\" \/>\n<meta property=\"og:site_name\" content=\"888Starz pt\" \/>\n<meta property=\"article:modified_time\" content=\"2025-06-29T18:20:12+00:00\" \/>\n<meta name=\"twitter:card\" content=\"summary_large_image\" \/>\n<script type=\"application\/ld+json\" class=\"yoast-schema-graph\">{\"@context\":\"https:\/\/schema.org\",\"@graph\":[{\"@type\":\"WebPage\",\"@id\":\"https:\/\/888starz.plus\/pt\/sunday-boom\/\",\"url\":\"https:\/\/888starz.plus\/pt\/sunday-boom\/\",\"name\":\"Boom de domingo 888Starz | Duplique os seus dep\u00f3sitos!\",\"isPartOf\":{\"@id\":\"https:\/\/888starz.plus\/pt\/#website\"},\"datePublished\":\"2025-06-20T13:22:20+00:00\",\"dateModified\":\"2025-06-29T18:20:12+00:00\",\"description\":\"Aproveite a nossa promo\u00e7\u00e3o Sunday Boom da 888Starz e duplique o seu dep\u00f3sito todos os fins de semana! Jogue nas suas m\u00e1quinas favoritas e receba at\u00e9 300 EUR de oferta. N\u00e3o perca a oportunidade de ganhar muito!\",\"breadcrumb\":{\"@id\":\"https:\/\/888starz.plus\/pt\/sunday-boom\/#breadcrumb\"},\"inLanguage\":\"pt-PT\",\"potentialAction\":[{\"@type\":\"ReadAction\",\"target\":[\"https:\/\/888starz.plus\/pt\/sunday-boom\/\"]}]},{\"@type\":\"BreadcrumbList\",\"@id\":\"https:\/\/888starz.plus\/pt\/sunday-boom\/#breadcrumb\",\"itemListElement\":[{\"@type\":\"ListItem\",\"position\":1,\"name\":\"B\u00f3nus\",\"item\":\"https:\/\/888starz.plus\/pt\/bonuses\/\"},{\"@type\":\"ListItem\",\"position\":2,\"name\":\"Domingo Boom\"}]},{\"@type\":\"WebSite\",\"@id\":\"https:\/\/888starz.plus\/pt\/#website\",\"url\":\"https:\/\/888starz.plus\/pt\/\",\"name\":\"888Starz pt\",\"description\":\"My WordPress Blog\",\"potentialAction\":[{\"@type\":\"SearchAction\",\"target\":{\"@type\":\"EntryPoint\",\"urlTemplate\":\"https:\/\/888starz.plus\/pt\/?s={search_term_string}\"},\"query-input\":{\"@type\":\"PropertyValueSpecification\",\"valueRequired\":true,\"valueName\":\"search_term_string\"}}],\"inLanguage\":\"pt-PT\"}]}<\/script>\n<!-- \/ Yoast SEO plugin. -->","yoast_head_json":{"title":"Boom de domingo 888Starz | Duplique os seus dep\u00f3sitos!","description":"Aproveite a nossa promo\u00e7\u00e3o Sunday Boom da 888Starz e duplique o seu dep\u00f3sito todos os fins de semana! Jogue nas suas m\u00e1quinas favoritas e receba at\u00e9 300 EUR de oferta. N\u00e3o perca a oportunidade de ganhar muito!","robots":{"index":"index","follow":"follow","max-snippet":"max-snippet:-1","max-image-preview":"max-image-preview:large","max-video-preview":"max-video-preview:-1"},"og_locale":"pt_PT","og_type":"article","og_title":"Boom de domingo 888Starz | Duplique os seus dep\u00f3sitos!","og_description":"Aproveite a nossa promo\u00e7\u00e3o Sunday Boom da 888Starz e duplique o seu dep\u00f3sito todos os fins de semana! Jogue nas suas m\u00e1quinas favoritas e receba at\u00e9 300 EUR de oferta. N\u00e3o perca a oportunidade de ganhar muito!","og_url":"https:\/\/888starz.plus\/pt\/sunday-boom\/","og_site_name":"888Starz pt","article_modified_time":"2025-06-29T18:20:12+00:00","twitter_card":"summary_large_image","schema":{"@context":"https:\/\/schema.org","@graph":[{"@type":"WebPage","@id":"https:\/\/888starz.plus\/pt\/sunday-boom\/","url":"https:\/\/888starz.plus\/pt\/sunday-boom\/","name":"Boom de domingo 888Starz | Duplique os seus dep\u00f3sitos!","isPartOf":{"@id":"https:\/\/888starz.plus\/pt\/#website"},"datePublished":"2025-06-20T13:22:20+00:00","dateModified":"2025-06-29T18:20:12+00:00","description":"Aproveite a nossa promo\u00e7\u00e3o Sunday Boom da 888Starz e duplique o seu dep\u00f3sito todos os fins de semana! Jogue nas suas m\u00e1quinas favoritas e receba at\u00e9 300 EUR de oferta. N\u00e3o perca a oportunidade de ganhar muito!","breadcrumb":{"@id":"https:\/\/888starz.plus\/pt\/sunday-boom\/#breadcrumb"},"inLanguage":"pt-PT","potentialAction":[{"@type":"ReadAction","target":["https:\/\/888starz.plus\/pt\/sunday-boom\/"]}]},{"@type":"BreadcrumbList","@id":"https:\/\/888starz.plus\/pt\/sunday-boom\/#breadcrumb","itemListElement":[{"@type":"ListItem","position":1,"name":"B\u00f3nus","item":"https:\/\/888starz.plus\/pt\/bonuses\/"},{"@type":"ListItem","position":2,"name":"Domingo Boom"}]},{"@type":"WebSite","@id":"https:\/\/888starz.plus\/pt\/#website","url":"https:\/\/888starz.plus\/pt\/","name":"888Starz pt","description":"My WordPress Blog","potentialAction":[{"@type":"SearchAction","target":{"@type":"EntryPoint","urlTemplate":"https:\/\/888starz.plus\/pt\/?s={search_term_string}"},"query-input":{"@type":"PropertyValueSpecification","valueRequired":true,"valueName":"search_term_string"}}],"inLanguage":"pt-PT"}]}},"_links":{"self":[{"href":"https:\/\/888starz.plus\/pt\/wp-json\/wp\/v2\/pages\/896","targetHints":{"allow":["GET"]}}],"collection":[{"href":"https:\/\/888starz.plus\/pt\/wp-json\/wp\/v2\/pages"}],"about":[{"href":"https:\/\/888starz.plus\/pt\/wp-json\/wp\/v2\/types\/page"}],"author":[{"embeddable":true,"href":"https:\/\/888starz.plus\/pt\/wp-json\/wp\/v2\/users\/1"}],"replies":[{"embeddable":true,"href":"https:\/\/888starz.plus\/pt\/wp-json\/wp\/v2\/comments?post=896"}],"version-history":[{"count":4,"href":"https:\/\/888starz.plus\/pt\/wp-json\/wp\/v2\/pages\/896\/revisions"}],"predecessor-version":[{"id":910,"href":"https:\/\/888starz.plus\/pt\/wp-json\/wp\/v2\/pages\/896\/revisions\/910"}],"up":[{"embeddable":true,"href":"https:\/\/888starz.plus\/pt\/wp-json\/wp\/v2\/pages\/152"}],"wp:attachment":[{"href":"https:\/\/888starz.plus\/pt\/wp-json\/wp\/v2\/media?parent=896"}],"curies":[{"name":"wp","href":"https:\/\/api.w.org\/{rel}","templated":true}]}}