{"id":869,"date":"2025-06-20T11:21:17","date_gmt":"2025-06-20T11:21:17","guid":{"rendered":"https:\/\/888starz.plus\/?page_id=869"},"modified":"2025-06-29T18:17:53","modified_gmt":"2025-06-29T18:17:53","slug":"casino-welcome-package","status":"publish","type":"page","link":"https:\/\/888starz.plus\/pt\/casino-welcome-package\/","title":{"rendered":"Pacote de boas-vindas do Casino"},"content":{"rendered":"","protected":false},"excerpt":{"rendered":"","protected":false},"author":1,"featured_media":0,"parent":152,"menu_order":0,"comment_status":"closed","ping_status":"closed","template":"","meta":{"inline_featured_image":false,"footnotes":""},"class_list":["post-869","page","type-page","status-publish","hentry"],"yoast_head":"<!-- This site is optimized with the Yoast SEO plugin v25.6 - https:\/\/yoast.com\/wordpress\/plugins\/seo\/ -->\n<title>Pacote de Boas-Vindas do 888Starz Casino | 1500 EUR + 150 FS<\/title>\n<meta name=\"description\" content=\"Agarre o seu pacote de boas-vindas no 888Starz! Quatro b\u00f3nus para quatro dep\u00f3sitos: at\u00e9 1500 EUR e 150 freespins est\u00e3o \u00e0 sua espera. D\u00ea o primeiro passo em dire\u00e7\u00e3o a grandes ganhos e n\u00e3o perca a oportunidade de ganhar pr\u00e9mios generosos!\" \/>\n<meta name=\"robots\" content=\"index, follow, max-snippet:-1, max-image-preview:large, max-video-preview:-1\" \/>\n<meta property=\"og:locale\" content=\"pt_PT\" \/>\n<meta property=\"og:type\" content=\"article\" \/>\n<meta property=\"og:title\" content=\"Pacote de Boas-Vindas do 888Starz Casino | 1500 EUR + 150 FS\" \/>\n<meta property=\"og:description\" content=\"Agarre o seu pacote de boas-vindas no 888Starz! Quatro b\u00f3nus para quatro dep\u00f3sitos: at\u00e9 1500 EUR e 150 freespins est\u00e3o \u00e0 sua espera. D\u00ea o primeiro passo em dire\u00e7\u00e3o a grandes ganhos e n\u00e3o perca a oportunidade de ganhar pr\u00e9mios generosos!\" \/>\n<meta property=\"og:url\" content=\"https:\/\/888starz.plus\/pt\/casino-welcome-package\/\" \/>\n<meta property=\"og:site_name\" content=\"888Starz pt\" \/>\n<meta property=\"article:modified_time\" content=\"2025-06-29T18:17:53+00:00\" \/>\n<meta name=\"twitter:card\" content=\"summary_large_image\" \/>\n<script type=\"application\/ld+json\" class=\"yoast-schema-graph\">{\"@context\":\"https:\/\/schema.org\",\"@graph\":[{\"@type\":\"WebPage\",\"@id\":\"https:\/\/888starz.plus\/pt\/casino-welcome-package\/\",\"url\":\"https:\/\/888starz.plus\/pt\/casino-welcome-package\/\",\"name\":\"Pacote de Boas-Vindas do 888Starz Casino | 1500 EUR + 150 FS\",\"isPartOf\":{\"@id\":\"https:\/\/888starz.plus\/pt\/#website\"},\"datePublished\":\"2025-06-20T11:21:17+00:00\",\"dateModified\":\"2025-06-29T18:17:53+00:00\",\"description\":\"Agarre o seu pacote de boas-vindas no 888Starz! Quatro b\u00f3nus para quatro dep\u00f3sitos: at\u00e9 1500 EUR e 150 freespins est\u00e3o \u00e0 sua espera. D\u00ea o primeiro passo em dire\u00e7\u00e3o a grandes ganhos e n\u00e3o perca a oportunidade de ganhar pr\u00e9mios generosos!\",\"breadcrumb\":{\"@id\":\"https:\/\/888starz.plus\/pt\/casino-welcome-package\/#breadcrumb\"},\"inLanguage\":\"pt-PT\",\"potentialAction\":[{\"@type\":\"ReadAction\",\"target\":[\"https:\/\/888starz.plus\/pt\/casino-welcome-package\/\"]}]},{\"@type\":\"BreadcrumbList\",\"@id\":\"https:\/\/888starz.plus\/pt\/casino-welcome-package\/#breadcrumb\",\"itemListElement\":[{\"@type\":\"ListItem\",\"position\":1,\"name\":\"B\u00f3nus\",\"item\":\"https:\/\/888starz.plus\/pt\/bonuses\/\"},{\"@type\":\"ListItem\",\"position\":2,\"name\":\"Pacote de boas-vindas do Casino\"}]},{\"@type\":\"WebSite\",\"@id\":\"https:\/\/888starz.plus\/pt\/#website\",\"url\":\"https:\/\/888starz.plus\/pt\/\",\"name\":\"888Starz pt\",\"description\":\"My WordPress Blog\",\"potentialAction\":[{\"@type\":\"SearchAction\",\"target\":{\"@type\":\"EntryPoint\",\"urlTemplate\":\"https:\/\/888starz.plus\/pt\/?s={search_term_string}\"},\"query-input\":{\"@type\":\"PropertyValueSpecification\",\"valueRequired\":true,\"valueName\":\"search_term_string\"}}],\"inLanguage\":\"pt-PT\"}]}<\/script>\n<!-- \/ Yoast SEO plugin. -->","yoast_head_json":{"title":"Pacote de Boas-Vindas do 888Starz Casino | 1500 EUR + 150 FS","description":"Agarre o seu pacote de boas-vindas no 888Starz! Quatro b\u00f3nus para quatro dep\u00f3sitos: at\u00e9 1500 EUR e 150 freespins est\u00e3o \u00e0 sua espera. D\u00ea o primeiro passo em dire\u00e7\u00e3o a grandes ganhos e n\u00e3o perca a oportunidade de ganhar pr\u00e9mios generosos!","robots":{"index":"index","follow":"follow","max-snippet":"max-snippet:-1","max-image-preview":"max-image-preview:large","max-video-preview":"max-video-preview:-1"},"og_locale":"pt_PT","og_type":"article","og_title":"Pacote de Boas-Vindas do 888Starz Casino | 1500 EUR + 150 FS","og_description":"Agarre o seu pacote de boas-vindas no 888Starz! Quatro b\u00f3nus para quatro dep\u00f3sitos: at\u00e9 1500 EUR e 150 freespins est\u00e3o \u00e0 sua espera. D\u00ea o primeiro passo em dire\u00e7\u00e3o a grandes ganhos e n\u00e3o perca a oportunidade de ganhar pr\u00e9mios generosos!","og_url":"https:\/\/888starz.plus\/pt\/casino-welcome-package\/","og_site_name":"888Starz pt","article_modified_time":"2025-06-29T18:17:53+00:00","twitter_card":"summary_large_image","schema":{"@context":"https:\/\/schema.org","@graph":[{"@type":"WebPage","@id":"https:\/\/888starz.plus\/pt\/casino-welcome-package\/","url":"https:\/\/888starz.plus\/pt\/casino-welcome-package\/","name":"Pacote de Boas-Vindas do 888Starz Casino | 1500 EUR + 150 FS","isPartOf":{"@id":"https:\/\/888starz.plus\/pt\/#website"},"datePublished":"2025-06-20T11:21:17+00:00","dateModified":"2025-06-29T18:17:53+00:00","description":"Agarre o seu pacote de boas-vindas no 888Starz! Quatro b\u00f3nus para quatro dep\u00f3sitos: at\u00e9 1500 EUR e 150 freespins est\u00e3o \u00e0 sua espera. D\u00ea o primeiro passo em dire\u00e7\u00e3o a grandes ganhos e n\u00e3o perca a oportunidade de ganhar pr\u00e9mios generosos!","breadcrumb":{"@id":"https:\/\/888starz.plus\/pt\/casino-welcome-package\/#breadcrumb"},"inLanguage":"pt-PT","potentialAction":[{"@type":"ReadAction","target":["https:\/\/888starz.plus\/pt\/casino-welcome-package\/"]}]},{"@type":"BreadcrumbList","@id":"https:\/\/888starz.plus\/pt\/casino-welcome-package\/#breadcrumb","itemListElement":[{"@type":"ListItem","position":1,"name":"B\u00f3nus","item":"https:\/\/888starz.plus\/pt\/bonuses\/"},{"@type":"ListItem","position":2,"name":"Pacote de boas-vindas do Casino"}]},{"@type":"WebSite","@id":"https:\/\/888starz.plus\/pt\/#website","url":"https:\/\/888starz.plus\/pt\/","name":"888Starz pt","description":"My WordPress Blog","potentialAction":[{"@type":"SearchAction","target":{"@type":"EntryPoint","urlTemplate":"https:\/\/888starz.plus\/pt\/?s={search_term_string}"},"query-input":{"@type":"PropertyValueSpecification","valueRequired":true,"valueName":"search_term_string"}}],"inLanguage":"pt-PT"}]}},"_links":{"self":[{"href":"https:\/\/888starz.plus\/pt\/wp-json\/wp\/v2\/pages\/869","targetHints":{"allow":["GET"]}}],"collection":[{"href":"https:\/\/888starz.plus\/pt\/wp-json\/wp\/v2\/pages"}],"about":[{"href":"https:\/\/888starz.plus\/pt\/wp-json\/wp\/v2\/types\/page"}],"author":[{"embeddable":true,"href":"https:\/\/888starz.plus\/pt\/wp-json\/wp\/v2\/users\/1"}],"replies":[{"embeddable":true,"href":"https:\/\/888starz.plus\/pt\/wp-json\/wp\/v2\/comments?post=869"}],"version-history":[{"count":3,"href":"https:\/\/888starz.plus\/pt\/wp-json\/wp\/v2\/pages\/869\/revisions"}],"predecessor-version":[{"id":902,"href":"https:\/\/888starz.plus\/pt\/wp-json\/wp\/v2\/pages\/869\/revisions\/902"}],"up":[{"embeddable":true,"href":"https:\/\/888starz.plus\/pt\/wp-json\/wp\/v2\/pages\/152"}],"wp:attachment":[{"href":"https:\/\/888starz.plus\/pt\/wp-json\/wp\/v2\/media?parent=869"}],"curies":[{"name":"wp","href":"https:\/\/api.w.org\/{rel}","templated":true}]}}