{"id":939,"date":"2025-07-16T08:32:37","date_gmt":"2025-07-16T08:32:37","guid":{"rendered":"https:\/\/888starz.plus\/?page_id=939"},"modified":"2025-11-24T06:48:00","modified_gmt":"2025-11-24T06:48:00","slug":"free-bet-in-app","status":"publish","type":"page","link":"https:\/\/888starz.plus\/pl\/bonus\/free-bet-in-app\/","title":{"rendered":"Darmowy zak\u0142ad w aplikacji"},"content":{"rendered":"","protected":false},"excerpt":{"rendered":"","protected":false},"author":1,"featured_media":0,"parent":152,"menu_order":0,"comment_status":"closed","ping_status":"closed","template":"","meta":{"inline_featured_image":false,"footnotes":""},"class_list":["post-939","page","type-page","status-publish","hentry"],"yoast_head":"<!-- This site is optimized with the Yoast SEO plugin v25.6 - https:\/\/yoast.com\/wordpress\/plugins\/seo\/ -->\n<title>Darmowy zak\u0142ad 888Starz App \u27a1 Darmowy zak\u0142ad sportowy!<\/title>\n<meta name=\"description\" content=\"Pobierz aplikacj\u0119 888Starz i otrzymaj darmowy zak\u0142ad za sam\u0105 aktywno\u015b\u0107! Postaw 10 zak\u0142ad\u00f3w o warto\u015bci co najmniej 4 PLN i otrzymaj darmowy zak\u0142ad o warto\u015bci do 20 PLN na wydarzenia sportowe! Nie przegap okazji, aby wygra\u0107 bez dodatkowego wysi\u0142ku!\" \/>\n<meta name=\"robots\" content=\"index, follow, max-snippet:-1, max-image-preview:large, max-video-preview:-1\" \/>\n<meta property=\"og:locale\" content=\"pl_PL\" \/>\n<meta property=\"og:type\" content=\"article\" \/>\n<meta property=\"og:title\" content=\"Darmowy zak\u0142ad 888Starz App \u27a1 Darmowy zak\u0142ad sportowy!\" \/>\n<meta property=\"og:description\" content=\"Pobierz aplikacj\u0119 888Starz i otrzymaj darmowy zak\u0142ad za sam\u0105 aktywno\u015b\u0107! Postaw 10 zak\u0142ad\u00f3w o warto\u015bci co najmniej 4 PLN i otrzymaj darmowy zak\u0142ad o warto\u015bci do 20 PLN na wydarzenia sportowe! Nie przegap okazji, aby wygra\u0107 bez dodatkowego wysi\u0142ku!\" \/>\n<meta property=\"og:url\" content=\"https:\/\/888starz.plus\/pl\/bonus\/free-bet-in-app\/\" \/>\n<meta property=\"og:site_name\" content=\"888Starz pl\" \/>\n<meta property=\"article:modified_time\" content=\"2025-11-24T06:48:00+00:00\" \/>\n<meta name=\"twitter:card\" content=\"summary_large_image\" \/>\n<script type=\"application\/ld+json\" class=\"yoast-schema-graph\">{\"@context\":\"https:\/\/schema.org\",\"@graph\":[{\"@type\":\"WebPage\",\"@id\":\"https:\/\/888starz.plus\/pl\/bonus\/free-bet-in-app\/\",\"url\":\"https:\/\/888starz.plus\/pl\/bonus\/free-bet-in-app\/\",\"name\":\"Darmowy zak\u0142ad 888Starz App \u27a1 Darmowy zak\u0142ad sportowy!\",\"isPartOf\":{\"@id\":\"https:\/\/888starz.plus\/pl\/#website\"},\"datePublished\":\"2025-07-16T08:32:37+00:00\",\"dateModified\":\"2025-11-24T06:48:00+00:00\",\"description\":\"Pobierz aplikacj\u0119 888Starz i otrzymaj darmowy zak\u0142ad za sam\u0105 aktywno\u015b\u0107! Postaw 10 zak\u0142ad\u00f3w o warto\u015bci co najmniej 4 PLN i otrzymaj darmowy zak\u0142ad o warto\u015bci do 20 PLN na wydarzenia sportowe! Nie przegap okazji, aby wygra\u0107 bez dodatkowego wysi\u0142ku!\",\"breadcrumb\":{\"@id\":\"https:\/\/888starz.plus\/pl\/bonus\/free-bet-in-app\/#breadcrumb\"},\"inLanguage\":\"pl-PL\",\"potentialAction\":[{\"@type\":\"ReadAction\",\"target\":[\"https:\/\/888starz.plus\/pl\/bonus\/free-bet-in-app\/\"]}]},{\"@type\":\"BreadcrumbList\",\"@id\":\"https:\/\/888starz.plus\/pl\/bonus\/free-bet-in-app\/#breadcrumb\",\"itemListElement\":[{\"@type\":\"ListItem\",\"position\":1,\"name\":\"Bonus\",\"item\":\"https:\/\/888starz.plus\/pl\/bonuses\/\"},{\"@type\":\"ListItem\",\"position\":2,\"name\":\"Darmowy zak\u0142ad w aplikacji\"}]},{\"@type\":\"WebSite\",\"@id\":\"https:\/\/888starz.plus\/pl\/#website\",\"url\":\"https:\/\/888starz.plus\/pl\/\",\"name\":\"888Starz pl\",\"description\":\"My WordPress Blog\",\"potentialAction\":[{\"@type\":\"SearchAction\",\"target\":{\"@type\":\"EntryPoint\",\"urlTemplate\":\"https:\/\/888starz.plus\/pl\/?s={search_term_string}\"},\"query-input\":{\"@type\":\"PropertyValueSpecification\",\"valueRequired\":true,\"valueName\":\"search_term_string\"}}],\"inLanguage\":\"pl-PL\"}]}<\/script>\n<!-- \/ Yoast SEO plugin. -->","yoast_head_json":{"title":"Darmowy zak\u0142ad 888Starz App \u27a1 Darmowy zak\u0142ad sportowy!","description":"Pobierz aplikacj\u0119 888Starz i otrzymaj darmowy zak\u0142ad za sam\u0105 aktywno\u015b\u0107! Postaw 10 zak\u0142ad\u00f3w o warto\u015bci co najmniej 4 PLN i otrzymaj darmowy zak\u0142ad o warto\u015bci do 20 PLN na wydarzenia sportowe! Nie przegap okazji, aby wygra\u0107 bez dodatkowego wysi\u0142ku!","robots":{"index":"index","follow":"follow","max-snippet":"max-snippet:-1","max-image-preview":"max-image-preview:large","max-video-preview":"max-video-preview:-1"},"og_locale":"pl_PL","og_type":"article","og_title":"Darmowy zak\u0142ad 888Starz App \u27a1 Darmowy zak\u0142ad sportowy!","og_description":"Pobierz aplikacj\u0119 888Starz i otrzymaj darmowy zak\u0142ad za sam\u0105 aktywno\u015b\u0107! Postaw 10 zak\u0142ad\u00f3w o warto\u015bci co najmniej 4 PLN i otrzymaj darmowy zak\u0142ad o warto\u015bci do 20 PLN na wydarzenia sportowe! Nie przegap okazji, aby wygra\u0107 bez dodatkowego wysi\u0142ku!","og_url":"https:\/\/888starz.plus\/pl\/bonus\/free-bet-in-app\/","og_site_name":"888Starz pl","article_modified_time":"2025-11-24T06:48:00+00:00","twitter_card":"summary_large_image","schema":{"@context":"https:\/\/schema.org","@graph":[{"@type":"WebPage","@id":"https:\/\/888starz.plus\/pl\/bonus\/free-bet-in-app\/","url":"https:\/\/888starz.plus\/pl\/bonus\/free-bet-in-app\/","name":"Darmowy zak\u0142ad 888Starz App \u27a1 Darmowy zak\u0142ad sportowy!","isPartOf":{"@id":"https:\/\/888starz.plus\/pl\/#website"},"datePublished":"2025-07-16T08:32:37+00:00","dateModified":"2025-11-24T06:48:00+00:00","description":"Pobierz aplikacj\u0119 888Starz i otrzymaj darmowy zak\u0142ad za sam\u0105 aktywno\u015b\u0107! Postaw 10 zak\u0142ad\u00f3w o warto\u015bci co najmniej 4 PLN i otrzymaj darmowy zak\u0142ad o warto\u015bci do 20 PLN na wydarzenia sportowe! Nie przegap okazji, aby wygra\u0107 bez dodatkowego wysi\u0142ku!","breadcrumb":{"@id":"https:\/\/888starz.plus\/pl\/bonus\/free-bet-in-app\/#breadcrumb"},"inLanguage":"pl-PL","potentialAction":[{"@type":"ReadAction","target":["https:\/\/888starz.plus\/pl\/bonus\/free-bet-in-app\/"]}]},{"@type":"BreadcrumbList","@id":"https:\/\/888starz.plus\/pl\/bonus\/free-bet-in-app\/#breadcrumb","itemListElement":[{"@type":"ListItem","position":1,"name":"Bonus","item":"https:\/\/888starz.plus\/pl\/bonuses\/"},{"@type":"ListItem","position":2,"name":"Darmowy zak\u0142ad w aplikacji"}]},{"@type":"WebSite","@id":"https:\/\/888starz.plus\/pl\/#website","url":"https:\/\/888starz.plus\/pl\/","name":"888Starz pl","description":"My WordPress Blog","potentialAction":[{"@type":"SearchAction","target":{"@type":"EntryPoint","urlTemplate":"https:\/\/888starz.plus\/pl\/?s={search_term_string}"},"query-input":{"@type":"PropertyValueSpecification","valueRequired":true,"valueName":"search_term_string"}}],"inLanguage":"pl-PL"}]}},"_links":{"self":[{"href":"https:\/\/888starz.plus\/pl\/wp-json\/wp\/v2\/pages\/939","targetHints":{"allow":["GET"]}}],"collection":[{"href":"https:\/\/888starz.plus\/pl\/wp-json\/wp\/v2\/pages"}],"about":[{"href":"https:\/\/888starz.plus\/pl\/wp-json\/wp\/v2\/types\/page"}],"author":[{"embeddable":true,"href":"https:\/\/888starz.plus\/pl\/wp-json\/wp\/v2\/users\/1"}],"replies":[{"embeddable":true,"href":"https:\/\/888starz.plus\/pl\/wp-json\/wp\/v2\/comments?post=939"}],"version-history":[{"count":2,"href":"https:\/\/888starz.plus\/pl\/wp-json\/wp\/v2\/pages\/939\/revisions"}],"predecessor-version":[{"id":980,"href":"https:\/\/888starz.plus\/pl\/wp-json\/wp\/v2\/pages\/939\/revisions\/980"}],"up":[{"embeddable":true,"href":"https:\/\/888starz.plus\/pl\/wp-json\/wp\/v2\/pages\/152"}],"wp:attachment":[{"href":"https:\/\/888starz.plus\/pl\/wp-json\/wp\/v2\/media?parent=939"}],"curies":[{"name":"wp","href":"https:\/\/api.w.org\/{rel}","templated":true}]}}