{"id":896,"date":"2025-06-20T13:22:20","date_gmt":"2025-06-20T13:22:20","guid":{"rendered":"https:\/\/888starz.plus\/?page_id=896"},"modified":"2025-07-26T05:39:54","modified_gmt":"2025-07-26T05:39:54","slug":"sunday-boom","status":"publish","type":"page","link":"https:\/\/888starz.plus\/pl\/bonus\/sunday-boom\/","title":{"rendered":"Niedzielny boom"},"content":{"rendered":"","protected":false},"excerpt":{"rendered":"","protected":false},"author":1,"featured_media":0,"parent":152,"menu_order":0,"comment_status":"closed","ping_status":"closed","template":"","meta":{"inline_featured_image":false,"footnotes":""},"class_list":["post-896","page","type-page","status-publish","hentry"],"yoast_head":"<!-- This site is optimized with the Yoast SEO plugin v25.6 - https:\/\/yoast.com\/wordpress\/plugins\/seo\/ -->\n<title>Niedzielny Boom 888Starz | Podw\u00f3jne wp\u0142aty w ka\u017cd\u0105 niedziel\u0119<\/title>\n<meta name=\"description\" content=\"Skorzystaj z naszej promocji 888Starz Sunday Boom i podwajaj sw\u00f3j depozyt w ka\u017cdy weekend! Graj na swoich ulubionych maszynach i zgarnij do 1.000 PLN w prezencie. Nie przegap szansy na wielk\u0105 wygran\u0105!\" \/>\n<meta name=\"robots\" content=\"index, follow, max-snippet:-1, max-image-preview:large, max-video-preview:-1\" \/>\n<meta property=\"og:locale\" content=\"pl_PL\" \/>\n<meta property=\"og:type\" content=\"article\" \/>\n<meta property=\"og:title\" content=\"Niedzielny Boom 888Starz | Podw\u00f3jne wp\u0142aty w ka\u017cd\u0105 niedziel\u0119\" \/>\n<meta property=\"og:description\" content=\"Skorzystaj z naszej promocji 888Starz Sunday Boom i podwajaj sw\u00f3j depozyt w ka\u017cdy weekend! Graj na swoich ulubionych maszynach i zgarnij do 1.000 PLN w prezencie. Nie przegap szansy na wielk\u0105 wygran\u0105!\" \/>\n<meta property=\"og:url\" content=\"https:\/\/888starz.plus\/pl\/bonus\/sunday-boom\/\" \/>\n<meta property=\"og:site_name\" content=\"888Starz pl\" \/>\n<meta property=\"article:modified_time\" content=\"2025-07-26T05:39:54+00:00\" \/>\n<meta name=\"twitter:card\" content=\"summary_large_image\" \/>\n<script type=\"application\/ld+json\" class=\"yoast-schema-graph\">{\"@context\":\"https:\/\/schema.org\",\"@graph\":[{\"@type\":\"WebPage\",\"@id\":\"https:\/\/888starz.plus\/pl\/bonus\/sunday-boom\/\",\"url\":\"https:\/\/888starz.plus\/pl\/bonus\/sunday-boom\/\",\"name\":\"Niedzielny Boom 888Starz | Podw\u00f3jne wp\u0142aty w ka\u017cd\u0105 niedziel\u0119\",\"isPartOf\":{\"@id\":\"https:\/\/888starz.plus\/pl\/#website\"},\"datePublished\":\"2025-06-20T13:22:20+00:00\",\"dateModified\":\"2025-07-26T05:39:54+00:00\",\"description\":\"Skorzystaj z naszej promocji 888Starz Sunday Boom i podwajaj sw\u00f3j depozyt w ka\u017cdy weekend! Graj na swoich ulubionych maszynach i zgarnij do 1.000 PLN w prezencie. Nie przegap szansy na wielk\u0105 wygran\u0105!\",\"breadcrumb\":{\"@id\":\"https:\/\/888starz.plus\/pl\/bonus\/sunday-boom\/#breadcrumb\"},\"inLanguage\":\"pl-PL\",\"potentialAction\":[{\"@type\":\"ReadAction\",\"target\":[\"https:\/\/888starz.plus\/pl\/bonus\/sunday-boom\/\"]}]},{\"@type\":\"BreadcrumbList\",\"@id\":\"https:\/\/888starz.plus\/pl\/bonus\/sunday-boom\/#breadcrumb\",\"itemListElement\":[{\"@type\":\"ListItem\",\"position\":1,\"name\":\"Bonus\",\"item\":\"https:\/\/888starz.plus\/pl\/bonuses\/\"},{\"@type\":\"ListItem\",\"position\":2,\"name\":\"Niedzielny boom\"}]},{\"@type\":\"WebSite\",\"@id\":\"https:\/\/888starz.plus\/pl\/#website\",\"url\":\"https:\/\/888starz.plus\/pl\/\",\"name\":\"888Starz pl\",\"description\":\"My WordPress Blog\",\"potentialAction\":[{\"@type\":\"SearchAction\",\"target\":{\"@type\":\"EntryPoint\",\"urlTemplate\":\"https:\/\/888starz.plus\/pl\/?s={search_term_string}\"},\"query-input\":{\"@type\":\"PropertyValueSpecification\",\"valueRequired\":true,\"valueName\":\"search_term_string\"}}],\"inLanguage\":\"pl-PL\"}]}<\/script>\n<!-- \/ Yoast SEO plugin. -->","yoast_head_json":{"title":"Niedzielny Boom 888Starz | Podw\u00f3jne wp\u0142aty w ka\u017cd\u0105 niedziel\u0119","description":"Skorzystaj z naszej promocji 888Starz Sunday Boom i podwajaj sw\u00f3j depozyt w ka\u017cdy weekend! Graj na swoich ulubionych maszynach i zgarnij do 1.000 PLN w prezencie. Nie przegap szansy na wielk\u0105 wygran\u0105!","robots":{"index":"index","follow":"follow","max-snippet":"max-snippet:-1","max-image-preview":"max-image-preview:large","max-video-preview":"max-video-preview:-1"},"og_locale":"pl_PL","og_type":"article","og_title":"Niedzielny Boom 888Starz | Podw\u00f3jne wp\u0142aty w ka\u017cd\u0105 niedziel\u0119","og_description":"Skorzystaj z naszej promocji 888Starz Sunday Boom i podwajaj sw\u00f3j depozyt w ka\u017cdy weekend! Graj na swoich ulubionych maszynach i zgarnij do 1.000 PLN w prezencie. Nie przegap szansy na wielk\u0105 wygran\u0105!","og_url":"https:\/\/888starz.plus\/pl\/bonus\/sunday-boom\/","og_site_name":"888Starz pl","article_modified_time":"2025-07-26T05:39:54+00:00","twitter_card":"summary_large_image","schema":{"@context":"https:\/\/schema.org","@graph":[{"@type":"WebPage","@id":"https:\/\/888starz.plus\/pl\/bonus\/sunday-boom\/","url":"https:\/\/888starz.plus\/pl\/bonus\/sunday-boom\/","name":"Niedzielny Boom 888Starz | Podw\u00f3jne wp\u0142aty w ka\u017cd\u0105 niedziel\u0119","isPartOf":{"@id":"https:\/\/888starz.plus\/pl\/#website"},"datePublished":"2025-06-20T13:22:20+00:00","dateModified":"2025-07-26T05:39:54+00:00","description":"Skorzystaj z naszej promocji 888Starz Sunday Boom i podwajaj sw\u00f3j depozyt w ka\u017cdy weekend! Graj na swoich ulubionych maszynach i zgarnij do 1.000 PLN w prezencie. Nie przegap szansy na wielk\u0105 wygran\u0105!","breadcrumb":{"@id":"https:\/\/888starz.plus\/pl\/bonus\/sunday-boom\/#breadcrumb"},"inLanguage":"pl-PL","potentialAction":[{"@type":"ReadAction","target":["https:\/\/888starz.plus\/pl\/bonus\/sunday-boom\/"]}]},{"@type":"BreadcrumbList","@id":"https:\/\/888starz.plus\/pl\/bonus\/sunday-boom\/#breadcrumb","itemListElement":[{"@type":"ListItem","position":1,"name":"Bonus","item":"https:\/\/888starz.plus\/pl\/bonuses\/"},{"@type":"ListItem","position":2,"name":"Niedzielny boom"}]},{"@type":"WebSite","@id":"https:\/\/888starz.plus\/pl\/#website","url":"https:\/\/888starz.plus\/pl\/","name":"888Starz pl","description":"My WordPress Blog","potentialAction":[{"@type":"SearchAction","target":{"@type":"EntryPoint","urlTemplate":"https:\/\/888starz.plus\/pl\/?s={search_term_string}"},"query-input":{"@type":"PropertyValueSpecification","valueRequired":true,"valueName":"search_term_string"}}],"inLanguage":"pl-PL"}]}},"_links":{"self":[{"href":"https:\/\/888starz.plus\/pl\/wp-json\/wp\/v2\/pages\/896","targetHints":{"allow":["GET"]}}],"collection":[{"href":"https:\/\/888starz.plus\/pl\/wp-json\/wp\/v2\/pages"}],"about":[{"href":"https:\/\/888starz.plus\/pl\/wp-json\/wp\/v2\/types\/page"}],"author":[{"embeddable":true,"href":"https:\/\/888starz.plus\/pl\/wp-json\/wp\/v2\/users\/1"}],"replies":[{"embeddable":true,"href":"https:\/\/888starz.plus\/pl\/wp-json\/wp\/v2\/comments?post=896"}],"version-history":[{"count":3,"href":"https:\/\/888starz.plus\/pl\/wp-json\/wp\/v2\/pages\/896\/revisions"}],"predecessor-version":[{"id":919,"href":"https:\/\/888starz.plus\/pl\/wp-json\/wp\/v2\/pages\/896\/revisions\/919"}],"up":[{"embeddable":true,"href":"https:\/\/888starz.plus\/pl\/wp-json\/wp\/v2\/pages\/152"}],"wp:attachment":[{"href":"https:\/\/888starz.plus\/pl\/wp-json\/wp\/v2\/media?parent=896"}],"curies":[{"name":"wp","href":"https:\/\/api.w.org\/{rel}","templated":true}]}}