{"id":545,"date":"2024-05-06T07:44:11","date_gmt":"2024-05-06T07:44:11","guid":{"rendered":"https:\/\/888starz.plus\/pl\/?page_id=545"},"modified":"2025-01-08T13:39:35","modified_gmt":"2025-01-08T13:39:35","slug":"mirror","status":"publish","type":"page","link":"https:\/\/888starz.plus\/pl\/mirror\/","title":{"rendered":"Lustro"},"content":{"rendered":"","protected":false},"excerpt":{"rendered":"","protected":false},"author":1,"featured_media":0,"parent":0,"menu_order":0,"comment_status":"closed","ping_status":"closed","template":"","meta":{"inline_featured_image":false,"footnotes":""},"class_list":["post-545","page","type-page","status-publish","hentry"],"yoast_head":"<!-- This site is optimized with the Yoast SEO plugin v25.6 - https:\/\/yoast.com\/wordpress\/plugins\/seo\/ -->\n<title>888starz Mirror | Alternatywne logowanie do oficjalnej strony internetowej<\/title>\n<meta name=\"description\" content=\"Zawsze aktualne i dzia\u0142aj\u0105ce lustro 888starz, aby zalogowa\u0107 si\u0119 na oficjalnej stronie i zarejestrowa\u0107 \u26a1 Dost\u0119p do strony 888starz i obstawianie zak\u0142ad\u00f3w online\" \/>\n<meta name=\"robots\" content=\"index, follow, max-snippet:-1, max-image-preview:large, max-video-preview:-1\" \/>\n<meta property=\"og:locale\" content=\"pl_PL\" \/>\n<meta property=\"og:type\" content=\"article\" \/>\n<meta property=\"og:title\" content=\"888starz Mirror | Alternatywne logowanie do oficjalnej strony internetowej\" \/>\n<meta property=\"og:description\" content=\"Zawsze aktualne i dzia\u0142aj\u0105ce lustro 888starz, aby zalogowa\u0107 si\u0119 na oficjalnej stronie i zarejestrowa\u0107 \u26a1 Dost\u0119p do strony 888starz i obstawianie zak\u0142ad\u00f3w online\" \/>\n<meta property=\"og:url\" content=\"https:\/\/888starz.plus\/pl\/mirror\/\" \/>\n<meta property=\"og:site_name\" content=\"888Starz pl\" \/>\n<meta property=\"article:modified_time\" content=\"2025-01-08T13:39:35+00:00\" \/>\n<meta name=\"twitter:card\" content=\"summary_large_image\" \/>\n<script type=\"application\/ld+json\" class=\"yoast-schema-graph\">{\"@context\":\"https:\/\/schema.org\",\"@graph\":[{\"@type\":\"WebPage\",\"@id\":\"https:\/\/888starz.plus\/pl\/mirror\/\",\"url\":\"https:\/\/888starz.plus\/pl\/mirror\/\",\"name\":\"888starz Mirror | Alternatywne logowanie do oficjalnej strony internetowej\",\"isPartOf\":{\"@id\":\"https:\/\/888starz.plus\/pl\/#website\"},\"datePublished\":\"2024-05-06T07:44:11+00:00\",\"dateModified\":\"2025-01-08T13:39:35+00:00\",\"description\":\"Zawsze aktualne i dzia\u0142aj\u0105ce lustro 888starz, aby zalogowa\u0107 si\u0119 na oficjalnej stronie i zarejestrowa\u0107 \u26a1 Dost\u0119p do strony 888starz i obstawianie zak\u0142ad\u00f3w online\",\"inLanguage\":\"pl-PL\",\"potentialAction\":[{\"@type\":\"ReadAction\",\"target\":[\"https:\/\/888starz.plus\/pl\/mirror\/\"]}]},{\"@type\":\"WebSite\",\"@id\":\"https:\/\/888starz.plus\/pl\/#website\",\"url\":\"https:\/\/888starz.plus\/pl\/\",\"name\":\"888Starz pl\",\"description\":\"My WordPress Blog\",\"potentialAction\":[{\"@type\":\"SearchAction\",\"target\":{\"@type\":\"EntryPoint\",\"urlTemplate\":\"https:\/\/888starz.plus\/pl\/?s={search_term_string}\"},\"query-input\":{\"@type\":\"PropertyValueSpecification\",\"valueRequired\":true,\"valueName\":\"search_term_string\"}}],\"inLanguage\":\"pl-PL\"}]}<\/script>\n<!-- \/ Yoast SEO plugin. -->","yoast_head_json":{"title":"888starz Mirror | Alternatywne logowanie do oficjalnej strony internetowej","description":"Zawsze aktualne i dzia\u0142aj\u0105ce lustro 888starz, aby zalogowa\u0107 si\u0119 na oficjalnej stronie i zarejestrowa\u0107 \u26a1 Dost\u0119p do strony 888starz i obstawianie zak\u0142ad\u00f3w online","robots":{"index":"index","follow":"follow","max-snippet":"max-snippet:-1","max-image-preview":"max-image-preview:large","max-video-preview":"max-video-preview:-1"},"og_locale":"pl_PL","og_type":"article","og_title":"888starz Mirror | Alternatywne logowanie do oficjalnej strony internetowej","og_description":"Zawsze aktualne i dzia\u0142aj\u0105ce lustro 888starz, aby zalogowa\u0107 si\u0119 na oficjalnej stronie i zarejestrowa\u0107 \u26a1 Dost\u0119p do strony 888starz i obstawianie zak\u0142ad\u00f3w online","og_url":"https:\/\/888starz.plus\/pl\/mirror\/","og_site_name":"888Starz pl","article_modified_time":"2025-01-08T13:39:35+00:00","twitter_card":"summary_large_image","schema":{"@context":"https:\/\/schema.org","@graph":[{"@type":"WebPage","@id":"https:\/\/888starz.plus\/pl\/mirror\/","url":"https:\/\/888starz.plus\/pl\/mirror\/","name":"888starz Mirror | Alternatywne logowanie do oficjalnej strony internetowej","isPartOf":{"@id":"https:\/\/888starz.plus\/pl\/#website"},"datePublished":"2024-05-06T07:44:11+00:00","dateModified":"2025-01-08T13:39:35+00:00","description":"Zawsze aktualne i dzia\u0142aj\u0105ce lustro 888starz, aby zalogowa\u0107 si\u0119 na oficjalnej stronie i zarejestrowa\u0107 \u26a1 Dost\u0119p do strony 888starz i obstawianie zak\u0142ad\u00f3w online","inLanguage":"pl-PL","potentialAction":[{"@type":"ReadAction","target":["https:\/\/888starz.plus\/pl\/mirror\/"]}]},{"@type":"WebSite","@id":"https:\/\/888starz.plus\/pl\/#website","url":"https:\/\/888starz.plus\/pl\/","name":"888Starz pl","description":"My WordPress Blog","potentialAction":[{"@type":"SearchAction","target":{"@type":"EntryPoint","urlTemplate":"https:\/\/888starz.plus\/pl\/?s={search_term_string}"},"query-input":{"@type":"PropertyValueSpecification","valueRequired":true,"valueName":"search_term_string"}}],"inLanguage":"pl-PL"}]}},"_links":{"self":[{"href":"https:\/\/888starz.plus\/pl\/wp-json\/wp\/v2\/pages\/545","targetHints":{"allow":["GET"]}}],"collection":[{"href":"https:\/\/888starz.plus\/pl\/wp-json\/wp\/v2\/pages"}],"about":[{"href":"https:\/\/888starz.plus\/pl\/wp-json\/wp\/v2\/types\/page"}],"author":[{"embeddable":true,"href":"https:\/\/888starz.plus\/pl\/wp-json\/wp\/v2\/users\/1"}],"replies":[{"embeddable":true,"href":"https:\/\/888starz.plus\/pl\/wp-json\/wp\/v2\/comments?post=545"}],"version-history":[{"count":1,"href":"https:\/\/888starz.plus\/pl\/wp-json\/wp\/v2\/pages\/545\/revisions"}],"predecessor-version":[{"id":823,"href":"https:\/\/888starz.plus\/pl\/wp-json\/wp\/v2\/pages\/545\/revisions\/823"}],"wp:attachment":[{"href":"https:\/\/888starz.plus\/pl\/wp-json\/wp\/v2\/media?parent=545"}],"curies":[{"name":"wp","href":"https:\/\/api.w.org\/{rel}","templated":true}]}}