{"id":428,"date":"2024-03-22T14:34:33","date_gmt":"2024-03-22T14:34:33","guid":{"rendered":"https:\/\/888starz.plus\/pl\/?page_id=428"},"modified":"2025-05-16T07:52:18","modified_gmt":"2025-05-16T07:52:18","slug":"registration","status":"publish","type":"page","link":"https:\/\/888starz.plus\/pl\/registration\/","title":{"rendered":"Rejestracja"},"content":{"rendered":"","protected":false},"excerpt":{"rendered":"","protected":false},"author":1,"featured_media":0,"parent":0,"menu_order":0,"comment_status":"closed","ping_status":"closed","template":"","meta":{"inline_featured_image":false,"footnotes":""},"class_list":["post-428","page","type-page","status-publish","hentry"],"yoast_head":"<!-- This site is optimized with the Yoast SEO plugin v25.6 - https:\/\/yoast.com\/wordpress\/plugins\/seo\/ -->\n<title>888Starz Rejestracja | Przewodnik po tym, jak si\u0119 zarejestrowa\u0107<\/title>\n<meta name=\"description\" content=\"Odkryj przewodnik krok po kroku dotycz\u0105cy \u0142atwej i szybkiej rejestracji w 888Starz! \ud83d\uddf8 Za\u0142\u00f3\u017c konto 888starz w 2025 \ud83d\uddf8 Zaloguj si\u0119 i zacznij obstawia\u0107 ju\u017c teraz\" \/>\n<meta name=\"robots\" content=\"index, follow, max-snippet:-1, max-image-preview:large, max-video-preview:-1\" \/>\n<meta property=\"og:locale\" content=\"pl_PL\" \/>\n<meta property=\"og:type\" content=\"article\" \/>\n<meta property=\"og:title\" content=\"888Starz Rejestracja | Przewodnik po tym, jak si\u0119 zarejestrowa\u0107\" \/>\n<meta property=\"og:description\" content=\"Odkryj przewodnik krok po kroku dotycz\u0105cy \u0142atwej i szybkiej rejestracji w 888Starz! \ud83d\uddf8 Za\u0142\u00f3\u017c konto 888starz w 2025 \ud83d\uddf8 Zaloguj si\u0119 i zacznij obstawia\u0107 ju\u017c teraz\" \/>\n<meta property=\"og:url\" content=\"https:\/\/888starz.plus\/pl\/registration\/\" \/>\n<meta property=\"og:site_name\" content=\"888Starz pl\" \/>\n<meta property=\"article:modified_time\" content=\"2025-05-16T07:52:18+00:00\" \/>\n<meta name=\"twitter:card\" content=\"summary_large_image\" \/>\n<script type=\"application\/ld+json\" class=\"yoast-schema-graph\">{\"@context\":\"https:\/\/schema.org\",\"@graph\":[{\"@type\":\"WebPage\",\"@id\":\"https:\/\/888starz.plus\/pl\/registration\/\",\"url\":\"https:\/\/888starz.plus\/pl\/registration\/\",\"name\":\"888Starz Rejestracja | Przewodnik po tym, jak si\u0119 zarejestrowa\u0107\",\"isPartOf\":{\"@id\":\"https:\/\/888starz.plus\/pl\/#website\"},\"datePublished\":\"2024-03-22T14:34:33+00:00\",\"dateModified\":\"2025-05-16T07:52:18+00:00\",\"description\":\"Odkryj przewodnik krok po kroku dotycz\u0105cy \u0142atwej i szybkiej rejestracji w 888Starz! \ud83d\uddf8 Za\u0142\u00f3\u017c konto 888starz w 2025 \ud83d\uddf8 Zaloguj si\u0119 i zacznij obstawia\u0107 ju\u017c teraz\",\"inLanguage\":\"pl-PL\",\"potentialAction\":[{\"@type\":\"ReadAction\",\"target\":[\"https:\/\/888starz.plus\/pl\/registration\/\"]}]},{\"@type\":\"WebSite\",\"@id\":\"https:\/\/888starz.plus\/pl\/#website\",\"url\":\"https:\/\/888starz.plus\/pl\/\",\"name\":\"888Starz pl\",\"description\":\"My WordPress Blog\",\"potentialAction\":[{\"@type\":\"SearchAction\",\"target\":{\"@type\":\"EntryPoint\",\"urlTemplate\":\"https:\/\/888starz.plus\/pl\/?s={search_term_string}\"},\"query-input\":{\"@type\":\"PropertyValueSpecification\",\"valueRequired\":true,\"valueName\":\"search_term_string\"}}],\"inLanguage\":\"pl-PL\"}]}<\/script>\n<!-- \/ Yoast SEO plugin. -->","yoast_head_json":{"title":"888Starz Rejestracja | Przewodnik po tym, jak si\u0119 zarejestrowa\u0107","description":"Odkryj przewodnik krok po kroku dotycz\u0105cy \u0142atwej i szybkiej rejestracji w 888Starz! \ud83d\uddf8 Za\u0142\u00f3\u017c konto 888starz w 2025 \ud83d\uddf8 Zaloguj si\u0119 i zacznij obstawia\u0107 ju\u017c teraz","robots":{"index":"index","follow":"follow","max-snippet":"max-snippet:-1","max-image-preview":"max-image-preview:large","max-video-preview":"max-video-preview:-1"},"og_locale":"pl_PL","og_type":"article","og_title":"888Starz Rejestracja | Przewodnik po tym, jak si\u0119 zarejestrowa\u0107","og_description":"Odkryj przewodnik krok po kroku dotycz\u0105cy \u0142atwej i szybkiej rejestracji w 888Starz! \ud83d\uddf8 Za\u0142\u00f3\u017c konto 888starz w 2025 \ud83d\uddf8 Zaloguj si\u0119 i zacznij obstawia\u0107 ju\u017c teraz","og_url":"https:\/\/888starz.plus\/pl\/registration\/","og_site_name":"888Starz pl","article_modified_time":"2025-05-16T07:52:18+00:00","twitter_card":"summary_large_image","schema":{"@context":"https:\/\/schema.org","@graph":[{"@type":"WebPage","@id":"https:\/\/888starz.plus\/pl\/registration\/","url":"https:\/\/888starz.plus\/pl\/registration\/","name":"888Starz Rejestracja | Przewodnik po tym, jak si\u0119 zarejestrowa\u0107","isPartOf":{"@id":"https:\/\/888starz.plus\/pl\/#website"},"datePublished":"2024-03-22T14:34:33+00:00","dateModified":"2025-05-16T07:52:18+00:00","description":"Odkryj przewodnik krok po kroku dotycz\u0105cy \u0142atwej i szybkiej rejestracji w 888Starz! \ud83d\uddf8 Za\u0142\u00f3\u017c konto 888starz w 2025 \ud83d\uddf8 Zaloguj si\u0119 i zacznij obstawia\u0107 ju\u017c teraz","inLanguage":"pl-PL","potentialAction":[{"@type":"ReadAction","target":["https:\/\/888starz.plus\/pl\/registration\/"]}]},{"@type":"WebSite","@id":"https:\/\/888starz.plus\/pl\/#website","url":"https:\/\/888starz.plus\/pl\/","name":"888Starz pl","description":"My WordPress Blog","potentialAction":[{"@type":"SearchAction","target":{"@type":"EntryPoint","urlTemplate":"https:\/\/888starz.plus\/pl\/?s={search_term_string}"},"query-input":{"@type":"PropertyValueSpecification","valueRequired":true,"valueName":"search_term_string"}}],"inLanguage":"pl-PL"}]}},"_links":{"self":[{"href":"https:\/\/888starz.plus\/pl\/wp-json\/wp\/v2\/pages\/428","targetHints":{"allow":["GET"]}}],"collection":[{"href":"https:\/\/888starz.plus\/pl\/wp-json\/wp\/v2\/pages"}],"about":[{"href":"https:\/\/888starz.plus\/pl\/wp-json\/wp\/v2\/types\/page"}],"author":[{"embeddable":true,"href":"https:\/\/888starz.plus\/pl\/wp-json\/wp\/v2\/users\/1"}],"replies":[{"embeddable":true,"href":"https:\/\/888starz.plus\/pl\/wp-json\/wp\/v2\/comments?post=428"}],"version-history":[{"count":2,"href":"https:\/\/888starz.plus\/pl\/wp-json\/wp\/v2\/pages\/428\/revisions"}],"predecessor-version":[{"id":843,"href":"https:\/\/888starz.plus\/pl\/wp-json\/wp\/v2\/pages\/428\/revisions\/843"}],"wp:attachment":[{"href":"https:\/\/888starz.plus\/pl\/wp-json\/wp\/v2\/media?parent=428"}],"curies":[{"name":"wp","href":"https:\/\/api.w.org\/{rel}","templated":true}]}}