{"id":268,"date":"2024-08-07T09:07:02","date_gmt":"2024-08-07T09:07:02","guid":{"rendered":"https:\/\/888starz.plus\/pl\/?page_id=268"},"modified":"2025-05-16T07:06:44","modified_gmt":"2025-05-16T07:06:44","slug":"app","status":"publish","type":"page","link":"https:\/\/888starz.plus\/pl\/app\/","title":{"rendered":"Aplikacja"},"content":{"rendered":"","protected":false},"excerpt":{"rendered":"","protected":false},"author":1,"featured_media":0,"parent":0,"menu_order":0,"comment_status":"closed","ping_status":"closed","template":"","meta":{"inline_featured_image":false,"footnotes":""},"class_list":["post-268","page","type-page","status-publish","hentry"],"yoast_head":"<!-- This site is optimized with the Yoast SEO plugin v25.6 - https:\/\/yoast.com\/wordpress\/plugins\/seo\/ -->\n<title>888Starz Aplikacja Pobierz \u2b50 Android i iOS za darmo<\/title>\n<meta name=\"description\" content=\"Pobierz oficjaln\u0105 aplikacj\u0119 888Starz na iOS i Androida za darmo w 2025 roku. 888Starz to przyjazna dla u\u017cytkownika aplikacja mobilna, kt\u00f3ra oferuje zar\u00f3wno us\u0142ugi kasynowe, jak i zak\u0142ady sportowe\" \/>\n<meta name=\"robots\" content=\"index, follow, max-snippet:-1, max-image-preview:large, max-video-preview:-1\" \/>\n<meta property=\"og:locale\" content=\"pl_PL\" \/>\n<meta property=\"og:type\" content=\"article\" \/>\n<meta property=\"og:title\" content=\"888Starz Aplikacja Pobierz \u2b50 Android i iOS za darmo\" \/>\n<meta property=\"og:description\" content=\"Pobierz oficjaln\u0105 aplikacj\u0119 888Starz na iOS i Androida za darmo w 2025 roku. 888Starz to przyjazna dla u\u017cytkownika aplikacja mobilna, kt\u00f3ra oferuje zar\u00f3wno us\u0142ugi kasynowe, jak i zak\u0142ady sportowe\" \/>\n<meta property=\"og:url\" content=\"https:\/\/888starz.plus\/pl\/app\/\" \/>\n<meta property=\"og:site_name\" content=\"888Starz pl\" \/>\n<meta property=\"article:modified_time\" content=\"2025-05-16T07:06:44+00:00\" \/>\n<meta name=\"twitter:card\" content=\"summary_large_image\" \/>\n<script type=\"application\/ld+json\" class=\"yoast-schema-graph\">{\"@context\":\"https:\/\/schema.org\",\"@graph\":[{\"@type\":\"WebPage\",\"@id\":\"https:\/\/888starz.plus\/pl\/app\/\",\"url\":\"https:\/\/888starz.plus\/pl\/app\/\",\"name\":\"888Starz Aplikacja Pobierz \u2b50 Android i iOS za darmo\",\"isPartOf\":{\"@id\":\"https:\/\/888starz.plus\/pl\/#website\"},\"datePublished\":\"2024-08-07T09:07:02+00:00\",\"dateModified\":\"2025-05-16T07:06:44+00:00\",\"description\":\"Pobierz oficjaln\u0105 aplikacj\u0119 888Starz na iOS i Androida za darmo w 2025 roku. 888Starz to przyjazna dla u\u017cytkownika aplikacja mobilna, kt\u00f3ra oferuje zar\u00f3wno us\u0142ugi kasynowe, jak i zak\u0142ady sportowe\",\"inLanguage\":\"pl-PL\",\"potentialAction\":[{\"@type\":\"ReadAction\",\"target\":[\"https:\/\/888starz.plus\/pl\/app\/\"]}]},{\"@type\":\"WebSite\",\"@id\":\"https:\/\/888starz.plus\/pl\/#website\",\"url\":\"https:\/\/888starz.plus\/pl\/\",\"name\":\"888Starz pl\",\"description\":\"My WordPress Blog\",\"potentialAction\":[{\"@type\":\"SearchAction\",\"target\":{\"@type\":\"EntryPoint\",\"urlTemplate\":\"https:\/\/888starz.plus\/pl\/?s={search_term_string}\"},\"query-input\":{\"@type\":\"PropertyValueSpecification\",\"valueRequired\":true,\"valueName\":\"search_term_string\"}}],\"inLanguage\":\"pl-PL\"}]}<\/script>\n<!-- \/ Yoast SEO plugin. -->","yoast_head_json":{"title":"888Starz Aplikacja Pobierz \u2b50 Android i iOS za darmo","description":"Pobierz oficjaln\u0105 aplikacj\u0119 888Starz na iOS i Androida za darmo w 2025 roku. 888Starz to przyjazna dla u\u017cytkownika aplikacja mobilna, kt\u00f3ra oferuje zar\u00f3wno us\u0142ugi kasynowe, jak i zak\u0142ady sportowe","robots":{"index":"index","follow":"follow","max-snippet":"max-snippet:-1","max-image-preview":"max-image-preview:large","max-video-preview":"max-video-preview:-1"},"og_locale":"pl_PL","og_type":"article","og_title":"888Starz Aplikacja Pobierz \u2b50 Android i iOS za darmo","og_description":"Pobierz oficjaln\u0105 aplikacj\u0119 888Starz na iOS i Androida za darmo w 2025 roku. 888Starz to przyjazna dla u\u017cytkownika aplikacja mobilna, kt\u00f3ra oferuje zar\u00f3wno us\u0142ugi kasynowe, jak i zak\u0142ady sportowe","og_url":"https:\/\/888starz.plus\/pl\/app\/","og_site_name":"888Starz pl","article_modified_time":"2025-05-16T07:06:44+00:00","twitter_card":"summary_large_image","schema":{"@context":"https:\/\/schema.org","@graph":[{"@type":"WebPage","@id":"https:\/\/888starz.plus\/pl\/app\/","url":"https:\/\/888starz.plus\/pl\/app\/","name":"888Starz Aplikacja Pobierz \u2b50 Android i iOS za darmo","isPartOf":{"@id":"https:\/\/888starz.plus\/pl\/#website"},"datePublished":"2024-08-07T09:07:02+00:00","dateModified":"2025-05-16T07:06:44+00:00","description":"Pobierz oficjaln\u0105 aplikacj\u0119 888Starz na iOS i Androida za darmo w 2025 roku. 888Starz to przyjazna dla u\u017cytkownika aplikacja mobilna, kt\u00f3ra oferuje zar\u00f3wno us\u0142ugi kasynowe, jak i zak\u0142ady sportowe","inLanguage":"pl-PL","potentialAction":[{"@type":"ReadAction","target":["https:\/\/888starz.plus\/pl\/app\/"]}]},{"@type":"WebSite","@id":"https:\/\/888starz.plus\/pl\/#website","url":"https:\/\/888starz.plus\/pl\/","name":"888Starz pl","description":"My WordPress Blog","potentialAction":[{"@type":"SearchAction","target":{"@type":"EntryPoint","urlTemplate":"https:\/\/888starz.plus\/pl\/?s={search_term_string}"},"query-input":{"@type":"PropertyValueSpecification","valueRequired":true,"valueName":"search_term_string"}}],"inLanguage":"pl-PL"}]}},"_links":{"self":[{"href":"https:\/\/888starz.plus\/pl\/wp-json\/wp\/v2\/pages\/268","targetHints":{"allow":["GET"]}}],"collection":[{"href":"https:\/\/888starz.plus\/pl\/wp-json\/wp\/v2\/pages"}],"about":[{"href":"https:\/\/888starz.plus\/pl\/wp-json\/wp\/v2\/types\/page"}],"author":[{"embeddable":true,"href":"https:\/\/888starz.plus\/pl\/wp-json\/wp\/v2\/users\/1"}],"replies":[{"embeddable":true,"href":"https:\/\/888starz.plus\/pl\/wp-json\/wp\/v2\/comments?post=268"}],"version-history":[{"count":2,"href":"https:\/\/888starz.plus\/pl\/wp-json\/wp\/v2\/pages\/268\/revisions"}],"predecessor-version":[{"id":842,"href":"https:\/\/888starz.plus\/pl\/wp-json\/wp\/v2\/pages\/268\/revisions\/842"}],"wp:attachment":[{"href":"https:\/\/888starz.plus\/pl\/wp-json\/wp\/v2\/media?parent=268"}],"curies":[{"name":"wp","href":"https:\/\/api.w.org\/{rel}","templated":true}]}}