{"id":896,"date":"2025-06-20T13:22:20","date_gmt":"2025-06-20T13:22:20","guid":{"rendered":"https:\/\/888starz.plus\/?page_id=896"},"modified":"2025-08-18T14:06:05","modified_gmt":"2025-08-18T14:06:05","slug":"sunday-boom","status":"publish","type":"page","link":"https:\/\/888starz.plus\/lv\/bonus\/sunday-boom\/","title":{"rendered":"Sv\u0113tdienas bums"},"content":{"rendered":"","protected":false},"excerpt":{"rendered":"","protected":false},"author":1,"featured_media":0,"parent":152,"menu_order":0,"comment_status":"closed","ping_status":"closed","template":"","meta":{"inline_featured_image":false,"footnotes":""},"class_list":["post-896","page","type-page","status-publish","hentry"],"yoast_head":"<!-- This site is optimized with the Yoast SEO plugin v25.6 - https:\/\/yoast.com\/wordpress\/plugins\/seo\/ -->\n<title>Sv\u0113tdienas Boom 888Starz | Dubultojiet savus depoz\u012btus katru sv\u0113tdienu!<\/title>\n<meta name=\"description\" content=\"Izmantojiet m\u016bsu 888Starz Sunday Boom akciju un dubultojiet savu depoz\u012btu katru ned\u0113\u013cas nogali! Sp\u0113l\u0113jiet savas m\u012b\u013c\u0101k\u0101s sp\u0113\u013cu autom\u0101tas un sa\u0146emiet l\u012bdz pat 300 $ k\u0101 d\u0101vanu. Neizlaidiet iesp\u0113ju laim\u0113t lielu balvu!\" \/>\n<meta name=\"robots\" content=\"index, follow, max-snippet:-1, max-image-preview:large, max-video-preview:-1\" \/>\n<meta property=\"og:locale\" content=\"lv_LV\" \/>\n<meta property=\"og:type\" content=\"article\" \/>\n<meta property=\"og:title\" content=\"Sv\u0113tdienas Boom 888Starz | Dubultojiet savus depoz\u012btus katru sv\u0113tdienu!\" \/>\n<meta property=\"og:description\" content=\"Izmantojiet m\u016bsu 888Starz Sunday Boom akciju un dubultojiet savu depoz\u012btu katru ned\u0113\u013cas nogali! Sp\u0113l\u0113jiet savas m\u012b\u013c\u0101k\u0101s sp\u0113\u013cu autom\u0101tas un sa\u0146emiet l\u012bdz pat 300 $ k\u0101 d\u0101vanu. Neizlaidiet iesp\u0113ju laim\u0113t lielu balvu!\" \/>\n<meta property=\"og:url\" content=\"https:\/\/888starz.plus\/lv\/bonus\/sunday-boom\/\" \/>\n<meta property=\"og:site_name\" content=\"888Starz lv\" \/>\n<meta property=\"article:modified_time\" content=\"2025-08-18T14:06:05+00:00\" \/>\n<meta name=\"twitter:card\" content=\"summary_large_image\" \/>\n<script type=\"application\/ld+json\" class=\"yoast-schema-graph\">{\"@context\":\"https:\/\/schema.org\",\"@graph\":[{\"@type\":\"WebPage\",\"@id\":\"https:\/\/888starz.plus\/lv\/bonus\/sunday-boom\/\",\"url\":\"https:\/\/888starz.plus\/lv\/bonus\/sunday-boom\/\",\"name\":\"Sv\u0113tdienas Boom 888Starz | Dubultojiet savus depoz\u012btus katru sv\u0113tdienu!\",\"isPartOf\":{\"@id\":\"https:\/\/888starz.plus\/lv\/#website\"},\"datePublished\":\"2025-06-20T13:22:20+00:00\",\"dateModified\":\"2025-08-18T14:06:05+00:00\",\"description\":\"Izmantojiet m\u016bsu 888Starz Sunday Boom akciju un dubultojiet savu depoz\u012btu katru ned\u0113\u013cas nogali! Sp\u0113l\u0113jiet savas m\u012b\u013c\u0101k\u0101s sp\u0113\u013cu autom\u0101tas un sa\u0146emiet l\u012bdz pat 300 $ k\u0101 d\u0101vanu. Neizlaidiet iesp\u0113ju laim\u0113t lielu balvu!\",\"breadcrumb\":{\"@id\":\"https:\/\/888starz.plus\/lv\/bonus\/sunday-boom\/#breadcrumb\"},\"inLanguage\":\"lv-LV\",\"potentialAction\":[{\"@type\":\"ReadAction\",\"target\":[\"https:\/\/888starz.plus\/lv\/bonus\/sunday-boom\/\"]}]},{\"@type\":\"BreadcrumbList\",\"@id\":\"https:\/\/888starz.plus\/lv\/bonus\/sunday-boom\/#breadcrumb\",\"itemListElement\":[{\"@type\":\"ListItem\",\"position\":1,\"name\":\"Bonuss\",\"item\":\"https:\/\/888starz.plus\/lv\/bonuses\/\"},{\"@type\":\"ListItem\",\"position\":2,\"name\":\"Sv\u0113tdienas bums\"}]},{\"@type\":\"WebSite\",\"@id\":\"https:\/\/888starz.plus\/lv\/#website\",\"url\":\"https:\/\/888starz.plus\/lv\/\",\"name\":\"888Starz lv\",\"description\":\"My WordPress Blog\",\"potentialAction\":[{\"@type\":\"SearchAction\",\"target\":{\"@type\":\"EntryPoint\",\"urlTemplate\":\"https:\/\/888starz.plus\/lv\/?s={search_term_string}\"},\"query-input\":{\"@type\":\"PropertyValueSpecification\",\"valueRequired\":true,\"valueName\":\"search_term_string\"}}],\"inLanguage\":\"lv-LV\"}]}<\/script>\n<!-- \/ Yoast SEO plugin. -->","yoast_head_json":{"title":"Sv\u0113tdienas Boom 888Starz | Dubultojiet savus depoz\u012btus katru sv\u0113tdienu!","description":"Izmantojiet m\u016bsu 888Starz Sunday Boom akciju un dubultojiet savu depoz\u012btu katru ned\u0113\u013cas nogali! Sp\u0113l\u0113jiet savas m\u012b\u013c\u0101k\u0101s sp\u0113\u013cu autom\u0101tas un sa\u0146emiet l\u012bdz pat 300 $ k\u0101 d\u0101vanu. Neizlaidiet iesp\u0113ju laim\u0113t lielu balvu!","robots":{"index":"index","follow":"follow","max-snippet":"max-snippet:-1","max-image-preview":"max-image-preview:large","max-video-preview":"max-video-preview:-1"},"og_locale":"lv_LV","og_type":"article","og_title":"Sv\u0113tdienas Boom 888Starz | Dubultojiet savus depoz\u012btus katru sv\u0113tdienu!","og_description":"Izmantojiet m\u016bsu 888Starz Sunday Boom akciju un dubultojiet savu depoz\u012btu katru ned\u0113\u013cas nogali! Sp\u0113l\u0113jiet savas m\u012b\u013c\u0101k\u0101s sp\u0113\u013cu autom\u0101tas un sa\u0146emiet l\u012bdz pat 300 $ k\u0101 d\u0101vanu. Neizlaidiet iesp\u0113ju laim\u0113t lielu balvu!","og_url":"https:\/\/888starz.plus\/lv\/bonus\/sunday-boom\/","og_site_name":"888Starz lv","article_modified_time":"2025-08-18T14:06:05+00:00","twitter_card":"summary_large_image","schema":{"@context":"https:\/\/schema.org","@graph":[{"@type":"WebPage","@id":"https:\/\/888starz.plus\/lv\/bonus\/sunday-boom\/","url":"https:\/\/888starz.plus\/lv\/bonus\/sunday-boom\/","name":"Sv\u0113tdienas Boom 888Starz | Dubultojiet savus depoz\u012btus katru sv\u0113tdienu!","isPartOf":{"@id":"https:\/\/888starz.plus\/lv\/#website"},"datePublished":"2025-06-20T13:22:20+00:00","dateModified":"2025-08-18T14:06:05+00:00","description":"Izmantojiet m\u016bsu 888Starz Sunday Boom akciju un dubultojiet savu depoz\u012btu katru ned\u0113\u013cas nogali! Sp\u0113l\u0113jiet savas m\u012b\u013c\u0101k\u0101s sp\u0113\u013cu autom\u0101tas un sa\u0146emiet l\u012bdz pat 300 $ k\u0101 d\u0101vanu. Neizlaidiet iesp\u0113ju laim\u0113t lielu balvu!","breadcrumb":{"@id":"https:\/\/888starz.plus\/lv\/bonus\/sunday-boom\/#breadcrumb"},"inLanguage":"lv-LV","potentialAction":[{"@type":"ReadAction","target":["https:\/\/888starz.plus\/lv\/bonus\/sunday-boom\/"]}]},{"@type":"BreadcrumbList","@id":"https:\/\/888starz.plus\/lv\/bonus\/sunday-boom\/#breadcrumb","itemListElement":[{"@type":"ListItem","position":1,"name":"Bonuss","item":"https:\/\/888starz.plus\/lv\/bonuses\/"},{"@type":"ListItem","position":2,"name":"Sv\u0113tdienas bums"}]},{"@type":"WebSite","@id":"https:\/\/888starz.plus\/lv\/#website","url":"https:\/\/888starz.plus\/lv\/","name":"888Starz lv","description":"My WordPress Blog","potentialAction":[{"@type":"SearchAction","target":{"@type":"EntryPoint","urlTemplate":"https:\/\/888starz.plus\/lv\/?s={search_term_string}"},"query-input":{"@type":"PropertyValueSpecification","valueRequired":true,"valueName":"search_term_string"}}],"inLanguage":"lv-LV"}]}},"_links":{"self":[{"href":"https:\/\/888starz.plus\/lv\/wp-json\/wp\/v2\/pages\/896","targetHints":{"allow":["GET"]}}],"collection":[{"href":"https:\/\/888starz.plus\/lv\/wp-json\/wp\/v2\/pages"}],"about":[{"href":"https:\/\/888starz.plus\/lv\/wp-json\/wp\/v2\/types\/page"}],"author":[{"embeddable":true,"href":"https:\/\/888starz.plus\/lv\/wp-json\/wp\/v2\/users\/1"}],"replies":[{"embeddable":true,"href":"https:\/\/888starz.plus\/lv\/wp-json\/wp\/v2\/comments?post=896"}],"version-history":[{"count":2,"href":"https:\/\/888starz.plus\/lv\/wp-json\/wp\/v2\/pages\/896\/revisions"}],"predecessor-version":[{"id":950,"href":"https:\/\/888starz.plus\/lv\/wp-json\/wp\/v2\/pages\/896\/revisions\/950"}],"up":[{"embeddable":true,"href":"https:\/\/888starz.plus\/lv\/wp-json\/wp\/v2\/pages\/152"}],"wp:attachment":[{"href":"https:\/\/888starz.plus\/lv\/wp-json\/wp\/v2\/media?parent=896"}],"curies":[{"name":"wp","href":"https:\/\/api.w.org\/{rel}","templated":true}]}}