{"id":869,"date":"2025-06-20T11:21:17","date_gmt":"2025-06-20T11:21:17","guid":{"rendered":"https:\/\/888starz.plus\/?page_id=869"},"modified":"2025-08-18T14:05:47","modified_gmt":"2025-08-18T14:05:47","slug":"casino-welcome-package","status":"publish","type":"page","link":"https:\/\/888starz.plus\/lv\/bonus\/casino-welcome-package\/","title":{"rendered":"Kazino sagaid\u012b\u0161anas pakete"},"content":{"rendered":"","protected":false},"excerpt":{"rendered":"","protected":false},"author":1,"featured_media":0,"parent":152,"menu_order":0,"comment_status":"closed","ping_status":"closed","template":"","meta":{"inline_featured_image":false,"footnotes":""},"class_list":["post-869","page","type-page","status-publish","hentry"],"yoast_head":"<!-- This site is optimized with the Yoast SEO plugin v25.6 - https:\/\/yoast.com\/wordpress\/plugins\/seo\/ -->\n<title>888Starz kazino sagaid\u012b\u0161anas pakete | L\u012bdz 1500 EUR + 150 FS<\/title>\n<meta name=\"description\" content=\"Sa\u0146emiet savu sveicienu paketi 888Starz! \u010cetri bonusi par \u010detriem depoz\u012btiem: l\u012bdz pat 1500 EUR un 150 bezmaksas griezieni gaida j\u016bs. Speriet pirmo soli pret\u012b liel\u0101m uzvar\u0101m un nepalaidiet gar\u0101m savu iesp\u0113ju sa\u0146emt d\u0101snas balvas!\" \/>\n<meta name=\"robots\" content=\"index, follow, max-snippet:-1, max-image-preview:large, max-video-preview:-1\" \/>\n<meta property=\"og:locale\" content=\"lv_LV\" \/>\n<meta property=\"og:type\" content=\"article\" \/>\n<meta property=\"og:title\" content=\"888Starz kazino sagaid\u012b\u0161anas pakete | L\u012bdz 1500 EUR + 150 FS\" \/>\n<meta property=\"og:description\" content=\"Sa\u0146emiet savu sveicienu paketi 888Starz! \u010cetri bonusi par \u010detriem depoz\u012btiem: l\u012bdz pat 1500 EUR un 150 bezmaksas griezieni gaida j\u016bs. Speriet pirmo soli pret\u012b liel\u0101m uzvar\u0101m un nepalaidiet gar\u0101m savu iesp\u0113ju sa\u0146emt d\u0101snas balvas!\" \/>\n<meta property=\"og:url\" content=\"https:\/\/888starz.plus\/lv\/bonus\/casino-welcome-package\/\" \/>\n<meta property=\"og:site_name\" content=\"888Starz lv\" \/>\n<meta property=\"article:modified_time\" content=\"2025-08-18T14:05:47+00:00\" \/>\n<meta name=\"twitter:card\" content=\"summary_large_image\" \/>\n<script type=\"application\/ld+json\" class=\"yoast-schema-graph\">{\"@context\":\"https:\/\/schema.org\",\"@graph\":[{\"@type\":\"WebPage\",\"@id\":\"https:\/\/888starz.plus\/lv\/bonus\/casino-welcome-package\/\",\"url\":\"https:\/\/888starz.plus\/lv\/bonus\/casino-welcome-package\/\",\"name\":\"888Starz kazino sagaid\u012b\u0161anas pakete | L\u012bdz 1500 EUR + 150 FS\",\"isPartOf\":{\"@id\":\"https:\/\/888starz.plus\/lv\/#website\"},\"datePublished\":\"2025-06-20T11:21:17+00:00\",\"dateModified\":\"2025-08-18T14:05:47+00:00\",\"description\":\"Sa\u0146emiet savu sveicienu paketi 888Starz! \u010cetri bonusi par \u010detriem depoz\u012btiem: l\u012bdz pat 1500 EUR un 150 bezmaksas griezieni gaida j\u016bs. Speriet pirmo soli pret\u012b liel\u0101m uzvar\u0101m un nepalaidiet gar\u0101m savu iesp\u0113ju sa\u0146emt d\u0101snas balvas!\",\"breadcrumb\":{\"@id\":\"https:\/\/888starz.plus\/lv\/bonus\/casino-welcome-package\/#breadcrumb\"},\"inLanguage\":\"lv-LV\",\"potentialAction\":[{\"@type\":\"ReadAction\",\"target\":[\"https:\/\/888starz.plus\/lv\/bonus\/casino-welcome-package\/\"]}]},{\"@type\":\"BreadcrumbList\",\"@id\":\"https:\/\/888starz.plus\/lv\/bonus\/casino-welcome-package\/#breadcrumb\",\"itemListElement\":[{\"@type\":\"ListItem\",\"position\":1,\"name\":\"Bonuss\",\"item\":\"https:\/\/888starz.plus\/lv\/bonuses\/\"},{\"@type\":\"ListItem\",\"position\":2,\"name\":\"Kazino sagaid\u012b\u0161anas pakete\"}]},{\"@type\":\"WebSite\",\"@id\":\"https:\/\/888starz.plus\/lv\/#website\",\"url\":\"https:\/\/888starz.plus\/lv\/\",\"name\":\"888Starz lv\",\"description\":\"My WordPress Blog\",\"potentialAction\":[{\"@type\":\"SearchAction\",\"target\":{\"@type\":\"EntryPoint\",\"urlTemplate\":\"https:\/\/888starz.plus\/lv\/?s={search_term_string}\"},\"query-input\":{\"@type\":\"PropertyValueSpecification\",\"valueRequired\":true,\"valueName\":\"search_term_string\"}}],\"inLanguage\":\"lv-LV\"}]}<\/script>\n<!-- \/ Yoast SEO plugin. -->","yoast_head_json":{"title":"888Starz kazino sagaid\u012b\u0161anas pakete | L\u012bdz 1500 EUR + 150 FS","description":"Sa\u0146emiet savu sveicienu paketi 888Starz! \u010cetri bonusi par \u010detriem depoz\u012btiem: l\u012bdz pat 1500 EUR un 150 bezmaksas griezieni gaida j\u016bs. Speriet pirmo soli pret\u012b liel\u0101m uzvar\u0101m un nepalaidiet gar\u0101m savu iesp\u0113ju sa\u0146emt d\u0101snas balvas!","robots":{"index":"index","follow":"follow","max-snippet":"max-snippet:-1","max-image-preview":"max-image-preview:large","max-video-preview":"max-video-preview:-1"},"og_locale":"lv_LV","og_type":"article","og_title":"888Starz kazino sagaid\u012b\u0161anas pakete | L\u012bdz 1500 EUR + 150 FS","og_description":"Sa\u0146emiet savu sveicienu paketi 888Starz! \u010cetri bonusi par \u010detriem depoz\u012btiem: l\u012bdz pat 1500 EUR un 150 bezmaksas griezieni gaida j\u016bs. Speriet pirmo soli pret\u012b liel\u0101m uzvar\u0101m un nepalaidiet gar\u0101m savu iesp\u0113ju sa\u0146emt d\u0101snas balvas!","og_url":"https:\/\/888starz.plus\/lv\/bonus\/casino-welcome-package\/","og_site_name":"888Starz lv","article_modified_time":"2025-08-18T14:05:47+00:00","twitter_card":"summary_large_image","schema":{"@context":"https:\/\/schema.org","@graph":[{"@type":"WebPage","@id":"https:\/\/888starz.plus\/lv\/bonus\/casino-welcome-package\/","url":"https:\/\/888starz.plus\/lv\/bonus\/casino-welcome-package\/","name":"888Starz kazino sagaid\u012b\u0161anas pakete | L\u012bdz 1500 EUR + 150 FS","isPartOf":{"@id":"https:\/\/888starz.plus\/lv\/#website"},"datePublished":"2025-06-20T11:21:17+00:00","dateModified":"2025-08-18T14:05:47+00:00","description":"Sa\u0146emiet savu sveicienu paketi 888Starz! \u010cetri bonusi par \u010detriem depoz\u012btiem: l\u012bdz pat 1500 EUR un 150 bezmaksas griezieni gaida j\u016bs. Speriet pirmo soli pret\u012b liel\u0101m uzvar\u0101m un nepalaidiet gar\u0101m savu iesp\u0113ju sa\u0146emt d\u0101snas balvas!","breadcrumb":{"@id":"https:\/\/888starz.plus\/lv\/bonus\/casino-welcome-package\/#breadcrumb"},"inLanguage":"lv-LV","potentialAction":[{"@type":"ReadAction","target":["https:\/\/888starz.plus\/lv\/bonus\/casino-welcome-package\/"]}]},{"@type":"BreadcrumbList","@id":"https:\/\/888starz.plus\/lv\/bonus\/casino-welcome-package\/#breadcrumb","itemListElement":[{"@type":"ListItem","position":1,"name":"Bonuss","item":"https:\/\/888starz.plus\/lv\/bonuses\/"},{"@type":"ListItem","position":2,"name":"Kazino sagaid\u012b\u0161anas pakete"}]},{"@type":"WebSite","@id":"https:\/\/888starz.plus\/lv\/#website","url":"https:\/\/888starz.plus\/lv\/","name":"888Starz lv","description":"My WordPress Blog","potentialAction":[{"@type":"SearchAction","target":{"@type":"EntryPoint","urlTemplate":"https:\/\/888starz.plus\/lv\/?s={search_term_string}"},"query-input":{"@type":"PropertyValueSpecification","valueRequired":true,"valueName":"search_term_string"}}],"inLanguage":"lv-LV"}]}},"_links":{"self":[{"href":"https:\/\/888starz.plus\/lv\/wp-json\/wp\/v2\/pages\/869","targetHints":{"allow":["GET"]}}],"collection":[{"href":"https:\/\/888starz.plus\/lv\/wp-json\/wp\/v2\/pages"}],"about":[{"href":"https:\/\/888starz.plus\/lv\/wp-json\/wp\/v2\/types\/page"}],"author":[{"embeddable":true,"href":"https:\/\/888starz.plus\/lv\/wp-json\/wp\/v2\/users\/1"}],"replies":[{"embeddable":true,"href":"https:\/\/888starz.plus\/lv\/wp-json\/wp\/v2\/comments?post=869"}],"version-history":[{"count":2,"href":"https:\/\/888starz.plus\/lv\/wp-json\/wp\/v2\/pages\/869\/revisions"}],"predecessor-version":[{"id":942,"href":"https:\/\/888starz.plus\/lv\/wp-json\/wp\/v2\/pages\/869\/revisions\/942"}],"up":[{"embeddable":true,"href":"https:\/\/888starz.plus\/lv\/wp-json\/wp\/v2\/pages\/152"}],"wp:attachment":[{"href":"https:\/\/888starz.plus\/lv\/wp-json\/wp\/v2\/media?parent=869"}],"curies":[{"name":"wp","href":"https:\/\/api.w.org\/{rel}","templated":true}]}}