{"id":732,"date":"2024-09-03T09:59:34","date_gmt":"2024-09-03T09:59:34","guid":{"rendered":"https:\/\/888starz.plus\/lv\/?page_id=732"},"modified":"2024-12-27T11:57:37","modified_gmt":"2024-12-27T11:57:37","slug":"apk","status":"publish","type":"page","link":"https:\/\/888starz.plus\/lv\/apk\/","title":{"rendered":"Apk"},"content":{"rendered":"","protected":false},"excerpt":{"rendered":"","protected":false},"author":1,"featured_media":0,"parent":0,"menu_order":0,"comment_status":"closed","ping_status":"closed","template":"","meta":{"inline_featured_image":false,"footnotes":""},"class_list":["post-732","page","type-page","status-publish","hentry"],"yoast_head":"<!-- This site is optimized with the Yoast SEO plugin v25.6 - https:\/\/yoast.com\/wordpress\/plugins\/seo\/ -->\n<title>Lejupiel\u0101d\u0113t 888starz APK Android | Ofici\u0101l\u0101 888Starz Site<\/title>\n<meta name=\"description\" content=\"888Starz Apk ir \u013coti \u0113rta mobil\u0101 versija viedt\u0101lru\u0146u lietot\u0101jiem. Bezmaksas lejupiel\u0101d\u0113t 888starz Apk Android un IOS ier\u012bc\u0113m.\" \/>\n<meta name=\"robots\" content=\"index, follow, max-snippet:-1, max-image-preview:large, max-video-preview:-1\" \/>\n<meta property=\"og:locale\" content=\"lv_LV\" \/>\n<meta property=\"og:type\" content=\"article\" \/>\n<meta property=\"og:title\" content=\"Lejupiel\u0101d\u0113t 888starz APK Android | Ofici\u0101l\u0101 888Starz Site\" \/>\n<meta property=\"og:description\" content=\"888Starz Apk ir \u013coti \u0113rta mobil\u0101 versija viedt\u0101lru\u0146u lietot\u0101jiem. Bezmaksas lejupiel\u0101d\u0113t 888starz Apk Android un IOS ier\u012bc\u0113m.\" \/>\n<meta property=\"og:url\" content=\"https:\/\/888starz.plus\/lv\/apk\/\" \/>\n<meta property=\"og:site_name\" content=\"888Starz lv\" \/>\n<meta property=\"article:modified_time\" content=\"2024-12-27T11:57:37+00:00\" \/>\n<meta name=\"twitter:card\" content=\"summary_large_image\" \/>\n<script type=\"application\/ld+json\" class=\"yoast-schema-graph\">{\"@context\":\"https:\/\/schema.org\",\"@graph\":[{\"@type\":\"WebPage\",\"@id\":\"https:\/\/888starz.plus\/lv\/apk\/\",\"url\":\"https:\/\/888starz.plus\/lv\/apk\/\",\"name\":\"Lejupiel\u0101d\u0113t 888starz APK Android | Ofici\u0101l\u0101 888Starz Site\",\"isPartOf\":{\"@id\":\"https:\/\/888starz.plus\/lv\/#website\"},\"datePublished\":\"2024-09-03T09:59:34+00:00\",\"dateModified\":\"2024-12-27T11:57:37+00:00\",\"description\":\"888Starz Apk ir \u013coti \u0113rta mobil\u0101 versija viedt\u0101lru\u0146u lietot\u0101jiem. Bezmaksas lejupiel\u0101d\u0113t 888starz Apk Android un IOS ier\u012bc\u0113m.\",\"inLanguage\":\"lv-LV\",\"potentialAction\":[{\"@type\":\"ReadAction\",\"target\":[\"https:\/\/888starz.plus\/lv\/apk\/\"]}]},{\"@type\":\"WebSite\",\"@id\":\"https:\/\/888starz.plus\/lv\/#website\",\"url\":\"https:\/\/888starz.plus\/lv\/\",\"name\":\"888Starz lv\",\"description\":\"My WordPress Blog\",\"potentialAction\":[{\"@type\":\"SearchAction\",\"target\":{\"@type\":\"EntryPoint\",\"urlTemplate\":\"https:\/\/888starz.plus\/lv\/?s={search_term_string}\"},\"query-input\":{\"@type\":\"PropertyValueSpecification\",\"valueRequired\":true,\"valueName\":\"search_term_string\"}}],\"inLanguage\":\"lv-LV\"}]}<\/script>\n<!-- \/ Yoast SEO plugin. -->","yoast_head_json":{"title":"Lejupiel\u0101d\u0113t 888starz APK Android | Ofici\u0101l\u0101 888Starz Site","description":"888Starz Apk ir \u013coti \u0113rta mobil\u0101 versija viedt\u0101lru\u0146u lietot\u0101jiem. Bezmaksas lejupiel\u0101d\u0113t 888starz Apk Android un IOS ier\u012bc\u0113m.","robots":{"index":"index","follow":"follow","max-snippet":"max-snippet:-1","max-image-preview":"max-image-preview:large","max-video-preview":"max-video-preview:-1"},"og_locale":"lv_LV","og_type":"article","og_title":"Lejupiel\u0101d\u0113t 888starz APK Android | Ofici\u0101l\u0101 888Starz Site","og_description":"888Starz Apk ir \u013coti \u0113rta mobil\u0101 versija viedt\u0101lru\u0146u lietot\u0101jiem. Bezmaksas lejupiel\u0101d\u0113t 888starz Apk Android un IOS ier\u012bc\u0113m.","og_url":"https:\/\/888starz.plus\/lv\/apk\/","og_site_name":"888Starz lv","article_modified_time":"2024-12-27T11:57:37+00:00","twitter_card":"summary_large_image","schema":{"@context":"https:\/\/schema.org","@graph":[{"@type":"WebPage","@id":"https:\/\/888starz.plus\/lv\/apk\/","url":"https:\/\/888starz.plus\/lv\/apk\/","name":"Lejupiel\u0101d\u0113t 888starz APK Android | Ofici\u0101l\u0101 888Starz Site","isPartOf":{"@id":"https:\/\/888starz.plus\/lv\/#website"},"datePublished":"2024-09-03T09:59:34+00:00","dateModified":"2024-12-27T11:57:37+00:00","description":"888Starz Apk ir \u013coti \u0113rta mobil\u0101 versija viedt\u0101lru\u0146u lietot\u0101jiem. Bezmaksas lejupiel\u0101d\u0113t 888starz Apk Android un IOS ier\u012bc\u0113m.","inLanguage":"lv-LV","potentialAction":[{"@type":"ReadAction","target":["https:\/\/888starz.plus\/lv\/apk\/"]}]},{"@type":"WebSite","@id":"https:\/\/888starz.plus\/lv\/#website","url":"https:\/\/888starz.plus\/lv\/","name":"888Starz lv","description":"My WordPress Blog","potentialAction":[{"@type":"SearchAction","target":{"@type":"EntryPoint","urlTemplate":"https:\/\/888starz.plus\/lv\/?s={search_term_string}"},"query-input":{"@type":"PropertyValueSpecification","valueRequired":true,"valueName":"search_term_string"}}],"inLanguage":"lv-LV"}]}},"_links":{"self":[{"href":"https:\/\/888starz.plus\/lv\/wp-json\/wp\/v2\/pages\/732","targetHints":{"allow":["GET"]}}],"collection":[{"href":"https:\/\/888starz.plus\/lv\/wp-json\/wp\/v2\/pages"}],"about":[{"href":"https:\/\/888starz.plus\/lv\/wp-json\/wp\/v2\/types\/page"}],"author":[{"embeddable":true,"href":"https:\/\/888starz.plus\/lv\/wp-json\/wp\/v2\/users\/1"}],"replies":[{"embeddable":true,"href":"https:\/\/888starz.plus\/lv\/wp-json\/wp\/v2\/comments?post=732"}],"version-history":[{"count":1,"href":"https:\/\/888starz.plus\/lv\/wp-json\/wp\/v2\/pages\/732\/revisions"}],"predecessor-version":[{"id":795,"href":"https:\/\/888starz.plus\/lv\/wp-json\/wp\/v2\/pages\/732\/revisions\/795"}],"wp:attachment":[{"href":"https:\/\/888starz.plus\/lv\/wp-json\/wp\/v2\/media?parent=732"}],"curies":[{"name":"wp","href":"https:\/\/api.w.org\/{rel}","templated":true}]}}