{"id":637,"date":"2024-06-25T06:07:05","date_gmt":"2024-06-25T06:07:05","guid":{"rendered":"https:\/\/888starz.plus\/lv\/?page_id=637"},"modified":"2024-12-27T17:18:41","modified_gmt":"2024-12-27T17:18:41","slug":"login","status":"publish","type":"page","link":"https:\/\/888starz.plus\/lv\/login\/","title":{"rendered":"Pieteik\u0161an\u0101s"},"content":{"rendered":"","protected":false},"excerpt":{"rendered":"","protected":false},"author":1,"featured_media":0,"parent":0,"menu_order":0,"comment_status":"closed","ping_status":"closed","template":"","meta":{"inline_featured_image":false,"footnotes":""},"class_list":["post-637","page","type-page","status-publish","hentry"],"yoast_head":"<!-- This site is optimized with the Yoast SEO plugin v25.6 - https:\/\/yoast.com\/wordpress\/plugins\/seo\/ -->\n<title>888Starz Ien\u0101kt \ud83d\udd34 Rokasgr\u0101mata, k\u0101 pierakst\u012bties<\/title>\n<meta name=\"description\" content=\"Ielogojieties sav\u0101 888Starz kont\u0101, izmantojot e-pastu un paroli - Piek\u013cuve ofici\u0101lajai vietnei - Veiciet likmes uz visiem sporta veidiem 888Starz tie\u0161saistes der\u012bbu platform\u0101.\" \/>\n<meta name=\"robots\" content=\"index, follow, max-snippet:-1, max-image-preview:large, max-video-preview:-1\" \/>\n<meta property=\"og:locale\" content=\"lv_LV\" \/>\n<meta property=\"og:type\" content=\"article\" \/>\n<meta property=\"og:title\" content=\"888Starz Ien\u0101kt \ud83d\udd34 Rokasgr\u0101mata, k\u0101 pierakst\u012bties\" \/>\n<meta property=\"og:description\" content=\"Ielogojieties sav\u0101 888Starz kont\u0101, izmantojot e-pastu un paroli - Piek\u013cuve ofici\u0101lajai vietnei - Veiciet likmes uz visiem sporta veidiem 888Starz tie\u0161saistes der\u012bbu platform\u0101.\" \/>\n<meta property=\"og:url\" content=\"https:\/\/888starz.plus\/lv\/login\/\" \/>\n<meta property=\"og:site_name\" content=\"888Starz lv\" \/>\n<meta property=\"article:modified_time\" content=\"2024-12-27T17:18:41+00:00\" \/>\n<meta name=\"twitter:card\" content=\"summary_large_image\" \/>\n<script type=\"application\/ld+json\" class=\"yoast-schema-graph\">{\"@context\":\"https:\/\/schema.org\",\"@graph\":[{\"@type\":\"WebPage\",\"@id\":\"https:\/\/888starz.plus\/lv\/login\/\",\"url\":\"https:\/\/888starz.plus\/lv\/login\/\",\"name\":\"888Starz Ien\u0101kt \ud83d\udd34 Rokasgr\u0101mata, k\u0101 pierakst\u012bties\",\"isPartOf\":{\"@id\":\"https:\/\/888starz.plus\/lv\/#website\"},\"datePublished\":\"2024-06-25T06:07:05+00:00\",\"dateModified\":\"2024-12-27T17:18:41+00:00\",\"description\":\"Ielogojieties sav\u0101 888Starz kont\u0101, izmantojot e-pastu un paroli - Piek\u013cuve ofici\u0101lajai vietnei - Veiciet likmes uz visiem sporta veidiem 888Starz tie\u0161saistes der\u012bbu platform\u0101.\",\"inLanguage\":\"lv-LV\",\"potentialAction\":[{\"@type\":\"ReadAction\",\"target\":[\"https:\/\/888starz.plus\/lv\/login\/\"]}]},{\"@type\":\"WebSite\",\"@id\":\"https:\/\/888starz.plus\/lv\/#website\",\"url\":\"https:\/\/888starz.plus\/lv\/\",\"name\":\"888Starz lv\",\"description\":\"My WordPress Blog\",\"potentialAction\":[{\"@type\":\"SearchAction\",\"target\":{\"@type\":\"EntryPoint\",\"urlTemplate\":\"https:\/\/888starz.plus\/lv\/?s={search_term_string}\"},\"query-input\":{\"@type\":\"PropertyValueSpecification\",\"valueRequired\":true,\"valueName\":\"search_term_string\"}}],\"inLanguage\":\"lv-LV\"}]}<\/script>\n<!-- \/ Yoast SEO plugin. -->","yoast_head_json":{"title":"888Starz Ien\u0101kt \ud83d\udd34 Rokasgr\u0101mata, k\u0101 pierakst\u012bties","description":"Ielogojieties sav\u0101 888Starz kont\u0101, izmantojot e-pastu un paroli - Piek\u013cuve ofici\u0101lajai vietnei - Veiciet likmes uz visiem sporta veidiem 888Starz tie\u0161saistes der\u012bbu platform\u0101.","robots":{"index":"index","follow":"follow","max-snippet":"max-snippet:-1","max-image-preview":"max-image-preview:large","max-video-preview":"max-video-preview:-1"},"og_locale":"lv_LV","og_type":"article","og_title":"888Starz Ien\u0101kt \ud83d\udd34 Rokasgr\u0101mata, k\u0101 pierakst\u012bties","og_description":"Ielogojieties sav\u0101 888Starz kont\u0101, izmantojot e-pastu un paroli - Piek\u013cuve ofici\u0101lajai vietnei - Veiciet likmes uz visiem sporta veidiem 888Starz tie\u0161saistes der\u012bbu platform\u0101.","og_url":"https:\/\/888starz.plus\/lv\/login\/","og_site_name":"888Starz lv","article_modified_time":"2024-12-27T17:18:41+00:00","twitter_card":"summary_large_image","schema":{"@context":"https:\/\/schema.org","@graph":[{"@type":"WebPage","@id":"https:\/\/888starz.plus\/lv\/login\/","url":"https:\/\/888starz.plus\/lv\/login\/","name":"888Starz Ien\u0101kt \ud83d\udd34 Rokasgr\u0101mata, k\u0101 pierakst\u012bties","isPartOf":{"@id":"https:\/\/888starz.plus\/lv\/#website"},"datePublished":"2024-06-25T06:07:05+00:00","dateModified":"2024-12-27T17:18:41+00:00","description":"Ielogojieties sav\u0101 888Starz kont\u0101, izmantojot e-pastu un paroli - Piek\u013cuve ofici\u0101lajai vietnei - Veiciet likmes uz visiem sporta veidiem 888Starz tie\u0161saistes der\u012bbu platform\u0101.","inLanguage":"lv-LV","potentialAction":[{"@type":"ReadAction","target":["https:\/\/888starz.plus\/lv\/login\/"]}]},{"@type":"WebSite","@id":"https:\/\/888starz.plus\/lv\/#website","url":"https:\/\/888starz.plus\/lv\/","name":"888Starz lv","description":"My WordPress Blog","potentialAction":[{"@type":"SearchAction","target":{"@type":"EntryPoint","urlTemplate":"https:\/\/888starz.plus\/lv\/?s={search_term_string}"},"query-input":{"@type":"PropertyValueSpecification","valueRequired":true,"valueName":"search_term_string"}}],"inLanguage":"lv-LV"}]}},"_links":{"self":[{"href":"https:\/\/888starz.plus\/lv\/wp-json\/wp\/v2\/pages\/637","targetHints":{"allow":["GET"]}}],"collection":[{"href":"https:\/\/888starz.plus\/lv\/wp-json\/wp\/v2\/pages"}],"about":[{"href":"https:\/\/888starz.plus\/lv\/wp-json\/wp\/v2\/types\/page"}],"author":[{"embeddable":true,"href":"https:\/\/888starz.plus\/lv\/wp-json\/wp\/v2\/users\/1"}],"replies":[{"embeddable":true,"href":"https:\/\/888starz.plus\/lv\/wp-json\/wp\/v2\/comments?post=637"}],"version-history":[{"count":1,"href":"https:\/\/888starz.plus\/lv\/wp-json\/wp\/v2\/pages\/637\/revisions"}],"predecessor-version":[{"id":827,"href":"https:\/\/888starz.plus\/lv\/wp-json\/wp\/v2\/pages\/637\/revisions\/827"}],"wp:attachment":[{"href":"https:\/\/888starz.plus\/lv\/wp-json\/wp\/v2\/media?parent=637"}],"curies":[{"name":"wp","href":"https:\/\/api.w.org\/{rel}","templated":true}]}}