{"id":580,"date":"2024-05-06T13:38:46","date_gmt":"2024-05-06T13:38:46","guid":{"rendered":"https:\/\/888starz.plus\/lv\/?page_id=580"},"modified":"2024-12-27T12:21:32","modified_gmt":"2024-12-27T12:21:32","slug":"casino","status":"publish","type":"page","link":"https:\/\/888starz.plus\/lv\/casino\/","title":{"rendered":"Kazino"},"content":{"rendered":"","protected":false},"excerpt":{"rendered":"","protected":false},"author":1,"featured_media":0,"parent":0,"menu_order":0,"comment_status":"closed","ping_status":"closed","template":"","meta":{"inline_featured_image":false,"footnotes":""},"class_list":["post-580","page","type-page","status-publish","hentry"],"yoast_head":"<!-- This site is optimized with the Yoast SEO plugin v25.6 - https:\/\/yoast.com\/wordpress\/plugins\/seo\/ -->\n<title>888Starz kazino \u2b50 bonuss<\/title>\n<meta name=\"description\" content=\"Atkl\u0101jiet 888Starz kazino, kur j\u016bs gaida pla\u0161s kazino sp\u0113\u013cu un sp\u0113\u013cu autom\u0101tu kl\u0101sts. Sa\u0146emiet savu bonusu jau tagad!\" \/>\n<meta name=\"robots\" content=\"index, follow, max-snippet:-1, max-image-preview:large, max-video-preview:-1\" \/>\n<meta property=\"og:locale\" content=\"lv_LV\" \/>\n<meta property=\"og:type\" content=\"article\" \/>\n<meta property=\"og:title\" content=\"888Starz kazino \u2b50 bonuss\" \/>\n<meta property=\"og:description\" content=\"Atkl\u0101jiet 888Starz kazino, kur j\u016bs gaida pla\u0161s kazino sp\u0113\u013cu un sp\u0113\u013cu autom\u0101tu kl\u0101sts. Sa\u0146emiet savu bonusu jau tagad!\" \/>\n<meta property=\"og:url\" content=\"https:\/\/888starz.plus\/lv\/casino\/\" \/>\n<meta property=\"og:site_name\" content=\"888Starz lv\" \/>\n<meta property=\"article:modified_time\" content=\"2024-12-27T12:21:32+00:00\" \/>\n<meta name=\"twitter:card\" content=\"summary_large_image\" \/>\n<script type=\"application\/ld+json\" class=\"yoast-schema-graph\">{\"@context\":\"https:\/\/schema.org\",\"@graph\":[{\"@type\":\"WebPage\",\"@id\":\"https:\/\/888starz.plus\/lv\/casino\/\",\"url\":\"https:\/\/888starz.plus\/lv\/casino\/\",\"name\":\"888Starz kazino \u2b50 bonuss\",\"isPartOf\":{\"@id\":\"https:\/\/888starz.plus\/lv\/#website\"},\"datePublished\":\"2024-05-06T13:38:46+00:00\",\"dateModified\":\"2024-12-27T12:21:32+00:00\",\"description\":\"Atkl\u0101jiet 888Starz kazino, kur j\u016bs gaida pla\u0161s kazino sp\u0113\u013cu un sp\u0113\u013cu autom\u0101tu kl\u0101sts. Sa\u0146emiet savu bonusu jau tagad!\",\"inLanguage\":\"lv-LV\",\"potentialAction\":[{\"@type\":\"ReadAction\",\"target\":[\"https:\/\/888starz.plus\/lv\/casino\/\"]}]},{\"@type\":\"WebSite\",\"@id\":\"https:\/\/888starz.plus\/lv\/#website\",\"url\":\"https:\/\/888starz.plus\/lv\/\",\"name\":\"888Starz lv\",\"description\":\"My WordPress Blog\",\"potentialAction\":[{\"@type\":\"SearchAction\",\"target\":{\"@type\":\"EntryPoint\",\"urlTemplate\":\"https:\/\/888starz.plus\/lv\/?s={search_term_string}\"},\"query-input\":{\"@type\":\"PropertyValueSpecification\",\"valueRequired\":true,\"valueName\":\"search_term_string\"}}],\"inLanguage\":\"lv-LV\"}]}<\/script>\n<!-- \/ Yoast SEO plugin. -->","yoast_head_json":{"title":"888Starz kazino \u2b50 bonuss","description":"Atkl\u0101jiet 888Starz kazino, kur j\u016bs gaida pla\u0161s kazino sp\u0113\u013cu un sp\u0113\u013cu autom\u0101tu kl\u0101sts. Sa\u0146emiet savu bonusu jau tagad!","robots":{"index":"index","follow":"follow","max-snippet":"max-snippet:-1","max-image-preview":"max-image-preview:large","max-video-preview":"max-video-preview:-1"},"og_locale":"lv_LV","og_type":"article","og_title":"888Starz kazino \u2b50 bonuss","og_description":"Atkl\u0101jiet 888Starz kazino, kur j\u016bs gaida pla\u0161s kazino sp\u0113\u013cu un sp\u0113\u013cu autom\u0101tu kl\u0101sts. Sa\u0146emiet savu bonusu jau tagad!","og_url":"https:\/\/888starz.plus\/lv\/casino\/","og_site_name":"888Starz lv","article_modified_time":"2024-12-27T12:21:32+00:00","twitter_card":"summary_large_image","schema":{"@context":"https:\/\/schema.org","@graph":[{"@type":"WebPage","@id":"https:\/\/888starz.plus\/lv\/casino\/","url":"https:\/\/888starz.plus\/lv\/casino\/","name":"888Starz kazino \u2b50 bonuss","isPartOf":{"@id":"https:\/\/888starz.plus\/lv\/#website"},"datePublished":"2024-05-06T13:38:46+00:00","dateModified":"2024-12-27T12:21:32+00:00","description":"Atkl\u0101jiet 888Starz kazino, kur j\u016bs gaida pla\u0161s kazino sp\u0113\u013cu un sp\u0113\u013cu autom\u0101tu kl\u0101sts. Sa\u0146emiet savu bonusu jau tagad!","inLanguage":"lv-LV","potentialAction":[{"@type":"ReadAction","target":["https:\/\/888starz.plus\/lv\/casino\/"]}]},{"@type":"WebSite","@id":"https:\/\/888starz.plus\/lv\/#website","url":"https:\/\/888starz.plus\/lv\/","name":"888Starz lv","description":"My WordPress Blog","potentialAction":[{"@type":"SearchAction","target":{"@type":"EntryPoint","urlTemplate":"https:\/\/888starz.plus\/lv\/?s={search_term_string}"},"query-input":{"@type":"PropertyValueSpecification","valueRequired":true,"valueName":"search_term_string"}}],"inLanguage":"lv-LV"}]}},"_links":{"self":[{"href":"https:\/\/888starz.plus\/lv\/wp-json\/wp\/v2\/pages\/580","targetHints":{"allow":["GET"]}}],"collection":[{"href":"https:\/\/888starz.plus\/lv\/wp-json\/wp\/v2\/pages"}],"about":[{"href":"https:\/\/888starz.plus\/lv\/wp-json\/wp\/v2\/types\/page"}],"author":[{"embeddable":true,"href":"https:\/\/888starz.plus\/lv\/wp-json\/wp\/v2\/users\/1"}],"replies":[{"embeddable":true,"href":"https:\/\/888starz.plus\/lv\/wp-json\/wp\/v2\/comments?post=580"}],"version-history":[{"count":1,"href":"https:\/\/888starz.plus\/lv\/wp-json\/wp\/v2\/pages\/580\/revisions"}],"predecessor-version":[{"id":819,"href":"https:\/\/888starz.plus\/lv\/wp-json\/wp\/v2\/pages\/580\/revisions\/819"}],"wp:attachment":[{"href":"https:\/\/888starz.plus\/lv\/wp-json\/wp\/v2\/media?parent=580"}],"curies":[{"name":"wp","href":"https:\/\/api.w.org\/{rel}","templated":true}]}}