{"id":545,"date":"2024-05-06T07:44:11","date_gmt":"2024-05-06T07:44:11","guid":{"rendered":"https:\/\/888starz.plus\/lv\/?page_id=545"},"modified":"2025-01-08T13:37:22","modified_gmt":"2025-01-08T13:37:22","slug":"mirror","status":"publish","type":"page","link":"https:\/\/888starz.plus\/lv\/mirror\/","title":{"rendered":"Spogulis"},"content":{"rendered":"","protected":false},"excerpt":{"rendered":"","protected":false},"author":1,"featured_media":0,"parent":0,"menu_order":0,"comment_status":"closed","ping_status":"closed","template":"","meta":{"inline_featured_image":false,"footnotes":""},"class_list":["post-545","page","type-page","status-publish","hentry"],"yoast_head":"<!-- This site is optimized with the Yoast SEO plugin v25.6 - https:\/\/yoast.com\/wordpress\/plugins\/seo\/ -->\n<title>888starz Mirror | Alternat\u012bvais pieteik\u0161an\u0101s uz ofici\u0101lo vietni<\/title>\n<meta name=\"description\" content=\"Vienm\u0113r atjaunin\u0101ts un str\u0101d\u0101jo\u0161s 888starz spogulis, lai pieteiktos ofici\u0101laj\u0101 vietn\u0113 un re\u0123istr\u0113tos \u26a1 Piek\u013c\u016bt 888starz vietnei un veikt likmes tie\u0161saist\u0113\" \/>\n<meta name=\"robots\" content=\"index, follow, max-snippet:-1, max-image-preview:large, max-video-preview:-1\" \/>\n<meta property=\"og:locale\" content=\"lv_LV\" \/>\n<meta property=\"og:type\" content=\"article\" \/>\n<meta property=\"og:title\" content=\"888starz Mirror | Alternat\u012bvais pieteik\u0161an\u0101s uz ofici\u0101lo vietni\" \/>\n<meta property=\"og:description\" content=\"Vienm\u0113r atjaunin\u0101ts un str\u0101d\u0101jo\u0161s 888starz spogulis, lai pieteiktos ofici\u0101laj\u0101 vietn\u0113 un re\u0123istr\u0113tos \u26a1 Piek\u013c\u016bt 888starz vietnei un veikt likmes tie\u0161saist\u0113\" \/>\n<meta property=\"og:url\" content=\"https:\/\/888starz.plus\/lv\/mirror\/\" \/>\n<meta property=\"og:site_name\" content=\"888Starz lv\" \/>\n<meta property=\"article:modified_time\" content=\"2025-01-08T13:37:22+00:00\" \/>\n<meta name=\"twitter:card\" content=\"summary_large_image\" \/>\n<script type=\"application\/ld+json\" class=\"yoast-schema-graph\">{\"@context\":\"https:\/\/schema.org\",\"@graph\":[{\"@type\":\"WebPage\",\"@id\":\"https:\/\/888starz.plus\/lv\/mirror\/\",\"url\":\"https:\/\/888starz.plus\/lv\/mirror\/\",\"name\":\"888starz Mirror | Alternat\u012bvais pieteik\u0161an\u0101s uz ofici\u0101lo vietni\",\"isPartOf\":{\"@id\":\"https:\/\/888starz.plus\/lv\/#website\"},\"datePublished\":\"2024-05-06T07:44:11+00:00\",\"dateModified\":\"2025-01-08T13:37:22+00:00\",\"description\":\"Vienm\u0113r atjaunin\u0101ts un str\u0101d\u0101jo\u0161s 888starz spogulis, lai pieteiktos ofici\u0101laj\u0101 vietn\u0113 un re\u0123istr\u0113tos \u26a1 Piek\u013c\u016bt 888starz vietnei un veikt likmes tie\u0161saist\u0113\",\"inLanguage\":\"lv-LV\",\"potentialAction\":[{\"@type\":\"ReadAction\",\"target\":[\"https:\/\/888starz.plus\/lv\/mirror\/\"]}]},{\"@type\":\"WebSite\",\"@id\":\"https:\/\/888starz.plus\/lv\/#website\",\"url\":\"https:\/\/888starz.plus\/lv\/\",\"name\":\"888Starz lv\",\"description\":\"My WordPress Blog\",\"potentialAction\":[{\"@type\":\"SearchAction\",\"target\":{\"@type\":\"EntryPoint\",\"urlTemplate\":\"https:\/\/888starz.plus\/lv\/?s={search_term_string}\"},\"query-input\":{\"@type\":\"PropertyValueSpecification\",\"valueRequired\":true,\"valueName\":\"search_term_string\"}}],\"inLanguage\":\"lv-LV\"}]}<\/script>\n<!-- \/ Yoast SEO plugin. -->","yoast_head_json":{"title":"888starz Mirror | Alternat\u012bvais pieteik\u0161an\u0101s uz ofici\u0101lo vietni","description":"Vienm\u0113r atjaunin\u0101ts un str\u0101d\u0101jo\u0161s 888starz spogulis, lai pieteiktos ofici\u0101laj\u0101 vietn\u0113 un re\u0123istr\u0113tos \u26a1 Piek\u013c\u016bt 888starz vietnei un veikt likmes tie\u0161saist\u0113","robots":{"index":"index","follow":"follow","max-snippet":"max-snippet:-1","max-image-preview":"max-image-preview:large","max-video-preview":"max-video-preview:-1"},"og_locale":"lv_LV","og_type":"article","og_title":"888starz Mirror | Alternat\u012bvais pieteik\u0161an\u0101s uz ofici\u0101lo vietni","og_description":"Vienm\u0113r atjaunin\u0101ts un str\u0101d\u0101jo\u0161s 888starz spogulis, lai pieteiktos ofici\u0101laj\u0101 vietn\u0113 un re\u0123istr\u0113tos \u26a1 Piek\u013c\u016bt 888starz vietnei un veikt likmes tie\u0161saist\u0113","og_url":"https:\/\/888starz.plus\/lv\/mirror\/","og_site_name":"888Starz lv","article_modified_time":"2025-01-08T13:37:22+00:00","twitter_card":"summary_large_image","schema":{"@context":"https:\/\/schema.org","@graph":[{"@type":"WebPage","@id":"https:\/\/888starz.plus\/lv\/mirror\/","url":"https:\/\/888starz.plus\/lv\/mirror\/","name":"888starz Mirror | Alternat\u012bvais pieteik\u0161an\u0101s uz ofici\u0101lo vietni","isPartOf":{"@id":"https:\/\/888starz.plus\/lv\/#website"},"datePublished":"2024-05-06T07:44:11+00:00","dateModified":"2025-01-08T13:37:22+00:00","description":"Vienm\u0113r atjaunin\u0101ts un str\u0101d\u0101jo\u0161s 888starz spogulis, lai pieteiktos ofici\u0101laj\u0101 vietn\u0113 un re\u0123istr\u0113tos \u26a1 Piek\u013c\u016bt 888starz vietnei un veikt likmes tie\u0161saist\u0113","inLanguage":"lv-LV","potentialAction":[{"@type":"ReadAction","target":["https:\/\/888starz.plus\/lv\/mirror\/"]}]},{"@type":"WebSite","@id":"https:\/\/888starz.plus\/lv\/#website","url":"https:\/\/888starz.plus\/lv\/","name":"888Starz lv","description":"My WordPress Blog","potentialAction":[{"@type":"SearchAction","target":{"@type":"EntryPoint","urlTemplate":"https:\/\/888starz.plus\/lv\/?s={search_term_string}"},"query-input":{"@type":"PropertyValueSpecification","valueRequired":true,"valueName":"search_term_string"}}],"inLanguage":"lv-LV"}]}},"_links":{"self":[{"href":"https:\/\/888starz.plus\/lv\/wp-json\/wp\/v2\/pages\/545","targetHints":{"allow":["GET"]}}],"collection":[{"href":"https:\/\/888starz.plus\/lv\/wp-json\/wp\/v2\/pages"}],"about":[{"href":"https:\/\/888starz.plus\/lv\/wp-json\/wp\/v2\/types\/page"}],"author":[{"embeddable":true,"href":"https:\/\/888starz.plus\/lv\/wp-json\/wp\/v2\/users\/1"}],"replies":[{"embeddable":true,"href":"https:\/\/888starz.plus\/lv\/wp-json\/wp\/v2\/comments?post=545"}],"version-history":[{"count":1,"href":"https:\/\/888starz.plus\/lv\/wp-json\/wp\/v2\/pages\/545\/revisions"}],"predecessor-version":[{"id":829,"href":"https:\/\/888starz.plus\/lv\/wp-json\/wp\/v2\/pages\/545\/revisions\/829"}],"wp:attachment":[{"href":"https:\/\/888starz.plus\/lv\/wp-json\/wp\/v2\/media?parent=545"}],"curies":[{"name":"wp","href":"https:\/\/api.w.org\/{rel}","templated":true}]}}