{"id":428,"date":"2024-03-22T14:34:33","date_gmt":"2024-03-22T14:34:33","guid":{"rendered":"https:\/\/888starz.plus\/lv\/?page_id=428"},"modified":"2024-12-27T17:39:26","modified_gmt":"2024-12-27T17:39:26","slug":"registration","status":"publish","type":"page","link":"https:\/\/888starz.plus\/lv\/registration\/","title":{"rendered":"Re\u0123istr\u0101cija"},"content":{"rendered":"","protected":false},"excerpt":{"rendered":"","protected":false},"author":1,"featured_media":0,"parent":0,"menu_order":0,"comment_status":"closed","ping_status":"closed","template":"","meta":{"inline_featured_image":false,"footnotes":""},"class_list":["post-428","page","type-page","status-publish","hentry"],"yoast_head":"<!-- This site is optimized with the Yoast SEO plugin v25.6 - https:\/\/yoast.com\/wordpress\/plugins\/seo\/ -->\n<title>888Starz Re\u0123istr\u0101cija | Ce\u013cvedis, k\u0101 re\u0123istr\u0113ties<\/title>\n<meta name=\"description\" content=\"Atkl\u0101jiet soli-pa-solim ce\u013cvedi vieglai un \u0101trai re\u0123istr\u0101cijai 888Starz! \ud83d\uddf8 Re\u0123istr\u0113 888starz kontu 2024. gad\u0101 \ud83d\uddf8 Piesl\u0113dzies un s\u0101c der\u012bbas jau tagad\" \/>\n<meta name=\"robots\" content=\"index, follow, max-snippet:-1, max-image-preview:large, max-video-preview:-1\" \/>\n<meta property=\"og:locale\" content=\"lv_LV\" \/>\n<meta property=\"og:type\" content=\"article\" \/>\n<meta property=\"og:title\" content=\"888Starz Re\u0123istr\u0101cija | Ce\u013cvedis, k\u0101 re\u0123istr\u0113ties\" \/>\n<meta property=\"og:description\" content=\"Atkl\u0101jiet soli-pa-solim ce\u013cvedi vieglai un \u0101trai re\u0123istr\u0101cijai 888Starz! \ud83d\uddf8 Re\u0123istr\u0113 888starz kontu 2024. gad\u0101 \ud83d\uddf8 Piesl\u0113dzies un s\u0101c der\u012bbas jau tagad\" \/>\n<meta property=\"og:url\" content=\"https:\/\/888starz.plus\/lv\/registration\/\" \/>\n<meta property=\"og:site_name\" content=\"888Starz lv\" \/>\n<meta property=\"article:modified_time\" content=\"2024-12-27T17:39:26+00:00\" \/>\n<meta name=\"twitter:card\" content=\"summary_large_image\" \/>\n<script type=\"application\/ld+json\" class=\"yoast-schema-graph\">{\"@context\":\"https:\/\/schema.org\",\"@graph\":[{\"@type\":\"WebPage\",\"@id\":\"https:\/\/888starz.plus\/lv\/registration\/\",\"url\":\"https:\/\/888starz.plus\/lv\/registration\/\",\"name\":\"888Starz Re\u0123istr\u0101cija | Ce\u013cvedis, k\u0101 re\u0123istr\u0113ties\",\"isPartOf\":{\"@id\":\"https:\/\/888starz.plus\/lv\/#website\"},\"datePublished\":\"2024-03-22T14:34:33+00:00\",\"dateModified\":\"2024-12-27T17:39:26+00:00\",\"description\":\"Atkl\u0101jiet soli-pa-solim ce\u013cvedi vieglai un \u0101trai re\u0123istr\u0101cijai 888Starz! \ud83d\uddf8 Re\u0123istr\u0113 888starz kontu 2024. gad\u0101 \ud83d\uddf8 Piesl\u0113dzies un s\u0101c der\u012bbas jau tagad\",\"inLanguage\":\"lv-LV\",\"potentialAction\":[{\"@type\":\"ReadAction\",\"target\":[\"https:\/\/888starz.plus\/lv\/registration\/\"]}]},{\"@type\":\"WebSite\",\"@id\":\"https:\/\/888starz.plus\/lv\/#website\",\"url\":\"https:\/\/888starz.plus\/lv\/\",\"name\":\"888Starz lv\",\"description\":\"My WordPress Blog\",\"potentialAction\":[{\"@type\":\"SearchAction\",\"target\":{\"@type\":\"EntryPoint\",\"urlTemplate\":\"https:\/\/888starz.plus\/lv\/?s={search_term_string}\"},\"query-input\":{\"@type\":\"PropertyValueSpecification\",\"valueRequired\":true,\"valueName\":\"search_term_string\"}}],\"inLanguage\":\"lv-LV\"}]}<\/script>\n<!-- \/ Yoast SEO plugin. -->","yoast_head_json":{"title":"888Starz Re\u0123istr\u0101cija | Ce\u013cvedis, k\u0101 re\u0123istr\u0113ties","description":"Atkl\u0101jiet soli-pa-solim ce\u013cvedi vieglai un \u0101trai re\u0123istr\u0101cijai 888Starz! \ud83d\uddf8 Re\u0123istr\u0113 888starz kontu 2024. gad\u0101 \ud83d\uddf8 Piesl\u0113dzies un s\u0101c der\u012bbas jau tagad","robots":{"index":"index","follow":"follow","max-snippet":"max-snippet:-1","max-image-preview":"max-image-preview:large","max-video-preview":"max-video-preview:-1"},"og_locale":"lv_LV","og_type":"article","og_title":"888Starz Re\u0123istr\u0101cija | Ce\u013cvedis, k\u0101 re\u0123istr\u0113ties","og_description":"Atkl\u0101jiet soli-pa-solim ce\u013cvedi vieglai un \u0101trai re\u0123istr\u0101cijai 888Starz! \ud83d\uddf8 Re\u0123istr\u0113 888starz kontu 2024. gad\u0101 \ud83d\uddf8 Piesl\u0113dzies un s\u0101c der\u012bbas jau tagad","og_url":"https:\/\/888starz.plus\/lv\/registration\/","og_site_name":"888Starz lv","article_modified_time":"2024-12-27T17:39:26+00:00","twitter_card":"summary_large_image","schema":{"@context":"https:\/\/schema.org","@graph":[{"@type":"WebPage","@id":"https:\/\/888starz.plus\/lv\/registration\/","url":"https:\/\/888starz.plus\/lv\/registration\/","name":"888Starz Re\u0123istr\u0101cija | Ce\u013cvedis, k\u0101 re\u0123istr\u0113ties","isPartOf":{"@id":"https:\/\/888starz.plus\/lv\/#website"},"datePublished":"2024-03-22T14:34:33+00:00","dateModified":"2024-12-27T17:39:26+00:00","description":"Atkl\u0101jiet soli-pa-solim ce\u013cvedi vieglai un \u0101trai re\u0123istr\u0101cijai 888Starz! \ud83d\uddf8 Re\u0123istr\u0113 888starz kontu 2024. gad\u0101 \ud83d\uddf8 Piesl\u0113dzies un s\u0101c der\u012bbas jau tagad","inLanguage":"lv-LV","potentialAction":[{"@type":"ReadAction","target":["https:\/\/888starz.plus\/lv\/registration\/"]}]},{"@type":"WebSite","@id":"https:\/\/888starz.plus\/lv\/#website","url":"https:\/\/888starz.plus\/lv\/","name":"888Starz lv","description":"My WordPress Blog","potentialAction":[{"@type":"SearchAction","target":{"@type":"EntryPoint","urlTemplate":"https:\/\/888starz.plus\/lv\/?s={search_term_string}"},"query-input":{"@type":"PropertyValueSpecification","valueRequired":true,"valueName":"search_term_string"}}],"inLanguage":"lv-LV"}]}},"_links":{"self":[{"href":"https:\/\/888starz.plus\/lv\/wp-json\/wp\/v2\/pages\/428","targetHints":{"allow":["GET"]}}],"collection":[{"href":"https:\/\/888starz.plus\/lv\/wp-json\/wp\/v2\/pages"}],"about":[{"href":"https:\/\/888starz.plus\/lv\/wp-json\/wp\/v2\/types\/page"}],"author":[{"embeddable":true,"href":"https:\/\/888starz.plus\/lv\/wp-json\/wp\/v2\/users\/1"}],"replies":[{"embeddable":true,"href":"https:\/\/888starz.plus\/lv\/wp-json\/wp\/v2\/comments?post=428"}],"version-history":[{"count":0,"href":"https:\/\/888starz.plus\/lv\/wp-json\/wp\/v2\/pages\/428\/revisions"}],"wp:attachment":[{"href":"https:\/\/888starz.plus\/lv\/wp-json\/wp\/v2\/media?parent=428"}],"curies":[{"name":"wp","href":"https:\/\/api.w.org\/{rel}","templated":true}]}}