{"id":268,"date":"2024-08-07T09:07:02","date_gmt":"2024-08-07T09:07:02","guid":{"rendered":"https:\/\/888starz.plus\/lv\/?page_id=268"},"modified":"2025-05-16T07:05:47","modified_gmt":"2025-05-16T07:05:47","slug":"app","status":"publish","type":"page","link":"https:\/\/888starz.plus\/lv\/app\/","title":{"rendered":"Lietotne"},"content":{"rendered":"","protected":false},"excerpt":{"rendered":"","protected":false},"author":1,"featured_media":0,"parent":0,"menu_order":0,"comment_status":"closed","ping_status":"closed","template":"","meta":{"inline_featured_image":false,"footnotes":""},"class_list":["post-268","page","type-page","status-publish","hentry"],"yoast_head":"<!-- This site is optimized with the Yoast SEO plugin v25.6 - https:\/\/yoast.com\/wordpress\/plugins\/seo\/ -->\n<title>888Starz App Lejupiel\u0101d\u0113t \u2b50 Android un iOS Bezmaksas<\/title>\n<meta name=\"description\" content=\"Lejupiel\u0101d\u0113jiet ofici\u0101lo 888Starz lietotni iOS un Android ier\u012bc\u0113m bez maksas 2025. gad\u0101. 888Starz ir lietot\u0101jam draudz\u012bga mobil\u0101 lietotne, kas pied\u0101v\u0101 gan kazino, gan sporta der\u012bbu pakalpojumus.\" \/>\n<meta name=\"robots\" content=\"index, follow, max-snippet:-1, max-image-preview:large, max-video-preview:-1\" \/>\n<meta property=\"og:locale\" content=\"lv_LV\" \/>\n<meta property=\"og:type\" content=\"article\" \/>\n<meta property=\"og:title\" content=\"888Starz App Lejupiel\u0101d\u0113t \u2b50 Android un iOS Bezmaksas\" \/>\n<meta property=\"og:description\" content=\"Lejupiel\u0101d\u0113jiet ofici\u0101lo 888Starz lietotni iOS un Android ier\u012bc\u0113m bez maksas 2025. gad\u0101. 888Starz ir lietot\u0101jam draudz\u012bga mobil\u0101 lietotne, kas pied\u0101v\u0101 gan kazino, gan sporta der\u012bbu pakalpojumus.\" \/>\n<meta property=\"og:url\" content=\"https:\/\/888starz.plus\/lv\/app\/\" \/>\n<meta property=\"og:site_name\" content=\"888Starz lv\" \/>\n<meta property=\"article:modified_time\" content=\"2025-05-16T07:05:47+00:00\" \/>\n<meta name=\"twitter:card\" content=\"summary_large_image\" \/>\n<script type=\"application\/ld+json\" class=\"yoast-schema-graph\">{\"@context\":\"https:\/\/schema.org\",\"@graph\":[{\"@type\":\"WebPage\",\"@id\":\"https:\/\/888starz.plus\/lv\/app\/\",\"url\":\"https:\/\/888starz.plus\/lv\/app\/\",\"name\":\"888Starz App Lejupiel\u0101d\u0113t \u2b50 Android un iOS Bezmaksas\",\"isPartOf\":{\"@id\":\"https:\/\/888starz.plus\/lv\/#website\"},\"datePublished\":\"2024-08-07T09:07:02+00:00\",\"dateModified\":\"2025-05-16T07:05:47+00:00\",\"description\":\"Lejupiel\u0101d\u0113jiet ofici\u0101lo 888Starz lietotni iOS un Android ier\u012bc\u0113m bez maksas 2025. gad\u0101. 888Starz ir lietot\u0101jam draudz\u012bga mobil\u0101 lietotne, kas pied\u0101v\u0101 gan kazino, gan sporta der\u012bbu pakalpojumus.\",\"inLanguage\":\"lv-LV\",\"potentialAction\":[{\"@type\":\"ReadAction\",\"target\":[\"https:\/\/888starz.plus\/lv\/app\/\"]}]},{\"@type\":\"WebSite\",\"@id\":\"https:\/\/888starz.plus\/lv\/#website\",\"url\":\"https:\/\/888starz.plus\/lv\/\",\"name\":\"888Starz lv\",\"description\":\"My WordPress Blog\",\"potentialAction\":[{\"@type\":\"SearchAction\",\"target\":{\"@type\":\"EntryPoint\",\"urlTemplate\":\"https:\/\/888starz.plus\/lv\/?s={search_term_string}\"},\"query-input\":{\"@type\":\"PropertyValueSpecification\",\"valueRequired\":true,\"valueName\":\"search_term_string\"}}],\"inLanguage\":\"lv-LV\"}]}<\/script>\n<!-- \/ Yoast SEO plugin. -->","yoast_head_json":{"title":"888Starz App Lejupiel\u0101d\u0113t \u2b50 Android un iOS Bezmaksas","description":"Lejupiel\u0101d\u0113jiet ofici\u0101lo 888Starz lietotni iOS un Android ier\u012bc\u0113m bez maksas 2025. gad\u0101. 888Starz ir lietot\u0101jam draudz\u012bga mobil\u0101 lietotne, kas pied\u0101v\u0101 gan kazino, gan sporta der\u012bbu pakalpojumus.","robots":{"index":"index","follow":"follow","max-snippet":"max-snippet:-1","max-image-preview":"max-image-preview:large","max-video-preview":"max-video-preview:-1"},"og_locale":"lv_LV","og_type":"article","og_title":"888Starz App Lejupiel\u0101d\u0113t \u2b50 Android un iOS Bezmaksas","og_description":"Lejupiel\u0101d\u0113jiet ofici\u0101lo 888Starz lietotni iOS un Android ier\u012bc\u0113m bez maksas 2025. gad\u0101. 888Starz ir lietot\u0101jam draudz\u012bga mobil\u0101 lietotne, kas pied\u0101v\u0101 gan kazino, gan sporta der\u012bbu pakalpojumus.","og_url":"https:\/\/888starz.plus\/lv\/app\/","og_site_name":"888Starz lv","article_modified_time":"2025-05-16T07:05:47+00:00","twitter_card":"summary_large_image","schema":{"@context":"https:\/\/schema.org","@graph":[{"@type":"WebPage","@id":"https:\/\/888starz.plus\/lv\/app\/","url":"https:\/\/888starz.plus\/lv\/app\/","name":"888Starz App Lejupiel\u0101d\u0113t \u2b50 Android un iOS Bezmaksas","isPartOf":{"@id":"https:\/\/888starz.plus\/lv\/#website"},"datePublished":"2024-08-07T09:07:02+00:00","dateModified":"2025-05-16T07:05:47+00:00","description":"Lejupiel\u0101d\u0113jiet ofici\u0101lo 888Starz lietotni iOS un Android ier\u012bc\u0113m bez maksas 2025. gad\u0101. 888Starz ir lietot\u0101jam draudz\u012bga mobil\u0101 lietotne, kas pied\u0101v\u0101 gan kazino, gan sporta der\u012bbu pakalpojumus.","inLanguage":"lv-LV","potentialAction":[{"@type":"ReadAction","target":["https:\/\/888starz.plus\/lv\/app\/"]}]},{"@type":"WebSite","@id":"https:\/\/888starz.plus\/lv\/#website","url":"https:\/\/888starz.plus\/lv\/","name":"888Starz lv","description":"My WordPress Blog","potentialAction":[{"@type":"SearchAction","target":{"@type":"EntryPoint","urlTemplate":"https:\/\/888starz.plus\/lv\/?s={search_term_string}"},"query-input":{"@type":"PropertyValueSpecification","valueRequired":true,"valueName":"search_term_string"}}],"inLanguage":"lv-LV"}]}},"_links":{"self":[{"href":"https:\/\/888starz.plus\/lv\/wp-json\/wp\/v2\/pages\/268","targetHints":{"allow":["GET"]}}],"collection":[{"href":"https:\/\/888starz.plus\/lv\/wp-json\/wp\/v2\/pages"}],"about":[{"href":"https:\/\/888starz.plus\/lv\/wp-json\/wp\/v2\/types\/page"}],"author":[{"embeddable":true,"href":"https:\/\/888starz.plus\/lv\/wp-json\/wp\/v2\/users\/1"}],"replies":[{"embeddable":true,"href":"https:\/\/888starz.plus\/lv\/wp-json\/wp\/v2\/comments?post=268"}],"version-history":[{"count":2,"href":"https:\/\/888starz.plus\/lv\/wp-json\/wp\/v2\/pages\/268\/revisions"}],"predecessor-version":[{"id":843,"href":"https:\/\/888starz.plus\/lv\/wp-json\/wp\/v2\/pages\/268\/revisions\/843"}],"wp:attachment":[{"href":"https:\/\/888starz.plus\/lv\/wp-json\/wp\/v2\/media?parent=268"}],"curies":[{"name":"wp","href":"https:\/\/api.w.org\/{rel}","templated":true}]}}