{"id":2,"date":"2023-05-18T17:18:34","date_gmt":"2023-05-18T17:18:34","guid":{"rendered":"https:\/\/888starz.plus\/lv\/?page_id=2"},"modified":"2025-08-18T13:26:08","modified_gmt":"2025-08-18T13:26:08","slug":"sample-page","status":"publish","type":"page","link":"https:\/\/888starz.plus\/lv\/","title":{"rendered":"S\u0101kums"},"content":{"rendered":"","protected":false},"excerpt":{"rendered":"","protected":false},"author":1,"featured_media":0,"parent":0,"menu_order":0,"comment_status":"closed","ping_status":"open","template":"","meta":{"inline_featured_image":false,"footnotes":""},"class_list":["post-2","page","type-page","status-publish","hentry"],"yoast_head":"<!-- This site is optimized with the Yoast SEO plugin v25.6 - https:\/\/yoast.com\/wordpress\/plugins\/seo\/ -->\n<title>888Starz \u2b55 Sporta der\u012bbas un kazino<\/title>\n<meta name=\"description\" content=\"888Starz ofici\u0101l\u0101 vietne \u2b50 Uzziniet visu par kazino sp\u0113l\u0113m un sporta der\u012bb\u0101m. Izbaudiet bonusus un augstas likmes uz sporta likm\u0113m kriptoval\u016bt\u0101\" \/>\n<meta name=\"robots\" content=\"index, follow, max-snippet:-1, max-image-preview:large, max-video-preview:-1\" \/>\n<meta property=\"og:locale\" content=\"lv_LV\" \/>\n<meta property=\"og:type\" content=\"article\" \/>\n<meta property=\"og:title\" content=\"888Starz \u2b55 Sporta der\u012bbas un kazino\" \/>\n<meta property=\"og:description\" content=\"888Starz ofici\u0101l\u0101 vietne \u2b50 Uzziniet visu par kazino sp\u0113l\u0113m un sporta der\u012bb\u0101m. Izbaudiet bonusus un augstas likmes uz sporta likm\u0113m kriptoval\u016bt\u0101\" \/>\n<meta property=\"og:url\" content=\"https:\/\/888starz.plus\/lv\/\" \/>\n<meta property=\"og:site_name\" content=\"888Starz lv\" \/>\n<meta property=\"article:modified_time\" content=\"2025-08-18T13:26:08+00:00\" \/>\n<meta name=\"twitter:card\" content=\"summary_large_image\" \/>\n<script type=\"application\/ld+json\" class=\"yoast-schema-graph\">{\"@context\":\"https:\/\/schema.org\",\"@graph\":[{\"@type\":\"WebPage\",\"@id\":\"https:\/\/888starz.plus\/lv\/\",\"url\":\"https:\/\/888starz.plus\/lv\/\",\"name\":\"888Starz \u2b55 Sporta der\u012bbas un kazino\",\"isPartOf\":{\"@id\":\"https:\/\/888starz.plus\/lv\/#website\"},\"datePublished\":\"2023-05-18T17:18:34+00:00\",\"dateModified\":\"2025-08-18T13:26:08+00:00\",\"description\":\"888Starz ofici\u0101l\u0101 vietne \u2b50 Uzziniet visu par kazino sp\u0113l\u0113m un sporta der\u012bb\u0101m. Izbaudiet bonusus un augstas likmes uz sporta likm\u0113m kriptoval\u016bt\u0101\",\"inLanguage\":\"lv-LV\",\"potentialAction\":[{\"@type\":\"ReadAction\",\"target\":[\"https:\/\/888starz.plus\/lv\/\"]}]},{\"@type\":\"WebSite\",\"@id\":\"https:\/\/888starz.plus\/lv\/#website\",\"url\":\"https:\/\/888starz.plus\/lv\/\",\"name\":\"888Starz lv\",\"description\":\"My WordPress Blog\",\"potentialAction\":[{\"@type\":\"SearchAction\",\"target\":{\"@type\":\"EntryPoint\",\"urlTemplate\":\"https:\/\/888starz.plus\/lv\/?s={search_term_string}\"},\"query-input\":{\"@type\":\"PropertyValueSpecification\",\"valueRequired\":true,\"valueName\":\"search_term_string\"}}],\"inLanguage\":\"lv-LV\"}]}<\/script>\n<!-- \/ Yoast SEO plugin. -->","yoast_head_json":{"title":"888Starz \u2b55 Sporta der\u012bbas un kazino","description":"888Starz ofici\u0101l\u0101 vietne \u2b50 Uzziniet visu par kazino sp\u0113l\u0113m un sporta der\u012bb\u0101m. Izbaudiet bonusus un augstas likmes uz sporta likm\u0113m kriptoval\u016bt\u0101","robots":{"index":"index","follow":"follow","max-snippet":"max-snippet:-1","max-image-preview":"max-image-preview:large","max-video-preview":"max-video-preview:-1"},"og_locale":"lv_LV","og_type":"article","og_title":"888Starz \u2b55 Sporta der\u012bbas un kazino","og_description":"888Starz ofici\u0101l\u0101 vietne \u2b50 Uzziniet visu par kazino sp\u0113l\u0113m un sporta der\u012bb\u0101m. Izbaudiet bonusus un augstas likmes uz sporta likm\u0113m kriptoval\u016bt\u0101","og_url":"https:\/\/888starz.plus\/lv\/","og_site_name":"888Starz lv","article_modified_time":"2025-08-18T13:26:08+00:00","twitter_card":"summary_large_image","schema":{"@context":"https:\/\/schema.org","@graph":[{"@type":"WebPage","@id":"https:\/\/888starz.plus\/lv\/","url":"https:\/\/888starz.plus\/lv\/","name":"888Starz \u2b55 Sporta der\u012bbas un kazino","isPartOf":{"@id":"https:\/\/888starz.plus\/lv\/#website"},"datePublished":"2023-05-18T17:18:34+00:00","dateModified":"2025-08-18T13:26:08+00:00","description":"888Starz ofici\u0101l\u0101 vietne \u2b50 Uzziniet visu par kazino sp\u0113l\u0113m un sporta der\u012bb\u0101m. Izbaudiet bonusus un augstas likmes uz sporta likm\u0113m kriptoval\u016bt\u0101","inLanguage":"lv-LV","potentialAction":[{"@type":"ReadAction","target":["https:\/\/888starz.plus\/lv\/"]}]},{"@type":"WebSite","@id":"https:\/\/888starz.plus\/lv\/#website","url":"https:\/\/888starz.plus\/lv\/","name":"888Starz lv","description":"My WordPress Blog","potentialAction":[{"@type":"SearchAction","target":{"@type":"EntryPoint","urlTemplate":"https:\/\/888starz.plus\/lv\/?s={search_term_string}"},"query-input":{"@type":"PropertyValueSpecification","valueRequired":true,"valueName":"search_term_string"}}],"inLanguage":"lv-LV"}]}},"_links":{"self":[{"href":"https:\/\/888starz.plus\/lv\/wp-json\/wp\/v2\/pages\/2","targetHints":{"allow":["GET"]}}],"collection":[{"href":"https:\/\/888starz.plus\/lv\/wp-json\/wp\/v2\/pages"}],"about":[{"href":"https:\/\/888starz.plus\/lv\/wp-json\/wp\/v2\/types\/page"}],"author":[{"embeddable":true,"href":"https:\/\/888starz.plus\/lv\/wp-json\/wp\/v2\/users\/1"}],"replies":[{"embeddable":true,"href":"https:\/\/888starz.plus\/lv\/wp-json\/wp\/v2\/comments?post=2"}],"version-history":[{"count":3,"href":"https:\/\/888starz.plus\/lv\/wp-json\/wp\/v2\/pages\/2\/revisions"}],"predecessor-version":[{"id":844,"href":"https:\/\/888starz.plus\/lv\/wp-json\/wp\/v2\/pages\/2\/revisions\/844"}],"wp:attachment":[{"href":"https:\/\/888starz.plus\/lv\/wp-json\/wp\/v2\/media?parent=2"}],"curies":[{"name":"wp","href":"https:\/\/api.w.org\/{rel}","templated":true}]}}