{"id":152,"date":"2024-05-18T17:39:43","date_gmt":"2024-05-18T17:39:43","guid":{"rendered":"https:\/\/888starz.plus\/lv\/?page_id=152"},"modified":"2025-08-18T13:28:38","modified_gmt":"2025-08-18T13:28:38","slug":"bonus","status":"publish","type":"page","link":"https:\/\/888starz.plus\/lv\/bonuses\/","title":{"rendered":"Bonuss"},"content":{"rendered":"","protected":false},"excerpt":{"rendered":"","protected":false},"author":1,"featured_media":0,"parent":0,"menu_order":0,"comment_status":"closed","ping_status":"closed","template":"","meta":{"inline_featured_image":false,"footnotes":""},"class_list":["post-152","page","type-page","status-publish","hentry"],"yoast_head":"<!-- This site is optimized with the Yoast SEO plugin v25.6 - https:\/\/yoast.com\/wordpress\/plugins\/seo\/ -->\n<title>888Starz bonusi un akcijas 2025<\/title>\n<meta name=\"description\" content=\"Piln\u012bga rokasgr\u0101mata par 888Starz \u012bpa\u0161ajiem pied\u0101v\u0101jumiem un pr\u0113mij\u0101m \u2714\ufe0f Uzziniet, k\u0101 ieg\u016bt 888Starz Promo kodus un bonusu - Re\u0123istr\u0113jieties 888starz vietn\u0113 un sa\u0146emiet 100% bonusu.\" \/>\n<meta name=\"robots\" content=\"index, follow, max-snippet:-1, max-image-preview:large, max-video-preview:-1\" \/>\n<meta property=\"og:locale\" content=\"lv_LV\" \/>\n<meta property=\"og:type\" content=\"article\" \/>\n<meta property=\"og:title\" content=\"888Starz bonusi un akcijas 2025\" \/>\n<meta property=\"og:description\" content=\"Piln\u012bga rokasgr\u0101mata par 888Starz \u012bpa\u0161ajiem pied\u0101v\u0101jumiem un pr\u0113mij\u0101m \u2714\ufe0f Uzziniet, k\u0101 ieg\u016bt 888Starz Promo kodus un bonusu - Re\u0123istr\u0113jieties 888starz vietn\u0113 un sa\u0146emiet 100% bonusu.\" \/>\n<meta property=\"og:url\" content=\"https:\/\/888starz.plus\/lv\/bonuses\/\" \/>\n<meta property=\"og:site_name\" content=\"888Starz lv\" \/>\n<meta property=\"article:modified_time\" content=\"2025-08-18T13:28:38+00:00\" \/>\n<meta name=\"twitter:card\" content=\"summary_large_image\" \/>\n<script type=\"application\/ld+json\" class=\"yoast-schema-graph\">{\"@context\":\"https:\/\/schema.org\",\"@graph\":[{\"@type\":\"WebPage\",\"@id\":\"https:\/\/888starz.plus\/lv\/bonuses\/\",\"url\":\"https:\/\/888starz.plus\/lv\/bonuses\/\",\"name\":\"888Starz bonusi un akcijas 2025\",\"isPartOf\":{\"@id\":\"https:\/\/888starz.plus\/lv\/#website\"},\"datePublished\":\"2024-05-18T17:39:43+00:00\",\"dateModified\":\"2025-08-18T13:28:38+00:00\",\"description\":\"Piln\u012bga rokasgr\u0101mata par 888Starz \u012bpa\u0161ajiem pied\u0101v\u0101jumiem un pr\u0113mij\u0101m \u2714\ufe0f Uzziniet, k\u0101 ieg\u016bt 888Starz Promo kodus un bonusu - Re\u0123istr\u0113jieties 888starz vietn\u0113 un sa\u0146emiet 100% bonusu.\",\"inLanguage\":\"lv-LV\",\"potentialAction\":[{\"@type\":\"ReadAction\",\"target\":[\"https:\/\/888starz.plus\/lv\/bonuses\/\"]}]},{\"@type\":\"WebSite\",\"@id\":\"https:\/\/888starz.plus\/lv\/#website\",\"url\":\"https:\/\/888starz.plus\/lv\/\",\"name\":\"888Starz lv\",\"description\":\"My WordPress Blog\",\"potentialAction\":[{\"@type\":\"SearchAction\",\"target\":{\"@type\":\"EntryPoint\",\"urlTemplate\":\"https:\/\/888starz.plus\/lv\/?s={search_term_string}\"},\"query-input\":{\"@type\":\"PropertyValueSpecification\",\"valueRequired\":true,\"valueName\":\"search_term_string\"}}],\"inLanguage\":\"lv-LV\"}]}<\/script>\n<!-- \/ Yoast SEO plugin. -->","yoast_head_json":{"title":"888Starz bonusi un akcijas 2025","description":"Piln\u012bga rokasgr\u0101mata par 888Starz \u012bpa\u0161ajiem pied\u0101v\u0101jumiem un pr\u0113mij\u0101m \u2714\ufe0f Uzziniet, k\u0101 ieg\u016bt 888Starz Promo kodus un bonusu - Re\u0123istr\u0113jieties 888starz vietn\u0113 un sa\u0146emiet 100% bonusu.","robots":{"index":"index","follow":"follow","max-snippet":"max-snippet:-1","max-image-preview":"max-image-preview:large","max-video-preview":"max-video-preview:-1"},"og_locale":"lv_LV","og_type":"article","og_title":"888Starz bonusi un akcijas 2025","og_description":"Piln\u012bga rokasgr\u0101mata par 888Starz \u012bpa\u0161ajiem pied\u0101v\u0101jumiem un pr\u0113mij\u0101m \u2714\ufe0f Uzziniet, k\u0101 ieg\u016bt 888Starz Promo kodus un bonusu - Re\u0123istr\u0113jieties 888starz vietn\u0113 un sa\u0146emiet 100% bonusu.","og_url":"https:\/\/888starz.plus\/lv\/bonuses\/","og_site_name":"888Starz lv","article_modified_time":"2025-08-18T13:28:38+00:00","twitter_card":"summary_large_image","schema":{"@context":"https:\/\/schema.org","@graph":[{"@type":"WebPage","@id":"https:\/\/888starz.plus\/lv\/bonuses\/","url":"https:\/\/888starz.plus\/lv\/bonuses\/","name":"888Starz bonusi un akcijas 2025","isPartOf":{"@id":"https:\/\/888starz.plus\/lv\/#website"},"datePublished":"2024-05-18T17:39:43+00:00","dateModified":"2025-08-18T13:28:38+00:00","description":"Piln\u012bga rokasgr\u0101mata par 888Starz \u012bpa\u0161ajiem pied\u0101v\u0101jumiem un pr\u0113mij\u0101m \u2714\ufe0f Uzziniet, k\u0101 ieg\u016bt 888Starz Promo kodus un bonusu - Re\u0123istr\u0113jieties 888starz vietn\u0113 un sa\u0146emiet 100% bonusu.","inLanguage":"lv-LV","potentialAction":[{"@type":"ReadAction","target":["https:\/\/888starz.plus\/lv\/bonuses\/"]}]},{"@type":"WebSite","@id":"https:\/\/888starz.plus\/lv\/#website","url":"https:\/\/888starz.plus\/lv\/","name":"888Starz lv","description":"My WordPress Blog","potentialAction":[{"@type":"SearchAction","target":{"@type":"EntryPoint","urlTemplate":"https:\/\/888starz.plus\/lv\/?s={search_term_string}"},"query-input":{"@type":"PropertyValueSpecification","valueRequired":true,"valueName":"search_term_string"}}],"inLanguage":"lv-LV"}]}},"_links":{"self":[{"href":"https:\/\/888starz.plus\/lv\/wp-json\/wp\/v2\/pages\/152","targetHints":{"allow":["GET"]}}],"collection":[{"href":"https:\/\/888starz.plus\/lv\/wp-json\/wp\/v2\/pages"}],"about":[{"href":"https:\/\/888starz.plus\/lv\/wp-json\/wp\/v2\/types\/page"}],"author":[{"embeddable":true,"href":"https:\/\/888starz.plus\/lv\/wp-json\/wp\/v2\/users\/1"}],"replies":[{"embeddable":true,"href":"https:\/\/888starz.plus\/lv\/wp-json\/wp\/v2\/comments?post=152"}],"version-history":[{"count":2,"href":"https:\/\/888starz.plus\/lv\/wp-json\/wp\/v2\/pages\/152\/revisions"}],"predecessor-version":[{"id":847,"href":"https:\/\/888starz.plus\/lv\/wp-json\/wp\/v2\/pages\/152\/revisions\/847"}],"wp:attachment":[{"href":"https:\/\/888starz.plus\/lv\/wp-json\/wp\/v2\/media?parent=152"}],"curies":[{"name":"wp","href":"https:\/\/api.w.org\/{rel}","templated":true}]}}