{"id":637,"date":"2024-06-25T06:07:05","date_gmt":"2024-06-25T06:07:05","guid":{"rendered":"https:\/\/888starz.plus\/lt\/?page_id=637"},"modified":"2025-07-04T11:42:51","modified_gmt":"2025-07-04T11:42:51","slug":"login","status":"publish","type":"page","link":"https:\/\/888starz.plus\/lt\/login\/","title":{"rendered":"Prisijungti"},"content":{"rendered":"","protected":false},"excerpt":{"rendered":"","protected":false},"author":1,"featured_media":0,"parent":0,"menu_order":0,"comment_status":"closed","ping_status":"closed","template":"","meta":{"inline_featured_image":false,"footnotes":""},"class_list":["post-637","page","type-page","status-publish","hentry"],"yoast_head":"<!-- This site is optimized with the Yoast SEO plugin v25.6 - https:\/\/yoast.com\/wordpress\/plugins\/seo\/ -->\n<title>888Starz Prisijungimas \ud83d\udd34 Vadovas, kaip prisijungti<\/title>\n<meta name=\"description\" content=\"Prisijunkite prie savo 888Starz paskyros naudodami el. pa\u0161to adres\u0105 ir slapta\u017eod\u012f - Prieiga prie oficialios svetain\u0117s - Atlikite statymus u\u017e visas sporto \u0161akas 888Starz internetin\u0117je la\u017eyb\u0173 platformoje\" \/>\n<meta name=\"robots\" content=\"index, follow, max-snippet:-1, max-image-preview:large, max-video-preview:-1\" \/>\n<meta property=\"og:locale\" content=\"lt_LT\" \/>\n<meta property=\"og:type\" content=\"article\" \/>\n<meta property=\"og:title\" content=\"888Starz Prisijungimas \ud83d\udd34 Vadovas, kaip prisijungti\" \/>\n<meta property=\"og:description\" content=\"Prisijunkite prie savo 888Starz paskyros naudodami el. pa\u0161to adres\u0105 ir slapta\u017eod\u012f - Prieiga prie oficialios svetain\u0117s - Atlikite statymus u\u017e visas sporto \u0161akas 888Starz internetin\u0117je la\u017eyb\u0173 platformoje\" \/>\n<meta property=\"og:url\" content=\"https:\/\/888starz.plus\/lt\/login\/\" \/>\n<meta property=\"og:site_name\" content=\"888starz Plus lt\" \/>\n<meta property=\"article:modified_time\" content=\"2025-07-04T11:42:51+00:00\" \/>\n<meta name=\"twitter:card\" content=\"summary_large_image\" \/>\n<script type=\"application\/ld+json\" class=\"yoast-schema-graph\">{\"@context\":\"https:\/\/schema.org\",\"@graph\":[{\"@type\":\"WebPage\",\"@id\":\"https:\/\/888starz.plus\/lt\/login\/\",\"url\":\"https:\/\/888starz.plus\/lt\/login\/\",\"name\":\"888Starz Prisijungimas \ud83d\udd34 Vadovas, kaip prisijungti\",\"isPartOf\":{\"@id\":\"https:\/\/888starz.plus\/lt\/#website\"},\"datePublished\":\"2024-06-25T06:07:05+00:00\",\"dateModified\":\"2025-07-04T11:42:51+00:00\",\"description\":\"Prisijunkite prie savo 888Starz paskyros naudodami el. pa\u0161to adres\u0105 ir slapta\u017eod\u012f - Prieiga prie oficialios svetain\u0117s - Atlikite statymus u\u017e visas sporto \u0161akas 888Starz internetin\u0117je la\u017eyb\u0173 platformoje\",\"inLanguage\":\"lt-LT\",\"potentialAction\":[{\"@type\":\"ReadAction\",\"target\":[\"https:\/\/888starz.plus\/lt\/login\/\"]}]},{\"@type\":\"WebSite\",\"@id\":\"https:\/\/888starz.plus\/lt\/#website\",\"url\":\"https:\/\/888starz.plus\/lt\/\",\"name\":\"888starz Plus lt\",\"description\":\"My WordPress Blog\",\"potentialAction\":[{\"@type\":\"SearchAction\",\"target\":{\"@type\":\"EntryPoint\",\"urlTemplate\":\"https:\/\/888starz.plus\/lt\/?s={search_term_string}\"},\"query-input\":{\"@type\":\"PropertyValueSpecification\",\"valueRequired\":true,\"valueName\":\"search_term_string\"}}],\"inLanguage\":\"lt-LT\"}]}<\/script>\n<!-- \/ Yoast SEO plugin. -->","yoast_head_json":{"title":"888Starz Prisijungimas \ud83d\udd34 Vadovas, kaip prisijungti","description":"Prisijunkite prie savo 888Starz paskyros naudodami el. pa\u0161to adres\u0105 ir slapta\u017eod\u012f - Prieiga prie oficialios svetain\u0117s - Atlikite statymus u\u017e visas sporto \u0161akas 888Starz internetin\u0117je la\u017eyb\u0173 platformoje","robots":{"index":"index","follow":"follow","max-snippet":"max-snippet:-1","max-image-preview":"max-image-preview:large","max-video-preview":"max-video-preview:-1"},"og_locale":"lt_LT","og_type":"article","og_title":"888Starz Prisijungimas \ud83d\udd34 Vadovas, kaip prisijungti","og_description":"Prisijunkite prie savo 888Starz paskyros naudodami el. pa\u0161to adres\u0105 ir slapta\u017eod\u012f - Prieiga prie oficialios svetain\u0117s - Atlikite statymus u\u017e visas sporto \u0161akas 888Starz internetin\u0117je la\u017eyb\u0173 platformoje","og_url":"https:\/\/888starz.plus\/lt\/login\/","og_site_name":"888starz Plus lt","article_modified_time":"2025-07-04T11:42:51+00:00","twitter_card":"summary_large_image","schema":{"@context":"https:\/\/schema.org","@graph":[{"@type":"WebPage","@id":"https:\/\/888starz.plus\/lt\/login\/","url":"https:\/\/888starz.plus\/lt\/login\/","name":"888Starz Prisijungimas \ud83d\udd34 Vadovas, kaip prisijungti","isPartOf":{"@id":"https:\/\/888starz.plus\/lt\/#website"},"datePublished":"2024-06-25T06:07:05+00:00","dateModified":"2025-07-04T11:42:51+00:00","description":"Prisijunkite prie savo 888Starz paskyros naudodami el. pa\u0161to adres\u0105 ir slapta\u017eod\u012f - Prieiga prie oficialios svetain\u0117s - Atlikite statymus u\u017e visas sporto \u0161akas 888Starz internetin\u0117je la\u017eyb\u0173 platformoje","inLanguage":"lt-LT","potentialAction":[{"@type":"ReadAction","target":["https:\/\/888starz.plus\/lt\/login\/"]}]},{"@type":"WebSite","@id":"https:\/\/888starz.plus\/lt\/#website","url":"https:\/\/888starz.plus\/lt\/","name":"888starz Plus lt","description":"My WordPress Blog","potentialAction":[{"@type":"SearchAction","target":{"@type":"EntryPoint","urlTemplate":"https:\/\/888starz.plus\/lt\/?s={search_term_string}"},"query-input":{"@type":"PropertyValueSpecification","valueRequired":true,"valueName":"search_term_string"}}],"inLanguage":"lt-LT"}]}},"_links":{"self":[{"href":"https:\/\/888starz.plus\/lt\/wp-json\/wp\/v2\/pages\/637","targetHints":{"allow":["GET"]}}],"collection":[{"href":"https:\/\/888starz.plus\/lt\/wp-json\/wp\/v2\/pages"}],"about":[{"href":"https:\/\/888starz.plus\/lt\/wp-json\/wp\/v2\/types\/page"}],"author":[{"embeddable":true,"href":"https:\/\/888starz.plus\/lt\/wp-json\/wp\/v2\/users\/1"}],"replies":[{"embeddable":true,"href":"https:\/\/888starz.plus\/lt\/wp-json\/wp\/v2\/comments?post=637"}],"version-history":[{"count":2,"href":"https:\/\/888starz.plus\/lt\/wp-json\/wp\/v2\/pages\/637\/revisions"}],"predecessor-version":[{"id":932,"href":"https:\/\/888starz.plus\/lt\/wp-json\/wp\/v2\/pages\/637\/revisions\/932"}],"wp:attachment":[{"href":"https:\/\/888starz.plus\/lt\/wp-json\/wp\/v2\/media?parent=637"}],"curies":[{"name":"wp","href":"https:\/\/api.w.org\/{rel}","templated":true}]}}