{"id":580,"date":"2024-01-06T13:38:46","date_gmt":"2024-01-06T13:38:46","guid":{"rendered":"https:\/\/888starz.plus\/lt\/?page_id=580"},"modified":"2025-07-04T10:44:36","modified_gmt":"2025-07-04T10:44:36","slug":"casino","status":"publish","type":"page","link":"https:\/\/888starz.plus\/lt\/casino\/","title":{"rendered":"Kazino"},"content":{"rendered":"","protected":false},"excerpt":{"rendered":"","protected":false},"author":1,"featured_media":0,"parent":0,"menu_order":0,"comment_status":"closed","ping_status":"closed","template":"","meta":{"inline_featured_image":false,"footnotes":""},"class_list":["post-580","page","type-page","status-publish","hentry"],"yoast_head":"<!-- This site is optimized with the Yoast SEO plugin v25.6 - https:\/\/yoast.com\/wordpress\/plugins\/seo\/ -->\n<title>888Starz kazino \u2b50 Sveikinimo premija<\/title>\n<meta name=\"description\" content=\"Atraskite 888Starz kazino, kuriame j\u016bs\u0173 laukia didelis kazino \u017eaidim\u0173 ir \u017eaidim\u0173 automat\u0173 pasirinkimas. Gaukite sveikinimo premij\u0105 dabar!\" \/>\n<meta name=\"robots\" content=\"index, follow, max-snippet:-1, max-image-preview:large, max-video-preview:-1\" \/>\n<meta property=\"og:locale\" content=\"lt_LT\" \/>\n<meta property=\"og:type\" content=\"article\" \/>\n<meta property=\"og:title\" content=\"888Starz kazino \u2b50 Sveikinimo premija\" \/>\n<meta property=\"og:description\" content=\"Atraskite 888Starz kazino, kuriame j\u016bs\u0173 laukia didelis kazino \u017eaidim\u0173 ir \u017eaidim\u0173 automat\u0173 pasirinkimas. Gaukite sveikinimo premij\u0105 dabar!\" \/>\n<meta property=\"og:url\" content=\"https:\/\/888starz.plus\/lt\/casino\/\" \/>\n<meta property=\"og:site_name\" content=\"888starz Plus lt\" \/>\n<meta property=\"article:modified_time\" content=\"2025-07-04T10:44:36+00:00\" \/>\n<meta name=\"twitter:card\" content=\"summary_large_image\" \/>\n<script type=\"application\/ld+json\" class=\"yoast-schema-graph\">{\"@context\":\"https:\/\/schema.org\",\"@graph\":[{\"@type\":\"WebPage\",\"@id\":\"https:\/\/888starz.plus\/lt\/casino\/\",\"url\":\"https:\/\/888starz.plus\/lt\/casino\/\",\"name\":\"888Starz kazino \u2b50 Sveikinimo premija\",\"isPartOf\":{\"@id\":\"https:\/\/888starz.plus\/lt\/#website\"},\"datePublished\":\"2024-01-06T13:38:46+00:00\",\"dateModified\":\"2025-07-04T10:44:36+00:00\",\"description\":\"Atraskite 888Starz kazino, kuriame j\u016bs\u0173 laukia didelis kazino \u017eaidim\u0173 ir \u017eaidim\u0173 automat\u0173 pasirinkimas. Gaukite sveikinimo premij\u0105 dabar!\",\"inLanguage\":\"lt-LT\",\"potentialAction\":[{\"@type\":\"ReadAction\",\"target\":[\"https:\/\/888starz.plus\/lt\/casino\/\"]}]},{\"@type\":\"WebSite\",\"@id\":\"https:\/\/888starz.plus\/lt\/#website\",\"url\":\"https:\/\/888starz.plus\/lt\/\",\"name\":\"888starz Plus lt\",\"description\":\"My WordPress Blog\",\"potentialAction\":[{\"@type\":\"SearchAction\",\"target\":{\"@type\":\"EntryPoint\",\"urlTemplate\":\"https:\/\/888starz.plus\/lt\/?s={search_term_string}\"},\"query-input\":{\"@type\":\"PropertyValueSpecification\",\"valueRequired\":true,\"valueName\":\"search_term_string\"}}],\"inLanguage\":\"lt-LT\"}]}<\/script>\n<!-- \/ Yoast SEO plugin. -->","yoast_head_json":{"title":"888Starz kazino \u2b50 Sveikinimo premija","description":"Atraskite 888Starz kazino, kuriame j\u016bs\u0173 laukia didelis kazino \u017eaidim\u0173 ir \u017eaidim\u0173 automat\u0173 pasirinkimas. Gaukite sveikinimo premij\u0105 dabar!","robots":{"index":"index","follow":"follow","max-snippet":"max-snippet:-1","max-image-preview":"max-image-preview:large","max-video-preview":"max-video-preview:-1"},"og_locale":"lt_LT","og_type":"article","og_title":"888Starz kazino \u2b50 Sveikinimo premija","og_description":"Atraskite 888Starz kazino, kuriame j\u016bs\u0173 laukia didelis kazino \u017eaidim\u0173 ir \u017eaidim\u0173 automat\u0173 pasirinkimas. Gaukite sveikinimo premij\u0105 dabar!","og_url":"https:\/\/888starz.plus\/lt\/casino\/","og_site_name":"888starz Plus lt","article_modified_time":"2025-07-04T10:44:36+00:00","twitter_card":"summary_large_image","schema":{"@context":"https:\/\/schema.org","@graph":[{"@type":"WebPage","@id":"https:\/\/888starz.plus\/lt\/casino\/","url":"https:\/\/888starz.plus\/lt\/casino\/","name":"888Starz kazino \u2b50 Sveikinimo premija","isPartOf":{"@id":"https:\/\/888starz.plus\/lt\/#website"},"datePublished":"2024-01-06T13:38:46+00:00","dateModified":"2025-07-04T10:44:36+00:00","description":"Atraskite 888Starz kazino, kuriame j\u016bs\u0173 laukia didelis kazino \u017eaidim\u0173 ir \u017eaidim\u0173 automat\u0173 pasirinkimas. Gaukite sveikinimo premij\u0105 dabar!","inLanguage":"lt-LT","potentialAction":[{"@type":"ReadAction","target":["https:\/\/888starz.plus\/lt\/casino\/"]}]},{"@type":"WebSite","@id":"https:\/\/888starz.plus\/lt\/#website","url":"https:\/\/888starz.plus\/lt\/","name":"888starz Plus lt","description":"My WordPress Blog","potentialAction":[{"@type":"SearchAction","target":{"@type":"EntryPoint","urlTemplate":"https:\/\/888starz.plus\/lt\/?s={search_term_string}"},"query-input":{"@type":"PropertyValueSpecification","valueRequired":true,"valueName":"search_term_string"}}],"inLanguage":"lt-LT"}]}},"_links":{"self":[{"href":"https:\/\/888starz.plus\/lt\/wp-json\/wp\/v2\/pages\/580","targetHints":{"allow":["GET"]}}],"collection":[{"href":"https:\/\/888starz.plus\/lt\/wp-json\/wp\/v2\/pages"}],"about":[{"href":"https:\/\/888starz.plus\/lt\/wp-json\/wp\/v2\/types\/page"}],"author":[{"embeddable":true,"href":"https:\/\/888starz.plus\/lt\/wp-json\/wp\/v2\/users\/1"}],"replies":[{"embeddable":true,"href":"https:\/\/888starz.plus\/lt\/wp-json\/wp\/v2\/comments?post=580"}],"version-history":[{"count":2,"href":"https:\/\/888starz.plus\/lt\/wp-json\/wp\/v2\/pages\/580\/revisions"}],"predecessor-version":[{"id":928,"href":"https:\/\/888starz.plus\/lt\/wp-json\/wp\/v2\/pages\/580\/revisions\/928"}],"wp:attachment":[{"href":"https:\/\/888starz.plus\/lt\/wp-json\/wp\/v2\/media?parent=580"}],"curies":[{"name":"wp","href":"https:\/\/api.w.org\/{rel}","templated":true}]}}