{"id":545,"date":"2025-02-06T07:44:11","date_gmt":"2025-02-06T07:44:11","guid":{"rendered":"https:\/\/888starz.plus\/lt\/?page_id=545"},"modified":"2025-07-23T17:34:21","modified_gmt":"2025-07-23T17:34:21","slug":"mirror","status":"publish","type":"page","link":"https:\/\/888starz.plus\/lt\/mirror\/","title":{"rendered":"Veidrodis"},"content":{"rendered":"","protected":false},"excerpt":{"rendered":"","protected":false},"author":1,"featured_media":0,"parent":0,"menu_order":0,"comment_status":"closed","ping_status":"closed","template":"","meta":{"inline_featured_image":false,"footnotes":""},"class_list":["post-545","page","type-page","status-publish","hentry"],"yoast_head":"<!-- This site is optimized with the Yoast SEO plugin v25.6 - https:\/\/yoast.com\/wordpress\/plugins\/seo\/ -->\n<title>888starz Mirror | Alternatyvus prisijungimas prie oficialios svetain\u0117s<\/title>\n<meta name=\"description\" content=\"Visada atnaujintas ir veikiantis 888starz veidrodis prisijungti prie oficialios svetain\u0117s ir u\u017esiregistruoti \u26a1 Prisijungti prie 888starz svetain\u0117s ir atlikti statymus internetu\" \/>\n<meta name=\"robots\" content=\"index, follow, max-snippet:-1, max-image-preview:large, max-video-preview:-1\" \/>\n<meta property=\"og:locale\" content=\"lt_LT\" \/>\n<meta property=\"og:type\" content=\"article\" \/>\n<meta property=\"og:title\" content=\"888starz Mirror | Alternatyvus prisijungimas prie oficialios svetain\u0117s\" \/>\n<meta property=\"og:description\" content=\"Visada atnaujintas ir veikiantis 888starz veidrodis prisijungti prie oficialios svetain\u0117s ir u\u017esiregistruoti \u26a1 Prisijungti prie 888starz svetain\u0117s ir atlikti statymus internetu\" \/>\n<meta property=\"og:url\" content=\"https:\/\/888starz.plus\/lt\/mirror\/\" \/>\n<meta property=\"og:site_name\" content=\"888starz Plus lt\" \/>\n<meta property=\"article:modified_time\" content=\"2025-07-23T17:34:21+00:00\" \/>\n<meta name=\"twitter:card\" content=\"summary_large_image\" \/>\n<script type=\"application\/ld+json\" class=\"yoast-schema-graph\">{\"@context\":\"https:\/\/schema.org\",\"@graph\":[{\"@type\":\"WebPage\",\"@id\":\"https:\/\/888starz.plus\/lt\/mirror\/\",\"url\":\"https:\/\/888starz.plus\/lt\/mirror\/\",\"name\":\"888starz Mirror | Alternatyvus prisijungimas prie oficialios svetain\u0117s\",\"isPartOf\":{\"@id\":\"https:\/\/888starz.plus\/lt\/#website\"},\"datePublished\":\"2025-02-06T07:44:11+00:00\",\"dateModified\":\"2025-07-23T17:34:21+00:00\",\"description\":\"Visada atnaujintas ir veikiantis 888starz veidrodis prisijungti prie oficialios svetain\u0117s ir u\u017esiregistruoti \u26a1 Prisijungti prie 888starz svetain\u0117s ir atlikti statymus internetu\",\"inLanguage\":\"lt-LT\",\"potentialAction\":[{\"@type\":\"ReadAction\",\"target\":[\"https:\/\/888starz.plus\/lt\/mirror\/\"]}]},{\"@type\":\"WebSite\",\"@id\":\"https:\/\/888starz.plus\/lt\/#website\",\"url\":\"https:\/\/888starz.plus\/lt\/\",\"name\":\"888starz Plus lt\",\"description\":\"My WordPress Blog\",\"potentialAction\":[{\"@type\":\"SearchAction\",\"target\":{\"@type\":\"EntryPoint\",\"urlTemplate\":\"https:\/\/888starz.plus\/lt\/?s={search_term_string}\"},\"query-input\":{\"@type\":\"PropertyValueSpecification\",\"valueRequired\":true,\"valueName\":\"search_term_string\"}}],\"inLanguage\":\"lt-LT\"}]}<\/script>\n<!-- \/ Yoast SEO plugin. -->","yoast_head_json":{"title":"888starz Mirror | Alternatyvus prisijungimas prie oficialios svetain\u0117s","description":"Visada atnaujintas ir veikiantis 888starz veidrodis prisijungti prie oficialios svetain\u0117s ir u\u017esiregistruoti \u26a1 Prisijungti prie 888starz svetain\u0117s ir atlikti statymus internetu","robots":{"index":"index","follow":"follow","max-snippet":"max-snippet:-1","max-image-preview":"max-image-preview:large","max-video-preview":"max-video-preview:-1"},"og_locale":"lt_LT","og_type":"article","og_title":"888starz Mirror | Alternatyvus prisijungimas prie oficialios svetain\u0117s","og_description":"Visada atnaujintas ir veikiantis 888starz veidrodis prisijungti prie oficialios svetain\u0117s ir u\u017esiregistruoti \u26a1 Prisijungti prie 888starz svetain\u0117s ir atlikti statymus internetu","og_url":"https:\/\/888starz.plus\/lt\/mirror\/","og_site_name":"888starz Plus lt","article_modified_time":"2025-07-23T17:34:21+00:00","twitter_card":"summary_large_image","schema":{"@context":"https:\/\/schema.org","@graph":[{"@type":"WebPage","@id":"https:\/\/888starz.plus\/lt\/mirror\/","url":"https:\/\/888starz.plus\/lt\/mirror\/","name":"888starz Mirror | Alternatyvus prisijungimas prie oficialios svetain\u0117s","isPartOf":{"@id":"https:\/\/888starz.plus\/lt\/#website"},"datePublished":"2025-02-06T07:44:11+00:00","dateModified":"2025-07-23T17:34:21+00:00","description":"Visada atnaujintas ir veikiantis 888starz veidrodis prisijungti prie oficialios svetain\u0117s ir u\u017esiregistruoti \u26a1 Prisijungti prie 888starz svetain\u0117s ir atlikti statymus internetu","inLanguage":"lt-LT","potentialAction":[{"@type":"ReadAction","target":["https:\/\/888starz.plus\/lt\/mirror\/"]}]},{"@type":"WebSite","@id":"https:\/\/888starz.plus\/lt\/#website","url":"https:\/\/888starz.plus\/lt\/","name":"888starz Plus lt","description":"My WordPress Blog","potentialAction":[{"@type":"SearchAction","target":{"@type":"EntryPoint","urlTemplate":"https:\/\/888starz.plus\/lt\/?s={search_term_string}"},"query-input":{"@type":"PropertyValueSpecification","valueRequired":true,"valueName":"search_term_string"}}],"inLanguage":"lt-LT"}]}},"_links":{"self":[{"href":"https:\/\/888starz.plus\/lt\/wp-json\/wp\/v2\/pages\/545","targetHints":{"allow":["GET"]}}],"collection":[{"href":"https:\/\/888starz.plus\/lt\/wp-json\/wp\/v2\/pages"}],"about":[{"href":"https:\/\/888starz.plus\/lt\/wp-json\/wp\/v2\/types\/page"}],"author":[{"embeddable":true,"href":"https:\/\/888starz.plus\/lt\/wp-json\/wp\/v2\/users\/1"}],"replies":[{"embeddable":true,"href":"https:\/\/888starz.plus\/lt\/wp-json\/wp\/v2\/comments?post=545"}],"version-history":[{"count":4,"href":"https:\/\/888starz.plus\/lt\/wp-json\/wp\/v2\/pages\/545\/revisions"}],"predecessor-version":[{"id":944,"href":"https:\/\/888starz.plus\/lt\/wp-json\/wp\/v2\/pages\/545\/revisions\/944"}],"wp:attachment":[{"href":"https:\/\/888starz.plus\/lt\/wp-json\/wp\/v2\/media?parent=545"}],"curies":[{"name":"wp","href":"https:\/\/api.w.org\/{rel}","templated":true}]}}