{"id":379,"date":"2025-05-01T14:26:17","date_gmt":"2025-05-01T14:26:17","guid":{"rendered":"https:\/\/888starz.plus\/lt\/?page_id=379"},"modified":"2025-07-04T12:08:47","modified_gmt":"2025-07-04T12:08:47","slug":"partners","status":"publish","type":"page","link":"https:\/\/888starz.plus\/lt\/partners\/","title":{"rendered":"Partneriai"},"content":{"rendered":"","protected":false},"excerpt":{"rendered":"","protected":false},"author":1,"featured_media":0,"parent":0,"menu_order":0,"comment_status":"closed","ping_status":"closed","template":"","meta":{"inline_featured_image":false,"footnotes":""},"class_list":["post-379","page","type-page","status-publish","hentry"],"yoast_head":"<!-- This site is optimized with the Yoast SEO plugin v25.6 - https:\/\/yoast.com\/wordpress\/plugins\/seo\/ -->\n<title>888Starz Partneri\u0173 programa \u2705 Prisijunk dabar<\/title>\n<meta name=\"description\" content=\"&quot;888Starz Partners&quot; yra pelninga partneri\u0173 programa, si\u016blanti i\u0161skirtin\u012f paslaug\u0173 ir pajam\u0173 galimybi\u0173 asortiment\u0105 \u26a1 U\u017edirbkite realius pinigus su &quot;888Starz&quot; partneri\u0173 programa\" \/>\n<meta name=\"robots\" content=\"index, follow, max-snippet:-1, max-image-preview:large, max-video-preview:-1\" \/>\n<meta property=\"og:locale\" content=\"lt_LT\" \/>\n<meta property=\"og:type\" content=\"article\" \/>\n<meta property=\"og:title\" content=\"888Starz Partneri\u0173 programa \u2705 Prisijunk dabar\" \/>\n<meta property=\"og:description\" content=\"&quot;888Starz Partners&quot; yra pelninga partneri\u0173 programa, si\u016blanti i\u0161skirtin\u012f paslaug\u0173 ir pajam\u0173 galimybi\u0173 asortiment\u0105 \u26a1 U\u017edirbkite realius pinigus su &quot;888Starz&quot; partneri\u0173 programa\" \/>\n<meta property=\"og:url\" content=\"https:\/\/888starz.plus\/lt\/partners\/\" \/>\n<meta property=\"og:site_name\" content=\"888starz Plus lt\" \/>\n<meta property=\"article:modified_time\" content=\"2025-07-04T12:08:47+00:00\" \/>\n<meta name=\"twitter:card\" content=\"summary_large_image\" \/>\n<script type=\"application\/ld+json\" class=\"yoast-schema-graph\">{\"@context\":\"https:\/\/schema.org\",\"@graph\":[{\"@type\":\"WebPage\",\"@id\":\"https:\/\/888starz.plus\/lt\/partners\/\",\"url\":\"https:\/\/888starz.plus\/lt\/partners\/\",\"name\":\"888Starz Partneri\u0173 programa \u2705 Prisijunk dabar\",\"isPartOf\":{\"@id\":\"https:\/\/888starz.plus\/lt\/#website\"},\"datePublished\":\"2025-05-01T14:26:17+00:00\",\"dateModified\":\"2025-07-04T12:08:47+00:00\",\"description\":\"\\\"888Starz Partners\\\" yra pelninga partneri\u0173 programa, si\u016blanti i\u0161skirtin\u012f paslaug\u0173 ir pajam\u0173 galimybi\u0173 asortiment\u0105 \u26a1 U\u017edirbkite realius pinigus su \\\"888Starz\\\" partneri\u0173 programa\",\"inLanguage\":\"lt-LT\",\"potentialAction\":[{\"@type\":\"ReadAction\",\"target\":[\"https:\/\/888starz.plus\/lt\/partners\/\"]}]},{\"@type\":\"WebSite\",\"@id\":\"https:\/\/888starz.plus\/lt\/#website\",\"url\":\"https:\/\/888starz.plus\/lt\/\",\"name\":\"888starz Plus lt\",\"description\":\"My WordPress Blog\",\"potentialAction\":[{\"@type\":\"SearchAction\",\"target\":{\"@type\":\"EntryPoint\",\"urlTemplate\":\"https:\/\/888starz.plus\/lt\/?s={search_term_string}\"},\"query-input\":{\"@type\":\"PropertyValueSpecification\",\"valueRequired\":true,\"valueName\":\"search_term_string\"}}],\"inLanguage\":\"lt-LT\"}]}<\/script>\n<!-- \/ Yoast SEO plugin. -->","yoast_head_json":{"title":"888Starz Partneri\u0173 programa \u2705 Prisijunk dabar","description":"\"888Starz Partners\" yra pelninga partneri\u0173 programa, si\u016blanti i\u0161skirtin\u012f paslaug\u0173 ir pajam\u0173 galimybi\u0173 asortiment\u0105 \u26a1 U\u017edirbkite realius pinigus su \"888Starz\" partneri\u0173 programa","robots":{"index":"index","follow":"follow","max-snippet":"max-snippet:-1","max-image-preview":"max-image-preview:large","max-video-preview":"max-video-preview:-1"},"og_locale":"lt_LT","og_type":"article","og_title":"888Starz Partneri\u0173 programa \u2705 Prisijunk dabar","og_description":"\"888Starz Partners\" yra pelninga partneri\u0173 programa, si\u016blanti i\u0161skirtin\u012f paslaug\u0173 ir pajam\u0173 galimybi\u0173 asortiment\u0105 \u26a1 U\u017edirbkite realius pinigus su \"888Starz\" partneri\u0173 programa","og_url":"https:\/\/888starz.plus\/lt\/partners\/","og_site_name":"888starz Plus lt","article_modified_time":"2025-07-04T12:08:47+00:00","twitter_card":"summary_large_image","schema":{"@context":"https:\/\/schema.org","@graph":[{"@type":"WebPage","@id":"https:\/\/888starz.plus\/lt\/partners\/","url":"https:\/\/888starz.plus\/lt\/partners\/","name":"888Starz Partneri\u0173 programa \u2705 Prisijunk dabar","isPartOf":{"@id":"https:\/\/888starz.plus\/lt\/#website"},"datePublished":"2025-05-01T14:26:17+00:00","dateModified":"2025-07-04T12:08:47+00:00","description":"\"888Starz Partners\" yra pelninga partneri\u0173 programa, si\u016blanti i\u0161skirtin\u012f paslaug\u0173 ir pajam\u0173 galimybi\u0173 asortiment\u0105 \u26a1 U\u017edirbkite realius pinigus su \"888Starz\" partneri\u0173 programa","inLanguage":"lt-LT","potentialAction":[{"@type":"ReadAction","target":["https:\/\/888starz.plus\/lt\/partners\/"]}]},{"@type":"WebSite","@id":"https:\/\/888starz.plus\/lt\/#website","url":"https:\/\/888starz.plus\/lt\/","name":"888starz Plus lt","description":"My WordPress Blog","potentialAction":[{"@type":"SearchAction","target":{"@type":"EntryPoint","urlTemplate":"https:\/\/888starz.plus\/lt\/?s={search_term_string}"},"query-input":{"@type":"PropertyValueSpecification","valueRequired":true,"valueName":"search_term_string"}}],"inLanguage":"lt-LT"}]}},"_links":{"self":[{"href":"https:\/\/888starz.plus\/lt\/wp-json\/wp\/v2\/pages\/379","targetHints":{"allow":["GET"]}}],"collection":[{"href":"https:\/\/888starz.plus\/lt\/wp-json\/wp\/v2\/pages"}],"about":[{"href":"https:\/\/888starz.plus\/lt\/wp-json\/wp\/v2\/types\/page"}],"author":[{"embeddable":true,"href":"https:\/\/888starz.plus\/lt\/wp-json\/wp\/v2\/users\/1"}],"replies":[{"embeddable":true,"href":"https:\/\/888starz.plus\/lt\/wp-json\/wp\/v2\/comments?post=379"}],"version-history":[{"count":3,"href":"https:\/\/888starz.plus\/lt\/wp-json\/wp\/v2\/pages\/379\/revisions"}],"predecessor-version":[{"id":938,"href":"https:\/\/888starz.plus\/lt\/wp-json\/wp\/v2\/pages\/379\/revisions\/938"}],"wp:attachment":[{"href":"https:\/\/888starz.plus\/lt\/wp-json\/wp\/v2\/media?parent=379"}],"curies":[{"name":"wp","href":"https:\/\/api.w.org\/{rel}","templated":true}]}}