{"id":939,"date":"2025-07-16T08:32:37","date_gmt":"2025-07-16T08:32:37","guid":{"rendered":"https:\/\/888starz.plus\/?page_id=939"},"modified":"2025-09-01T05:24:14","modified_gmt":"2025-09-01T05:24:14","slug":"free-bet-in-app","status":"publish","type":"page","link":"https:\/\/888starz.plus\/hu\/bonus\/free-bet-in-app\/","title":{"rendered":"Ingyenes fogad\u00e1s az alkalmaz\u00e1sban"},"content":{"rendered":"","protected":false},"excerpt":{"rendered":"","protected":false},"author":1,"featured_media":0,"parent":152,"menu_order":0,"comment_status":"closed","ping_status":"closed","template":"","meta":{"inline_featured_image":false,"footnotes":""},"class_list":["post-939","page","type-page","status-publish","hentry"],"yoast_head":"<!-- This site is optimized with the Yoast SEO plugin v25.6 - https:\/\/yoast.com\/wordpress\/plugins\/seo\/ -->\n<title>Sport Ingyenes fogad\u00e1s az 888Starz alkalmaz\u00e1sban<\/title>\n<meta name=\"description\" content=\"T\u00f6ltsd le az 888Starz alkalmaz\u00e1st, \u00e9s csak az\u00e9rt, hogy akt\u00edv vagy, kapsz egy ingyenes fogad\u00e1st! Tegy\u00e9l 10 fogad\u00e1st 340 HUF vagy ann\u00e1l nagyobb \u00f6sszeggel, \u00e9s kapsz egy ingyenes fogad\u00e1st ak\u00e1r 1700 HUF \u00e9rt\u00e9kben sportesem\u00e9nyekre! Ne hagyd ki a lehet\u0151s\u00e9get, hogy extra er\u0151fesz\u00edt\u00e9s n\u00e9lk\u00fcl nyerj!\" \/>\n<meta name=\"robots\" content=\"index, follow, max-snippet:-1, max-image-preview:large, max-video-preview:-1\" \/>\n<meta property=\"og:locale\" content=\"hu_HU\" \/>\n<meta property=\"og:type\" content=\"article\" \/>\n<meta property=\"og:title\" content=\"Sport Ingyenes fogad\u00e1s az 888Starz alkalmaz\u00e1sban\" \/>\n<meta property=\"og:description\" content=\"T\u00f6ltsd le az 888Starz alkalmaz\u00e1st, \u00e9s csak az\u00e9rt, hogy akt\u00edv vagy, kapsz egy ingyenes fogad\u00e1st! Tegy\u00e9l 10 fogad\u00e1st 340 HUF vagy ann\u00e1l nagyobb \u00f6sszeggel, \u00e9s kapsz egy ingyenes fogad\u00e1st ak\u00e1r 1700 HUF \u00e9rt\u00e9kben sportesem\u00e9nyekre! Ne hagyd ki a lehet\u0151s\u00e9get, hogy extra er\u0151fesz\u00edt\u00e9s n\u00e9lk\u00fcl nyerj!\" \/>\n<meta property=\"og:url\" content=\"https:\/\/888starz.plus\/hu\/bonus\/free-bet-in-app\/\" \/>\n<meta property=\"og:site_name\" content=\"888starz hu\" \/>\n<meta property=\"article:modified_time\" content=\"2025-09-01T05:24:14+00:00\" \/>\n<meta name=\"twitter:card\" content=\"summary_large_image\" \/>\n<script type=\"application\/ld+json\" class=\"yoast-schema-graph\">{\"@context\":\"https:\/\/schema.org\",\"@graph\":[{\"@type\":\"WebPage\",\"@id\":\"https:\/\/888starz.plus\/hu\/bonus\/free-bet-in-app\/\",\"url\":\"https:\/\/888starz.plus\/hu\/bonus\/free-bet-in-app\/\",\"name\":\"Sport Ingyenes fogad\u00e1s az 888Starz alkalmaz\u00e1sban\",\"isPartOf\":{\"@id\":\"https:\/\/888starz.plus\/hu\/#website\"},\"datePublished\":\"2025-07-16T08:32:37+00:00\",\"dateModified\":\"2025-09-01T05:24:14+00:00\",\"description\":\"T\u00f6ltsd le az 888Starz alkalmaz\u00e1st, \u00e9s csak az\u00e9rt, hogy akt\u00edv vagy, kapsz egy ingyenes fogad\u00e1st! Tegy\u00e9l 10 fogad\u00e1st 340 HUF vagy ann\u00e1l nagyobb \u00f6sszeggel, \u00e9s kapsz egy ingyenes fogad\u00e1st ak\u00e1r 1700 HUF \u00e9rt\u00e9kben sportesem\u00e9nyekre! Ne hagyd ki a lehet\u0151s\u00e9get, hogy extra er\u0151fesz\u00edt\u00e9s n\u00e9lk\u00fcl nyerj!\",\"breadcrumb\":{\"@id\":\"https:\/\/888starz.plus\/hu\/bonus\/free-bet-in-app\/#breadcrumb\"},\"inLanguage\":\"hu\",\"potentialAction\":[{\"@type\":\"ReadAction\",\"target\":[\"https:\/\/888starz.plus\/hu\/bonus\/free-bet-in-app\/\"]}]},{\"@type\":\"BreadcrumbList\",\"@id\":\"https:\/\/888starz.plus\/hu\/bonus\/free-bet-in-app\/#breadcrumb\",\"itemListElement\":[{\"@type\":\"ListItem\",\"position\":1,\"name\":\"B\u00f3nusz\",\"item\":\"https:\/\/888starz.plus\/hu\/bonuses\/\"},{\"@type\":\"ListItem\",\"position\":2,\"name\":\"Ingyenes fogad\u00e1s az alkalmaz\u00e1sban\"}]},{\"@type\":\"WebSite\",\"@id\":\"https:\/\/888starz.plus\/hu\/#website\",\"url\":\"https:\/\/888starz.plus\/hu\/\",\"name\":\"888starz hu\",\"description\":\"My WordPress Blog\",\"potentialAction\":[{\"@type\":\"SearchAction\",\"target\":{\"@type\":\"EntryPoint\",\"urlTemplate\":\"https:\/\/888starz.plus\/hu\/?s={search_term_string}\"},\"query-input\":{\"@type\":\"PropertyValueSpecification\",\"valueRequired\":true,\"valueName\":\"search_term_string\"}}],\"inLanguage\":\"hu\"}]}<\/script>\n<!-- \/ Yoast SEO plugin. -->","yoast_head_json":{"title":"Sport Ingyenes fogad\u00e1s az 888Starz alkalmaz\u00e1sban","description":"T\u00f6ltsd le az 888Starz alkalmaz\u00e1st, \u00e9s csak az\u00e9rt, hogy akt\u00edv vagy, kapsz egy ingyenes fogad\u00e1st! Tegy\u00e9l 10 fogad\u00e1st 340 HUF vagy ann\u00e1l nagyobb \u00f6sszeggel, \u00e9s kapsz egy ingyenes fogad\u00e1st ak\u00e1r 1700 HUF \u00e9rt\u00e9kben sportesem\u00e9nyekre! Ne hagyd ki a lehet\u0151s\u00e9get, hogy extra er\u0151fesz\u00edt\u00e9s n\u00e9lk\u00fcl nyerj!","robots":{"index":"index","follow":"follow","max-snippet":"max-snippet:-1","max-image-preview":"max-image-preview:large","max-video-preview":"max-video-preview:-1"},"og_locale":"hu_HU","og_type":"article","og_title":"Sport Ingyenes fogad\u00e1s az 888Starz alkalmaz\u00e1sban","og_description":"T\u00f6ltsd le az 888Starz alkalmaz\u00e1st, \u00e9s csak az\u00e9rt, hogy akt\u00edv vagy, kapsz egy ingyenes fogad\u00e1st! Tegy\u00e9l 10 fogad\u00e1st 340 HUF vagy ann\u00e1l nagyobb \u00f6sszeggel, \u00e9s kapsz egy ingyenes fogad\u00e1st ak\u00e1r 1700 HUF \u00e9rt\u00e9kben sportesem\u00e9nyekre! Ne hagyd ki a lehet\u0151s\u00e9get, hogy extra er\u0151fesz\u00edt\u00e9s n\u00e9lk\u00fcl nyerj!","og_url":"https:\/\/888starz.plus\/hu\/bonus\/free-bet-in-app\/","og_site_name":"888starz hu","article_modified_time":"2025-09-01T05:24:14+00:00","twitter_card":"summary_large_image","schema":{"@context":"https:\/\/schema.org","@graph":[{"@type":"WebPage","@id":"https:\/\/888starz.plus\/hu\/bonus\/free-bet-in-app\/","url":"https:\/\/888starz.plus\/hu\/bonus\/free-bet-in-app\/","name":"Sport Ingyenes fogad\u00e1s az 888Starz alkalmaz\u00e1sban","isPartOf":{"@id":"https:\/\/888starz.plus\/hu\/#website"},"datePublished":"2025-07-16T08:32:37+00:00","dateModified":"2025-09-01T05:24:14+00:00","description":"T\u00f6ltsd le az 888Starz alkalmaz\u00e1st, \u00e9s csak az\u00e9rt, hogy akt\u00edv vagy, kapsz egy ingyenes fogad\u00e1st! Tegy\u00e9l 10 fogad\u00e1st 340 HUF vagy ann\u00e1l nagyobb \u00f6sszeggel, \u00e9s kapsz egy ingyenes fogad\u00e1st ak\u00e1r 1700 HUF \u00e9rt\u00e9kben sportesem\u00e9nyekre! Ne hagyd ki a lehet\u0151s\u00e9get, hogy extra er\u0151fesz\u00edt\u00e9s n\u00e9lk\u00fcl nyerj!","breadcrumb":{"@id":"https:\/\/888starz.plus\/hu\/bonus\/free-bet-in-app\/#breadcrumb"},"inLanguage":"hu","potentialAction":[{"@type":"ReadAction","target":["https:\/\/888starz.plus\/hu\/bonus\/free-bet-in-app\/"]}]},{"@type":"BreadcrumbList","@id":"https:\/\/888starz.plus\/hu\/bonus\/free-bet-in-app\/#breadcrumb","itemListElement":[{"@type":"ListItem","position":1,"name":"B\u00f3nusz","item":"https:\/\/888starz.plus\/hu\/bonuses\/"},{"@type":"ListItem","position":2,"name":"Ingyenes fogad\u00e1s az alkalmaz\u00e1sban"}]},{"@type":"WebSite","@id":"https:\/\/888starz.plus\/hu\/#website","url":"https:\/\/888starz.plus\/hu\/","name":"888starz hu","description":"My WordPress Blog","potentialAction":[{"@type":"SearchAction","target":{"@type":"EntryPoint","urlTemplate":"https:\/\/888starz.plus\/hu\/?s={search_term_string}"},"query-input":{"@type":"PropertyValueSpecification","valueRequired":true,"valueName":"search_term_string"}}],"inLanguage":"hu"}]}},"_links":{"self":[{"href":"https:\/\/888starz.plus\/hu\/wp-json\/wp\/v2\/pages\/939","targetHints":{"allow":["GET"]}}],"collection":[{"href":"https:\/\/888starz.plus\/hu\/wp-json\/wp\/v2\/pages"}],"about":[{"href":"https:\/\/888starz.plus\/hu\/wp-json\/wp\/v2\/types\/page"}],"author":[{"embeddable":true,"href":"https:\/\/888starz.plus\/hu\/wp-json\/wp\/v2\/users\/1"}],"replies":[{"embeddable":true,"href":"https:\/\/888starz.plus\/hu\/wp-json\/wp\/v2\/comments?post=939"}],"version-history":[{"count":3,"href":"https:\/\/888starz.plus\/hu\/wp-json\/wp\/v2\/pages\/939\/revisions"}],"predecessor-version":[{"id":983,"href":"https:\/\/888starz.plus\/hu\/wp-json\/wp\/v2\/pages\/939\/revisions\/983"}],"up":[{"embeddable":true,"href":"https:\/\/888starz.plus\/hu\/wp-json\/wp\/v2\/pages\/152"}],"wp:attachment":[{"href":"https:\/\/888starz.plus\/hu\/wp-json\/wp\/v2\/media?parent=939"}],"curies":[{"name":"wp","href":"https:\/\/api.w.org\/{rel}","templated":true}]}}