{"id":896,"date":"2025-06-20T13:22:20","date_gmt":"2025-06-20T13:22:20","guid":{"rendered":"https:\/\/888starz.plus\/hu\/?page_id=896"},"modified":"2025-07-23T18:27:29","modified_gmt":"2025-07-23T18:27:29","slug":"sunday-boom","status":"publish","type":"page","link":"https:\/\/888starz.plus\/hu\/bonus\/sunday-boom\/","title":{"rendered":"Vas\u00e1rnapi boom"},"content":{"rendered":"","protected":false},"excerpt":{"rendered":"","protected":false},"author":1,"featured_media":0,"parent":152,"menu_order":0,"comment_status":"closed","ping_status":"closed","template":"","meta":{"inline_featured_image":false,"footnotes":""},"class_list":["post-896","page","type-page","status-publish","hentry"],"yoast_head":"<!-- This site is optimized with the Yoast SEO plugin v25.6 - https:\/\/yoast.com\/wordpress\/plugins\/seo\/ -->\n<title>Vas\u00e1rnapi fellend\u00fcl\u00e9s 888Starz | Dupl\u00e1zd meg a befizet\u00e9seidet<\/title>\n<meta name=\"description\" content=\"Haszn\u00e1lja ki a 888Starz Sunday Boom prom\u00f3ci\u00f3t \u00e9s dupl\u00e1zza meg befizet\u00e9s\u00e9t minden h\u00e9tv\u00e9g\u00e9n! J\u00e1tsszon kedvenc g\u00e9peivel \u00e9s kapjon ak\u00e1r 100.000 Ft-ot aj\u00e1nd\u00e9kba. Ne hagyja ki a lehet\u0151s\u00e9get, hogy nagyot nyerjen!\" \/>\n<meta name=\"robots\" content=\"index, follow, max-snippet:-1, max-image-preview:large, max-video-preview:-1\" \/>\n<meta property=\"og:locale\" content=\"hu_HU\" \/>\n<meta property=\"og:type\" content=\"article\" \/>\n<meta property=\"og:title\" content=\"Vas\u00e1rnapi fellend\u00fcl\u00e9s 888Starz | Dupl\u00e1zd meg a befizet\u00e9seidet\" \/>\n<meta property=\"og:description\" content=\"Haszn\u00e1lja ki a 888Starz Sunday Boom prom\u00f3ci\u00f3t \u00e9s dupl\u00e1zza meg befizet\u00e9s\u00e9t minden h\u00e9tv\u00e9g\u00e9n! J\u00e1tsszon kedvenc g\u00e9peivel \u00e9s kapjon ak\u00e1r 100.000 Ft-ot aj\u00e1nd\u00e9kba. Ne hagyja ki a lehet\u0151s\u00e9get, hogy nagyot nyerjen!\" \/>\n<meta property=\"og:url\" content=\"https:\/\/888starz.plus\/hu\/bonus\/sunday-boom\/\" \/>\n<meta property=\"og:site_name\" content=\"888starz hu\" \/>\n<meta property=\"article:modified_time\" content=\"2025-07-23T18:27:29+00:00\" \/>\n<meta name=\"twitter:card\" content=\"summary_large_image\" \/>\n<script type=\"application\/ld+json\" class=\"yoast-schema-graph\">{\"@context\":\"https:\/\/schema.org\",\"@graph\":[{\"@type\":\"WebPage\",\"@id\":\"https:\/\/888starz.plus\/hu\/bonus\/sunday-boom\/\",\"url\":\"https:\/\/888starz.plus\/hu\/bonus\/sunday-boom\/\",\"name\":\"Vas\u00e1rnapi fellend\u00fcl\u00e9s 888Starz | Dupl\u00e1zd meg a befizet\u00e9seidet\",\"isPartOf\":{\"@id\":\"https:\/\/888starz.plus\/hu\/#website\"},\"datePublished\":\"2025-06-20T13:22:20+00:00\",\"dateModified\":\"2025-07-23T18:27:29+00:00\",\"description\":\"Haszn\u00e1lja ki a 888Starz Sunday Boom prom\u00f3ci\u00f3t \u00e9s dupl\u00e1zza meg befizet\u00e9s\u00e9t minden h\u00e9tv\u00e9g\u00e9n! J\u00e1tsszon kedvenc g\u00e9peivel \u00e9s kapjon ak\u00e1r 100.000 Ft-ot aj\u00e1nd\u00e9kba. Ne hagyja ki a lehet\u0151s\u00e9get, hogy nagyot nyerjen!\",\"breadcrumb\":{\"@id\":\"https:\/\/888starz.plus\/hu\/bonus\/sunday-boom\/#breadcrumb\"},\"inLanguage\":\"hu\",\"potentialAction\":[{\"@type\":\"ReadAction\",\"target\":[\"https:\/\/888starz.plus\/hu\/bonus\/sunday-boom\/\"]}]},{\"@type\":\"BreadcrumbList\",\"@id\":\"https:\/\/888starz.plus\/hu\/bonus\/sunday-boom\/#breadcrumb\",\"itemListElement\":[{\"@type\":\"ListItem\",\"position\":1,\"name\":\"B\u00f3nusz\",\"item\":\"https:\/\/888starz.plus\/hu\/bonuses\/\"},{\"@type\":\"ListItem\",\"position\":2,\"name\":\"Vas\u00e1rnapi boom\"}]},{\"@type\":\"WebSite\",\"@id\":\"https:\/\/888starz.plus\/hu\/#website\",\"url\":\"https:\/\/888starz.plus\/hu\/\",\"name\":\"888starz hu\",\"description\":\"My WordPress Blog\",\"potentialAction\":[{\"@type\":\"SearchAction\",\"target\":{\"@type\":\"EntryPoint\",\"urlTemplate\":\"https:\/\/888starz.plus\/hu\/?s={search_term_string}\"},\"query-input\":{\"@type\":\"PropertyValueSpecification\",\"valueRequired\":true,\"valueName\":\"search_term_string\"}}],\"inLanguage\":\"hu\"}]}<\/script>\n<!-- \/ Yoast SEO plugin. -->","yoast_head_json":{"title":"Vas\u00e1rnapi fellend\u00fcl\u00e9s 888Starz | Dupl\u00e1zd meg a befizet\u00e9seidet","description":"Haszn\u00e1lja ki a 888Starz Sunday Boom prom\u00f3ci\u00f3t \u00e9s dupl\u00e1zza meg befizet\u00e9s\u00e9t minden h\u00e9tv\u00e9g\u00e9n! J\u00e1tsszon kedvenc g\u00e9peivel \u00e9s kapjon ak\u00e1r 100.000 Ft-ot aj\u00e1nd\u00e9kba. Ne hagyja ki a lehet\u0151s\u00e9get, hogy nagyot nyerjen!","robots":{"index":"index","follow":"follow","max-snippet":"max-snippet:-1","max-image-preview":"max-image-preview:large","max-video-preview":"max-video-preview:-1"},"og_locale":"hu_HU","og_type":"article","og_title":"Vas\u00e1rnapi fellend\u00fcl\u00e9s 888Starz | Dupl\u00e1zd meg a befizet\u00e9seidet","og_description":"Haszn\u00e1lja ki a 888Starz Sunday Boom prom\u00f3ci\u00f3t \u00e9s dupl\u00e1zza meg befizet\u00e9s\u00e9t minden h\u00e9tv\u00e9g\u00e9n! J\u00e1tsszon kedvenc g\u00e9peivel \u00e9s kapjon ak\u00e1r 100.000 Ft-ot aj\u00e1nd\u00e9kba. Ne hagyja ki a lehet\u0151s\u00e9get, hogy nagyot nyerjen!","og_url":"https:\/\/888starz.plus\/hu\/bonus\/sunday-boom\/","og_site_name":"888starz hu","article_modified_time":"2025-07-23T18:27:29+00:00","twitter_card":"summary_large_image","schema":{"@context":"https:\/\/schema.org","@graph":[{"@type":"WebPage","@id":"https:\/\/888starz.plus\/hu\/bonus\/sunday-boom\/","url":"https:\/\/888starz.plus\/hu\/bonus\/sunday-boom\/","name":"Vas\u00e1rnapi fellend\u00fcl\u00e9s 888Starz | Dupl\u00e1zd meg a befizet\u00e9seidet","isPartOf":{"@id":"https:\/\/888starz.plus\/hu\/#website"},"datePublished":"2025-06-20T13:22:20+00:00","dateModified":"2025-07-23T18:27:29+00:00","description":"Haszn\u00e1lja ki a 888Starz Sunday Boom prom\u00f3ci\u00f3t \u00e9s dupl\u00e1zza meg befizet\u00e9s\u00e9t minden h\u00e9tv\u00e9g\u00e9n! J\u00e1tsszon kedvenc g\u00e9peivel \u00e9s kapjon ak\u00e1r 100.000 Ft-ot aj\u00e1nd\u00e9kba. Ne hagyja ki a lehet\u0151s\u00e9get, hogy nagyot nyerjen!","breadcrumb":{"@id":"https:\/\/888starz.plus\/hu\/bonus\/sunday-boom\/#breadcrumb"},"inLanguage":"hu","potentialAction":[{"@type":"ReadAction","target":["https:\/\/888starz.plus\/hu\/bonus\/sunday-boom\/"]}]},{"@type":"BreadcrumbList","@id":"https:\/\/888starz.plus\/hu\/bonus\/sunday-boom\/#breadcrumb","itemListElement":[{"@type":"ListItem","position":1,"name":"B\u00f3nusz","item":"https:\/\/888starz.plus\/hu\/bonuses\/"},{"@type":"ListItem","position":2,"name":"Vas\u00e1rnapi boom"}]},{"@type":"WebSite","@id":"https:\/\/888starz.plus\/hu\/#website","url":"https:\/\/888starz.plus\/hu\/","name":"888starz hu","description":"My WordPress Blog","potentialAction":[{"@type":"SearchAction","target":{"@type":"EntryPoint","urlTemplate":"https:\/\/888starz.plus\/hu\/?s={search_term_string}"},"query-input":{"@type":"PropertyValueSpecification","valueRequired":true,"valueName":"search_term_string"}}],"inLanguage":"hu"}]}},"_links":{"self":[{"href":"https:\/\/888starz.plus\/hu\/wp-json\/wp\/v2\/pages\/896","targetHints":{"allow":["GET"]}}],"collection":[{"href":"https:\/\/888starz.plus\/hu\/wp-json\/wp\/v2\/pages"}],"about":[{"href":"https:\/\/888starz.plus\/hu\/wp-json\/wp\/v2\/types\/page"}],"author":[{"embeddable":true,"href":"https:\/\/888starz.plus\/hu\/wp-json\/wp\/v2\/users\/1"}],"replies":[{"embeddable":true,"href":"https:\/\/888starz.plus\/hu\/wp-json\/wp\/v2\/comments?post=896"}],"version-history":[{"count":5,"href":"https:\/\/888starz.plus\/hu\/wp-json\/wp\/v2\/pages\/896\/revisions"}],"predecessor-version":[{"id":932,"href":"https:\/\/888starz.plus\/hu\/wp-json\/wp\/v2\/pages\/896\/revisions\/932"}],"up":[{"embeddable":true,"href":"https:\/\/888starz.plus\/hu\/wp-json\/wp\/v2\/pages\/152"}],"wp:attachment":[{"href":"https:\/\/888starz.plus\/hu\/wp-json\/wp\/v2\/media?parent=896"}],"curies":[{"name":"wp","href":"https:\/\/api.w.org\/{rel}","templated":true}]}}