{"id":889,"date":"2025-06-20T12:27:10","date_gmt":"2025-06-20T12:27:10","guid":{"rendered":"https:\/\/888starz.plus\/hu\/?page_id=889"},"modified":"2025-07-08T14:05:49","modified_gmt":"2025-07-08T14:05:49","slug":"express-booster","status":"publish","type":"page","link":"https:\/\/888starz.plus\/hu\/bonus\/express-booster\/","title":{"rendered":"Expressz Booster"},"content":{"rendered":"","protected":false},"excerpt":{"rendered":"","protected":false},"author":1,"featured_media":0,"parent":152,"menu_order":0,"comment_status":"closed","ping_status":"closed","template":"","meta":{"inline_featured_image":false,"footnotes":""},"class_list":["post-889","page","type-page","status-publish","hentry"],"yoast_head":"<!-- This site is optimized with the Yoast SEO plugin v25.6 - https:\/\/yoast.com\/wordpress\/plugins\/seo\/ -->\n<title>N\u00f6velje nyerem\u00e9ny\u00e9t a 888Starz expressz booster\u00e9vel!<\/title>\n<meta name=\"description\" content=\"K\u00e9szen \u00e1llsz a nagy nyerem\u00e9nyekre? A 888Starz Express Booster a mer\u00e9szs\u00e9get jutalmazza! N\u00f6velje es\u00e9lyeit \u00e9s kapjon b\u00f3nuszokat a nagy \u00f6sszeg\u0171 expressz fogad\u00e1sok\u00e9rt.\" \/>\n<meta name=\"robots\" content=\"index, follow, max-snippet:-1, max-image-preview:large, max-video-preview:-1\" \/>\n<meta property=\"og:locale\" content=\"hu_HU\" \/>\n<meta property=\"og:type\" content=\"article\" \/>\n<meta property=\"og:title\" content=\"N\u00f6velje nyerem\u00e9ny\u00e9t a 888Starz expressz booster\u00e9vel!\" \/>\n<meta property=\"og:description\" content=\"K\u00e9szen \u00e1llsz a nagy nyerem\u00e9nyekre? A 888Starz Express Booster a mer\u00e9szs\u00e9get jutalmazza! N\u00f6velje es\u00e9lyeit \u00e9s kapjon b\u00f3nuszokat a nagy \u00f6sszeg\u0171 expressz fogad\u00e1sok\u00e9rt.\" \/>\n<meta property=\"og:url\" content=\"https:\/\/888starz.plus\/hu\/bonus\/express-booster\/\" \/>\n<meta property=\"og:site_name\" content=\"888starz hu\" \/>\n<meta property=\"article:modified_time\" content=\"2025-07-08T14:05:49+00:00\" \/>\n<meta name=\"twitter:card\" content=\"summary_large_image\" \/>\n<script type=\"application\/ld+json\" class=\"yoast-schema-graph\">{\"@context\":\"https:\/\/schema.org\",\"@graph\":[{\"@type\":\"WebPage\",\"@id\":\"https:\/\/888starz.plus\/hu\/bonus\/express-booster\/\",\"url\":\"https:\/\/888starz.plus\/hu\/bonus\/express-booster\/\",\"name\":\"N\u00f6velje nyerem\u00e9ny\u00e9t a 888Starz expressz booster\u00e9vel!\",\"isPartOf\":{\"@id\":\"https:\/\/888starz.plus\/hu\/#website\"},\"datePublished\":\"2025-06-20T12:27:10+00:00\",\"dateModified\":\"2025-07-08T14:05:49+00:00\",\"description\":\"K\u00e9szen \u00e1llsz a nagy nyerem\u00e9nyekre? A 888Starz Express Booster a mer\u00e9szs\u00e9get jutalmazza! N\u00f6velje es\u00e9lyeit \u00e9s kapjon b\u00f3nuszokat a nagy \u00f6sszeg\u0171 expressz fogad\u00e1sok\u00e9rt.\",\"breadcrumb\":{\"@id\":\"https:\/\/888starz.plus\/hu\/bonus\/express-booster\/#breadcrumb\"},\"inLanguage\":\"hu\",\"potentialAction\":[{\"@type\":\"ReadAction\",\"target\":[\"https:\/\/888starz.plus\/hu\/bonus\/express-booster\/\"]}]},{\"@type\":\"BreadcrumbList\",\"@id\":\"https:\/\/888starz.plus\/hu\/bonus\/express-booster\/#breadcrumb\",\"itemListElement\":[{\"@type\":\"ListItem\",\"position\":1,\"name\":\"B\u00f3nusz\",\"item\":\"https:\/\/888starz.plus\/hu\/bonuses\/\"},{\"@type\":\"ListItem\",\"position\":2,\"name\":\"Expressz Booster\"}]},{\"@type\":\"WebSite\",\"@id\":\"https:\/\/888starz.plus\/hu\/#website\",\"url\":\"https:\/\/888starz.plus\/hu\/\",\"name\":\"888starz hu\",\"description\":\"My WordPress Blog\",\"potentialAction\":[{\"@type\":\"SearchAction\",\"target\":{\"@type\":\"EntryPoint\",\"urlTemplate\":\"https:\/\/888starz.plus\/hu\/?s={search_term_string}\"},\"query-input\":{\"@type\":\"PropertyValueSpecification\",\"valueRequired\":true,\"valueName\":\"search_term_string\"}}],\"inLanguage\":\"hu\"}]}<\/script>\n<!-- \/ Yoast SEO plugin. -->","yoast_head_json":{"title":"N\u00f6velje nyerem\u00e9ny\u00e9t a 888Starz expressz booster\u00e9vel!","description":"K\u00e9szen \u00e1llsz a nagy nyerem\u00e9nyekre? A 888Starz Express Booster a mer\u00e9szs\u00e9get jutalmazza! N\u00f6velje es\u00e9lyeit \u00e9s kapjon b\u00f3nuszokat a nagy \u00f6sszeg\u0171 expressz fogad\u00e1sok\u00e9rt.","robots":{"index":"index","follow":"follow","max-snippet":"max-snippet:-1","max-image-preview":"max-image-preview:large","max-video-preview":"max-video-preview:-1"},"og_locale":"hu_HU","og_type":"article","og_title":"N\u00f6velje nyerem\u00e9ny\u00e9t a 888Starz expressz booster\u00e9vel!","og_description":"K\u00e9szen \u00e1llsz a nagy nyerem\u00e9nyekre? A 888Starz Express Booster a mer\u00e9szs\u00e9get jutalmazza! N\u00f6velje es\u00e9lyeit \u00e9s kapjon b\u00f3nuszokat a nagy \u00f6sszeg\u0171 expressz fogad\u00e1sok\u00e9rt.","og_url":"https:\/\/888starz.plus\/hu\/bonus\/express-booster\/","og_site_name":"888starz hu","article_modified_time":"2025-07-08T14:05:49+00:00","twitter_card":"summary_large_image","schema":{"@context":"https:\/\/schema.org","@graph":[{"@type":"WebPage","@id":"https:\/\/888starz.plus\/hu\/bonus\/express-booster\/","url":"https:\/\/888starz.plus\/hu\/bonus\/express-booster\/","name":"N\u00f6velje nyerem\u00e9ny\u00e9t a 888Starz expressz booster\u00e9vel!","isPartOf":{"@id":"https:\/\/888starz.plus\/hu\/#website"},"datePublished":"2025-06-20T12:27:10+00:00","dateModified":"2025-07-08T14:05:49+00:00","description":"K\u00e9szen \u00e1llsz a nagy nyerem\u00e9nyekre? A 888Starz Express Booster a mer\u00e9szs\u00e9get jutalmazza! N\u00f6velje es\u00e9lyeit \u00e9s kapjon b\u00f3nuszokat a nagy \u00f6sszeg\u0171 expressz fogad\u00e1sok\u00e9rt.","breadcrumb":{"@id":"https:\/\/888starz.plus\/hu\/bonus\/express-booster\/#breadcrumb"},"inLanguage":"hu","potentialAction":[{"@type":"ReadAction","target":["https:\/\/888starz.plus\/hu\/bonus\/express-booster\/"]}]},{"@type":"BreadcrumbList","@id":"https:\/\/888starz.plus\/hu\/bonus\/express-booster\/#breadcrumb","itemListElement":[{"@type":"ListItem","position":1,"name":"B\u00f3nusz","item":"https:\/\/888starz.plus\/hu\/bonuses\/"},{"@type":"ListItem","position":2,"name":"Expressz Booster"}]},{"@type":"WebSite","@id":"https:\/\/888starz.plus\/hu\/#website","url":"https:\/\/888starz.plus\/hu\/","name":"888starz hu","description":"My WordPress Blog","potentialAction":[{"@type":"SearchAction","target":{"@type":"EntryPoint","urlTemplate":"https:\/\/888starz.plus\/hu\/?s={search_term_string}"},"query-input":{"@type":"PropertyValueSpecification","valueRequired":true,"valueName":"search_term_string"}}],"inLanguage":"hu"}]}},"_links":{"self":[{"href":"https:\/\/888starz.plus\/hu\/wp-json\/wp\/v2\/pages\/889","targetHints":{"allow":["GET"]}}],"collection":[{"href":"https:\/\/888starz.plus\/hu\/wp-json\/wp\/v2\/pages"}],"about":[{"href":"https:\/\/888starz.plus\/hu\/wp-json\/wp\/v2\/types\/page"}],"author":[{"embeddable":true,"href":"https:\/\/888starz.plus\/hu\/wp-json\/wp\/v2\/users\/1"}],"replies":[{"embeddable":true,"href":"https:\/\/888starz.plus\/hu\/wp-json\/wp\/v2\/comments?post=889"}],"version-history":[{"count":8,"href":"https:\/\/888starz.plus\/hu\/wp-json\/wp\/v2\/pages\/889\/revisions"}],"predecessor-version":[{"id":930,"href":"https:\/\/888starz.plus\/hu\/wp-json\/wp\/v2\/pages\/889\/revisions\/930"}],"up":[{"embeddable":true,"href":"https:\/\/888starz.plus\/hu\/wp-json\/wp\/v2\/pages\/152"}],"wp:attachment":[{"href":"https:\/\/888starz.plus\/hu\/wp-json\/wp\/v2\/media?parent=889"}],"curies":[{"name":"wp","href":"https:\/\/api.w.org\/{rel}","templated":true}]}}