{"id":879,"date":"2025-06-20T12:01:38","date_gmt":"2025-06-20T12:01:38","guid":{"rendered":"https:\/\/888starz.plus\/hu\/?page_id=879"},"modified":"2025-07-23T18:28:04","modified_gmt":"2025-07-23T18:28:04","slug":"express-insurance","status":"publish","type":"page","link":"https:\/\/888starz.plus\/hu\/bonus\/express-insurance\/","title":{"rendered":"Expressz biztos\u00edt\u00e1s"},"content":{"rendered":"","protected":false},"excerpt":{"rendered":"","protected":false},"author":1,"featured_media":0,"parent":152,"menu_order":0,"comment_status":"closed","ping_status":"closed","template":"","meta":{"inline_featured_image":false,"footnotes":""},"class_list":["post-879","page","type-page","status-publish","hentry"],"yoast_head":"<!-- This site is optimized with the Yoast SEO plugin v25.6 - https:\/\/yoast.com\/wordpress\/plugins\/seo\/ -->\n<title>Expressz biztos\u00edt\u00e1s a 888Starz | Fogadj kock\u00e1zat n\u00e9lk\u00fcl<\/title>\n<meta name=\"description\" content=\"Szeretne expressz fogad\u00e1st k\u00f6tni a vesztes\u00e9gt\u0151l val\u00f3 f\u00e9lelem n\u00e9lk\u00fcl? A 888Starz egyed\u00fcl\u00e1ll\u00f3 biztos\u00edt\u00e1st k\u00edn\u00e1l! Fogadjon 7 magas t\u00e9ttel b\u00edr\u00f3 esem\u00e9nyre - m\u00e9g akkor is visszakapja a t\u00e9tj\u00e9t, ha az egyiket elrontja.\" \/>\n<meta name=\"robots\" content=\"index, follow, max-snippet:-1, max-image-preview:large, max-video-preview:-1\" \/>\n<meta property=\"og:locale\" content=\"hu_HU\" \/>\n<meta property=\"og:type\" content=\"article\" \/>\n<meta property=\"og:title\" content=\"Expressz biztos\u00edt\u00e1s a 888Starz | Fogadj kock\u00e1zat n\u00e9lk\u00fcl\" \/>\n<meta property=\"og:description\" content=\"Szeretne expressz fogad\u00e1st k\u00f6tni a vesztes\u00e9gt\u0151l val\u00f3 f\u00e9lelem n\u00e9lk\u00fcl? A 888Starz egyed\u00fcl\u00e1ll\u00f3 biztos\u00edt\u00e1st k\u00edn\u00e1l! Fogadjon 7 magas t\u00e9ttel b\u00edr\u00f3 esem\u00e9nyre - m\u00e9g akkor is visszakapja a t\u00e9tj\u00e9t, ha az egyiket elrontja.\" \/>\n<meta property=\"og:url\" content=\"https:\/\/888starz.plus\/hu\/bonus\/express-insurance\/\" \/>\n<meta property=\"og:site_name\" content=\"888starz hu\" \/>\n<meta property=\"article:modified_time\" content=\"2025-07-23T18:28:04+00:00\" \/>\n<meta name=\"twitter:card\" content=\"summary_large_image\" \/>\n<script type=\"application\/ld+json\" class=\"yoast-schema-graph\">{\"@context\":\"https:\/\/schema.org\",\"@graph\":[{\"@type\":\"WebPage\",\"@id\":\"https:\/\/888starz.plus\/hu\/bonus\/express-insurance\/\",\"url\":\"https:\/\/888starz.plus\/hu\/bonus\/express-insurance\/\",\"name\":\"Expressz biztos\u00edt\u00e1s a 888Starz | Fogadj kock\u00e1zat n\u00e9lk\u00fcl\",\"isPartOf\":{\"@id\":\"https:\/\/888starz.plus\/hu\/#website\"},\"datePublished\":\"2025-06-20T12:01:38+00:00\",\"dateModified\":\"2025-07-23T18:28:04+00:00\",\"description\":\"Szeretne expressz fogad\u00e1st k\u00f6tni a vesztes\u00e9gt\u0151l val\u00f3 f\u00e9lelem n\u00e9lk\u00fcl? A 888Starz egyed\u00fcl\u00e1ll\u00f3 biztos\u00edt\u00e1st k\u00edn\u00e1l! Fogadjon 7 magas t\u00e9ttel b\u00edr\u00f3 esem\u00e9nyre - m\u00e9g akkor is visszakapja a t\u00e9tj\u00e9t, ha az egyiket elrontja.\",\"breadcrumb\":{\"@id\":\"https:\/\/888starz.plus\/hu\/bonus\/express-insurance\/#breadcrumb\"},\"inLanguage\":\"hu\",\"potentialAction\":[{\"@type\":\"ReadAction\",\"target\":[\"https:\/\/888starz.plus\/hu\/bonus\/express-insurance\/\"]}]},{\"@type\":\"BreadcrumbList\",\"@id\":\"https:\/\/888starz.plus\/hu\/bonus\/express-insurance\/#breadcrumb\",\"itemListElement\":[{\"@type\":\"ListItem\",\"position\":1,\"name\":\"B\u00f3nusz\",\"item\":\"https:\/\/888starz.plus\/hu\/bonuses\/\"},{\"@type\":\"ListItem\",\"position\":2,\"name\":\"Expressz biztos\u00edt\u00e1s\"}]},{\"@type\":\"WebSite\",\"@id\":\"https:\/\/888starz.plus\/hu\/#website\",\"url\":\"https:\/\/888starz.plus\/hu\/\",\"name\":\"888starz hu\",\"description\":\"My WordPress Blog\",\"potentialAction\":[{\"@type\":\"SearchAction\",\"target\":{\"@type\":\"EntryPoint\",\"urlTemplate\":\"https:\/\/888starz.plus\/hu\/?s={search_term_string}\"},\"query-input\":{\"@type\":\"PropertyValueSpecification\",\"valueRequired\":true,\"valueName\":\"search_term_string\"}}],\"inLanguage\":\"hu\"}]}<\/script>\n<!-- \/ Yoast SEO plugin. -->","yoast_head_json":{"title":"Expressz biztos\u00edt\u00e1s a 888Starz | Fogadj kock\u00e1zat n\u00e9lk\u00fcl","description":"Szeretne expressz fogad\u00e1st k\u00f6tni a vesztes\u00e9gt\u0151l val\u00f3 f\u00e9lelem n\u00e9lk\u00fcl? A 888Starz egyed\u00fcl\u00e1ll\u00f3 biztos\u00edt\u00e1st k\u00edn\u00e1l! Fogadjon 7 magas t\u00e9ttel b\u00edr\u00f3 esem\u00e9nyre - m\u00e9g akkor is visszakapja a t\u00e9tj\u00e9t, ha az egyiket elrontja.","robots":{"index":"index","follow":"follow","max-snippet":"max-snippet:-1","max-image-preview":"max-image-preview:large","max-video-preview":"max-video-preview:-1"},"og_locale":"hu_HU","og_type":"article","og_title":"Expressz biztos\u00edt\u00e1s a 888Starz | Fogadj kock\u00e1zat n\u00e9lk\u00fcl","og_description":"Szeretne expressz fogad\u00e1st k\u00f6tni a vesztes\u00e9gt\u0151l val\u00f3 f\u00e9lelem n\u00e9lk\u00fcl? A 888Starz egyed\u00fcl\u00e1ll\u00f3 biztos\u00edt\u00e1st k\u00edn\u00e1l! Fogadjon 7 magas t\u00e9ttel b\u00edr\u00f3 esem\u00e9nyre - m\u00e9g akkor is visszakapja a t\u00e9tj\u00e9t, ha az egyiket elrontja.","og_url":"https:\/\/888starz.plus\/hu\/bonus\/express-insurance\/","og_site_name":"888starz hu","article_modified_time":"2025-07-23T18:28:04+00:00","twitter_card":"summary_large_image","schema":{"@context":"https:\/\/schema.org","@graph":[{"@type":"WebPage","@id":"https:\/\/888starz.plus\/hu\/bonus\/express-insurance\/","url":"https:\/\/888starz.plus\/hu\/bonus\/express-insurance\/","name":"Expressz biztos\u00edt\u00e1s a 888Starz | Fogadj kock\u00e1zat n\u00e9lk\u00fcl","isPartOf":{"@id":"https:\/\/888starz.plus\/hu\/#website"},"datePublished":"2025-06-20T12:01:38+00:00","dateModified":"2025-07-23T18:28:04+00:00","description":"Szeretne expressz fogad\u00e1st k\u00f6tni a vesztes\u00e9gt\u0151l val\u00f3 f\u00e9lelem n\u00e9lk\u00fcl? A 888Starz egyed\u00fcl\u00e1ll\u00f3 biztos\u00edt\u00e1st k\u00edn\u00e1l! Fogadjon 7 magas t\u00e9ttel b\u00edr\u00f3 esem\u00e9nyre - m\u00e9g akkor is visszakapja a t\u00e9tj\u00e9t, ha az egyiket elrontja.","breadcrumb":{"@id":"https:\/\/888starz.plus\/hu\/bonus\/express-insurance\/#breadcrumb"},"inLanguage":"hu","potentialAction":[{"@type":"ReadAction","target":["https:\/\/888starz.plus\/hu\/bonus\/express-insurance\/"]}]},{"@type":"BreadcrumbList","@id":"https:\/\/888starz.plus\/hu\/bonus\/express-insurance\/#breadcrumb","itemListElement":[{"@type":"ListItem","position":1,"name":"B\u00f3nusz","item":"https:\/\/888starz.plus\/hu\/bonuses\/"},{"@type":"ListItem","position":2,"name":"Expressz biztos\u00edt\u00e1s"}]},{"@type":"WebSite","@id":"https:\/\/888starz.plus\/hu\/#website","url":"https:\/\/888starz.plus\/hu\/","name":"888starz hu","description":"My WordPress Blog","potentialAction":[{"@type":"SearchAction","target":{"@type":"EntryPoint","urlTemplate":"https:\/\/888starz.plus\/hu\/?s={search_term_string}"},"query-input":{"@type":"PropertyValueSpecification","valueRequired":true,"valueName":"search_term_string"}}],"inLanguage":"hu"}]}},"_links":{"self":[{"href":"https:\/\/888starz.plus\/hu\/wp-json\/wp\/v2\/pages\/879","targetHints":{"allow":["GET"]}}],"collection":[{"href":"https:\/\/888starz.plus\/hu\/wp-json\/wp\/v2\/pages"}],"about":[{"href":"https:\/\/888starz.plus\/hu\/wp-json\/wp\/v2\/types\/page"}],"author":[{"embeddable":true,"href":"https:\/\/888starz.plus\/hu\/wp-json\/wp\/v2\/users\/1"}],"replies":[{"embeddable":true,"href":"https:\/\/888starz.plus\/hu\/wp-json\/wp\/v2\/comments?post=879"}],"version-history":[{"count":4,"href":"https:\/\/888starz.plus\/hu\/wp-json\/wp\/v2\/pages\/879\/revisions"}],"predecessor-version":[{"id":931,"href":"https:\/\/888starz.plus\/hu\/wp-json\/wp\/v2\/pages\/879\/revisions\/931"}],"up":[{"embeddable":true,"href":"https:\/\/888starz.plus\/hu\/wp-json\/wp\/v2\/pages\/152"}],"wp:attachment":[{"href":"https:\/\/888starz.plus\/hu\/wp-json\/wp\/v2\/media?parent=879"}],"curies":[{"name":"wp","href":"https:\/\/api.w.org\/{rel}","templated":true}]}}