{"id":869,"date":"2025-06-20T11:21:17","date_gmt":"2025-06-20T11:21:17","guid":{"rendered":"https:\/\/888starz.plus\/hu\/?page_id=869"},"modified":"2025-07-08T14:02:57","modified_gmt":"2025-07-08T14:02:57","slug":"casino-welcome-package","status":"publish","type":"page","link":"https:\/\/888starz.plus\/hu\/bonus\/casino-welcome-package\/","title":{"rendered":"Kaszin\u00f3 \u00fcdv\u00f6zl\u0151 csomag"},"content":{"rendered":"","protected":false},"excerpt":{"rendered":"","protected":false},"author":1,"featured_media":0,"parent":152,"menu_order":0,"comment_status":"closed","ping_status":"closed","template":"","meta":{"inline_featured_image":false,"footnotes":""},"class_list":["post-869","page","type-page","status-publish","hentry"],"yoast_head":"<!-- This site is optimized with the Yoast SEO plugin v25.6 - https:\/\/yoast.com\/wordpress\/plugins\/seo\/ -->\n<title>888Starz Casino \u00fcdv\u00f6zl\u0151 csomag | Ak\u00e1r 600 000 HUF + 150 FS<\/title>\n<meta name=\"description\" content=\"Ragadd meg \u00fcdv\u00f6zl\u0151 csomagod a 888Starz-n\u00e1l! N\u00e9gy b\u00f3nusz n\u00e9gy befizet\u00e9shez: ak\u00e1r 600.000 Ft \u00e9s 150 freespin v\u00e1r r\u00e1d. Tedd meg az els\u0151 l\u00e9p\u00e9st a nagy nyerem\u00e9nyek fel\u00e9, \u00e9s ne hagyd ki az es\u00e9lyt a nagylelk\u0171 jutalmakra!\" \/>\n<meta name=\"robots\" content=\"index, follow, max-snippet:-1, max-image-preview:large, max-video-preview:-1\" \/>\n<meta property=\"og:locale\" content=\"hu_HU\" \/>\n<meta property=\"og:type\" content=\"article\" \/>\n<meta property=\"og:title\" content=\"888Starz Casino \u00fcdv\u00f6zl\u0151 csomag | Ak\u00e1r 600 000 HUF + 150 FS\" \/>\n<meta property=\"og:description\" content=\"Ragadd meg \u00fcdv\u00f6zl\u0151 csomagod a 888Starz-n\u00e1l! N\u00e9gy b\u00f3nusz n\u00e9gy befizet\u00e9shez: ak\u00e1r 600.000 Ft \u00e9s 150 freespin v\u00e1r r\u00e1d. Tedd meg az els\u0151 l\u00e9p\u00e9st a nagy nyerem\u00e9nyek fel\u00e9, \u00e9s ne hagyd ki az es\u00e9lyt a nagylelk\u0171 jutalmakra!\" \/>\n<meta property=\"og:url\" content=\"https:\/\/888starz.plus\/hu\/bonus\/casino-welcome-package\/\" \/>\n<meta property=\"og:site_name\" content=\"888starz hu\" \/>\n<meta property=\"article:modified_time\" content=\"2025-07-08T14:02:57+00:00\" \/>\n<meta name=\"twitter:card\" content=\"summary_large_image\" \/>\n<script type=\"application\/ld+json\" class=\"yoast-schema-graph\">{\"@context\":\"https:\/\/schema.org\",\"@graph\":[{\"@type\":\"WebPage\",\"@id\":\"https:\/\/888starz.plus\/hu\/bonus\/casino-welcome-package\/\",\"url\":\"https:\/\/888starz.plus\/hu\/bonus\/casino-welcome-package\/\",\"name\":\"888Starz Casino \u00fcdv\u00f6zl\u0151 csomag | Ak\u00e1r 600 000 HUF + 150 FS\",\"isPartOf\":{\"@id\":\"https:\/\/888starz.plus\/hu\/#website\"},\"datePublished\":\"2025-06-20T11:21:17+00:00\",\"dateModified\":\"2025-07-08T14:02:57+00:00\",\"description\":\"Ragadd meg \u00fcdv\u00f6zl\u0151 csomagod a 888Starz-n\u00e1l! N\u00e9gy b\u00f3nusz n\u00e9gy befizet\u00e9shez: ak\u00e1r 600.000 Ft \u00e9s 150 freespin v\u00e1r r\u00e1d. Tedd meg az els\u0151 l\u00e9p\u00e9st a nagy nyerem\u00e9nyek fel\u00e9, \u00e9s ne hagyd ki az es\u00e9lyt a nagylelk\u0171 jutalmakra!\",\"breadcrumb\":{\"@id\":\"https:\/\/888starz.plus\/hu\/bonus\/casino-welcome-package\/#breadcrumb\"},\"inLanguage\":\"hu\",\"potentialAction\":[{\"@type\":\"ReadAction\",\"target\":[\"https:\/\/888starz.plus\/hu\/bonus\/casino-welcome-package\/\"]}]},{\"@type\":\"BreadcrumbList\",\"@id\":\"https:\/\/888starz.plus\/hu\/bonus\/casino-welcome-package\/#breadcrumb\",\"itemListElement\":[{\"@type\":\"ListItem\",\"position\":1,\"name\":\"B\u00f3nusz\",\"item\":\"https:\/\/888starz.plus\/hu\/bonuses\/\"},{\"@type\":\"ListItem\",\"position\":2,\"name\":\"Kaszin\u00f3 \u00fcdv\u00f6zl\u0151 csomag\"}]},{\"@type\":\"WebSite\",\"@id\":\"https:\/\/888starz.plus\/hu\/#website\",\"url\":\"https:\/\/888starz.plus\/hu\/\",\"name\":\"888starz hu\",\"description\":\"My WordPress Blog\",\"potentialAction\":[{\"@type\":\"SearchAction\",\"target\":{\"@type\":\"EntryPoint\",\"urlTemplate\":\"https:\/\/888starz.plus\/hu\/?s={search_term_string}\"},\"query-input\":{\"@type\":\"PropertyValueSpecification\",\"valueRequired\":true,\"valueName\":\"search_term_string\"}}],\"inLanguage\":\"hu\"}]}<\/script>\n<!-- \/ Yoast SEO plugin. -->","yoast_head_json":{"title":"888Starz Casino \u00fcdv\u00f6zl\u0151 csomag | Ak\u00e1r 600 000 HUF + 150 FS","description":"Ragadd meg \u00fcdv\u00f6zl\u0151 csomagod a 888Starz-n\u00e1l! N\u00e9gy b\u00f3nusz n\u00e9gy befizet\u00e9shez: ak\u00e1r 600.000 Ft \u00e9s 150 freespin v\u00e1r r\u00e1d. Tedd meg az els\u0151 l\u00e9p\u00e9st a nagy nyerem\u00e9nyek fel\u00e9, \u00e9s ne hagyd ki az es\u00e9lyt a nagylelk\u0171 jutalmakra!","robots":{"index":"index","follow":"follow","max-snippet":"max-snippet:-1","max-image-preview":"max-image-preview:large","max-video-preview":"max-video-preview:-1"},"og_locale":"hu_HU","og_type":"article","og_title":"888Starz Casino \u00fcdv\u00f6zl\u0151 csomag | Ak\u00e1r 600 000 HUF + 150 FS","og_description":"Ragadd meg \u00fcdv\u00f6zl\u0151 csomagod a 888Starz-n\u00e1l! N\u00e9gy b\u00f3nusz n\u00e9gy befizet\u00e9shez: ak\u00e1r 600.000 Ft \u00e9s 150 freespin v\u00e1r r\u00e1d. Tedd meg az els\u0151 l\u00e9p\u00e9st a nagy nyerem\u00e9nyek fel\u00e9, \u00e9s ne hagyd ki az es\u00e9lyt a nagylelk\u0171 jutalmakra!","og_url":"https:\/\/888starz.plus\/hu\/bonus\/casino-welcome-package\/","og_site_name":"888starz hu","article_modified_time":"2025-07-08T14:02:57+00:00","twitter_card":"summary_large_image","schema":{"@context":"https:\/\/schema.org","@graph":[{"@type":"WebPage","@id":"https:\/\/888starz.plus\/hu\/bonus\/casino-welcome-package\/","url":"https:\/\/888starz.plus\/hu\/bonus\/casino-welcome-package\/","name":"888Starz Casino \u00fcdv\u00f6zl\u0151 csomag | Ak\u00e1r 600 000 HUF + 150 FS","isPartOf":{"@id":"https:\/\/888starz.plus\/hu\/#website"},"datePublished":"2025-06-20T11:21:17+00:00","dateModified":"2025-07-08T14:02:57+00:00","description":"Ragadd meg \u00fcdv\u00f6zl\u0151 csomagod a 888Starz-n\u00e1l! N\u00e9gy b\u00f3nusz n\u00e9gy befizet\u00e9shez: ak\u00e1r 600.000 Ft \u00e9s 150 freespin v\u00e1r r\u00e1d. Tedd meg az els\u0151 l\u00e9p\u00e9st a nagy nyerem\u00e9nyek fel\u00e9, \u00e9s ne hagyd ki az es\u00e9lyt a nagylelk\u0171 jutalmakra!","breadcrumb":{"@id":"https:\/\/888starz.plus\/hu\/bonus\/casino-welcome-package\/#breadcrumb"},"inLanguage":"hu","potentialAction":[{"@type":"ReadAction","target":["https:\/\/888starz.plus\/hu\/bonus\/casino-welcome-package\/"]}]},{"@type":"BreadcrumbList","@id":"https:\/\/888starz.plus\/hu\/bonus\/casino-welcome-package\/#breadcrumb","itemListElement":[{"@type":"ListItem","position":1,"name":"B\u00f3nusz","item":"https:\/\/888starz.plus\/hu\/bonuses\/"},{"@type":"ListItem","position":2,"name":"Kaszin\u00f3 \u00fcdv\u00f6zl\u0151 csomag"}]},{"@type":"WebSite","@id":"https:\/\/888starz.plus\/hu\/#website","url":"https:\/\/888starz.plus\/hu\/","name":"888starz hu","description":"My WordPress Blog","potentialAction":[{"@type":"SearchAction","target":{"@type":"EntryPoint","urlTemplate":"https:\/\/888starz.plus\/hu\/?s={search_term_string}"},"query-input":{"@type":"PropertyValueSpecification","valueRequired":true,"valueName":"search_term_string"}}],"inLanguage":"hu"}]}},"_links":{"self":[{"href":"https:\/\/888starz.plus\/hu\/wp-json\/wp\/v2\/pages\/869","targetHints":{"allow":["GET"]}}],"collection":[{"href":"https:\/\/888starz.plus\/hu\/wp-json\/wp\/v2\/pages"}],"about":[{"href":"https:\/\/888starz.plus\/hu\/wp-json\/wp\/v2\/types\/page"}],"author":[{"embeddable":true,"href":"https:\/\/888starz.plus\/hu\/wp-json\/wp\/v2\/users\/1"}],"replies":[{"embeddable":true,"href":"https:\/\/888starz.plus\/hu\/wp-json\/wp\/v2\/comments?post=869"}],"version-history":[{"count":8,"href":"https:\/\/888starz.plus\/hu\/wp-json\/wp\/v2\/pages\/869\/revisions"}],"predecessor-version":[{"id":928,"href":"https:\/\/888starz.plus\/hu\/wp-json\/wp\/v2\/pages\/869\/revisions\/928"}],"up":[{"embeddable":true,"href":"https:\/\/888starz.plus\/hu\/wp-json\/wp\/v2\/pages\/152"}],"wp:attachment":[{"href":"https:\/\/888starz.plus\/hu\/wp-json\/wp\/v2\/media?parent=869"}],"curies":[{"name":"wp","href":"https:\/\/api.w.org\/{rel}","templated":true}]}}