{"id":732,"date":"2025-02-03T09:59:34","date_gmt":"2025-02-03T09:59:34","guid":{"rendered":"https:\/\/888starz.plus\/hu\/?page_id=732"},"modified":"2025-07-08T13:39:40","modified_gmt":"2025-07-08T13:39:40","slug":"apk","status":"publish","type":"page","link":"https:\/\/888starz.plus\/hu\/apk\/","title":{"rendered":"Apk"},"content":{"rendered":"","protected":false},"excerpt":{"rendered":"","protected":false},"author":1,"featured_media":0,"parent":0,"menu_order":0,"comment_status":"closed","ping_status":"closed","template":"","meta":{"inline_featured_image":false,"footnotes":""},"class_list":["post-732","page","type-page","status-publish","hentry"],"yoast_head":"<!-- This site is optimized with the Yoast SEO plugin v25.6 - https:\/\/yoast.com\/wordpress\/plugins\/seo\/ -->\n<title>888starz APK let\u00f6lt\u00e9se Androidra | Hivatalos 888Starz oldal<\/title>\n<meta name=\"description\" content=\"A 888Starz Apk egy nagyon k\u00e9nyelmes mobil verzi\u00f3 az okostelefon-felhaszn\u00e1l\u00f3k sz\u00e1m\u00e1ra. A 888starz Apk ingyenes let\u00f6lt\u00e9se Android \u00e9s IOS k\u00e9sz\u00fcl\u00e9kekre.\" \/>\n<meta name=\"robots\" content=\"index, follow, max-snippet:-1, max-image-preview:large, max-video-preview:-1\" \/>\n<meta property=\"og:locale\" content=\"hu_HU\" \/>\n<meta property=\"og:type\" content=\"article\" \/>\n<meta property=\"og:title\" content=\"888starz APK let\u00f6lt\u00e9se Androidra | Hivatalos 888Starz oldal\" \/>\n<meta property=\"og:description\" content=\"A 888Starz Apk egy nagyon k\u00e9nyelmes mobil verzi\u00f3 az okostelefon-felhaszn\u00e1l\u00f3k sz\u00e1m\u00e1ra. A 888starz Apk ingyenes let\u00f6lt\u00e9se Android \u00e9s IOS k\u00e9sz\u00fcl\u00e9kekre.\" \/>\n<meta property=\"og:url\" content=\"https:\/\/888starz.plus\/hu\/apk\/\" \/>\n<meta property=\"og:site_name\" content=\"888starz hu\" \/>\n<meta property=\"article:modified_time\" content=\"2025-07-08T13:39:40+00:00\" \/>\n<meta name=\"twitter:card\" content=\"summary_large_image\" \/>\n<script type=\"application\/ld+json\" class=\"yoast-schema-graph\">{\"@context\":\"https:\/\/schema.org\",\"@graph\":[{\"@type\":\"WebPage\",\"@id\":\"https:\/\/888starz.plus\/hu\/apk\/\",\"url\":\"https:\/\/888starz.plus\/hu\/apk\/\",\"name\":\"888starz APK let\u00f6lt\u00e9se Androidra | Hivatalos 888Starz oldal\",\"isPartOf\":{\"@id\":\"https:\/\/888starz.plus\/hu\/#website\"},\"datePublished\":\"2025-02-03T09:59:34+00:00\",\"dateModified\":\"2025-07-08T13:39:40+00:00\",\"description\":\"A 888Starz Apk egy nagyon k\u00e9nyelmes mobil verzi\u00f3 az okostelefon-felhaszn\u00e1l\u00f3k sz\u00e1m\u00e1ra. A 888starz Apk ingyenes let\u00f6lt\u00e9se Android \u00e9s IOS k\u00e9sz\u00fcl\u00e9kekre.\",\"inLanguage\":\"hu\",\"potentialAction\":[{\"@type\":\"ReadAction\",\"target\":[\"https:\/\/888starz.plus\/hu\/apk\/\"]}]},{\"@type\":\"WebSite\",\"@id\":\"https:\/\/888starz.plus\/hu\/#website\",\"url\":\"https:\/\/888starz.plus\/hu\/\",\"name\":\"888starz hu\",\"description\":\"My WordPress Blog\",\"potentialAction\":[{\"@type\":\"SearchAction\",\"target\":{\"@type\":\"EntryPoint\",\"urlTemplate\":\"https:\/\/888starz.plus\/hu\/?s={search_term_string}\"},\"query-input\":{\"@type\":\"PropertyValueSpecification\",\"valueRequired\":true,\"valueName\":\"search_term_string\"}}],\"inLanguage\":\"hu\"}]}<\/script>\n<!-- \/ Yoast SEO plugin. -->","yoast_head_json":{"title":"888starz APK let\u00f6lt\u00e9se Androidra | Hivatalos 888Starz oldal","description":"A 888Starz Apk egy nagyon k\u00e9nyelmes mobil verzi\u00f3 az okostelefon-felhaszn\u00e1l\u00f3k sz\u00e1m\u00e1ra. A 888starz Apk ingyenes let\u00f6lt\u00e9se Android \u00e9s IOS k\u00e9sz\u00fcl\u00e9kekre.","robots":{"index":"index","follow":"follow","max-snippet":"max-snippet:-1","max-image-preview":"max-image-preview:large","max-video-preview":"max-video-preview:-1"},"og_locale":"hu_HU","og_type":"article","og_title":"888starz APK let\u00f6lt\u00e9se Androidra | Hivatalos 888Starz oldal","og_description":"A 888Starz Apk egy nagyon k\u00e9nyelmes mobil verzi\u00f3 az okostelefon-felhaszn\u00e1l\u00f3k sz\u00e1m\u00e1ra. A 888starz Apk ingyenes let\u00f6lt\u00e9se Android \u00e9s IOS k\u00e9sz\u00fcl\u00e9kekre.","og_url":"https:\/\/888starz.plus\/hu\/apk\/","og_site_name":"888starz hu","article_modified_time":"2025-07-08T13:39:40+00:00","twitter_card":"summary_large_image","schema":{"@context":"https:\/\/schema.org","@graph":[{"@type":"WebPage","@id":"https:\/\/888starz.plus\/hu\/apk\/","url":"https:\/\/888starz.plus\/hu\/apk\/","name":"888starz APK let\u00f6lt\u00e9se Androidra | Hivatalos 888Starz oldal","isPartOf":{"@id":"https:\/\/888starz.plus\/hu\/#website"},"datePublished":"2025-02-03T09:59:34+00:00","dateModified":"2025-07-08T13:39:40+00:00","description":"A 888Starz Apk egy nagyon k\u00e9nyelmes mobil verzi\u00f3 az okostelefon-felhaszn\u00e1l\u00f3k sz\u00e1m\u00e1ra. A 888starz Apk ingyenes let\u00f6lt\u00e9se Android \u00e9s IOS k\u00e9sz\u00fcl\u00e9kekre.","inLanguage":"hu","potentialAction":[{"@type":"ReadAction","target":["https:\/\/888starz.plus\/hu\/apk\/"]}]},{"@type":"WebSite","@id":"https:\/\/888starz.plus\/hu\/#website","url":"https:\/\/888starz.plus\/hu\/","name":"888starz hu","description":"My WordPress Blog","potentialAction":[{"@type":"SearchAction","target":{"@type":"EntryPoint","urlTemplate":"https:\/\/888starz.plus\/hu\/?s={search_term_string}"},"query-input":{"@type":"PropertyValueSpecification","valueRequired":true,"valueName":"search_term_string"}}],"inLanguage":"hu"}]}},"_links":{"self":[{"href":"https:\/\/888starz.plus\/hu\/wp-json\/wp\/v2\/pages\/732","targetHints":{"allow":["GET"]}}],"collection":[{"href":"https:\/\/888starz.plus\/hu\/wp-json\/wp\/v2\/pages"}],"about":[{"href":"https:\/\/888starz.plus\/hu\/wp-json\/wp\/v2\/types\/page"}],"author":[{"embeddable":true,"href":"https:\/\/888starz.plus\/hu\/wp-json\/wp\/v2\/users\/1"}],"replies":[{"embeddable":true,"href":"https:\/\/888starz.plus\/hu\/wp-json\/wp\/v2\/comments?post=732"}],"version-history":[{"count":2,"href":"https:\/\/888starz.plus\/hu\/wp-json\/wp\/v2\/pages\/732\/revisions"}],"predecessor-version":[{"id":923,"href":"https:\/\/888starz.plus\/hu\/wp-json\/wp\/v2\/pages\/732\/revisions\/923"}],"wp:attachment":[{"href":"https:\/\/888starz.plus\/hu\/wp-json\/wp\/v2\/media?parent=732"}],"curies":[{"name":"wp","href":"https:\/\/api.w.org\/{rel}","templated":true}]}}