{"id":637,"date":"2024-06-25T06:07:05","date_gmt":"2024-06-25T06:07:05","guid":{"rendered":"https:\/\/888starz.plus\/hu\/?page_id=637"},"modified":"2025-07-16T16:53:29","modified_gmt":"2025-07-16T16:53:29","slug":"login","status":"publish","type":"page","link":"https:\/\/888starz.plus\/hu\/login\/","title":{"rendered":"Bejelentkez\u00e9s"},"content":{"rendered":"","protected":false},"excerpt":{"rendered":"","protected":false},"author":1,"featured_media":0,"parent":0,"menu_order":0,"comment_status":"closed","ping_status":"closed","template":"","meta":{"inline_featured_image":false,"footnotes":""},"class_list":["post-637","page","type-page","status-publish","hentry"],"yoast_head":"<!-- This site is optimized with the Yoast SEO plugin v25.6 - https:\/\/yoast.com\/wordpress\/plugins\/seo\/ -->\n<title>888Starz bel\u00e9p\u00e9s \ud83d\udd34 \u00datmutat\u00f3 a bejelentkez\u00e9s m\u00f3dj\u00e1hoz<\/title>\n<meta name=\"description\" content=\"Jelentkezzen be a 888Starz sz\u00e1ml\u00e1j\u00e1ra az e-mail c\u00edm \u00e9s a jelsz\u00f3 haszn\u00e1lat\u00e1val - Hozz\u00e1f\u00e9r\u00e9s a hivatalos weboldalhoz - Tegyen fogad\u00e1sokat a 888Starz online fogad\u00e1si platformj\u00e1n tal\u00e1lhat\u00f3 \u00f6sszes sport\u00e1gra.\" \/>\n<meta name=\"robots\" content=\"index, follow, max-snippet:-1, max-image-preview:large, max-video-preview:-1\" \/>\n<meta property=\"og:locale\" content=\"hu_HU\" \/>\n<meta property=\"og:type\" content=\"article\" \/>\n<meta property=\"og:title\" content=\"888Starz bel\u00e9p\u00e9s \ud83d\udd34 \u00datmutat\u00f3 a bejelentkez\u00e9s m\u00f3dj\u00e1hoz\" \/>\n<meta property=\"og:description\" content=\"Jelentkezzen be a 888Starz sz\u00e1ml\u00e1j\u00e1ra az e-mail c\u00edm \u00e9s a jelsz\u00f3 haszn\u00e1lat\u00e1val - Hozz\u00e1f\u00e9r\u00e9s a hivatalos weboldalhoz - Tegyen fogad\u00e1sokat a 888Starz online fogad\u00e1si platformj\u00e1n tal\u00e1lhat\u00f3 \u00f6sszes sport\u00e1gra.\" \/>\n<meta property=\"og:url\" content=\"https:\/\/888starz.plus\/hu\/login\/\" \/>\n<meta property=\"og:site_name\" content=\"888starz hu\" \/>\n<meta property=\"article:modified_time\" content=\"2025-07-16T16:53:29+00:00\" \/>\n<meta name=\"twitter:card\" content=\"summary_large_image\" \/>\n<script type=\"application\/ld+json\" class=\"yoast-schema-graph\">{\"@context\":\"https:\/\/schema.org\",\"@graph\":[{\"@type\":\"WebPage\",\"@id\":\"https:\/\/888starz.plus\/hu\/login\/\",\"url\":\"https:\/\/888starz.plus\/hu\/login\/\",\"name\":\"888Starz bel\u00e9p\u00e9s \ud83d\udd34 \u00datmutat\u00f3 a bejelentkez\u00e9s m\u00f3dj\u00e1hoz\",\"isPartOf\":{\"@id\":\"https:\/\/888starz.plus\/hu\/#website\"},\"datePublished\":\"2024-06-25T06:07:05+00:00\",\"dateModified\":\"2025-07-16T16:53:29+00:00\",\"description\":\"Jelentkezzen be a 888Starz sz\u00e1ml\u00e1j\u00e1ra az e-mail c\u00edm \u00e9s a jelsz\u00f3 haszn\u00e1lat\u00e1val - Hozz\u00e1f\u00e9r\u00e9s a hivatalos weboldalhoz - Tegyen fogad\u00e1sokat a 888Starz online fogad\u00e1si platformj\u00e1n tal\u00e1lhat\u00f3 \u00f6sszes sport\u00e1gra.\",\"inLanguage\":\"hu\",\"potentialAction\":[{\"@type\":\"ReadAction\",\"target\":[\"https:\/\/888starz.plus\/hu\/login\/\"]}]},{\"@type\":\"WebSite\",\"@id\":\"https:\/\/888starz.plus\/hu\/#website\",\"url\":\"https:\/\/888starz.plus\/hu\/\",\"name\":\"888starz hu\",\"description\":\"My WordPress Blog\",\"potentialAction\":[{\"@type\":\"SearchAction\",\"target\":{\"@type\":\"EntryPoint\",\"urlTemplate\":\"https:\/\/888starz.plus\/hu\/?s={search_term_string}\"},\"query-input\":{\"@type\":\"PropertyValueSpecification\",\"valueRequired\":true,\"valueName\":\"search_term_string\"}}],\"inLanguage\":\"hu\"}]}<\/script>\n<!-- \/ Yoast SEO plugin. -->","yoast_head_json":{"title":"888Starz bel\u00e9p\u00e9s \ud83d\udd34 \u00datmutat\u00f3 a bejelentkez\u00e9s m\u00f3dj\u00e1hoz","description":"Jelentkezzen be a 888Starz sz\u00e1ml\u00e1j\u00e1ra az e-mail c\u00edm \u00e9s a jelsz\u00f3 haszn\u00e1lat\u00e1val - Hozz\u00e1f\u00e9r\u00e9s a hivatalos weboldalhoz - Tegyen fogad\u00e1sokat a 888Starz online fogad\u00e1si platformj\u00e1n tal\u00e1lhat\u00f3 \u00f6sszes sport\u00e1gra.","robots":{"index":"index","follow":"follow","max-snippet":"max-snippet:-1","max-image-preview":"max-image-preview:large","max-video-preview":"max-video-preview:-1"},"og_locale":"hu_HU","og_type":"article","og_title":"888Starz bel\u00e9p\u00e9s \ud83d\udd34 \u00datmutat\u00f3 a bejelentkez\u00e9s m\u00f3dj\u00e1hoz","og_description":"Jelentkezzen be a 888Starz sz\u00e1ml\u00e1j\u00e1ra az e-mail c\u00edm \u00e9s a jelsz\u00f3 haszn\u00e1lat\u00e1val - Hozz\u00e1f\u00e9r\u00e9s a hivatalos weboldalhoz - Tegyen fogad\u00e1sokat a 888Starz online fogad\u00e1si platformj\u00e1n tal\u00e1lhat\u00f3 \u00f6sszes sport\u00e1gra.","og_url":"https:\/\/888starz.plus\/hu\/login\/","og_site_name":"888starz hu","article_modified_time":"2025-07-16T16:53:29+00:00","twitter_card":"summary_large_image","schema":{"@context":"https:\/\/schema.org","@graph":[{"@type":"WebPage","@id":"https:\/\/888starz.plus\/hu\/login\/","url":"https:\/\/888starz.plus\/hu\/login\/","name":"888Starz bel\u00e9p\u00e9s \ud83d\udd34 \u00datmutat\u00f3 a bejelentkez\u00e9s m\u00f3dj\u00e1hoz","isPartOf":{"@id":"https:\/\/888starz.plus\/hu\/#website"},"datePublished":"2024-06-25T06:07:05+00:00","dateModified":"2025-07-16T16:53:29+00:00","description":"Jelentkezzen be a 888Starz sz\u00e1ml\u00e1j\u00e1ra az e-mail c\u00edm \u00e9s a jelsz\u00f3 haszn\u00e1lat\u00e1val - Hozz\u00e1f\u00e9r\u00e9s a hivatalos weboldalhoz - Tegyen fogad\u00e1sokat a 888Starz online fogad\u00e1si platformj\u00e1n tal\u00e1lhat\u00f3 \u00f6sszes sport\u00e1gra.","inLanguage":"hu","potentialAction":[{"@type":"ReadAction","target":["https:\/\/888starz.plus\/hu\/login\/"]}]},{"@type":"WebSite","@id":"https:\/\/888starz.plus\/hu\/#website","url":"https:\/\/888starz.plus\/hu\/","name":"888starz hu","description":"My WordPress Blog","potentialAction":[{"@type":"SearchAction","target":{"@type":"EntryPoint","urlTemplate":"https:\/\/888starz.plus\/hu\/?s={search_term_string}"},"query-input":{"@type":"PropertyValueSpecification","valueRequired":true,"valueName":"search_term_string"}}],"inLanguage":"hu"}]}},"_links":{"self":[{"href":"https:\/\/888starz.plus\/hu\/wp-json\/wp\/v2\/pages\/637","targetHints":{"allow":["GET"]}}],"collection":[{"href":"https:\/\/888starz.plus\/hu\/wp-json\/wp\/v2\/pages"}],"about":[{"href":"https:\/\/888starz.plus\/hu\/wp-json\/wp\/v2\/types\/page"}],"author":[{"embeddable":true,"href":"https:\/\/888starz.plus\/hu\/wp-json\/wp\/v2\/users\/1"}],"replies":[{"embeddable":true,"href":"https:\/\/888starz.plus\/hu\/wp-json\/wp\/v2\/comments?post=637"}],"version-history":[{"count":3,"href":"https:\/\/888starz.plus\/hu\/wp-json\/wp\/v2\/pages\/637\/revisions"}],"predecessor-version":[{"id":946,"href":"https:\/\/888starz.plus\/hu\/wp-json\/wp\/v2\/pages\/637\/revisions\/946"}],"wp:attachment":[{"href":"https:\/\/888starz.plus\/hu\/wp-json\/wp\/v2\/media?parent=637"}],"curies":[{"name":"wp","href":"https:\/\/api.w.org\/{rel}","templated":true}]}}