{"id":580,"date":"2024-01-06T13:38:46","date_gmt":"2024-01-06T13:38:46","guid":{"rendered":"https:\/\/888starz.plus\/hu\/?page_id=580"},"modified":"2025-07-08T14:15:11","modified_gmt":"2025-07-08T14:15:11","slug":"casino","status":"publish","type":"page","link":"https:\/\/888starz.plus\/hu\/casino\/","title":{"rendered":"Kaszin\u00f3"},"content":{"rendered":"","protected":false},"excerpt":{"rendered":"","protected":false},"author":1,"featured_media":0,"parent":0,"menu_order":0,"comment_status":"closed","ping_status":"closed","template":"","meta":{"inline_featured_image":false,"footnotes":""},"class_list":["post-580","page","type-page","status-publish","hentry"],"yoast_head":"<!-- This site is optimized with the Yoast SEO plugin v25.6 - https:\/\/yoast.com\/wordpress\/plugins\/seo\/ -->\n<title>888Starz kaszin\u00f3 \u2b50 \u00dcdv\u00f6zl\u0151 b\u00f3nusz<\/title>\n<meta name=\"description\" content=\"Fedezze fel a 888Starz kaszin\u00f3t, ahol kaszin\u00f3j\u00e1t\u00e9kok \u00e9s nyer\u0151g\u00e9pek sz\u00e9les v\u00e1laszt\u00e9ka v\u00e1rja \u00d6nt. Szerezd meg \u00fcdv\u00f6zl\u0151 b\u00f3nuszodat most!\" \/>\n<meta name=\"robots\" content=\"index, follow, max-snippet:-1, max-image-preview:large, max-video-preview:-1\" \/>\n<meta property=\"og:locale\" content=\"hu_HU\" \/>\n<meta property=\"og:type\" content=\"article\" \/>\n<meta property=\"og:title\" content=\"888Starz kaszin\u00f3 \u2b50 \u00dcdv\u00f6zl\u0151 b\u00f3nusz\" \/>\n<meta property=\"og:description\" content=\"Fedezze fel a 888Starz kaszin\u00f3t, ahol kaszin\u00f3j\u00e1t\u00e9kok \u00e9s nyer\u0151g\u00e9pek sz\u00e9les v\u00e1laszt\u00e9ka v\u00e1rja \u00d6nt. Szerezd meg \u00fcdv\u00f6zl\u0151 b\u00f3nuszodat most!\" \/>\n<meta property=\"og:url\" content=\"https:\/\/888starz.plus\/hu\/casino\/\" \/>\n<meta property=\"og:site_name\" content=\"888starz hu\" \/>\n<meta property=\"article:modified_time\" content=\"2025-07-08T14:15:11+00:00\" \/>\n<meta name=\"twitter:card\" content=\"summary_large_image\" \/>\n<script type=\"application\/ld+json\" class=\"yoast-schema-graph\">{\"@context\":\"https:\/\/schema.org\",\"@graph\":[{\"@type\":\"WebPage\",\"@id\":\"https:\/\/888starz.plus\/hu\/casino\/\",\"url\":\"https:\/\/888starz.plus\/hu\/casino\/\",\"name\":\"888Starz kaszin\u00f3 \u2b50 \u00dcdv\u00f6zl\u0151 b\u00f3nusz\",\"isPartOf\":{\"@id\":\"https:\/\/888starz.plus\/hu\/#website\"},\"datePublished\":\"2024-01-06T13:38:46+00:00\",\"dateModified\":\"2025-07-08T14:15:11+00:00\",\"description\":\"Fedezze fel a 888Starz kaszin\u00f3t, ahol kaszin\u00f3j\u00e1t\u00e9kok \u00e9s nyer\u0151g\u00e9pek sz\u00e9les v\u00e1laszt\u00e9ka v\u00e1rja \u00d6nt. Szerezd meg \u00fcdv\u00f6zl\u0151 b\u00f3nuszodat most!\",\"inLanguage\":\"hu\",\"potentialAction\":[{\"@type\":\"ReadAction\",\"target\":[\"https:\/\/888starz.plus\/hu\/casino\/\"]}]},{\"@type\":\"WebSite\",\"@id\":\"https:\/\/888starz.plus\/hu\/#website\",\"url\":\"https:\/\/888starz.plus\/hu\/\",\"name\":\"888starz hu\",\"description\":\"My WordPress Blog\",\"potentialAction\":[{\"@type\":\"SearchAction\",\"target\":{\"@type\":\"EntryPoint\",\"urlTemplate\":\"https:\/\/888starz.plus\/hu\/?s={search_term_string}\"},\"query-input\":{\"@type\":\"PropertyValueSpecification\",\"valueRequired\":true,\"valueName\":\"search_term_string\"}}],\"inLanguage\":\"hu\"}]}<\/script>\n<!-- \/ Yoast SEO plugin. -->","yoast_head_json":{"title":"888Starz kaszin\u00f3 \u2b50 \u00dcdv\u00f6zl\u0151 b\u00f3nusz","description":"Fedezze fel a 888Starz kaszin\u00f3t, ahol kaszin\u00f3j\u00e1t\u00e9kok \u00e9s nyer\u0151g\u00e9pek sz\u00e9les v\u00e1laszt\u00e9ka v\u00e1rja \u00d6nt. Szerezd meg \u00fcdv\u00f6zl\u0151 b\u00f3nuszodat most!","robots":{"index":"index","follow":"follow","max-snippet":"max-snippet:-1","max-image-preview":"max-image-preview:large","max-video-preview":"max-video-preview:-1"},"og_locale":"hu_HU","og_type":"article","og_title":"888Starz kaszin\u00f3 \u2b50 \u00dcdv\u00f6zl\u0151 b\u00f3nusz","og_description":"Fedezze fel a 888Starz kaszin\u00f3t, ahol kaszin\u00f3j\u00e1t\u00e9kok \u00e9s nyer\u0151g\u00e9pek sz\u00e9les v\u00e1laszt\u00e9ka v\u00e1rja \u00d6nt. Szerezd meg \u00fcdv\u00f6zl\u0151 b\u00f3nuszodat most!","og_url":"https:\/\/888starz.plus\/hu\/casino\/","og_site_name":"888starz hu","article_modified_time":"2025-07-08T14:15:11+00:00","twitter_card":"summary_large_image","schema":{"@context":"https:\/\/schema.org","@graph":[{"@type":"WebPage","@id":"https:\/\/888starz.plus\/hu\/casino\/","url":"https:\/\/888starz.plus\/hu\/casino\/","name":"888Starz kaszin\u00f3 \u2b50 \u00dcdv\u00f6zl\u0151 b\u00f3nusz","isPartOf":{"@id":"https:\/\/888starz.plus\/hu\/#website"},"datePublished":"2024-01-06T13:38:46+00:00","dateModified":"2025-07-08T14:15:11+00:00","description":"Fedezze fel a 888Starz kaszin\u00f3t, ahol kaszin\u00f3j\u00e1t\u00e9kok \u00e9s nyer\u0151g\u00e9pek sz\u00e9les v\u00e1laszt\u00e9ka v\u00e1rja \u00d6nt. Szerezd meg \u00fcdv\u00f6zl\u0151 b\u00f3nuszodat most!","inLanguage":"hu","potentialAction":[{"@type":"ReadAction","target":["https:\/\/888starz.plus\/hu\/casino\/"]}]},{"@type":"WebSite","@id":"https:\/\/888starz.plus\/hu\/#website","url":"https:\/\/888starz.plus\/hu\/","name":"888starz hu","description":"My WordPress Blog","potentialAction":[{"@type":"SearchAction","target":{"@type":"EntryPoint","urlTemplate":"https:\/\/888starz.plus\/hu\/?s={search_term_string}"},"query-input":{"@type":"PropertyValueSpecification","valueRequired":true,"valueName":"search_term_string"}}],"inLanguage":"hu"}]}},"_links":{"self":[{"href":"https:\/\/888starz.plus\/hu\/wp-json\/wp\/v2\/pages\/580","targetHints":{"allow":["GET"]}}],"collection":[{"href":"https:\/\/888starz.plus\/hu\/wp-json\/wp\/v2\/pages"}],"about":[{"href":"https:\/\/888starz.plus\/hu\/wp-json\/wp\/v2\/types\/page"}],"author":[{"embeddable":true,"href":"https:\/\/888starz.plus\/hu\/wp-json\/wp\/v2\/users\/1"}],"replies":[{"embeddable":true,"href":"https:\/\/888starz.plus\/hu\/wp-json\/wp\/v2\/comments?post=580"}],"version-history":[{"count":2,"href":"https:\/\/888starz.plus\/hu\/wp-json\/wp\/v2\/pages\/580\/revisions"}],"predecessor-version":[{"id":934,"href":"https:\/\/888starz.plus\/hu\/wp-json\/wp\/v2\/pages\/580\/revisions\/934"}],"wp:attachment":[{"href":"https:\/\/888starz.plus\/hu\/wp-json\/wp\/v2\/media?parent=580"}],"curies":[{"name":"wp","href":"https:\/\/api.w.org\/{rel}","templated":true}]}}