{"id":545,"date":"2025-02-06T07:44:11","date_gmt":"2025-02-06T07:44:11","guid":{"rendered":"https:\/\/888starz.plus\/hu\/?page_id=545"},"modified":"2025-07-23T18:30:46","modified_gmt":"2025-07-23T18:30:46","slug":"mirror","status":"publish","type":"page","link":"https:\/\/888starz.plus\/hu\/mirror\/","title":{"rendered":"T\u00fck\u00f6r"},"content":{"rendered":"","protected":false},"excerpt":{"rendered":"","protected":false},"author":1,"featured_media":0,"parent":0,"menu_order":0,"comment_status":"closed","ping_status":"closed","template":"","meta":{"inline_featured_image":false,"footnotes":""},"class_list":["post-545","page","type-page","status-publish","hentry"],"yoast_head":"<!-- This site is optimized with the Yoast SEO plugin v25.6 - https:\/\/yoast.com\/wordpress\/plugins\/seo\/ -->\n<title>888starz T\u00fck\u00f6r | Alternat\u00edv bejelentkez\u00e9s a hivatalos honlapra<\/title>\n<meta name=\"description\" content=\"Mindig naprak\u00e9sz \u00e9s m\u0171k\u00f6d\u0151 888starz t\u00fck\u00f6r a hivatalos weboldalra val\u00f3 bejelentkez\u00e9shez \u00e9s regisztr\u00e1ci\u00f3hoz \u26a1 Bel\u00e9p\u00e9s a 888starz weboldal\u00e1ra \u00e9s online fogad\u00e1sok elhelyez\u00e9se\" \/>\n<meta name=\"robots\" content=\"index, follow, max-snippet:-1, max-image-preview:large, max-video-preview:-1\" \/>\n<meta property=\"og:locale\" content=\"hu_HU\" \/>\n<meta property=\"og:type\" content=\"article\" \/>\n<meta property=\"og:title\" content=\"888starz T\u00fck\u00f6r | Alternat\u00edv bejelentkez\u00e9s a hivatalos honlapra\" \/>\n<meta property=\"og:description\" content=\"Mindig naprak\u00e9sz \u00e9s m\u0171k\u00f6d\u0151 888starz t\u00fck\u00f6r a hivatalos weboldalra val\u00f3 bejelentkez\u00e9shez \u00e9s regisztr\u00e1ci\u00f3hoz \u26a1 Bel\u00e9p\u00e9s a 888starz weboldal\u00e1ra \u00e9s online fogad\u00e1sok elhelyez\u00e9se\" \/>\n<meta property=\"og:url\" content=\"https:\/\/888starz.plus\/hu\/mirror\/\" \/>\n<meta property=\"og:site_name\" content=\"888starz hu\" \/>\n<meta property=\"article:modified_time\" content=\"2025-07-23T18:30:46+00:00\" \/>\n<meta name=\"twitter:card\" content=\"summary_large_image\" \/>\n<script type=\"application\/ld+json\" class=\"yoast-schema-graph\">{\"@context\":\"https:\/\/schema.org\",\"@graph\":[{\"@type\":\"WebPage\",\"@id\":\"https:\/\/888starz.plus\/hu\/mirror\/\",\"url\":\"https:\/\/888starz.plus\/hu\/mirror\/\",\"name\":\"888starz T\u00fck\u00f6r | Alternat\u00edv bejelentkez\u00e9s a hivatalos honlapra\",\"isPartOf\":{\"@id\":\"https:\/\/888starz.plus\/hu\/#website\"},\"datePublished\":\"2025-02-06T07:44:11+00:00\",\"dateModified\":\"2025-07-23T18:30:46+00:00\",\"description\":\"Mindig naprak\u00e9sz \u00e9s m\u0171k\u00f6d\u0151 888starz t\u00fck\u00f6r a hivatalos weboldalra val\u00f3 bejelentkez\u00e9shez \u00e9s regisztr\u00e1ci\u00f3hoz \u26a1 Bel\u00e9p\u00e9s a 888starz weboldal\u00e1ra \u00e9s online fogad\u00e1sok elhelyez\u00e9se\",\"inLanguage\":\"hu\",\"potentialAction\":[{\"@type\":\"ReadAction\",\"target\":[\"https:\/\/888starz.plus\/hu\/mirror\/\"]}]},{\"@type\":\"WebSite\",\"@id\":\"https:\/\/888starz.plus\/hu\/#website\",\"url\":\"https:\/\/888starz.plus\/hu\/\",\"name\":\"888starz hu\",\"description\":\"My WordPress Blog\",\"potentialAction\":[{\"@type\":\"SearchAction\",\"target\":{\"@type\":\"EntryPoint\",\"urlTemplate\":\"https:\/\/888starz.plus\/hu\/?s={search_term_string}\"},\"query-input\":{\"@type\":\"PropertyValueSpecification\",\"valueRequired\":true,\"valueName\":\"search_term_string\"}}],\"inLanguage\":\"hu\"}]}<\/script>\n<!-- \/ Yoast SEO plugin. -->","yoast_head_json":{"title":"888starz T\u00fck\u00f6r | Alternat\u00edv bejelentkez\u00e9s a hivatalos honlapra","description":"Mindig naprak\u00e9sz \u00e9s m\u0171k\u00f6d\u0151 888starz t\u00fck\u00f6r a hivatalos weboldalra val\u00f3 bejelentkez\u00e9shez \u00e9s regisztr\u00e1ci\u00f3hoz \u26a1 Bel\u00e9p\u00e9s a 888starz weboldal\u00e1ra \u00e9s online fogad\u00e1sok elhelyez\u00e9se","robots":{"index":"index","follow":"follow","max-snippet":"max-snippet:-1","max-image-preview":"max-image-preview:large","max-video-preview":"max-video-preview:-1"},"og_locale":"hu_HU","og_type":"article","og_title":"888starz T\u00fck\u00f6r | Alternat\u00edv bejelentkez\u00e9s a hivatalos honlapra","og_description":"Mindig naprak\u00e9sz \u00e9s m\u0171k\u00f6d\u0151 888starz t\u00fck\u00f6r a hivatalos weboldalra val\u00f3 bejelentkez\u00e9shez \u00e9s regisztr\u00e1ci\u00f3hoz \u26a1 Bel\u00e9p\u00e9s a 888starz weboldal\u00e1ra \u00e9s online fogad\u00e1sok elhelyez\u00e9se","og_url":"https:\/\/888starz.plus\/hu\/mirror\/","og_site_name":"888starz hu","article_modified_time":"2025-07-23T18:30:46+00:00","twitter_card":"summary_large_image","schema":{"@context":"https:\/\/schema.org","@graph":[{"@type":"WebPage","@id":"https:\/\/888starz.plus\/hu\/mirror\/","url":"https:\/\/888starz.plus\/hu\/mirror\/","name":"888starz T\u00fck\u00f6r | Alternat\u00edv bejelentkez\u00e9s a hivatalos honlapra","isPartOf":{"@id":"https:\/\/888starz.plus\/hu\/#website"},"datePublished":"2025-02-06T07:44:11+00:00","dateModified":"2025-07-23T18:30:46+00:00","description":"Mindig naprak\u00e9sz \u00e9s m\u0171k\u00f6d\u0151 888starz t\u00fck\u00f6r a hivatalos weboldalra val\u00f3 bejelentkez\u00e9shez \u00e9s regisztr\u00e1ci\u00f3hoz \u26a1 Bel\u00e9p\u00e9s a 888starz weboldal\u00e1ra \u00e9s online fogad\u00e1sok elhelyez\u00e9se","inLanguage":"hu","potentialAction":[{"@type":"ReadAction","target":["https:\/\/888starz.plus\/hu\/mirror\/"]}]},{"@type":"WebSite","@id":"https:\/\/888starz.plus\/hu\/#website","url":"https:\/\/888starz.plus\/hu\/","name":"888starz hu","description":"My WordPress Blog","potentialAction":[{"@type":"SearchAction","target":{"@type":"EntryPoint","urlTemplate":"https:\/\/888starz.plus\/hu\/?s={search_term_string}"},"query-input":{"@type":"PropertyValueSpecification","valueRequired":true,"valueName":"search_term_string"}}],"inLanguage":"hu"}]}},"_links":{"self":[{"href":"https:\/\/888starz.plus\/hu\/wp-json\/wp\/v2\/pages\/545","targetHints":{"allow":["GET"]}}],"collection":[{"href":"https:\/\/888starz.plus\/hu\/wp-json\/wp\/v2\/pages"}],"about":[{"href":"https:\/\/888starz.plus\/hu\/wp-json\/wp\/v2\/types\/page"}],"author":[{"embeddable":true,"href":"https:\/\/888starz.plus\/hu\/wp-json\/wp\/v2\/users\/1"}],"replies":[{"embeddable":true,"href":"https:\/\/888starz.plus\/hu\/wp-json\/wp\/v2\/comments?post=545"}],"version-history":[{"count":2,"href":"https:\/\/888starz.plus\/hu\/wp-json\/wp\/v2\/pages\/545\/revisions"}],"predecessor-version":[{"id":940,"href":"https:\/\/888starz.plus\/hu\/wp-json\/wp\/v2\/pages\/545\/revisions\/940"}],"wp:attachment":[{"href":"https:\/\/888starz.plus\/hu\/wp-json\/wp\/v2\/media?parent=545"}],"curies":[{"name":"wp","href":"https:\/\/api.w.org\/{rel}","templated":true}]}}