{"id":428,"date":"2024-03-22T14:34:33","date_gmt":"2024-03-22T14:34:33","guid":{"rendered":"https:\/\/888starz.plus\/hu\/?page_id=428"},"modified":"2025-07-08T16:02:25","modified_gmt":"2025-07-08T16:02:25","slug":"registration","status":"publish","type":"page","link":"https:\/\/888starz.plus\/hu\/registration\/","title":{"rendered":"Regisztr\u00e1ci\u00f3"},"content":{"rendered":"","protected":false},"excerpt":{"rendered":"","protected":false},"author":1,"featured_media":0,"parent":0,"menu_order":0,"comment_status":"closed","ping_status":"closed","template":"","meta":{"inline_featured_image":false,"footnotes":""},"class_list":["post-428","page","type-page","status-publish","hentry"],"yoast_head":"<!-- This site is optimized with the Yoast SEO plugin v25.6 - https:\/\/yoast.com\/wordpress\/plugins\/seo\/ -->\n<title>888Starz regisztr\u00e1ci\u00f3 | \u00datmutat\u00f3 a regisztr\u00e1ci\u00f3hoz<\/title>\n<meta name=\"description\" content=\"Fedezd fel a l\u00e9p\u00e9sr\u0151l-l\u00e9p\u00e9sre \u00fatmutat\u00f3t az egyszer\u0171 \u00e9s gyors regisztr\u00e1ci\u00f3hoz a 888Starz-n\u00e1l! \ud83d\uddf8 Regisztr\u00e1lj egy 888starz fi\u00f3kot 2025-ben \ud83d\uddf8 Jelentkezz be \u00e9s kezdj el fogadni most!\" \/>\n<meta name=\"robots\" content=\"index, follow, max-snippet:-1, max-image-preview:large, max-video-preview:-1\" \/>\n<meta property=\"og:locale\" content=\"hu_HU\" \/>\n<meta property=\"og:type\" content=\"article\" \/>\n<meta property=\"og:title\" content=\"888Starz regisztr\u00e1ci\u00f3 | \u00datmutat\u00f3 a regisztr\u00e1ci\u00f3hoz\" \/>\n<meta property=\"og:description\" content=\"Fedezd fel a l\u00e9p\u00e9sr\u0151l-l\u00e9p\u00e9sre \u00fatmutat\u00f3t az egyszer\u0171 \u00e9s gyors regisztr\u00e1ci\u00f3hoz a 888Starz-n\u00e1l! \ud83d\uddf8 Regisztr\u00e1lj egy 888starz fi\u00f3kot 2025-ben \ud83d\uddf8 Jelentkezz be \u00e9s kezdj el fogadni most!\" \/>\n<meta property=\"og:url\" content=\"https:\/\/888starz.plus\/hu\/registration\/\" \/>\n<meta property=\"og:site_name\" content=\"888starz hu\" \/>\n<meta property=\"article:modified_time\" content=\"2025-07-08T16:02:25+00:00\" \/>\n<meta name=\"twitter:card\" content=\"summary_large_image\" \/>\n<script type=\"application\/ld+json\" class=\"yoast-schema-graph\">{\"@context\":\"https:\/\/schema.org\",\"@graph\":[{\"@type\":\"WebPage\",\"@id\":\"https:\/\/888starz.plus\/hu\/registration\/\",\"url\":\"https:\/\/888starz.plus\/hu\/registration\/\",\"name\":\"888Starz regisztr\u00e1ci\u00f3 | \u00datmutat\u00f3 a regisztr\u00e1ci\u00f3hoz\",\"isPartOf\":{\"@id\":\"https:\/\/888starz.plus\/hu\/#website\"},\"datePublished\":\"2024-03-22T14:34:33+00:00\",\"dateModified\":\"2025-07-08T16:02:25+00:00\",\"description\":\"Fedezd fel a l\u00e9p\u00e9sr\u0151l-l\u00e9p\u00e9sre \u00fatmutat\u00f3t az egyszer\u0171 \u00e9s gyors regisztr\u00e1ci\u00f3hoz a 888Starz-n\u00e1l! \ud83d\uddf8 Regisztr\u00e1lj egy 888starz fi\u00f3kot 2025-ben \ud83d\uddf8 Jelentkezz be \u00e9s kezdj el fogadni most!\",\"inLanguage\":\"hu\",\"potentialAction\":[{\"@type\":\"ReadAction\",\"target\":[\"https:\/\/888starz.plus\/hu\/registration\/\"]}]},{\"@type\":\"WebSite\",\"@id\":\"https:\/\/888starz.plus\/hu\/#website\",\"url\":\"https:\/\/888starz.plus\/hu\/\",\"name\":\"888starz hu\",\"description\":\"My WordPress Blog\",\"potentialAction\":[{\"@type\":\"SearchAction\",\"target\":{\"@type\":\"EntryPoint\",\"urlTemplate\":\"https:\/\/888starz.plus\/hu\/?s={search_term_string}\"},\"query-input\":{\"@type\":\"PropertyValueSpecification\",\"valueRequired\":true,\"valueName\":\"search_term_string\"}}],\"inLanguage\":\"hu\"}]}<\/script>\n<!-- \/ Yoast SEO plugin. -->","yoast_head_json":{"title":"888Starz regisztr\u00e1ci\u00f3 | \u00datmutat\u00f3 a regisztr\u00e1ci\u00f3hoz","description":"Fedezd fel a l\u00e9p\u00e9sr\u0151l-l\u00e9p\u00e9sre \u00fatmutat\u00f3t az egyszer\u0171 \u00e9s gyors regisztr\u00e1ci\u00f3hoz a 888Starz-n\u00e1l! \ud83d\uddf8 Regisztr\u00e1lj egy 888starz fi\u00f3kot 2025-ben \ud83d\uddf8 Jelentkezz be \u00e9s kezdj el fogadni most!","robots":{"index":"index","follow":"follow","max-snippet":"max-snippet:-1","max-image-preview":"max-image-preview:large","max-video-preview":"max-video-preview:-1"},"og_locale":"hu_HU","og_type":"article","og_title":"888Starz regisztr\u00e1ci\u00f3 | \u00datmutat\u00f3 a regisztr\u00e1ci\u00f3hoz","og_description":"Fedezd fel a l\u00e9p\u00e9sr\u0151l-l\u00e9p\u00e9sre \u00fatmutat\u00f3t az egyszer\u0171 \u00e9s gyors regisztr\u00e1ci\u00f3hoz a 888Starz-n\u00e1l! \ud83d\uddf8 Regisztr\u00e1lj egy 888starz fi\u00f3kot 2025-ben \ud83d\uddf8 Jelentkezz be \u00e9s kezdj el fogadni most!","og_url":"https:\/\/888starz.plus\/hu\/registration\/","og_site_name":"888starz hu","article_modified_time":"2025-07-08T16:02:25+00:00","twitter_card":"summary_large_image","schema":{"@context":"https:\/\/schema.org","@graph":[{"@type":"WebPage","@id":"https:\/\/888starz.plus\/hu\/registration\/","url":"https:\/\/888starz.plus\/hu\/registration\/","name":"888Starz regisztr\u00e1ci\u00f3 | \u00datmutat\u00f3 a regisztr\u00e1ci\u00f3hoz","isPartOf":{"@id":"https:\/\/888starz.plus\/hu\/#website"},"datePublished":"2024-03-22T14:34:33+00:00","dateModified":"2025-07-08T16:02:25+00:00","description":"Fedezd fel a l\u00e9p\u00e9sr\u0151l-l\u00e9p\u00e9sre \u00fatmutat\u00f3t az egyszer\u0171 \u00e9s gyors regisztr\u00e1ci\u00f3hoz a 888Starz-n\u00e1l! \ud83d\uddf8 Regisztr\u00e1lj egy 888starz fi\u00f3kot 2025-ben \ud83d\uddf8 Jelentkezz be \u00e9s kezdj el fogadni most!","inLanguage":"hu","potentialAction":[{"@type":"ReadAction","target":["https:\/\/888starz.plus\/hu\/registration\/"]}]},{"@type":"WebSite","@id":"https:\/\/888starz.plus\/hu\/#website","url":"https:\/\/888starz.plus\/hu\/","name":"888starz hu","description":"My WordPress Blog","potentialAction":[{"@type":"SearchAction","target":{"@type":"EntryPoint","urlTemplate":"https:\/\/888starz.plus\/hu\/?s={search_term_string}"},"query-input":{"@type":"PropertyValueSpecification","valueRequired":true,"valueName":"search_term_string"}}],"inLanguage":"hu"}]}},"_links":{"self":[{"href":"https:\/\/888starz.plus\/hu\/wp-json\/wp\/v2\/pages\/428","targetHints":{"allow":["GET"]}}],"collection":[{"href":"https:\/\/888starz.plus\/hu\/wp-json\/wp\/v2\/pages"}],"about":[{"href":"https:\/\/888starz.plus\/hu\/wp-json\/wp\/v2\/types\/page"}],"author":[{"embeddable":true,"href":"https:\/\/888starz.plus\/hu\/wp-json\/wp\/v2\/users\/1"}],"replies":[{"embeddable":true,"href":"https:\/\/888starz.plus\/hu\/wp-json\/wp\/v2\/comments?post=428"}],"version-history":[{"count":3,"href":"https:\/\/888starz.plus\/hu\/wp-json\/wp\/v2\/pages\/428\/revisions"}],"predecessor-version":[{"id":944,"href":"https:\/\/888starz.plus\/hu\/wp-json\/wp\/v2\/pages\/428\/revisions\/944"}],"wp:attachment":[{"href":"https:\/\/888starz.plus\/hu\/wp-json\/wp\/v2\/media?parent=428"}],"curies":[{"name":"wp","href":"https:\/\/api.w.org\/{rel}","templated":true}]}}