{"id":379,"date":"2025-05-01T14:26:17","date_gmt":"2025-05-01T14:26:17","guid":{"rendered":"https:\/\/888starz.plus\/hu\/?page_id=379"},"modified":"2025-07-08T15:57:34","modified_gmt":"2025-07-08T15:57:34","slug":"partners","status":"publish","type":"page","link":"https:\/\/888starz.plus\/hu\/partners\/","title":{"rendered":"Partnerek"},"content":{"rendered":"","protected":false},"excerpt":{"rendered":"","protected":false},"author":1,"featured_media":0,"parent":0,"menu_order":0,"comment_status":"closed","ping_status":"closed","template":"","meta":{"inline_featured_image":false,"footnotes":""},"class_list":["post-379","page","type-page","status-publish","hentry"],"yoast_head":"<!-- This site is optimized with the Yoast SEO plugin v25.6 - https:\/\/yoast.com\/wordpress\/plugins\/seo\/ -->\n<title>888Starz partnerprogram \u2705 Csatlakozz most<\/title>\n<meta name=\"description\" content=\"A 888Starz Partners egy j\u00f6vedelmez\u0151 partnerprogram, amely kiv\u00e9teles szolg\u00e1ltat\u00e1sokat \u00e9s j\u00f6vedelmi lehet\u0151s\u00e9geket k\u00edn\u00e1l \u26a1 Keress val\u00f3di p\u00e9nzt a 888Starz partnerprogrammal!\" \/>\n<meta name=\"robots\" content=\"index, follow, max-snippet:-1, max-image-preview:large, max-video-preview:-1\" \/>\n<meta property=\"og:locale\" content=\"hu_HU\" \/>\n<meta property=\"og:type\" content=\"article\" \/>\n<meta property=\"og:title\" content=\"888Starz partnerprogram \u2705 Csatlakozz most\" \/>\n<meta property=\"og:description\" content=\"A 888Starz Partners egy j\u00f6vedelmez\u0151 partnerprogram, amely kiv\u00e9teles szolg\u00e1ltat\u00e1sokat \u00e9s j\u00f6vedelmi lehet\u0151s\u00e9geket k\u00edn\u00e1l \u26a1 Keress val\u00f3di p\u00e9nzt a 888Starz partnerprogrammal!\" \/>\n<meta property=\"og:url\" content=\"https:\/\/888starz.plus\/hu\/partners\/\" \/>\n<meta property=\"og:site_name\" content=\"888starz hu\" \/>\n<meta property=\"article:modified_time\" content=\"2025-07-08T15:57:34+00:00\" \/>\n<meta name=\"twitter:card\" content=\"summary_large_image\" \/>\n<script type=\"application\/ld+json\" class=\"yoast-schema-graph\">{\"@context\":\"https:\/\/schema.org\",\"@graph\":[{\"@type\":\"WebPage\",\"@id\":\"https:\/\/888starz.plus\/hu\/partners\/\",\"url\":\"https:\/\/888starz.plus\/hu\/partners\/\",\"name\":\"888Starz partnerprogram \u2705 Csatlakozz most\",\"isPartOf\":{\"@id\":\"https:\/\/888starz.plus\/hu\/#website\"},\"datePublished\":\"2025-05-01T14:26:17+00:00\",\"dateModified\":\"2025-07-08T15:57:34+00:00\",\"description\":\"A 888Starz Partners egy j\u00f6vedelmez\u0151 partnerprogram, amely kiv\u00e9teles szolg\u00e1ltat\u00e1sokat \u00e9s j\u00f6vedelmi lehet\u0151s\u00e9geket k\u00edn\u00e1l \u26a1 Keress val\u00f3di p\u00e9nzt a 888Starz partnerprogrammal!\",\"inLanguage\":\"hu\",\"potentialAction\":[{\"@type\":\"ReadAction\",\"target\":[\"https:\/\/888starz.plus\/hu\/partners\/\"]}]},{\"@type\":\"WebSite\",\"@id\":\"https:\/\/888starz.plus\/hu\/#website\",\"url\":\"https:\/\/888starz.plus\/hu\/\",\"name\":\"888starz hu\",\"description\":\"My WordPress Blog\",\"potentialAction\":[{\"@type\":\"SearchAction\",\"target\":{\"@type\":\"EntryPoint\",\"urlTemplate\":\"https:\/\/888starz.plus\/hu\/?s={search_term_string}\"},\"query-input\":{\"@type\":\"PropertyValueSpecification\",\"valueRequired\":true,\"valueName\":\"search_term_string\"}}],\"inLanguage\":\"hu\"}]}<\/script>\n<!-- \/ Yoast SEO plugin. -->","yoast_head_json":{"title":"888Starz partnerprogram \u2705 Csatlakozz most","description":"A 888Starz Partners egy j\u00f6vedelmez\u0151 partnerprogram, amely kiv\u00e9teles szolg\u00e1ltat\u00e1sokat \u00e9s j\u00f6vedelmi lehet\u0151s\u00e9geket k\u00edn\u00e1l \u26a1 Keress val\u00f3di p\u00e9nzt a 888Starz partnerprogrammal!","robots":{"index":"index","follow":"follow","max-snippet":"max-snippet:-1","max-image-preview":"max-image-preview:large","max-video-preview":"max-video-preview:-1"},"og_locale":"hu_HU","og_type":"article","og_title":"888Starz partnerprogram \u2705 Csatlakozz most","og_description":"A 888Starz Partners egy j\u00f6vedelmez\u0151 partnerprogram, amely kiv\u00e9teles szolg\u00e1ltat\u00e1sokat \u00e9s j\u00f6vedelmi lehet\u0151s\u00e9geket k\u00edn\u00e1l \u26a1 Keress val\u00f3di p\u00e9nzt a 888Starz partnerprogrammal!","og_url":"https:\/\/888starz.plus\/hu\/partners\/","og_site_name":"888starz hu","article_modified_time":"2025-07-08T15:57:34+00:00","twitter_card":"summary_large_image","schema":{"@context":"https:\/\/schema.org","@graph":[{"@type":"WebPage","@id":"https:\/\/888starz.plus\/hu\/partners\/","url":"https:\/\/888starz.plus\/hu\/partners\/","name":"888Starz partnerprogram \u2705 Csatlakozz most","isPartOf":{"@id":"https:\/\/888starz.plus\/hu\/#website"},"datePublished":"2025-05-01T14:26:17+00:00","dateModified":"2025-07-08T15:57:34+00:00","description":"A 888Starz Partners egy j\u00f6vedelmez\u0151 partnerprogram, amely kiv\u00e9teles szolg\u00e1ltat\u00e1sokat \u00e9s j\u00f6vedelmi lehet\u0151s\u00e9geket k\u00edn\u00e1l \u26a1 Keress val\u00f3di p\u00e9nzt a 888Starz partnerprogrammal!","inLanguage":"hu","potentialAction":[{"@type":"ReadAction","target":["https:\/\/888starz.plus\/hu\/partners\/"]}]},{"@type":"WebSite","@id":"https:\/\/888starz.plus\/hu\/#website","url":"https:\/\/888starz.plus\/hu\/","name":"888starz hu","description":"My WordPress Blog","potentialAction":[{"@type":"SearchAction","target":{"@type":"EntryPoint","urlTemplate":"https:\/\/888starz.plus\/hu\/?s={search_term_string}"},"query-input":{"@type":"PropertyValueSpecification","valueRequired":true,"valueName":"search_term_string"}}],"inLanguage":"hu"}]}},"_links":{"self":[{"href":"https:\/\/888starz.plus\/hu\/wp-json\/wp\/v2\/pages\/379","targetHints":{"allow":["GET"]}}],"collection":[{"href":"https:\/\/888starz.plus\/hu\/wp-json\/wp\/v2\/pages"}],"about":[{"href":"https:\/\/888starz.plus\/hu\/wp-json\/wp\/v2\/types\/page"}],"author":[{"embeddable":true,"href":"https:\/\/888starz.plus\/hu\/wp-json\/wp\/v2\/users\/1"}],"replies":[{"embeddable":true,"href":"https:\/\/888starz.plus\/hu\/wp-json\/wp\/v2\/comments?post=379"}],"version-history":[{"count":3,"href":"https:\/\/888starz.plus\/hu\/wp-json\/wp\/v2\/pages\/379\/revisions"}],"predecessor-version":[{"id":942,"href":"https:\/\/888starz.plus\/hu\/wp-json\/wp\/v2\/pages\/379\/revisions\/942"}],"wp:attachment":[{"href":"https:\/\/888starz.plus\/hu\/wp-json\/wp\/v2\/media?parent=379"}],"curies":[{"name":"wp","href":"https:\/\/api.w.org\/{rel}","templated":true}]}}