{"id":268,"date":"2025-02-07T09:07:02","date_gmt":"2025-02-07T09:07:02","guid":{"rendered":"https:\/\/888starz.plus\/hu\/?page_id=268"},"modified":"2025-07-08T13:51:08","modified_gmt":"2025-07-08T13:51:08","slug":"app","status":"publish","type":"page","link":"https:\/\/888starz.plus\/hu\/app\/","title":{"rendered":"alkalmaz\u00e1s"},"content":{"rendered":"","protected":false},"excerpt":{"rendered":"","protected":false},"author":1,"featured_media":0,"parent":0,"menu_order":0,"comment_status":"closed","ping_status":"closed","template":"","meta":{"inline_featured_image":false,"footnotes":""},"class_list":["post-268","page","type-page","status-publish","hentry"],"yoast_head":"<!-- This site is optimized with the Yoast SEO plugin v25.6 - https:\/\/yoast.com\/wordpress\/plugins\/seo\/ -->\n<title>888Starz App let\u00f6lt\u00e9se \u2b50 Android \u00e9s iOS ingyenesen<\/title>\n<meta name=\"description\" content=\"T\u00f6ltse le a hivatalos 888Starz alkalmaz\u00e1st iOS-re \u00e9s Androidra ingyenesen 2025-ben. A 888Starz egy felhaszn\u00e1l\u00f3bar\u00e1t mobilalkalmaz\u00e1s, amely kaszin\u00f3- \u00e9s sportfogad\u00e1si szolg\u00e1ltat\u00e1sokat egyar\u00e1nt k\u00edn\u00e1l.\" \/>\n<meta name=\"robots\" content=\"index, follow, max-snippet:-1, max-image-preview:large, max-video-preview:-1\" \/>\n<meta property=\"og:locale\" content=\"hu_HU\" \/>\n<meta property=\"og:type\" content=\"article\" \/>\n<meta property=\"og:title\" content=\"888Starz App let\u00f6lt\u00e9se \u2b50 Android \u00e9s iOS ingyenesen\" \/>\n<meta property=\"og:description\" content=\"T\u00f6ltse le a hivatalos 888Starz alkalmaz\u00e1st iOS-re \u00e9s Androidra ingyenesen 2025-ben. A 888Starz egy felhaszn\u00e1l\u00f3bar\u00e1t mobilalkalmaz\u00e1s, amely kaszin\u00f3- \u00e9s sportfogad\u00e1si szolg\u00e1ltat\u00e1sokat egyar\u00e1nt k\u00edn\u00e1l.\" \/>\n<meta property=\"og:url\" content=\"https:\/\/888starz.plus\/hu\/app\/\" \/>\n<meta property=\"og:site_name\" content=\"888starz hu\" \/>\n<meta property=\"article:modified_time\" content=\"2025-07-08T13:51:08+00:00\" \/>\n<meta name=\"twitter:card\" content=\"summary_large_image\" \/>\n<script type=\"application\/ld+json\" class=\"yoast-schema-graph\">{\"@context\":\"https:\/\/schema.org\",\"@graph\":[{\"@type\":\"WebPage\",\"@id\":\"https:\/\/888starz.plus\/hu\/app\/\",\"url\":\"https:\/\/888starz.plus\/hu\/app\/\",\"name\":\"888Starz App let\u00f6lt\u00e9se \u2b50 Android \u00e9s iOS ingyenesen\",\"isPartOf\":{\"@id\":\"https:\/\/888starz.plus\/hu\/#website\"},\"datePublished\":\"2025-02-07T09:07:02+00:00\",\"dateModified\":\"2025-07-08T13:51:08+00:00\",\"description\":\"T\u00f6ltse le a hivatalos 888Starz alkalmaz\u00e1st iOS-re \u00e9s Androidra ingyenesen 2025-ben. A 888Starz egy felhaszn\u00e1l\u00f3bar\u00e1t mobilalkalmaz\u00e1s, amely kaszin\u00f3- \u00e9s sportfogad\u00e1si szolg\u00e1ltat\u00e1sokat egyar\u00e1nt k\u00edn\u00e1l.\",\"inLanguage\":\"hu\",\"potentialAction\":[{\"@type\":\"ReadAction\",\"target\":[\"https:\/\/888starz.plus\/hu\/app\/\"]}]},{\"@type\":\"WebSite\",\"@id\":\"https:\/\/888starz.plus\/hu\/#website\",\"url\":\"https:\/\/888starz.plus\/hu\/\",\"name\":\"888starz hu\",\"description\":\"My WordPress Blog\",\"potentialAction\":[{\"@type\":\"SearchAction\",\"target\":{\"@type\":\"EntryPoint\",\"urlTemplate\":\"https:\/\/888starz.plus\/hu\/?s={search_term_string}\"},\"query-input\":{\"@type\":\"PropertyValueSpecification\",\"valueRequired\":true,\"valueName\":\"search_term_string\"}}],\"inLanguage\":\"hu\"}]}<\/script>\n<!-- \/ Yoast SEO plugin. -->","yoast_head_json":{"title":"888Starz App let\u00f6lt\u00e9se \u2b50 Android \u00e9s iOS ingyenesen","description":"T\u00f6ltse le a hivatalos 888Starz alkalmaz\u00e1st iOS-re \u00e9s Androidra ingyenesen 2025-ben. A 888Starz egy felhaszn\u00e1l\u00f3bar\u00e1t mobilalkalmaz\u00e1s, amely kaszin\u00f3- \u00e9s sportfogad\u00e1si szolg\u00e1ltat\u00e1sokat egyar\u00e1nt k\u00edn\u00e1l.","robots":{"index":"index","follow":"follow","max-snippet":"max-snippet:-1","max-image-preview":"max-image-preview:large","max-video-preview":"max-video-preview:-1"},"og_locale":"hu_HU","og_type":"article","og_title":"888Starz App let\u00f6lt\u00e9se \u2b50 Android \u00e9s iOS ingyenesen","og_description":"T\u00f6ltse le a hivatalos 888Starz alkalmaz\u00e1st iOS-re \u00e9s Androidra ingyenesen 2025-ben. A 888Starz egy felhaszn\u00e1l\u00f3bar\u00e1t mobilalkalmaz\u00e1s, amely kaszin\u00f3- \u00e9s sportfogad\u00e1si szolg\u00e1ltat\u00e1sokat egyar\u00e1nt k\u00edn\u00e1l.","og_url":"https:\/\/888starz.plus\/hu\/app\/","og_site_name":"888starz hu","article_modified_time":"2025-07-08T13:51:08+00:00","twitter_card":"summary_large_image","schema":{"@context":"https:\/\/schema.org","@graph":[{"@type":"WebPage","@id":"https:\/\/888starz.plus\/hu\/app\/","url":"https:\/\/888starz.plus\/hu\/app\/","name":"888Starz App let\u00f6lt\u00e9se \u2b50 Android \u00e9s iOS ingyenesen","isPartOf":{"@id":"https:\/\/888starz.plus\/hu\/#website"},"datePublished":"2025-02-07T09:07:02+00:00","dateModified":"2025-07-08T13:51:08+00:00","description":"T\u00f6ltse le a hivatalos 888Starz alkalmaz\u00e1st iOS-re \u00e9s Androidra ingyenesen 2025-ben. A 888Starz egy felhaszn\u00e1l\u00f3bar\u00e1t mobilalkalmaz\u00e1s, amely kaszin\u00f3- \u00e9s sportfogad\u00e1si szolg\u00e1ltat\u00e1sokat egyar\u00e1nt k\u00edn\u00e1l.","inLanguage":"hu","potentialAction":[{"@type":"ReadAction","target":["https:\/\/888starz.plus\/hu\/app\/"]}]},{"@type":"WebSite","@id":"https:\/\/888starz.plus\/hu\/#website","url":"https:\/\/888starz.plus\/hu\/","name":"888starz hu","description":"My WordPress Blog","potentialAction":[{"@type":"SearchAction","target":{"@type":"EntryPoint","urlTemplate":"https:\/\/888starz.plus\/hu\/?s={search_term_string}"},"query-input":{"@type":"PropertyValueSpecification","valueRequired":true,"valueName":"search_term_string"}}],"inLanguage":"hu"}]}},"_links":{"self":[{"href":"https:\/\/888starz.plus\/hu\/wp-json\/wp\/v2\/pages\/268","targetHints":{"allow":["GET"]}}],"collection":[{"href":"https:\/\/888starz.plus\/hu\/wp-json\/wp\/v2\/pages"}],"about":[{"href":"https:\/\/888starz.plus\/hu\/wp-json\/wp\/v2\/types\/page"}],"author":[{"embeddable":true,"href":"https:\/\/888starz.plus\/hu\/wp-json\/wp\/v2\/users\/1"}],"replies":[{"embeddable":true,"href":"https:\/\/888starz.plus\/hu\/wp-json\/wp\/v2\/comments?post=268"}],"version-history":[{"count":3,"href":"https:\/\/888starz.plus\/hu\/wp-json\/wp\/v2\/pages\/268\/revisions"}],"predecessor-version":[{"id":925,"href":"https:\/\/888starz.plus\/hu\/wp-json\/wp\/v2\/pages\/268\/revisions\/925"}],"wp:attachment":[{"href":"https:\/\/888starz.plus\/hu\/wp-json\/wp\/v2\/media?parent=268"}],"curies":[{"name":"wp","href":"https:\/\/api.w.org\/{rel}","templated":true}]}}